{"id":80899,"date":"2025-08-05T13:41:04","date_gmt":"2025-08-05T13:41:04","guid":{"rendered":"https:\/\/hi-techwonder.com\/product\/7artisans-12mm-f-2-8-mark-ii-canon-rf\/"},"modified":"2026-01-30T09:15:51","modified_gmt":"2026-01-30T09:15:51","slug":"7artisans-12mm-f-2-8-mark-ii-canon-rf","status":"publish","type":"product","link":"https:\/\/hi-techwonder.com\/es\/producto\/7artisans-12mm-f-2-8-mark-ii-canon-rf\/","title":{"rendered":"7ARTISANS 12mm f\/2.8 Mark II Canon RF"},"content":{"rendered":"<p>Un objetivo gran angular compacto para las c\u00e1maras mirrorless con montura RF de Canon, este objetivo de 12 mm f\/2,8 Mark II de 7artisans Photoelectric es un objetivo totalmente manual adecuado para paisajes, paisajes urbanos y sujetos arquitect\u00f3nicos que requieren un amplio campo de visi\u00f3n. La apertura m\u00e1xima de f\/2.8 de la lente beneficia el trabajo en una variedad de condiciones de iluminaci\u00f3n y ayuda a mantener el factor de forma peque\u00f1o y liviano para la fotograf\u00eda sin tr\u00edpode. Su dise\u00f1o de enfoque manual se complementa con escalas de profundidad de campo y distancia para utilizar t\u00e9cnicas de preenfoque y enfoque de zona. Adem\u00e1s, la lente le permite trabajar con sujetos a una distancia de hasta 7.9 \u00ab.   <\/p>\n<p><strong>Caracter\u00edsticas principales:<\/strong><\/p>\n<p>El gran angular prime est\u00e1 dise\u00f1ado para c\u00e1maras sin espejo de formato APS-C con montura RF de Canon y ofrece una distancia focal equivalente a 19,2 mm.<\/p>\n<p>La brillante apertura m\u00e1xima de f\/2.8 se adapta al trabajo en una variedad de condiciones de iluminaci\u00f3n y se suma al elegante factor de forma.<\/p>\n<p>El dise\u00f1o de enfoque manual le permite trabajar con sujetos a una distancia de hasta 5.9 \u00ab.<\/p>\n<p>El anillo de apertura sin clics ofrece un ajuste silencioso y suave que es adecuado para aplicaciones de video.<\/p>\n<p>El diafragma de 5 hojas contribuye a una calidad de bokeh suave y agradable.<\/p>\n<p>El cilindro de la lente de metal ofrece una mayor durabilidad sin dejar de ser liviano.<\/p>\n<p>Permite el uso de filtros de 67mm.<\/p>\n<p><strong>Caracter\u00edsticas t\u00e9cnicas:<\/strong><\/p>\n<p>Distancia focal: 12 mm (distancia focal equivalente a 35 mm: 19,2 mm)<\/p>\n<p>Apertura m\u00e1xima: f\/2.8<\/p>\n<p>Apertura m\u00ednima: f\/16<\/p>\n<p>Montura de lente: Canon RF<\/p>\n<p>Cobertura de formato de lente: APS-C<\/p>\n<p>\u00c1ngulo de visi\u00f3n: 100\u00b0<\/p>\n<p>Distancia m\u00ednima de enfoque: 5,9&#8243; \/ 15 cm<\/p>\n<p>Dise\u00f1o \u00f3ptico: 12 elementos en 10 grupos<\/p>\n<p>Hojas de diafragma: 5<\/p>\n<p>Tipo de enfoque: Enfoque manual<\/p>\n<p>Estabilizaci\u00f3n de imagen: No<\/p>\n<p>Tama\u00f1o del filtro: 67 mm (frontal)<\/p>\n<p>Dimensiones (\u00f8 x L): 2,8 x 2,6&#8243; \/ 70 x 66 mm<\/p>\n<p><strong>Contenido del paquete:<\/strong><\/p>\n<ul>\n<li>Lente fotoel\u00e9ctrica 7artisans 12mm f\/2.8 Mark II para Canon RF<\/li>\n<li>Portada<\/li>\n<li>contraportada<\/li>\n<\/ul>\n<ul class=\"list__cXkStmX9s\" style=\"box-sizing: inherit; line-height: 1.25rem; list-style-type: none; margin: 0px; padding: 0px 1.625rem 0px 0px; background-color: #ffffff;\" data-selenium=\"includesInTheBoxList\">\n<li class=\"item_u6ujeLWy3W\" style=\"color: #333333; font-family: OpenSans, 'Segoe UI', Helvetica, Roboto, Arial, sans-serif; font-size: 0.875rem; box-sizing: inherit; margin-top: 0.9375rem;\" data-selenium=\"includesInTheBoxItem\">&nbsp;<\/li>\n<\/ul>\n","protected":false},"excerpt":{"rendered":"<p>Un objetivo gran angular compacto para las c\u00e1maras mirrorless con montura RF de Canon, este objetivo de 12 mm f\/2,8<\/p>\n","protected":false},"featured_media":77754,"comment_status":"closed","ping_status":"open","template":"","meta":{"_acf_changed":false},"product_brand":[2725],"product_cat":[1062],"product_tag":[],"class_list":{"0":"post-80899","1":"product","2":"type-product","3":"status-publish","4":"has-post-thumbnail","6":"product_brand-7artisans-es","7":"product_cat-mirrorless-objectivos","9":"first","10":"instock","11":"taxable","12":"shipping-taxable","13":"purchasable","14":"product-type-simple"},"bundled_by":[],"bundle_stock_status":"instock","bundle_stock_quantity":1,"bundle_virtual":false,"bundle_layout":"","bundle_add_to_cart_form_location":"","bundle_editable_in_cart":false,"bundle_sold_individually_context":"","bundle_item_grouping":"","bundle_min_size":"","bundle_max_size":"","bundle_price":[],"bundled_items":[],"bundle_sell_ids":[],"acf":[],"_links":{"self":[{"href":"https:\/\/hi-techwonder.com\/es\/wp-json\/wp\/v2\/product\/80899","targetHints":{"allow":["GET"]}}],"collection":[{"href":"https:\/\/hi-techwonder.com\/es\/wp-json\/wp\/v2\/product"}],"about":[{"href":"https:\/\/hi-techwonder.com\/es\/wp-json\/wp\/v2\/types\/product"}],"replies":[{"embeddable":true,"href":"https:\/\/hi-techwonder.com\/es\/wp-json\/wp\/v2\/comments?post=80899"}],"wp:featuredmedia":[{"embeddable":true,"href":"https:\/\/hi-techwonder.com\/es\/wp-json\/wp\/v2\/media\/77754"}],"wp:attachment":[{"href":"https:\/\/hi-techwonder.com\/es\/wp-json\/wp\/v2\/media?parent=80899"}],"wp:term":[{"taxonomy":"product_brand","embeddable":true,"href":"https:\/\/hi-techwonder.com\/es\/wp-json\/wp\/v2\/product_brand?post=80899"},{"taxonomy":"product_cat","embeddable":true,"href":"https:\/\/hi-techwonder.com\/es\/wp-json\/wp\/v2\/product_cat?post=80899"},{"taxonomy":"product_tag","embeddable":true,"href":"https:\/\/hi-techwonder.com\/es\/wp-json\/wp\/v2\/product_tag?post=80899"}],"curies":[{"name":"wp","href":"https:\/\/api.w.org\/{rel}","templated":true}]}}