{"id":80901,"date":"2025-08-05T13:41:04","date_gmt":"2025-08-05T13:41:04","guid":{"rendered":"https:\/\/hi-techwonder.com\/product\/7artisans-12mm-f2-8-sony-montura-e-mark-ii\/"},"modified":"2026-01-30T09:15:46","modified_gmt":"2026-01-30T09:15:46","slug":"7artisans-12mm-f2-8-sony-montura-e-mark-ii","status":"publish","type":"product","link":"https:\/\/hi-techwonder.com\/es\/producto\/7artisans-12mm-f2-8-sony-montura-e-mark-ii\/","title":{"rendered":"7ARTISANS 12mm F2.8 Sony (Montura E) mark II"},"content":{"rendered":"<p>Lente gran angular compacto para c\u00e1maras sin espejo con montura E de Sony, este lente 12mm f\/2.8 Mark II de 7artisans Photoelectric es un lente totalmente manual adecuado para paisajes, paisajes urbanos y sujetos arquitect\u00f3nicos que requieren un amplio campo de visi\u00f3n. La apertura m\u00e1xima de f\/2.8 de la lente beneficia el trabajo en una variedad de condiciones de iluminaci\u00f3n y ayuda a mantener el factor de forma peque\u00f1o y liviano para la fotograf\u00eda sin tr\u00edpode. Su dise\u00f1o de enfoque manual se complementa con escalas de profundidad de campo y distancia para utilizar t\u00e9cnicas de enfoque previo y enfoque de zona. Adem\u00e1s, la lente le permite trabajar con sujetos a una distancia de hasta 7.9 \u00ab.   <\/p>\n<p><strong>Caracter\u00edsticas principales:<\/strong><\/p>\n<ul>\n<li>El gran angular prime est\u00e1 dise\u00f1ado para las c\u00e1maras sin espejo con montura E APS-C de Sony y ofrece una distancia focal equivalente a 18 mm.<\/li>\n<li>La brillante apertura m\u00e1xima de f\/2.8 se adapta al trabajo en una variedad de condiciones de iluminaci\u00f3n y contribuye al elegante factor de forma.<\/li>\n<li>El dise\u00f1o de enfoque manual le permite trabajar con sujetos a una distancia de hasta 5.9 \u00ab.<\/li>\n<li>El anillo de apertura sin clics ofrece un ajuste silencioso y suave que es adecuado para aplicaciones de video.<\/li>\n<li>El diafragma de 5 hojas contribuye a una calidad de bokeh suave y agradable.<\/li>\n<li>El cilindro de la lente de metal ofrece una mayor durabilidad sin dejar de ser liviano.<\/li>\n<li>Permite el uso de filtros de 67mm.<\/li>\n<\/ul>\n<p><strong>Caracter\u00edsticas t\u00e9cnicas:<\/strong><\/p>\n<ul>\n<li>Distancia focal 12 mm (distancia focal equivalente a 35 mm: 18 mm)<\/li>\n<li>Apertura m\u00e1xima f\/2.8<\/li>\n<li>Apertura m\u00ednima f\/16<\/li>\n<li>Montura de lente Sony E<\/li>\n<li>Cobertura del formato de lente APS-C<\/li>\n<li>\u00c1ngulo de visi\u00f3n 100\u00b0<\/li>\n<li>Distancia m\u00ednima de enfoque 5.9&#8243; \/ 15 cm<\/li>\n<li>Dise\u00f1o \u00f3ptico 12 elementos en 10 grupos<\/li>\n<li>Hojas de diafragma 5<\/li>\n<li>Tipo de enfoque Enfoque manual<\/li>\n<li>Estabilizaci\u00f3n de imagen No<\/li>\n<li>Tama\u00f1o del filtro 67 mm (frontal)<\/li>\n<li>Dimensiones (\u00f8 x L) 2,8 x 2,6&#8243; \/ 70 x 66 mm<\/li>\n<\/ul>\n<p><strong>Contenido del paquete:<\/strong><\/p>\n<ul>\n<li>7artisans Lente fotoel\u00e9ctrica 12mm f\/2.8 Mark II para Sony E<\/li>\n<li>Portada<\/li>\n<li>contraportada<\/li>\n<\/ul>\n<ul class=\"list__cXkStmX9s\" style=\"box-sizing: inherit; line-height: 1.25rem; list-style-type: none; margin: 0px; padding: 0px 1.625rem 0px 0px; background-color: #ffffff;\" data-selenium=\"includesInTheBoxList\">\n<li class=\"item_u6ujeLWy3W\" style=\"color: #333333; font-family: OpenSans, 'Segoe UI', Helvetica, Roboto, Arial, sans-serif; font-size: 0.875rem; box-sizing: inherit; margin-top: 0.9375rem;\" data-selenium=\"includesInTheBoxItem\">&nbsp;<\/li>\n<\/ul>\n","protected":false},"excerpt":{"rendered":"<p>Lente gran angular compacto para c\u00e1maras sin espejo con montura E de Sony, este lente 12mm f\/2.8 Mark II de<\/p>\n","protected":false},"featured_media":77741,"comment_status":"closed","ping_status":"open","template":"","meta":{"_acf_changed":false},"product_brand":[2725],"product_cat":[1062],"product_tag":[],"class_list":{"0":"post-80901","1":"product","2":"type-product","3":"status-publish","4":"has-post-thumbnail","6":"product_brand-7artisans-es","7":"product_cat-mirrorless-objectivos","9":"first","10":"pre-order","11":"taxable","12":"shipping-taxable","13":"purchasable","14":"product-type-simple"},"bundled_by":[],"bundle_stock_status":"pre-order","bundle_stock_quantity":null,"bundle_virtual":false,"bundle_layout":"","bundle_add_to_cart_form_location":"","bundle_editable_in_cart":false,"bundle_sold_individually_context":"","bundle_item_grouping":"","bundle_min_size":"","bundle_max_size":"","bundle_price":[],"bundled_items":[],"bundle_sell_ids":[],"acf":[],"_links":{"self":[{"href":"https:\/\/hi-techwonder.com\/es\/wp-json\/wp\/v2\/product\/80901","targetHints":{"allow":["GET"]}}],"collection":[{"href":"https:\/\/hi-techwonder.com\/es\/wp-json\/wp\/v2\/product"}],"about":[{"href":"https:\/\/hi-techwonder.com\/es\/wp-json\/wp\/v2\/types\/product"}],"replies":[{"embeddable":true,"href":"https:\/\/hi-techwonder.com\/es\/wp-json\/wp\/v2\/comments?post=80901"}],"wp:featuredmedia":[{"embeddable":true,"href":"https:\/\/hi-techwonder.com\/es\/wp-json\/wp\/v2\/media\/77741"}],"wp:attachment":[{"href":"https:\/\/hi-techwonder.com\/es\/wp-json\/wp\/v2\/media?parent=80901"}],"wp:term":[{"taxonomy":"product_brand","embeddable":true,"href":"https:\/\/hi-techwonder.com\/es\/wp-json\/wp\/v2\/product_brand?post=80901"},{"taxonomy":"product_cat","embeddable":true,"href":"https:\/\/hi-techwonder.com\/es\/wp-json\/wp\/v2\/product_cat?post=80901"},{"taxonomy":"product_tag","embeddable":true,"href":"https:\/\/hi-techwonder.com\/es\/wp-json\/wp\/v2\/product_tag?post=80901"}],"curies":[{"name":"wp","href":"https:\/\/api.w.org\/{rel}","templated":true}]}}