{"id":80905,"date":"2025-08-05T13:43:41","date_gmt":"2025-08-05T13:43:41","guid":{"rendered":"https:\/\/hi-techwonder.com\/product\/7artisans-14mm-t2-9-spectrum-cine-nikon-z\/"},"modified":"2026-05-08T14:38:07","modified_gmt":"2026-05-08T13:38:07","slug":"7artisans-14mm-t2-9-spectrum-cine-nikon-z","status":"publish","type":"product","link":"https:\/\/hi-techwonder.com\/es\/producto\/7artisans-14mm-t2-9-spectrum-cine-nikon-z\/","title":{"rendered":"7ARTISANS 14mm T2.9 Spectrum Cine &#8211; Nikon Z"},"content":{"rendered":"<h3>7ARTISANS 14mm T2.9 Spectrum Cine &#8211; Nikon Z<\/h3>\n<ul>\n<li>Sensor de fotograma completo de cobre<\/li>\n<li>Apertura m\u00e1xima T2.9<\/li>\n<li>Rosca de filtro de 82 mm<\/li>\n<li>10 hojas de iris<\/li>\n<li>Marcas de lentes en metros y pies<\/li>\n<li>Enfoque MOD 0.8 estilo cine y engranajes de iris<\/li>\n<li>Dise\u00f1o \u00f3ptico de 13 elementos en 9 grupos<\/li>\n<li>\u00c1ngulo de visi\u00f3n de 114\u00b0<\/li>\n<\/ul>\n<p><iframe loading=\"lazy\" style=\"min-height: 500px; width: 100%; height: auto;\" src=\"https:\/\/www.youtube.com\/embed\/Iqa-7xTnbQg\" width=\"560\" height=\"314\" allowfullscreen=\"allowfullscreen\"><\/iframe><\/p>\n<p>El \u00faltimo objetivo de la serie Spectrum ya est\u00e1 aqu\u00ed. Asociando la calidad de imagen a la que nos tiene acostumbrados la serie, ahora en formato ultra gran angular, con la alta calidad de construcci\u00f3n. <\/p>\n<p>Utilice este objetivo de cine de cine de 14 mm T2.9 Spectrum Prime de 7artisans en su c\u00e1mara mirrorless de fotograma completo para obtener im\u00e1genes n\u00edtidas y de alta calidad. Una apertura m\u00e1xima de T2.9 y una construcci\u00f3n de lente de 13 elementos en 9 grupos con 10 hojas de iris crean un bokeh suave y circular con una respiraci\u00f3n de enfoque m\u00ednima, lo que lo convierte en la herramienta perfecta para su pr\u00f3xima pel\u00edcula \/ video. <\/p>\n<p>La lente tiene un \u00e1ngulo de visi\u00f3n de 114 \u00b0 y engranajes de cine est\u00e1ndar de 0.8 MOD en el enfoque y el iris para controles manuales intuitivos. La distancia de enfoque y las marcas de iris se colocan a ambos lados de la lente en metros y pies. Una rosca de filtro de 82 mm le permite conectar filtros de su elecci\u00f3n para personalizar a\u00fan m\u00e1s la calidad de la luz y los efectos de la lente, lo que hace que la lente sea compatible con muchas Matte Boxes y adaptadores.  <\/p>\n<ul>\n<li>Apertura m\u00e1xima T2.9 para aprovechar la poca luz, mayor profundidad de campo y mayor \u00e1rea de enfoque<\/li>\n<li>Engranajes de iris y enfoque MOD 0.8 est\u00e1ndar de la industria del cine compatibles con controles de enfoque de seguimiento e iris<\/li>\n<li>Construcci\u00f3n de lente de 13 elementos en 9 grupos para un bokeh suave y circular<\/li>\n<li>Enfoque manualmente objetos a una distancia de hasta 40 cm<\/li>\n<li>Marcas en metros y pies<\/li>\n<li>\u00c1ngulo de visi\u00f3n de 114\u00b0<\/li>\n<\/ul>\n<p><img loading=\"lazy\" decoding=\"async\" class=\"wp-image-27344\" src=\"https:\/\/hi-techwonder.com\/wp-content\/themes\/woodmart\/images\/lazy.svg\" data-src=\"https:\/\/7artisans.pt\/wp-content\/uploads\/2023\/12\/d98f04d152e32e974f122488441fadb-1024x715.jpg\" alt=\"\" width=\"600\" height=\"419\">&nbsp;<\/p>\n<h5>Caracter\u00edsticas t\u00e9cnicas:<\/h5>\n<ul>\n<li>Distancia focal: 14 mm<\/li>\n<li>Montura de lente: Nikon Z<\/li>\n<li>Formato del parasol: Fotograma completo<\/li>\n<li>Apertura m\u00e1xima: T2.9<\/li>\n<li>Apertura m\u00ednima: T22<\/li>\n<li>\u00c1ngulo de visi\u00f3n horizontal: Fotograma completo: 114\u00b0<\/li>\n<li>Distancia m\u00ednima de enfoque: 40 cm<\/li>\n<li>Dise\u00f1o \u00f3ptico: 13 elementos en 9 grupos<\/li>\n<li>Hojas de diafragma: 10<\/li>\n<li>Gear MOD &amp; Pitch Focus: Focus: 0.8 MOD \/ 32 Pitch \/\/ Iris: 0.8 MOD \/ 32 Pitch<\/li>\n<li>Rosca del filtro: 82 mm<\/li>\n<li>Escalas de enfoque: M\u00e9trico, Imperial<\/li>\n<li>Comunicaci\u00f3n electr\u00f3nica: No<\/li>\n<li>Estabilizaci\u00f3n de imagen: No<\/li>\n<li>Peso: 660 g<\/li>\n<\/ul>\n","protected":false},"excerpt":{"rendered":"<p>7ARTISANS 14mm T2.9 Spectrum Cine &#8211; Nikon Z Sensor de fotograma completo de cobre Apertura m\u00e1xima T2.9 Rosca de filtro<\/p>\n","protected":false},"featured_media":78425,"comment_status":"closed","ping_status":"closed","template":"","meta":{"_acf_changed":false},"product_brand":[2725],"product_cat":[1042],"product_tag":[],"class_list":{"0":"post-80905","1":"product","2":"type-product","3":"status-publish","4":"has-post-thumbnail","6":"product_brand-7artisans-es","7":"product_cat-cine","9":"first","10":"instock","11":"taxable","12":"shipping-taxable","13":"purchasable","14":"product-type-simple"},"bundled_by":[],"bundle_stock_status":"instock","bundle_stock_quantity":1,"bundle_virtual":false,"bundle_layout":"","bundle_add_to_cart_form_location":"","bundle_editable_in_cart":false,"bundle_sold_individually_context":"","bundle_item_grouping":"","bundle_min_size":"","bundle_max_size":"","bundle_price":[],"bundled_items":[],"bundle_sell_ids":[],"acf":[],"_links":{"self":[{"href":"https:\/\/hi-techwonder.com\/es\/wp-json\/wp\/v2\/product\/80905","targetHints":{"allow":["GET"]}}],"collection":[{"href":"https:\/\/hi-techwonder.com\/es\/wp-json\/wp\/v2\/product"}],"about":[{"href":"https:\/\/hi-techwonder.com\/es\/wp-json\/wp\/v2\/types\/product"}],"replies":[{"embeddable":true,"href":"https:\/\/hi-techwonder.com\/es\/wp-json\/wp\/v2\/comments?post=80905"}],"wp:featuredmedia":[{"embeddable":true,"href":"https:\/\/hi-techwonder.com\/es\/wp-json\/wp\/v2\/media\/78425"}],"wp:attachment":[{"href":"https:\/\/hi-techwonder.com\/es\/wp-json\/wp\/v2\/media?parent=80905"}],"wp:term":[{"taxonomy":"product_brand","embeddable":true,"href":"https:\/\/hi-techwonder.com\/es\/wp-json\/wp\/v2\/product_brand?post=80905"},{"taxonomy":"product_cat","embeddable":true,"href":"https:\/\/hi-techwonder.com\/es\/wp-json\/wp\/v2\/product_cat?post=80905"},{"taxonomy":"product_tag","embeddable":true,"href":"https:\/\/hi-techwonder.com\/es\/wp-json\/wp\/v2\/product_tag?post=80905"}],"curies":[{"name":"wp","href":"https:\/\/api.w.org\/{rel}","templated":true}]}}