{"id":80910,"date":"2025-08-05T13:41:04","date_gmt":"2025-08-05T13:41:04","guid":{"rendered":"https:\/\/hi-techwonder.com\/product\/7artisans-15mm-f-4-sony-e\/"},"modified":"2026-01-30T09:15:58","modified_gmt":"2026-01-30T09:15:58","slug":"7artisans-15mm-f-4-sony-e","status":"publish","type":"product","link":"https:\/\/hi-techwonder.com\/es\/producto\/7artisans-15mm-f-4-sony-e\/","title":{"rendered":"7ARTISANS 15mm f\/4 Sony E"},"content":{"rendered":"<p><strong>7ARTISANS 15mm f4 Sony E<\/strong><\/p>\n<ul>\n<li>Fotograma completo | f\/4 a f\/22<\/li>\n<li>Lente prime ultra gran angular<\/li>\n<li>Dise\u00f1o de enfoque manual<\/li>\n<li>\u00c1ngulo de visi\u00f3n de 114\u00b0<\/li>\n<li>Distancia m\u00ednima de enfoque: 40 cm<\/li>\n<li>Diafragma de 10 hojas<\/li>\n<\/ul>\n<p>Ofreciendo una nitidez inmejorable en un dise\u00f1o de enfoque manual, este objetivo 7ARTISANS 15mm F\/4 para Sony E es adecuado para paisajes, paisajes urbanos, aplicaciones arquitect\u00f3nicas e interiores, astrofotograf\u00eda, vlogs y m\u00e1s. Dise\u00f1ado con un sofisticado dise\u00f1o \u00f3ptico, este objetivo ofrece una excelente nitidez de borde a borde con una distorsi\u00f3n m\u00ednima. Adem\u00e1s de su \u00e1ngulo de visi\u00f3n ultra gran angular de 114\u00b0, el objetivo tambi\u00e9n tiene una distancia m\u00ednima de enfoque de solo 40 cm para trabajar con sujetos cercanos.  <\/p>\n<ul>\n<li>Un objetivo fijo ultra gran angular para c\u00e1maras mirrorless de fotograma completo, este objetivo tambi\u00e9n puede utilizarse con los modelos APS-C, donde proporciona una distancia focal equivalente a 22,5 mm.<\/li>\n<li>\u00c1ngulo de visi\u00f3n de 114\u00b0 en c\u00e1maras de fotograma completo capaces de capturar vastos paisajes y paisajes urbanos.<\/li>\n<li>\u00c1ngulo de visi\u00f3n ultra amplio adecuado para interiores y aplicaciones arquitect\u00f3nicas, as\u00ed como astrofotograf\u00eda y vlogging.<\/li>\n<li>El dise\u00f1o de la lente incluye dos elementos asf\u00e9ricos, tres de baja dispersi\u00f3n y cinco de alta refracci\u00f3n para eliminar eficazmente la aberraci\u00f3n crom\u00e1tica y la distorsi\u00f3n.<\/li>\n<li>El dise\u00f1o de enfoque manual le permite trabajar con sujetos a una distancia de hasta 40 cm.<\/li>\n<li>Escalas de distancia de enfoque y profundidad de campo f\u00e1ciles de leer.<\/li>\n<li>Montura de lente de metal para mayor durabilidad y confiabilidad.<\/li>\n<\/ul>\n<p><strong>Especificaciones<\/strong>:<\/p>\n<ul>\n<li>Distancia focal: 15 mm<\/li>\n<li>Apertura m\u00e1xima f\/4<\/li>\n<li>Apertura m\u00ednima f\/22<\/li>\n<li>Montura de lente: Sony E<\/li>\n<li>Formato de lente: fotograma completo<\/li>\n<li>\u00c1ngulo de visi\u00f3n: 114\u00b0<\/li>\n<li>Distancia m\u00ednima de enfoque: 15,7&#8243; \/ 40 cm<\/li>\n<li>Dise\u00f1o \u00f3ptico: 13 elementos en 9 grupos<\/li>\n<li>Hojas de diafragma: 10<\/li>\n<li>Tipo de enfoque: Enfoque manual<\/li>\n<li>Estabilizaci\u00f3n de imagen: No<\/li>\n<li>Collar de tr\u00edpode: S\u00ed<\/li>\n<li>Tama\u00f1o del filtro: 77 mm (frontal)<\/li>\n<\/ul>\n","protected":false},"excerpt":{"rendered":"<p>7ARTISANS 15mm f4 Sony E Fotograma completo | f\/4 a f\/22 Lente prime ultra gran angular Dise\u00f1o de enfoque manual<\/p>\n","protected":false},"featured_media":77849,"comment_status":"closed","ping_status":"open","template":"","meta":{"_acf_changed":false},"product_brand":[2725],"product_cat":[1062],"product_tag":[],"class_list":{"0":"post-80910","1":"product","2":"type-product","3":"status-publish","4":"has-post-thumbnail","6":"product_brand-7artisans-es","7":"product_cat-mirrorless-objectivos","9":"first","10":"pre-order","11":"taxable","12":"shipping-taxable","13":"purchasable","14":"product-type-simple"},"bundled_by":[],"bundle_stock_status":"pre-order","bundle_stock_quantity":null,"bundle_virtual":false,"bundle_layout":"","bundle_add_to_cart_form_location":"","bundle_editable_in_cart":false,"bundle_sold_individually_context":"","bundle_item_grouping":"","bundle_min_size":"","bundle_max_size":"","bundle_price":[],"bundled_items":[],"bundle_sell_ids":[],"acf":[],"_links":{"self":[{"href":"https:\/\/hi-techwonder.com\/es\/wp-json\/wp\/v2\/product\/80910","targetHints":{"allow":["GET"]}}],"collection":[{"href":"https:\/\/hi-techwonder.com\/es\/wp-json\/wp\/v2\/product"}],"about":[{"href":"https:\/\/hi-techwonder.com\/es\/wp-json\/wp\/v2\/types\/product"}],"replies":[{"embeddable":true,"href":"https:\/\/hi-techwonder.com\/es\/wp-json\/wp\/v2\/comments?post=80910"}],"wp:featuredmedia":[{"embeddable":true,"href":"https:\/\/hi-techwonder.com\/es\/wp-json\/wp\/v2\/media\/77849"}],"wp:attachment":[{"href":"https:\/\/hi-techwonder.com\/es\/wp-json\/wp\/v2\/media?parent=80910"}],"wp:term":[{"taxonomy":"product_brand","embeddable":true,"href":"https:\/\/hi-techwonder.com\/es\/wp-json\/wp\/v2\/product_brand?post=80910"},{"taxonomy":"product_cat","embeddable":true,"href":"https:\/\/hi-techwonder.com\/es\/wp-json\/wp\/v2\/product_cat?post=80910"},{"taxonomy":"product_tag","embeddable":true,"href":"https:\/\/hi-techwonder.com\/es\/wp-json\/wp\/v2\/product_tag?post=80910"}],"curies":[{"name":"wp","href":"https:\/\/api.w.org\/{rel}","templated":true}]}}