{"id":80911,"date":"2025-08-05T13:41:04","date_gmt":"2025-08-05T13:41:04","guid":{"rendered":"https:\/\/hi-techwonder.com\/product\/7artisans-24mm-f-1-4-fujifilm-x\/"},"modified":"2026-02-01T05:42:07","modified_gmt":"2026-02-01T05:42:07","slug":"7artisans-24mm-f-1-4-fujifilm-x","status":"publish","type":"product","link":"https:\/\/hi-techwonder.com\/es\/producto\/7artisans-24mm-f-1-4-fujifilm-x\/","title":{"rendered":"7ARTISANS 24mm f\/1.4 Fujifilm X"},"content":{"rendered":"<p><strong>7ARTISANS <\/strong><strong>24mm f\/1.4 Fuji X<\/strong><\/p>\n<ul>\n<li>Formato APS-C<\/li>\n<li>35 mm (equivalente a fotograma completo)<\/li>\n<li>Rango de apertura: f\/1.4 a f\/16<\/li>\n<li>Recubrimiento multicapa<\/li>\n<li>Dise\u00f1o de enfoque manual<\/li>\n<li>Distancia m\u00ednima de enfoque: 30 cm<\/li>\n<li>Diafragma redondeado de 9 hojas<\/li>\n<\/ul>\n<p>El 7ARTISANS 24mm F\/1.4 es un objetivo totalmente manual adecuado para retratos, reportajes y disparos cotidianos que requieren un campo de visi\u00f3n natural. La brillante apertura m\u00e1xima de f\/1.4 beneficia el trabajo en una variedad de condiciones de iluminaci\u00f3n y tambi\u00e9n le brinda un mayor control sobre la profundidad de campo para aislar sujetos de enfoque selectivo. Se han aplicado recubrimientos multicapa a elementos de vidrio individuales para suprimir los destellos y las im\u00e1genes fantasma para mejorar el contraste y la fidelidad del color cuando se trabaja en condiciones de iluminaci\u00f3n brillante. Adem\u00e1s, un diafragma redondeado de 9 hojas produce una agradable calidad de bokeh y un elemento dual de baja dispersi\u00f3n para controlar las aberraciones crom\u00e1ticas.   <\/p>\n<ul>\n<li>Prime est\u00e1 dise\u00f1ado para c\u00e1maras sin espejo de formato APS-C y proporciona una distancia focal equivalente a 35 mm.<\/li>\n<li>La brillante apertura m\u00e1xima de f\/1.4 beneficia el trabajo en condiciones de iluminaci\u00f3n dif\u00edciles y tambi\u00e9n proporciona un mejor control sobre la profundidad de campo para aplicaciones de enfoque selectivo.<\/li>\n<li>Se ha aplicado un recubrimiento multicapa a elementos individuales para reducir los destellos y las im\u00e1genes fantasma para un mayor contraste y precisi\u00f3n de color.<\/li>\n<li>El dise\u00f1o de enfoque manual le permite trabajar con objetos a una distancia de hasta 30 cm.<\/li>\n<li>El diafragma redondeado de 9 hojas contribuye a una calidad de bokeh suave y agradable.<\/li>\n<\/ul>\n<p><strong>Caracter\u00edsticas t\u00e9cnicas:<\/strong><\/p>\n<ul>\n<li>Distancia focal: 24 mm (distancia focal equivalente a Full Frame: 35 mm)<\/li>\n<li>Apertura m\u00e1xima: f\/1.4<\/li>\n<li>Apertura m\u00ednima: f\/16<\/li>\n<li>Montura de lente: Fujifilm X&nbsp;<\/li>\n<li>Formato de lente: APS-C<\/li>\n<li>Distancia m\u00ednima de enfoque: 30 cm<\/li>\n<li>Dise\u00f1o \u00f3ptico: 7 elementos en 6 grupos<\/li>\n<li>Hojas de diafragma: 9, redondeadas<\/li>\n<li>Tipo de enfoque: Enfoque manual<\/li>\n<li>Estabilizaci\u00f3n de imagen: No<\/li>\n<li>Tama\u00f1o del filtro: 49 mm (frontal)<\/li>\n<li>Dimensiones (\u00f8 x W): 61 x 65 mm<\/li>\n<li>Peso: 344g<\/li>\n<\/ul>\n","protected":false},"excerpt":{"rendered":"<p>7ARTISANS 24mm f\/1.4 Fuji X Formato APS-C 35 mm (equivalente a fotograma completo) Rango de apertura: f\/1.4 a f\/16 Recubrimiento<\/p>\n","protected":false},"featured_media":77941,"comment_status":"closed","ping_status":"open","template":"","meta":{"_acf_changed":false},"product_brand":[2725],"product_cat":[1062],"product_tag":[],"class_list":{"0":"post-80911","1":"product","2":"type-product","3":"status-publish","4":"has-post-thumbnail","6":"product_brand-7artisans-es","7":"product_cat-mirrorless-objectivos","9":"first","10":"pre-order","11":"taxable","12":"shipping-taxable","13":"purchasable","14":"product-type-simple"},"bundled_by":[],"bundle_stock_status":"pre-order","bundle_stock_quantity":null,"bundle_virtual":false,"bundle_layout":"","bundle_add_to_cart_form_location":"","bundle_editable_in_cart":false,"bundle_sold_individually_context":"","bundle_item_grouping":"","bundle_min_size":"","bundle_max_size":"","bundle_price":[],"bundled_items":[],"bundle_sell_ids":[],"acf":[],"_links":{"self":[{"href":"https:\/\/hi-techwonder.com\/es\/wp-json\/wp\/v2\/product\/80911","targetHints":{"allow":["GET"]}}],"collection":[{"href":"https:\/\/hi-techwonder.com\/es\/wp-json\/wp\/v2\/product"}],"about":[{"href":"https:\/\/hi-techwonder.com\/es\/wp-json\/wp\/v2\/types\/product"}],"replies":[{"embeddable":true,"href":"https:\/\/hi-techwonder.com\/es\/wp-json\/wp\/v2\/comments?post=80911"}],"wp:featuredmedia":[{"embeddable":true,"href":"https:\/\/hi-techwonder.com\/es\/wp-json\/wp\/v2\/media\/77941"}],"wp:attachment":[{"href":"https:\/\/hi-techwonder.com\/es\/wp-json\/wp\/v2\/media?parent=80911"}],"wp:term":[{"taxonomy":"product_brand","embeddable":true,"href":"https:\/\/hi-techwonder.com\/es\/wp-json\/wp\/v2\/product_brand?post=80911"},{"taxonomy":"product_cat","embeddable":true,"href":"https:\/\/hi-techwonder.com\/es\/wp-json\/wp\/v2\/product_cat?post=80911"},{"taxonomy":"product_tag","embeddable":true,"href":"https:\/\/hi-techwonder.com\/es\/wp-json\/wp\/v2\/product_tag?post=80911"}],"curies":[{"name":"wp","href":"https:\/\/api.w.org\/{rel}","templated":true}]}}