{"id":80913,"date":"2025-08-05T13:44:51","date_gmt":"2025-08-05T13:44:51","guid":{"rendered":"https:\/\/hi-techwonder.com\/product\/7artisans-16mm-t2-1-hope-prime-cine-negro-micro-4-3\/"},"modified":"2026-02-16T10:13:23","modified_gmt":"2026-02-16T10:13:23","slug":"7artisans-16mm-t2-1-hope-prime-cine-negro-micro-4-3","status":"publish","type":"product","link":"https:\/\/hi-techwonder.com\/es\/producto\/7artisans-16mm-t2-1-hope-prime-cine-negro-micro-4-3\/","title":{"rendered":"7ARTISANS 16mm T2.1 Hope Prime Cine (Negro) &#8211; Micro 4\/3"},"content":{"rendered":"<h3><b>7ARTISANS 16mm T2.1 Hope Prime Cine (Negro) &#8211; Micro 4\/3<\/b><\/h3>\n<ul>\n<li>Formato APS-C\/S35 | C\u00e1maras sin espejo<\/li>\n<li>Apertura de T2.1 a T22<\/li>\n<li>Di\u00e1metro frontal de 82 mm<\/li>\n<li>Iris de 10 hojas<\/li>\n<li>Rotaci\u00f3n de 260\u00b0 del anillo de enfoque<\/li>\n<li>Escala de enfoque en pies y metros<\/li>\n<\/ul>\n<p>Presentamos la nueva serie de lentes de cine 7Artisans Hope Prime para sensores APS-C o M4\/3, tenemos el 16mm T2.1 (Negro). Esta serie se enfoca en mantener un peso bajo y una respiraci\u00f3n de enfoque extremadamente controlada, al tiempo que mantiene la calidad de construcci\u00f3n y la \u00f3ptica por las que 7Artisans ha sido reconocido. Se puede combinar con varios accesorios, como estabilizadores de card\u00e1n, para desbloquear m\u00e1s escenas de disparo, teniendo en cuenta tanto el uso individual como la colaboraci\u00f3n en equipo, creando infinitas posibilidades.  <\/p>\n<p>El objetivo Hope Prime Cine 16mm T2.1 de 7artisans es compacto, robusto y funciona con accesorios de objetivos de cine est\u00e1ndar, por lo que se adapta f\u00e1cilmente a tu flujo de trabajo. Este modelo gran angular viene en una montura Micro 4\/3 y tiene escalas de enfoque marcadas en pies y metros. La apertura m\u00e1xima T2.1 le permite lograr un bokeh suave con reflejos desenfocados suaves y naturales, mientras que la apertura m\u00ednima T22 ayuda a reducir los artefactos que pueden aparecer cuando la apertura es demasiado peque\u00f1a.  <\/p>\n<p>El rango de enfoque de 260\u00b0 le permite lograr un enfoque extremadamente preciso, y la lente cuenta con engranajes de lente MOD 0.8 est\u00e1ndar de cine para enfocar e iris. Como parte de la serie Hope Prime, este objetivo de 16 mm comparte las mismas posiciones de enfoque y engranaje de iris que los objetivos Hope Prime de 10, 25, 35, 50 y 85 mm, lo que hace que el cambio de objetivo sea r\u00e1pido, ya que no es necesario cambiar la posici\u00f3n de la unidad de seguimiento de enfoque o el motor del objetivo que se est\u00e1 utilizando. <\/p>\n<p>Tiene un di\u00e1metro frontal de 82 mm y una rosca de filtro de 77 mm que le permite montar filtros opcionales directamente en la parte frontal de la lente.<\/p>\n<p><strong>Nota<\/strong>: Este objetivo est\u00e1 dise\u00f1ado para su uso \u00fanicamente con c\u00e1maras sin espejo y no debe utilizarse con c\u00e1maras r\u00e9flex o r\u00e9flex.<\/p>\n<p><img decoding=\"async\" src=\"https:\/\/7artisans.pt\/wp-content\/uploads\/2024\/07\/G32A5300-752x502.jpg\" style=\"width: 752px;\" alt=\"\"><\/p>\n<h4 style=\"margin-top: 0px; margin-bottom: 1em; line-height: 1.043em;\">Caracter\u00edsticas principales<\/h4>\n<ul style=\"padding-left: 2rem; margin-bottom: 0px; color: rgb(51, 62, 72); font-family: Inter, \"Open Sans\", HelveticaNeue-Light, \"Helvetica Neue Light\", \"Helvetica Neue\", Helvetica, Arial, \"Lucida Grande\", sans-serif; letter-spacing: -0.14px;\">\n<li>Este miembro de 16 mm de la serie Hope Prime le brinda un amplio \u00e1ngulo de visi\u00f3n para su captura de video estilo cine. Cada lente de la serie altamente vers\u00e1til est\u00e1 disponible en montura Micro 4\/3. <\/li>\n<li>Los lentes de la serie 7artisans Hope Prime comparten posiciones comunes del anillo del engranaje de enfoque y del iris, lo que acelera los cambios de lentes, ya que no es necesario reposicionar accesorios como unidades de seguimiento de enfoque o motores de iris.<\/li>\n<li>Las marcas y medidas de enfoque se proporcionan en pies y metros.<\/li>\n<li>El anillo de iris no tiene topes de clic, lo que le permite hacer tirones suaves del iris.<\/li>\n<li style=\"margin-bottom: 0px;\">Al igual que el resto de lentes de la serie Hope Prime, tiene un control de respiraci\u00f3n de enfoque extremo<\/li>\n<\/ul>\n<p style=\"margin-bottom: 0px;\"><\/p>\n<p style=\"margin-bottom: 0px;\"><img decoding=\"async\" src=\"https:\/\/7artisans.pt\/wp-content\/uploads\/2024\/07\/SDIM1304-752x502.jpg\" style=\"width: 752px;\" alt=\"\"><\/p>\n<p style=\"margin-bottom: 0px;\"><\/p>\n<h4 style=\"margin-top: 0px; margin-bottom: 1em; line-height: 1.043em; font-size: 1.643em; color: rgb(51, 62, 72); font-family: Inter, \"Open Sans\", HelveticaNeue-Light, \"Helvetica Neue Light\", \"Helvetica Neue\", Helvetica, Arial, \"Lucida Grande\", sans-serif; letter-spacing: -0.14px;\">Caracter\u00edsticas t\u00e9cnicas<\/h4>\n<table style=\"caption-side: bottom; --bs-table-bg: transparent; --bs-table-accent-bg: transparent; --bs-table-striped-color: #333e48; --bs-table-striped-bg: rgba(0, 0, 0, 0.05); --bs-table-active-color: #333e48; --bs-table-active-bg: rgba(0, 0, 0, 0.1); --bs-table-hover-color: #333e48; --bs-table-hover-bg: rgba(0, 0, 0, 0.075); width: 1028.67px; margin-bottom: 0px; color: rgb(51, 62, 72); vertical-align: top; border-color: rgb(221, 221, 221); font-family: Inter, \"Open Sans\", HelveticaNeue-Light, \"Helvetica Neue Light\", \"Helvetica Neue\", Helvetica, Arial, \"Lucida Grande\", sans-serif; letter-spacing: -0.14px; background-color: rgb(255, 255, 255);\">\n<tbody style=\"border-style: solid; border-width: 0px; vertical-align: inherit; margin-bottom: 0px;\">\n<tr style=\"border-style: solid; border-width: 0px;\">\n<td width=\"283\" style=\"border-color: inherit; border-top-width: 0px; border-right-width: 0px; border-left-width: 0px; padding: 0.5rem; background-color: var(--bs-table-bg); box-shadow: inset 0 0 0 9999px var(--bs-table-accent-bg);\">Distancia focal<\/td>\n<td width=\"283\" style=\"border-color: inherit; border-top-width: 0px; border-right-width: 0px; border-left-width: 0px; padding: 0.5rem; background-color: var(--bs-table-bg); box-shadow: inset 0 0 0 9999px var(--bs-table-accent-bg); margin-bottom: 0px;\">16 mm (equivalente a fotograma completo: 32 mm)<\/td>\n<\/tr>\n<tr style=\"border-style: solid; border-width: 0px;\">\n<td width=\"283\" style=\"border-color: inherit; border-top-width: 0px; border-right-width: 0px; border-left-width: 0px; padding: 0.5rem; background-color: var(--bs-table-bg); box-shadow: inset 0 0 0 9999px var(--bs-table-accent-bg); margin-bottom: 0px;\">Montura Micro 4\/3<\/td>\n<td width=\"283\" style=\"border-color: inherit; border-top-width: 0px; border-right-width: 0px; border-left-width: 0px; padding: 0.5rem; background-color: var(--bs-table-bg); box-shadow: inset 0 0 0 9999px var(--bs-table-accent-bg);\"><\/td>\n<\/tr>\n<tr style=\"border-style: solid; border-width: 0px;\">\n<td width=\"283\" style=\"border-color: inherit; border-top-width: 0px; border-right-width: 0px; border-left-width: 0px; padding: 0.5rem; background-color: var(--bs-table-bg); box-shadow: inset 0 0 0 9999px var(--bs-table-accent-bg);\">Tipo de sensor<\/td>\n<td width=\"283\" style=\"border-color: inherit; border-top-width: 0px; border-right-width: 0px; border-left-width: 0px; padding: 0.5rem; background-color: var(--bs-table-bg); box-shadow: inset 0 0 0 9999px var(--bs-table-accent-bg); margin-bottom: 0px;\">APS-C \/ Super 35<\/td>\n<\/tr>\n<tr style=\"border-style: solid; border-width: 0px;\">\n<td width=\"283\" style=\"border-color: inherit; border-top-width: 0px; border-right-width: 0px; border-left-width: 0px; padding: 0.5rem; background-color: var(--bs-table-bg); box-shadow: inset 0 0 0 9999px var(--bs-table-accent-bg);\">Rango de apertura<\/td>\n<td width=\"283\" style=\"border-color: inherit; border-top-width: 0px; border-right-width: 0px; border-left-width: 0px; padding: 0.5rem; background-color: var(--bs-table-bg); box-shadow: inset 0 0 0 9999px var(--bs-table-accent-bg); margin-bottom: 0px;\">T2.1 \u2013 T22<\/td>\n<\/tr>\n<tr style=\"border-style: solid; border-width: 0px;\">\n<td width=\"283\" style=\"border-color: inherit; border-top-width: 0px; border-right-width: 0px; border-left-width: 0px; padding: 0.5rem; background-color: var(--bs-table-bg); box-shadow: inset 0 0 0 9999px var(--bs-table-accent-bg);\">Hojas de diafragma<\/td>\n<td width=\"283\" style=\"border-color: inherit; border-top-width: 0px; border-right-width: 0px; border-left-width: 0px; padding: 0.5rem; background-color: var(--bs-table-bg); box-shadow: inset 0 0 0 9999px var(--bs-table-accent-bg); margin-bottom: 0px;\">10<\/td>\n<\/tr>\n<tr style=\"border-style: solid; border-width: 0px;\">\n<td width=\"283\" style=\"border-color: inherit; border-top-width: 0px; border-right-width: 0px; border-left-width: 0px; padding: 0.5rem; background-color: var(--bs-table-bg); box-shadow: inset 0 0 0 9999px var(--bs-table-accent-bg);\">\u00c1ngulo de visi\u00f3n<\/td>\n<td width=\"283\" style=\"border-color: inherit; border-top-width: 0px; border-right-width: 0px; border-left-width: 0px; padding: 0.5rem; background-color: var(--bs-table-bg); box-shadow: inset 0 0 0 9999px var(--bs-table-accent-bg); margin-bottom: 0px;\">73\u00ba<\/td>\n<\/tr>\n<tr style=\"border-style: solid; border-width: 0px;\">\n<td width=\"283\" style=\"border-color: inherit; border-top-width: 0px; border-right-width: 0px; border-left-width: 0px; padding: 0.5rem; background-color: var(--bs-table-bg); box-shadow: inset 0 0 0 9999px var(--bs-table-accent-bg);\">Anillo de apertura<\/td>\n<td width=\"283\" style=\"border-color: inherit; border-top-width: 0px; border-right-width: 0px; border-left-width: 0px; padding: 0.5rem; background-color: var(--bs-table-bg); box-shadow: inset 0 0 0 9999px var(--bs-table-accent-bg); margin-bottom: 0px;\">Sin clics<\/td>\n<\/tr>\n<tr style=\"border-style: solid; border-width: 0px;\">\n<td width=\"283\" style=\"border-color: inherit; border-top-width: 0px; border-right-width: 0px; border-left-width: 0px; padding: 0.5rem; background-color: var(--bs-table-bg); box-shadow: inset 0 0 0 9999px var(--bs-table-accent-bg);\">Dise\u00f1o \u00f3ptico<\/td>\n<td width=\"283\" style=\"border-color: inherit; border-top-width: 0px; border-right-width: 0px; border-left-width: 0px; padding: 0.5rem; background-color: var(--bs-table-bg); box-shadow: inset 0 0 0 9999px var(--bs-table-accent-bg); margin-bottom: 0px;\">13 elementos en 10 grupos<\/td>\n<\/tr>\n<tr style=\"border-style: solid; border-width: 0px;\">\n<td width=\"283\" style=\"border-color: inherit; border-top-width: 0px; border-right-width: 0px; border-left-width: 0px; padding: 0.5rem; background-color: var(--bs-table-bg); box-shadow: inset 0 0 0 9999px var(--bs-table-accent-bg);\">Distancia m\u00ednima de enfoque<\/td>\n<td width=\"283\" style=\"border-color: inherit; border-top-width: 0px; border-right-width: 0px; border-left-width: 0px; padding: 0.5rem; background-color: var(--bs-table-bg); box-shadow: inset 0 0 0 9999px var(--bs-table-accent-bg); margin-bottom: 0px;\">20cm<\/td>\n<\/tr>\n<tr style=\"border-style: solid; border-width: 0px;\">\n<td width=\"283\" style=\"border-color: inherit; border-top-width: 0px; border-right-width: 0px; border-left-width: 0px; padding: 0.5rem; background-color: var(--bs-table-bg); box-shadow: inset 0 0 0 9999px var(--bs-table-accent-bg);\">Material del cuerpo<\/td>\n<td width=\"283\" style=\"border-color: inherit; border-top-width: 0px; border-right-width: 0px; border-left-width: 0px; padding: 0.5rem; background-color: var(--bs-table-bg); box-shadow: inset 0 0 0 9999px var(--bs-table-accent-bg); margin-bottom: 0px;\">Metal<\/td>\n<\/tr>\n<tr style=\"border-style: solid; border-width: 0px;\">\n<td width=\"283\" style=\"border-color: inherit; border-top-width: 0px; border-right-width: 0px; border-left-width: 0px; padding: 0.5rem; background-color: var(--bs-table-bg); box-shadow: inset 0 0 0 9999px var(--bs-table-accent-bg);\">Tipo de enfoque:<\/td>\n<td width=\"283\" style=\"border-color: inherit; border-top-width: 0px; border-right-width: 0px; border-left-width: 0px; padding: 0.5rem; background-color: var(--bs-table-bg); box-shadow: inset 0 0 0 9999px var(--bs-table-accent-bg); margin-bottom: 0px;\">Manual<\/td>\n<\/tr>\n<tr style=\"border-style: solid; border-width: 0px;\">\n<td width=\"283\" style=\"border-color: inherit; border-top-width: 0px; border-right-width: 0px; border-left-width: 0px; padding: 0.5rem; background-color: var(--bs-table-bg); box-shadow: inset 0 0 0 9999px var(--bs-table-accent-bg);\">Tama\u00f1o del filtro<\/td>\n<td width=\"283\" style=\"border-color: inherit; border-top-width: 0px; border-right-width: 0px; border-left-width: 0px; padding: 0.5rem; background-color: var(--bs-table-bg); box-shadow: inset 0 0 0 9999px var(--bs-table-accent-bg); margin-bottom: 0px;\">77 mm (frontal) <\/td>\n<\/tr>\n<tr style=\"border-style: solid; border-width: 0px;\">\n<td width=\"283\" style=\"border-color: inherit; border-top-width: 0px; border-right-width: 0px; border-left-width: 0px; padding: 0.5rem; background-color: var(--bs-table-bg); box-shadow: inset 0 0 0 9999px var(--bs-table-accent-bg);\">Dimensiones (L x ?)<\/td>\n<td width=\"283\" style=\"border-color: inherit; border-top-width: 0px; border-right-width: 0px; border-left-width: 0px; padding: 0.5rem; background-color: var(--bs-table-bg); box-shadow: inset 0 0 0 9999px var(--bs-table-accent-bg); margin-bottom: 0px;\">88 x 83 mm<\/td>\n<\/tr>\n<tr style=\"border-style: solid; border-width: 0px; margin-bottom: 0px;\">\n<td width=\"283\" style=\"border-color: inherit; border-top-width: 0px; border-right-width: 0px; border-left-width: 0px; padding: 0.5rem; background-color: var(--bs-table-bg); box-shadow: inset 0 0 0 9999px var(--bs-table-accent-bg);\">Peso<\/td>\n<td width=\"283\" style=\"border-color: inherit; border-top-width: 0px; border-right-width: 0px; border-left-width: 0px; padding: 0.5rem; background-color: var(--bs-table-bg); box-shadow: inset 0 0 0 9999px var(--bs-table-accent-bg); margin-bottom: 0px;\">706g<\/td>\n<\/tr>\n<\/tbody>\n<\/table>\n<h5><\/h5>\n","protected":false},"excerpt":{"rendered":"<p>7ARTISANS 16mm T2.1 Hope Prime Cine (Negro) &#8211; Micro 4\/3 Formato APS-C\/S35 | C\u00e1maras sin espejo Apertura de T2.1 a<\/p>\n","protected":false},"featured_media":78775,"comment_status":"closed","ping_status":"open","template":"","meta":{"_acf_changed":false},"product_brand":[2725],"product_cat":[1062],"product_tag":[],"class_list":{"0":"post-80913","1":"product","2":"type-product","3":"status-publish","4":"has-post-thumbnail","6":"product_brand-7artisans-es","7":"product_cat-mirrorless-objectivos","9":"first","10":"pre-order","11":"taxable","12":"shipping-taxable","13":"purchasable","14":"product-type-simple"},"bundled_by":[],"bundle_stock_status":"pre-order","bundle_stock_quantity":null,"bundle_virtual":false,"bundle_layout":"","bundle_add_to_cart_form_location":"","bundle_editable_in_cart":false,"bundle_sold_individually_context":"","bundle_item_grouping":"","bundle_min_size":"","bundle_max_size":"","bundle_price":[],"bundled_items":[],"bundle_sell_ids":[],"acf":[],"_links":{"self":[{"href":"https:\/\/hi-techwonder.com\/es\/wp-json\/wp\/v2\/product\/80913","targetHints":{"allow":["GET"]}}],"collection":[{"href":"https:\/\/hi-techwonder.com\/es\/wp-json\/wp\/v2\/product"}],"about":[{"href":"https:\/\/hi-techwonder.com\/es\/wp-json\/wp\/v2\/types\/product"}],"replies":[{"embeddable":true,"href":"https:\/\/hi-techwonder.com\/es\/wp-json\/wp\/v2\/comments?post=80913"}],"wp:featuredmedia":[{"embeddable":true,"href":"https:\/\/hi-techwonder.com\/es\/wp-json\/wp\/v2\/media\/78775"}],"wp:attachment":[{"href":"https:\/\/hi-techwonder.com\/es\/wp-json\/wp\/v2\/media?parent=80913"}],"wp:term":[{"taxonomy":"product_brand","embeddable":true,"href":"https:\/\/hi-techwonder.com\/es\/wp-json\/wp\/v2\/product_brand?post=80913"},{"taxonomy":"product_cat","embeddable":true,"href":"https:\/\/hi-techwonder.com\/es\/wp-json\/wp\/v2\/product_cat?post=80913"},{"taxonomy":"product_tag","embeddable":true,"href":"https:\/\/hi-techwonder.com\/es\/wp-json\/wp\/v2\/product_tag?post=80913"}],"curies":[{"name":"wp","href":"https:\/\/api.w.org\/{rel}","templated":true}]}}