{"id":80921,"date":"2025-08-05T13:43:41","date_gmt":"2025-08-05T13:43:41","guid":{"rendered":"https:\/\/hi-techwonder.com\/product\/7artisans-25mm-f-1-8-nikon-z-negro\/"},"modified":"2026-01-30T09:16:07","modified_gmt":"2026-01-30T09:16:07","slug":"7artisans-25mm-f-1-8-nikon-z-negro","status":"publish","type":"product","link":"https:\/\/hi-techwonder.com\/es\/producto\/7artisans-25mm-f-1-8-nikon-z-negro\/","title":{"rendered":"7ARTISANS 25mm F\/1.8 Nikon Z &#8211; Negro"},"content":{"rendered":"<p><strong>7ARTISANS 25mm F\/1.8 Nikon Z &#8211; Negro<\/strong><\/p>\n<p>Compacta y vers\u00e1til, la&nbsp;<strong>7artisans <\/strong><strong>25mm f\/1.8 para<\/strong>&nbsp;<strong>Nikon Z<\/strong> es un objetivo totalmente manual, adecuado para retratos, reportajes y disparos diarios, que requieren un campo de visi\u00f3n natural. La brillante apertura m\u00e1xima de f\/1.8 beneficia el trabajo en una variedad de condiciones de iluminaci\u00f3n y tambi\u00e9n le brinda un mayor control sobre la profundidad de campo para aislar sujetos con enfoque selectivo. Se han aplicado recubrimientos multicapa a elementos de vidrio individuales para suprimir los destellos y las im\u00e1genes fantasma para mejorar el contraste y la fidelidad del color cuando se trabaja en condiciones de iluminaci\u00f3n brillante. Adem\u00e1s, un diafragma redondeado de 12 hojas produce una agradable calidad de bokeh.   <\/p>\n<p><img loading=\"lazy\" decoding=\"async\" src=\"https:\/\/11204951.s21i.faiusr.com\/2\/ABUIABACGAAg8aLU5gUo_s26-wMwkBM44Aw.jpg\" alt=\"\" width=\"500\" height=\"333\"><\/p>\n<p>___________________________________________________________________________________________________________________________________________________________________________<\/p>\n<p><strong>Caracter\u00edsticas principales:<\/strong><\/p>\n<ul>\n<li>Lente con montura Z\/formato APS-C<\/li>\n<li>37,5 mm (equivalente a 35 mm)<\/li>\n<li>Rango de apertura: f\/1.8 a f\/16<\/li>\n<li>Recubrimiento multicapa<\/li>\n<\/ul>\n<p><strong>En la caja:<\/strong><\/p>\n<ul>\n<li>7artisans 25mm f\/1.8 Lente para Nikon Z (Negro)<\/li>\n<li>Tapa frontal del objetivo<\/li>\n<li>Tapa trasera del objetivo<\/li>\n<\/ul>\n<p><strong>Caracter\u00edsticas generales<\/strong><\/p>\n<ul>\n<li>Compact Prime est\u00e1 dise\u00f1ado para c\u00e1maras sin espejo en formato APS-C y proporciona una distancia focal equivalente a 37,5 mm.<\/li>\n<li>La brillante apertura m\u00e1xima de f\/1.8 beneficia el trabajo en condiciones de iluminaci\u00f3n dif\u00edciles y tambi\u00e9n le brinda un mejor control sobre la profundidad de campo para aplicaciones de enfoque selectivo.<\/li>\n<li>Se ha aplicado un recubrimiento multicapa a elementos individuales para reducir los destellos y las im\u00e1genes fantasma para un mayor contraste y precisi\u00f3n del color.<\/li>\n<li>El dise\u00f1o de enfoque manual le permite trabajar con sujetos a una distancia de hasta 18 cm.<\/li>\n<li>El diafragma redondeado de 12 hojas contribuye a una calidad de bokeh suave y agradable.<\/li>\n<\/ul>\n<p><strong>Especificaciones:<\/strong><\/p>\n<table border=\"0\" width=\"642\" cellspacing=\"0\" cellpadding=\"2\">\n<colgroup>\n<col width=\"298\">\n<col width=\"336\"> <\/colgroup>\n<tbody>\n<tr>\n<td width=\"298\">Distancia<\/td>\n<p> focal<\/p>\n<td width=\"336\">25 mm (distancia focal equivalente a 35 mm: 37,5 mm)<\/td>\n<\/tr>\n<tr>\n<td width=\"298\">Apertura<\/td>\n<p> m\u00e1xima<\/p>\n<td width=\"336\">f\/1.8<\/td>\n<\/tr>\n<tr>\n<td width=\"298\">Apertura<\/td>\n<p> m\u00ednima<\/p>\n<td width=\"336\">f\/16<\/td>\n<\/tr>\n<tr>\n<td width=\"298\">Montura de<\/td>\n<p> lente<\/p>\n<td width=\"336\">Montura Z de Nikon<\/td>\n<\/tr>\n<tr>\n<td width=\"298\">Compatibilidad de<\/td>\n<p> formatos<\/p>\n<td width=\"336\">APS-C<\/td>\n<\/tr>\n<tr>\nDistancia <\/p>\n<td width=\"298\">m\u00ednima de enfoque<\/td>\n<td width=\"336\">18 cm<\/td>\n<\/tr>\n<tr>\n<td width=\"298\">Dise\u00f1o<\/td>\n<p> \u00f3ptico<\/p>\n<td width=\"336\">7 elementos en 5 grupos<\/td>\n<\/tr>\n<tr>\nHojas de <\/p>\n<td width=\"298\">diafragma<\/td>\n<td width=\"336\">12, redondeado<\/td>\n<\/tr>\n<tr>\n<td width=\"298\">Tipo de<\/td>\n<p> enfoque<\/p>\n<td width=\"336\">Manual de enfoque<\/td>\n<\/tr>\n<tr>\n<td width=\"298\">Estabilizaci\u00f3n de<\/td>\n<p> imagen<\/p>\n<td width=\"336\"><em>Ninguno<\/em><\/td>\n<\/tr>\n<tr>\n<td width=\"298\">Tama\u00f1o del<\/td>\n<p> filtro<\/p>\n<td width=\"336\">46 mm (delantero)<\/td>\n<\/tr>\n<tr>\n<td width=\"298\">Dimensiones (\u00f8 x L)<\/td>\n<td width=\"336\">51 x 32 mm<\/td>\n<\/tr>\n<tr>\n<td width=\"298\">Peso<\/td>\n<td width=\"336\">143 gramos<\/td>\n<\/tr>\n<\/tbody>\n<\/table>\n","protected":false},"excerpt":{"rendered":"<p>7ARTISANS 25mm F\/1.8 Nikon Z &#8211; Negro Compacta y vers\u00e1til, la&nbsp;7artisans 25mm f\/1.8 para&nbsp;Nikon Z es un objetivo totalmente manual,<\/p>\n","protected":false},"featured_media":78353,"comment_status":"closed","ping_status":"open","template":"","meta":{"_acf_changed":false},"product_brand":[2725],"product_cat":[1062],"product_tag":[],"class_list":{"0":"post-80921","1":"product","2":"type-product","3":"status-publish","4":"has-post-thumbnail","6":"product_brand-7artisans-es","7":"product_cat-mirrorless-objectivos","9":"first","10":"instock","11":"taxable","12":"shipping-taxable","13":"purchasable","14":"product-type-simple"},"bundled_by":[],"bundle_stock_status":"instock","bundle_stock_quantity":1,"bundle_virtual":false,"bundle_layout":"","bundle_add_to_cart_form_location":"","bundle_editable_in_cart":false,"bundle_sold_individually_context":"","bundle_item_grouping":"","bundle_min_size":"","bundle_max_size":"","bundle_price":[],"bundled_items":[],"bundle_sell_ids":[],"acf":[],"_links":{"self":[{"href":"https:\/\/hi-techwonder.com\/es\/wp-json\/wp\/v2\/product\/80921","targetHints":{"allow":["GET"]}}],"collection":[{"href":"https:\/\/hi-techwonder.com\/es\/wp-json\/wp\/v2\/product"}],"about":[{"href":"https:\/\/hi-techwonder.com\/es\/wp-json\/wp\/v2\/types\/product"}],"replies":[{"embeddable":true,"href":"https:\/\/hi-techwonder.com\/es\/wp-json\/wp\/v2\/comments?post=80921"}],"wp:featuredmedia":[{"embeddable":true,"href":"https:\/\/hi-techwonder.com\/es\/wp-json\/wp\/v2\/media\/78353"}],"wp:attachment":[{"href":"https:\/\/hi-techwonder.com\/es\/wp-json\/wp\/v2\/media?parent=80921"}],"wp:term":[{"taxonomy":"product_brand","embeddable":true,"href":"https:\/\/hi-techwonder.com\/es\/wp-json\/wp\/v2\/product_brand?post=80921"},{"taxonomy":"product_cat","embeddable":true,"href":"https:\/\/hi-techwonder.com\/es\/wp-json\/wp\/v2\/product_cat?post=80921"},{"taxonomy":"product_tag","embeddable":true,"href":"https:\/\/hi-techwonder.com\/es\/wp-json\/wp\/v2\/product_tag?post=80921"}],"curies":[{"name":"wp","href":"https:\/\/api.w.org\/{rel}","templated":true}]}}