{"id":80937,"date":"2025-08-05T13:46:38","date_gmt":"2025-08-05T13:46:38","guid":{"rendered":"https:\/\/hi-techwonder.com\/product\/7artisans-35mm-f-1-4-mark-iii-nikon-z-negro\/"},"modified":"2026-05-08T14:38:25","modified_gmt":"2026-05-08T13:38:25","slug":"7artisans-35mm-f-1-4-mark-iii-nikon-z-negro","status":"publish","type":"product","link":"https:\/\/hi-techwonder.com\/es\/producto\/7artisans-35mm-f-1-4-mark-iii-nikon-z-negro\/","title":{"rendered":"7ARTISANS 35mm f\/1.4 Mark III &#8211; Nikon Z (Negro)"},"content":{"rendered":"<h3><b>7ARTISANS 35mm f\/1.4 Mark III &#8211; Nikon Z (Negro)<\/b><\/h3>\n<ul>\n<li>Dise\u00f1ado para c\u00e1maras sin espejo de fotograma completo Nikon Z<\/li>\n<li>Apertura m\u00e1xima r\u00e1pida de f\/1.4<\/li>\n<li>Distancias m\u00ednimas de enfoque de 30 cm<\/li>\n<li>Tama\u00f1o del filtro 52 mm (frontal)<\/li>\n<li>Ligero y compacto, solo 274 g<\/li>\n<li>Con interruptor para elegir usar el anillo de apertura con o sin clic<\/li>\n<\/ul>\n<p><iframe loading=\"lazy\" frameborder=\"0\" src=\"https:\/\/www.youtube.com\/embed\/IWYfLP3w_3I\" width=\"640\" height=\"360\" class=\"note-video-clip\" referrerpolicy=\"strict-origin-when-cross-origin\"><\/iframe><\/p>\n<p>La nueva versi\u00f3n del popular objetivo Prime para sensores Full Frame de 35mm f\/1.4 de 7artisans ya est\u00e1 aqu\u00ed, \u00a1y mejor que nunca! Se trata de una lente prime vers\u00e1til adecuada para una gran variedad de aplicaciones fotogr\u00e1ficas, desde la fotograf\u00eda callejera hasta los retratos. La r\u00e1pida apertura m\u00e1xima de f\/1.4 es adecuada para disparar en condiciones de poca luz y le brinda un mayor control sobre la profundidad de campo para trabajar con t\u00e9cnicas de enfoque selectivo. El dise\u00f1o de enfoque manual permite distancias m\u00ednimas de enfoque de 30 cm, y un controlador de 10 hojas contribuye a una agradable calidad de bokeh.   <\/p>\n<p><img decoding=\"async\" src=\"https:\/\/7artisans.pt\/wp-content\/uploads\/2024\/08\/DSC00050.jpg\" style=\"width: 25%;\" alt=\"\"><\/p>\n<p><strong>Caracter\u00edsticas principales<\/strong><\/p>\n<ul>\n<li>El objetivo fijo gran angular compacto est\u00e1 dise\u00f1ado para c\u00e1maras mirrorless de fotograma completo, pero tambi\u00e9n se puede utilizar con los modelos APS-C, donde proporciona una distancia focal equivalente a 52,5 mm.<\/li>\n<li>La r\u00e1pida apertura m\u00e1xima de f\/1.4 beneficia el trabajo en condiciones de iluminaci\u00f3n dif\u00edciles y le brinda un mejor control sobre la profundidad de campo para aplicaciones de enfoque selectivo.<\/li>\n<li>El dise\u00f1o de enfoque manual le permite trabajar con sujetos a una distancia de hasta 30 cm.<\/li>\n<li>Un diafragma de 10 hojas contribuye a una calidad de bokeh suave y agradable.<\/li>\n<li>Un elemento de dispersi\u00f3n extra baja y un elemento de alta refracci\u00f3n, junto con el recubrimiento multicapa MC, garantizan una calidad de imagen superior.<\/li>\n<li>Dispone de un interruptor para que puedas elegir utilizar el anillo de apertura del diafragma con o sin clics.<\/li>\n<\/ul>\n<p><img decoding=\"async\" src=\"https:\/\/7artisans.pt\/wp-content\/uploads\/2024\/08\/DSC00067.jpg\" style=\"width: 25%;\" alt=\"\"><\/p>\n<p><strong>Caracter\u00edsticas t\u00e9cnicas<\/strong><\/p>\n<table>\n<tbody>\n<tr>\n<td width=\"283\">Distancia focal<\/td>\n<td width=\"283\">35mm<\/td>\n<\/tr>\n<tr>\n<td width=\"283\">Montura<\/td>\n<td width=\"283\">Nikon<\/td>\n<p> Z<\/tr>\n<tr>\n<td width=\"283\">Cobertura de formato de sensor<\/td>\n<td width=\"283\">de fotograma completo<\/td>\n<\/tr>\n<tr>\n<td width=\"283\">Rango de apertura<\/td>\n<td width=\"283\">f\/1.4 \u2013 f\/16<\/td>\n<\/tr>\n<tr>\n<td width=\"283\">Hojas de diafragma<\/td>\n<td width=\"283\">10<\/td>\n<\/tr>\n<tr>\n<td width=\"283\">\u00c1ngulo de visi\u00f3n<\/td>\n<td width=\"283\">42\u00ba<\/td>\n<\/tr>\n<tr>\n<td width=\"283\">Anillo de apertura<\/td>\n<td width=\"283\">Con o sin clics<\/td>\n<\/tr>\n<tr>\n<td width=\"283\">Dise\u00f1o \u00f3ptico<\/td>\n<td width=\"283\">7 elementos en 5 grupos<\/td>\n<\/tr>\n<tr>\n<td width=\"283\">Distancia m\u00ednima de enfoque<\/td>\n<td width=\"283\">30cm<\/td>\n<\/tr>\n<tr>\n<td width=\"283\">Di\u00e1metro del filtro<\/td>\n<td width=\"283\">52 mm (frontal)<\/td>\n<\/tr>\n<tr>\n<td width=\"283\">Material<\/td>\n<td width=\"283\">Metal<\/td>\n<\/tr>\n<tr>\n<td width=\"283\">Color:<\/td>\n<td width=\"283\">negro o titanio<\/td>\n<\/tr>\n<tr>\n<td width=\"283\">Dimensiones (largo x fondo)<\/td>\n<td width=\"283\">50 x 63 mm<\/td>\n<\/tr>\n<tr>\n<td width=\"283\">Peso<\/td>\n<td width=\"283\">274g<\/td>\n<\/tr>\n<\/tbody>\n<\/table>\n","protected":false},"excerpt":{"rendered":"<p>7ARTISANS 35mm f\/1.4 Mark III &#8211; Nikon Z (Negro) Dise\u00f1ado para c\u00e1maras sin espejo de fotograma completo Nikon Z Apertura<\/p>\n","protected":false},"featured_media":79190,"comment_status":"closed","ping_status":"open","template":"","meta":{"_acf_changed":false},"product_brand":[2725],"product_cat":[1062],"product_tag":[],"class_list":{"0":"post-80937","1":"product","2":"type-product","3":"status-publish","4":"has-post-thumbnail","6":"product_brand-7artisans-es","7":"product_cat-mirrorless-objectivos","9":"first","10":"instock","11":"taxable","12":"shipping-taxable","13":"purchasable","14":"product-type-simple"},"bundled_by":[],"bundle_stock_status":"instock","bundle_stock_quantity":1,"bundle_virtual":false,"bundle_layout":"","bundle_add_to_cart_form_location":"","bundle_editable_in_cart":false,"bundle_sold_individually_context":"","bundle_item_grouping":"","bundle_min_size":"","bundle_max_size":"","bundle_price":[],"bundled_items":[],"bundle_sell_ids":[],"acf":[],"_links":{"self":[{"href":"https:\/\/hi-techwonder.com\/es\/wp-json\/wp\/v2\/product\/80937","targetHints":{"allow":["GET"]}}],"collection":[{"href":"https:\/\/hi-techwonder.com\/es\/wp-json\/wp\/v2\/product"}],"about":[{"href":"https:\/\/hi-techwonder.com\/es\/wp-json\/wp\/v2\/types\/product"}],"replies":[{"embeddable":true,"href":"https:\/\/hi-techwonder.com\/es\/wp-json\/wp\/v2\/comments?post=80937"}],"wp:featuredmedia":[{"embeddable":true,"href":"https:\/\/hi-techwonder.com\/es\/wp-json\/wp\/v2\/media\/79190"}],"wp:attachment":[{"href":"https:\/\/hi-techwonder.com\/es\/wp-json\/wp\/v2\/media?parent=80937"}],"wp:term":[{"taxonomy":"product_brand","embeddable":true,"href":"https:\/\/hi-techwonder.com\/es\/wp-json\/wp\/v2\/product_brand?post=80937"},{"taxonomy":"product_cat","embeddable":true,"href":"https:\/\/hi-techwonder.com\/es\/wp-json\/wp\/v2\/product_cat?post=80937"},{"taxonomy":"product_tag","embeddable":true,"href":"https:\/\/hi-techwonder.com\/es\/wp-json\/wp\/v2\/product_tag?post=80937"}],"curies":[{"name":"wp","href":"https:\/\/api.w.org\/{rel}","templated":true}]}}