{"id":80940,"date":"2025-08-05T13:41:04","date_gmt":"2025-08-05T13:41:04","guid":{"rendered":"https:\/\/hi-techwonder.com\/product\/7artisans-35mm-f-1-4-mark-ii-full-frame-canon-rf\/"},"modified":"2026-03-02T12:35:25","modified_gmt":"2026-03-02T12:35:25","slug":"7artisans-35mm-f-1-4-mark-ii-full-frame-canon-rf","status":"publish","type":"product","link":"https:\/\/hi-techwonder.com\/es\/producto\/7artisans-35mm-f-1-4-mark-ii-full-frame-canon-rf\/","title":{"rendered":"7ARTISANS 35mm f\/1.4 Mark II Full Frame Canon RF"},"content":{"rendered":"<p class=\"Standard\"><strong>7ARTISANS 35mm f\/1.4 Mark II Full Frame Canon RF<\/strong><\/p>\n<p class=\"Standard\">Un pr\u00e1ctico objetivo gran angular con un dise\u00f1o actualizado, este objetivo de 35 mm f\/1,4 Mark II de 7artisans es un objetivo fijo vers\u00e1til adecuado para una gran variedad de aplicaciones fotogr\u00e1ficas. La r\u00e1pida apertura m\u00e1xima de f\/1.4 es adecuada para disparar en condiciones de poca luz y le brinda un mayor control sobre la profundidad de campo para trabajar con t\u00e9cnicas de enfoque selectivo. El dise\u00f1o de enfoque manual permite distancias m\u00ednimas de enfoque de 33 cm, y un diafragma de 10 hojas contribuye a una agradable calidad de bokeh.  <\/p>\n<ul>\n<li class=\"Standard\">&nbsp;El objetivo fijo gran angular compacto est\u00e1 dise\u00f1ado para c\u00e1maras mirrorless de fotograma completo, pero tambi\u00e9n puede utilizarse con los modelos APS-C, donde proporciona una distancia focal equivalente a 52,5 mm<\/li>\n<li class=\"Standard\">La r\u00e1pida apertura m\u00e1xima de f\/1.4 beneficia el trabajo en condiciones de iluminaci\u00f3n dif\u00edciles y le brinda un mejor control sobre la profundidad de campo para aplicaciones de enfoque selectivo.<\/li>\n<li class=\"Standard\">El dise\u00f1o de enfoque manual le permite trabajar con sujetos a una distancia de hasta 33 cm.<\/li>\n<li class=\"Standard\">Un diafragma de 10 hojas contribuye a una calidad de bokeh suave y agradable.<\/li>\n<\/ul>\n<p class=\"Standard\"><strong>Caracter\u00edsticas t\u00e9cnicas:<\/strong><\/p>\n<ul>\n<li class=\"Standard\">Montura: Canon RF<\/li>\n<li class=\"Standard\">Distancia focal: 35 mm<\/li>\n<li class=\"Standard\">Apertura m\u00e1xima: f\/1.4<\/li>\n<li class=\"Standard\">Apertura m\u00ednima: f\/16<\/li>\n<li class=\"Standard\">Cobertura del formato de la lente: fotograma completo<\/li>\n<li class=\"Standard\">\u00c1ngulo de visi\u00f3n: 63\u00b0<\/li>\n<li class=\"Standard\">Distancia m\u00ednima de enfoque: 13&#8243; \/ 33 cm<\/li>\n<li class=\"Standard\">Dise\u00f1o \u00f3ptico: 7 elementos en 5 grupos<\/li>\n<li class=\"Standard\">Hojas de diafragma: 10<\/li>\n<li class=\"Standard\">Tipo de enfoque: Enfoque manual<\/li>\n<li class=\"Standard\">Estabilizaci\u00f3n de imagen: No<\/li>\n<li class=\"Standard\">Tama\u00f1o del filtro: 52 mm (frontal)<\/li>\n<li class=\"Standard\">Dimensiones: (\u00f8 x L) 2.2 x 1.9&#8243; \/ 55 x 47 mm<\/li>\n<li class=\"Standard\">Peso 10 oz \/ 284 g<\/li>\n<\/ul>\n","protected":false},"excerpt":{"rendered":"<p>7ARTISANS 35mm f\/1.4 Mark II Full Frame Canon RF Un pr\u00e1ctico objetivo gran angular con un dise\u00f1o actualizado, este objetivo<\/p>\n","protected":false},"featured_media":77843,"comment_status":"closed","ping_status":"closed","template":"","meta":{"_acf_changed":false},"product_brand":[2725],"product_cat":[1062],"product_tag":[],"class_list":{"0":"post-80940","1":"product","2":"type-product","3":"status-publish","4":"has-post-thumbnail","6":"product_brand-7artisans-es","7":"product_cat-mirrorless-objectivos","9":"first","10":"instock","11":"taxable","12":"shipping-taxable","13":"purchasable","14":"product-type-simple"},"bundled_by":[],"bundle_stock_status":"instock","bundle_stock_quantity":1,"bundle_virtual":false,"bundle_layout":"","bundle_add_to_cart_form_location":"","bundle_editable_in_cart":false,"bundle_sold_individually_context":"","bundle_item_grouping":"","bundle_min_size":"","bundle_max_size":"","bundle_price":[],"bundled_items":[],"bundle_sell_ids":[],"acf":[],"_links":{"self":[{"href":"https:\/\/hi-techwonder.com\/es\/wp-json\/wp\/v2\/product\/80940","targetHints":{"allow":["GET"]}}],"collection":[{"href":"https:\/\/hi-techwonder.com\/es\/wp-json\/wp\/v2\/product"}],"about":[{"href":"https:\/\/hi-techwonder.com\/es\/wp-json\/wp\/v2\/types\/product"}],"replies":[{"embeddable":true,"href":"https:\/\/hi-techwonder.com\/es\/wp-json\/wp\/v2\/comments?post=80940"}],"wp:featuredmedia":[{"embeddable":true,"href":"https:\/\/hi-techwonder.com\/es\/wp-json\/wp\/v2\/media\/77843"}],"wp:attachment":[{"href":"https:\/\/hi-techwonder.com\/es\/wp-json\/wp\/v2\/media?parent=80940"}],"wp:term":[{"taxonomy":"product_brand","embeddable":true,"href":"https:\/\/hi-techwonder.com\/es\/wp-json\/wp\/v2\/product_brand?post=80940"},{"taxonomy":"product_cat","embeddable":true,"href":"https:\/\/hi-techwonder.com\/es\/wp-json\/wp\/v2\/product_cat?post=80940"},{"taxonomy":"product_tag","embeddable":true,"href":"https:\/\/hi-techwonder.com\/es\/wp-json\/wp\/v2\/product_tag?post=80940"}],"curies":[{"name":"wp","href":"https:\/\/api.w.org\/{rel}","templated":true}]}}