{"id":80945,"date":"2025-08-05T13:41:04","date_gmt":"2025-08-05T13:41:04","guid":{"rendered":"https:\/\/hi-techwonder.com\/product\/7artisans-35mm-f-1-4-aps-c-canon-r-negro\/"},"modified":"2026-02-19T15:01:27","modified_gmt":"2026-02-19T15:01:27","slug":"7artisans-35mm-f-1-4-aps-c-canon-r-negro","status":"publish","type":"product","link":"https:\/\/hi-techwonder.com\/es\/producto\/7artisans-35mm-f-1-4-aps-c-canon-r-negro\/","title":{"rendered":"7ARTISANS 35mm f\/1.4 APS-C Canon R -Negro"},"content":{"rendered":"<p><strong>7ARTISANS 35mm f\/1.4 APS-C Canon R<\/strong><\/p>\n<p>Un discreto objetivo para el uso diario, el 35mm f\/1.4 de 7artisans cuenta con un dise\u00f1o de enfoque manual f\u00e1cil de usar. Elegante y con estilo, este prime compacto tiene una distancia m\u00ednima de enfoque de solo 35 cm, ideal para retratos, escenas callejeras, fotograf\u00eda macro y m\u00e1s. Su apertura m\u00e1xima de f\/1.4 le brinda un excelente control sobre la profundidad de campo y, junto con las 9 hojas de diafragma, proporciona un hermoso bokeh cuando es necesario. Adem\u00e1s, un anillo de apertura sin clics garantiza ajustes de exposici\u00f3n suaves y silenciosos para la grabaci\u00f3n de video.   <\/p>\n<ul>\n<li>La lente fija de distancia focal est\u00e1ndar est\u00e1 dise\u00f1ada para c\u00e1maras sin espejo de formato APS-C y proporciona una distancia focal equivalente a 52,5 mm.<\/li>\n<li>La brillante apertura m\u00e1xima de f\/1.4 sobresale en condiciones de poca luz y tambi\u00e9n le brinda un mayor control sobre la profundidad de campo.<\/li>\n<li>El dise\u00f1o de enfoque manual le permite trabajar con distancias tan cercanas como 35 cm.<\/li>\n<li>El diafragma de 9 hojas contribuye a una agradable calidad de bokeh.<\/li>\n<li>Construcci\u00f3n de lente de metal duradero.<\/li>\n<\/ul>\n<p><strong>Especificaciones<\/strong>:<\/p>\n<ul>\n<li>Montaje: Canon R<\/li>\n<li>Distancia focal: 35 mm (distancia focal equivalente a 35 mm: 52,5 mm)<\/li>\n<li>Apertura m\u00e1xima: f\/1.4<\/li>\n<li>Apertura m\u00ednima: f\/16<\/li>\n<li>Cobertura de formato de lente: APS-C<\/li>\n<li>\u00c1ngulo de visi\u00f3n: 43\u00b0<\/li>\n<li>Distancia m\u00ednima de enfoque: 13,8&#8243; \/ 35 cm<\/li>\n<li>Dise\u00f1o \u00f3ptico: 8 elementos en 5 grupos<\/li>\n<li>Hojas de diafragma: 9<\/li>\n<li>Tipo de enfoque: Enfoque manual<\/li>\n<li>Estabilizaci\u00f3n de imagen: No<\/li>\n<li>Tama\u00f1o del filtro: 49 mm (frontal)<\/li>\n<li>Peso: 8 oz \/ 228 g<\/li>\n<\/ul>\n","protected":false},"excerpt":{"rendered":"<p>7ARTISANS 35mm f\/1.4 APS-C Canon R Un discreto objetivo para el uso diario, el 35mm f\/1.4 de 7artisans cuenta con<\/p>\n","protected":false},"featured_media":77803,"comment_status":"closed","ping_status":"open","template":"","meta":{"_acf_changed":false},"product_brand":[2725],"product_cat":[1062],"product_tag":[],"class_list":{"0":"post-80945","1":"product","2":"type-product","3":"status-publish","4":"has-post-thumbnail","6":"product_brand-7artisans-es","7":"product_cat-mirrorless-objectivos","9":"first","10":"pre-order","11":"taxable","12":"shipping-taxable","13":"purchasable","14":"product-type-simple"},"bundled_by":[],"bundle_stock_status":"pre-order","bundle_stock_quantity":null,"bundle_virtual":false,"bundle_layout":"","bundle_add_to_cart_form_location":"","bundle_editable_in_cart":false,"bundle_sold_individually_context":"","bundle_item_grouping":"","bundle_min_size":"","bundle_max_size":"","bundle_price":[],"bundled_items":[],"bundle_sell_ids":[],"acf":[],"_links":{"self":[{"href":"https:\/\/hi-techwonder.com\/es\/wp-json\/wp\/v2\/product\/80945","targetHints":{"allow":["GET"]}}],"collection":[{"href":"https:\/\/hi-techwonder.com\/es\/wp-json\/wp\/v2\/product"}],"about":[{"href":"https:\/\/hi-techwonder.com\/es\/wp-json\/wp\/v2\/types\/product"}],"replies":[{"embeddable":true,"href":"https:\/\/hi-techwonder.com\/es\/wp-json\/wp\/v2\/comments?post=80945"}],"wp:featuredmedia":[{"embeddable":true,"href":"https:\/\/hi-techwonder.com\/es\/wp-json\/wp\/v2\/media\/77803"}],"wp:attachment":[{"href":"https:\/\/hi-techwonder.com\/es\/wp-json\/wp\/v2\/media?parent=80945"}],"wp:term":[{"taxonomy":"product_brand","embeddable":true,"href":"https:\/\/hi-techwonder.com\/es\/wp-json\/wp\/v2\/product_brand?post=80945"},{"taxonomy":"product_cat","embeddable":true,"href":"https:\/\/hi-techwonder.com\/es\/wp-json\/wp\/v2\/product_cat?post=80945"},{"taxonomy":"product_tag","embeddable":true,"href":"https:\/\/hi-techwonder.com\/es\/wp-json\/wp\/v2\/product_tag?post=80945"}],"curies":[{"name":"wp","href":"https:\/\/api.w.org\/{rel}","templated":true}]}}