{"id":80966,"date":"2025-08-05T13:38:39","date_gmt":"2025-08-05T13:38:39","guid":{"rendered":"https:\/\/hi-techwonder.com\/product\/7artisans-50mm-f-1-05-nikon-z\/"},"modified":"2026-02-11T11:14:07","modified_gmt":"2026-02-11T11:14:07","slug":"7artisans-50mm-f-1-05-nikon-z","status":"publish","type":"product","link":"https:\/\/hi-techwonder.com\/es\/producto\/7artisans-50mm-f-1-05-nikon-z\/","title":{"rendered":"7ARTISANS 50mm f\/1.05 Nikon Z"},"content":{"rendered":"<p><strong>7ARTISANS 50mm f\/1.05 Nikon Z<\/strong><\/p>\n<p><strong>Caracter\u00edsticas generales<\/strong><\/p>\n<ul>\n<li>Formato de fotograma completo<\/li>\n<li>Rango de apertura: f\/1.05 a f\/16<\/li>\n<li>Dos elementos de dispersi\u00f3n ultrabaja<\/li>\n<li>Dise\u00f1o de enfoque manual<\/li>\n<li>Escalas de profundidad de campo y distancia<\/li>\n<li>Anillo de apertura manual sin clic<\/li>\n<li>Diafragma de 13 hojas<\/li>\n<\/ul>\n<p>El objetivo de 50 mm f\/1,05 de 7artisans es un vers\u00e1til objetivo fijo de cuerpo entero caracterizado por su distintiva y brillante apertura m\u00e1xima de f\/1,05, junto con un dise\u00f1o intuitivo totalmente manual. La velocidad del objetivo es adecuada para trabajar en condiciones de poca luz y tambi\u00e9n permite un mayor control sobre la profundidad de campo para aislar al sujeto y utilizar t\u00e9cnicas de enfoque selectivo. Complementando esto, la lente contiene un par de elementos de dispersi\u00f3n ultrabaja, que controlan las aberraciones crom\u00e1ticas y la dispersi\u00f3n del color para producir una alta claridad y precisi\u00f3n de color. El dise\u00f1o de enfoque manual le permite trabajar con sujetos a una distancia de hasta 57 cm y el anillo de apertura manual produce un movimiento constante para realizar ajustes silenciosos que se adaptan a las aplicaciones de video. El objetivo tambi\u00e9n cuenta con un diafragma de 13 hojas que contribuye a una agradable calidad de bokeh.    <\/p>\n<ul>\n<li>El prime de longitud completa est\u00e1 dise\u00f1ado para c\u00e1maras sin espejo Nikon con montura Z de fotograma completo, sin embargo, tambi\u00e9n es adecuado para su uso con modelos APS-C, donde proporciona una distancia focal equivalente a 75 mm.<\/li>\n<li>La apertura m\u00e1xima inmensamente r\u00e1pida de f\/1.05 beneficia el trabajo con poca profundidad de campo y t\u00e9cnicas de enfoque selectivo, y tambi\u00e9n se adapta a disparar en condiciones de poca luz.<\/li>\n<li>Dos elementos de dispersi\u00f3n ultrabaja reducen las franjas de color y las aberraciones crom\u00e1ticas para una alta claridad y una reproducci\u00f3n crom\u00e1tica precisa.<\/li>\n<li>El dise\u00f1o de enfoque manual le permite trabajar con sujetos tan cercanos como 57 cm.<\/li>\n<li>Las escalas de profundidad de campo y distancia ayudan con las t\u00e9cnicas de enfoque previo y de zona.<\/li>\n<li>El anillo de apertura sin clics promueve un cambio de apertura suave y silencioso para beneficiar las aplicaciones de video.<\/li>\n<li>El controlador de 13 hojas contribuye a una agradable calidad de bokeh.<\/li>\n<\/ul>\n<h2 class=\"western\" style=\"font-style: normal; font-weight: normal;\"><strong><span style=\"font-family: OpenSans, Segoe UI, Helvetica, Roboto, Arial, sans-serif;\"><span style=\"font-size: medium;\">7artisans Photoelectric 50mm F\/1.05 Ficha Tecnica<\/span><\/span><\/strong><\/h2>\n<table border=\"0\" width=\"339\" cellspacing=\"0\" cellpadding=\"2\">\n<colgroup>\n<col width=\"168\">\n<col width=\"163\"> <\/colgroup>\n<tbody>\n<tr>\n<td width=\"168\">\n<p style=\"border: none; padding: 0cm; font-weight: normal;\" align=\"LEFT\">Distancia focal<\/p>\n<\/td>\n<td width=\"163\">\n<p style=\"border: none; padding: 0cm; font-weight: normal;\">50 mm<\/p>\n<\/td>\n<\/tr>\n<tr>\n<td width=\"168\">\n<p style=\"border: none; padding: 0cm; font-weight: normal;\" align=\"LEFT\">Apertura m\u00e1xima<\/p>\n<\/td>\n<td width=\"163\">\n<p style=\"border: none; padding: 0cm; font-weight: normal;\">f\/1.05<\/p>\n<\/td>\n<\/tr>\n<tr>\n<td width=\"168\">\n<p style=\"border: none; padding: 0cm; font-weight: normal;\" align=\"LEFT\">Apertura m\u00ednima<\/p>\n<\/td>\n<td width=\"163\">\n<p style=\"border: none; padding: 0cm; font-weight: normal;\">f\/16<\/p>\n<\/td>\n<\/tr>\n<tr>\n<td width=\"168\">\n<p style=\"border: none; padding: 0cm; font-weight: normal;\" align=\"LEFT\">Montura de lente<\/p>\n<\/td>\n<td width=\"163\">\n<p style=\"border: none; padding: 0cm; font-weight: normal;\">Nikon Z<\/p>\n<\/td>\n<\/tr>\n<tr>\n<td width=\"168\">\n<p style=\"border: none; padding: 0cm; font-weight: normal;\" align=\"LEFT\">Compatibilidad de formatos<\/p>\n<\/td>\n<td width=\"163\">\n<p style=\"border: none; padding: 0cm; font-weight: normal;\">Fotograma completo<\/p>\n<\/td>\n<\/tr>\n<tr>\n<td width=\"168\">\n<p style=\"border: none; padding: 0cm; font-weight: normal;\" align=\"LEFT\">\u00c1ngulo de visi\u00f3n<\/p>\n<\/td>\n<td width=\"163\">\n<p style=\"border: none; padding: 0cm; font-weight: normal;\">46\u00b0<\/p>\n<\/td>\n<\/tr>\n<tr>\n<td width=\"168\">\n<p style=\"border: none; padding: 0cm; font-weight: normal;\" align=\"LEFT\">Distancia m\u00ednima de enfoque<\/p>\n<\/td>\n<td width=\"163\">\n<p style=\"border: none; padding: 0cm; font-weight: normal;\">1,9&#8242; \/ 57 cm<\/p>\n<\/td>\n<\/tr>\n<tr>\n<td width=\"168\">\n<p style=\"border: none; padding: 0cm; font-weight: normal;\" align=\"LEFT\">Dise\u00f1o \u00f3ptico<\/p>\n<\/td>\n<td width=\"163\">\n<p style=\"border: none; padding: 0cm; font-weight: normal;\">10 elementos en 7 grupos<\/p>\n<\/td>\n<\/tr>\n<tr>\n<td width=\"168\">\n<p style=\"border: none; padding: 0cm; font-weight: normal;\" align=\"LEFT\">Hojas de diafragma<\/p>\n<\/td>\n<td width=\"163\">\n<p style=\"border: none; padding: 0cm; font-weight: normal;\">13<\/p>\n<\/td>\n<\/tr>\n<tr>\n<td width=\"168\">\n<p style=\"border: none; padding: 0cm; font-weight: normal;\" align=\"LEFT\">Tipo de enfoque<\/p>\n<\/td>\n<td width=\"163\">\n<p style=\"border: none; padding: 0cm; font-weight: normal;\">Enfoque manual<\/p>\n<\/td>\n<\/tr>\n<tr>\n<td width=\"168\">\n<p style=\"border: none; padding: 0cm; font-weight: normal;\" align=\"LEFT\">Estabilizaci\u00f3n de imagen<\/p>\n<\/td>\n<td width=\"163\">\n<p style=\"border: none; padding: 0cm; font-weight: normal;\">En<\/p>\n<\/td>\n<\/tr>\n<tr>\n<td width=\"168\">\n<p style=\"border: none; padding: 0cm; font-weight: normal;\" align=\"LEFT\">Tama\u00f1o del filtro<\/p>\n<\/td>\n<td width=\"163\">\n<p style=\"border: none; padding: 0cm; font-weight: normal;\">58 mm (delantero)<\/p>\n<\/td>\n<\/tr>\n<tr>\n<td width=\"168\">\n<p style=\"border: none; padding: 0cm; font-weight: normal;\" align=\"LEFT\">Peso<\/p>\n<\/td>\n<td width=\"163\">\n<p style=\"border: none; padding: 0cm; font-weight: normal;\">1,3 libras \/ 606 g<\/p>\n<\/td>\n<\/tr>\n<\/tbody>\n<\/table>\n","protected":false},"excerpt":{"rendered":"<p>7ARTISANS 50mm f\/1.05 Nikon Z Caracter\u00edsticas generales Formato de fotograma completo Rango de apertura: f\/1.05 a f\/16 Dos elementos de<\/p>\n","protected":false},"featured_media":77107,"comment_status":"closed","ping_status":"open","template":"","meta":{"_acf_changed":false},"product_brand":[2725],"product_cat":[1062],"product_tag":[],"class_list":{"0":"post-80966","1":"product","2":"type-product","3":"status-publish","4":"has-post-thumbnail","6":"product_brand-7artisans-es","7":"product_cat-mirrorless-objectivos","9":"first","10":"pre-order","11":"taxable","12":"shipping-taxable","13":"purchasable","14":"product-type-simple"},"bundled_by":[],"bundle_stock_status":"pre-order","bundle_stock_quantity":null,"bundle_virtual":false,"bundle_layout":"","bundle_add_to_cart_form_location":"","bundle_editable_in_cart":false,"bundle_sold_individually_context":"","bundle_item_grouping":"","bundle_min_size":"","bundle_max_size":"","bundle_price":[],"bundled_items":[],"bundle_sell_ids":[],"acf":[],"_links":{"self":[{"href":"https:\/\/hi-techwonder.com\/es\/wp-json\/wp\/v2\/product\/80966","targetHints":{"allow":["GET"]}}],"collection":[{"href":"https:\/\/hi-techwonder.com\/es\/wp-json\/wp\/v2\/product"}],"about":[{"href":"https:\/\/hi-techwonder.com\/es\/wp-json\/wp\/v2\/types\/product"}],"replies":[{"embeddable":true,"href":"https:\/\/hi-techwonder.com\/es\/wp-json\/wp\/v2\/comments?post=80966"}],"wp:featuredmedia":[{"embeddable":true,"href":"https:\/\/hi-techwonder.com\/es\/wp-json\/wp\/v2\/media\/77107"}],"wp:attachment":[{"href":"https:\/\/hi-techwonder.com\/es\/wp-json\/wp\/v2\/media?parent=80966"}],"wp:term":[{"taxonomy":"product_brand","embeddable":true,"href":"https:\/\/hi-techwonder.com\/es\/wp-json\/wp\/v2\/product_brand?post=80966"},{"taxonomy":"product_cat","embeddable":true,"href":"https:\/\/hi-techwonder.com\/es\/wp-json\/wp\/v2\/product_cat?post=80966"},{"taxonomy":"product_tag","embeddable":true,"href":"https:\/\/hi-techwonder.com\/es\/wp-json\/wp\/v2\/product_tag?post=80966"}],"curies":[{"name":"wp","href":"https:\/\/api.w.org\/{rel}","templated":true}]}}