{"id":81020,"date":"2025-08-05T13:42:49","date_gmt":"2025-08-05T13:42:49","guid":{"rendered":"https:\/\/hi-techwonder.com\/product\/7artisans-7-5mm-f-3-5-ojo-de-pez-nikon-f\/"},"modified":"2025-11-04T16:52:06","modified_gmt":"2025-11-04T16:52:06","slug":"7artisans-7-5mm-f-3-5-ojo-de-pez-nikon-f","status":"publish","type":"product","link":"https:\/\/hi-techwonder.com\/es\/producto\/7artisans-7-5mm-f-3-5-ojo-de-pez-nikon-f\/","title":{"rendered":"7ARTISANS 7.5mm f\/3.5 Ojo de pez Nikon F"},"content":{"rendered":"<p><strong>7ARTISANS 7.5mm f\/3.5 Ojo de pez Nikon F<\/strong><\/p>\n<p>Con un gran \u00e1ngulo de visi\u00f3n de 205\u00b0, el objetivo ojo de pez Nikon F-mount 7.5mm f\/3.5 de 7artisans es un objetivo totalmente manual capaz de producir perspectivas \u00fanicas y distorsiones creativas. La apertura m\u00e1xima de f\/3.5 de la lente beneficia trabajar en una variedad de condiciones de iluminaci\u00f3n mientras mantiene un factor de forma peque\u00f1o y liviano para la fotograf\u00eda sin tr\u00edpode. Se han aplicado recubrimientos multicapa a elementos de vidrio individuales para suprimir los destellos y las im\u00e1genes fantasma para mejorar el contraste y la fidelidad del color cuando se trabaja en condiciones de iluminaci\u00f3n brillante. La lente tiene un cuerpo totalmente met\u00e1lico y tiene un parasol incorporado en forma de p\u00e9talo para ayudar a reducir los destellos mientras protege el elemento frontal.   <\/p>\n<ul>\n<li>La lente ojo de pez ultra gran angular est\u00e1 dise\u00f1ada para las c\u00e1maras SLR con montura F de Nikon en formato APS-C y proporciona una distancia focal equivalente a 12 mm.<\/li>\n<li>El dise\u00f1o de ojo de pez ofrece un \u00e1ngulo de visi\u00f3n de 205\u00b0 para producir un aspecto distintivo caracterizado por una distorsi\u00f3n dram\u00e1tica y una representaci\u00f3n creativa del espacio.<\/li>\n<li>Anillo de apertura sin clic<\/li>\n<li>Se ha aplicado un recubrimiento multicapa a elementos individuales para reducir los destellos y las im\u00e1genes fantasma para aumentar el contraste y la precisi\u00f3n del color<\/li>\n<li>El dise\u00f1o de enfoque manual le permite trabajar con un enfoque m\u00ednimo de objetos a 29 cm de distancia.<\/li>\n<li>Un diafragma de 9 hojas contribuye a una calidad de bokeh suave y agradable<\/li>\n<li>El parasol integrado ayuda a evitar que la luz par\u00e1sita provoque reflejos<\/li>\n<\/ul>\n<p class=\"Standard\"><strong>Caracter\u00edsticas t\u00e9cnicas:<\/strong><\/p>\n<ul>\n<li class=\"Standard\">&nbsp;Distancia focal: 7,5 mm (equivalente a fotograma completo: 11,25 mm)<\/li>\n<li class=\"Standard\">Apertura m\u00e1xima: f\/3.5<\/li>\n<li class=\"Standard\">Apertura m\u00ednima: f\/22<\/li>\n<li class=\"Standard\">Cobertura de formato de lente: APS-C<\/li>\n<li class=\"Standard\">\u00c1ngulo de visi\u00f3n: 205\u00b0<\/li>\n<li class=\"Standard\">Distancia m\u00ednima de enfoque: 11,4&#8243; \/ 29 cm<\/li>\n<li class=\"Standard\">Dise\u00f1o \u00f3ptico: 11 elementos en 8 grupos<\/li>\n<li class=\"Standard\">Hojas de diafragma 9<\/li>\n<li class=\"Standard\">Tipo de enfoque Enfoque manual<\/li>\n<li class=\"Standard\">Estabilizaci\u00f3n de imagen No<\/li>\n<li class=\"Standard\">Tama\u00f1o del filtro: Ninguno<\/li>\n<li class=\"Standard\">Peso: 23.2 oz \/ 657 g<\/li>\n<\/ul>\n","protected":false},"excerpt":{"rendered":"<p>7ARTISANS 7.5mm f\/3.5 Ojo de pez Nikon F Con un gran \u00e1ngulo de visi\u00f3n de 205\u00b0, el objetivo ojo de<\/p>\n","protected":false},"featured_media":78203,"comment_status":"closed","ping_status":"open","template":"","meta":{"_acf_changed":false},"product_brand":[2725],"product_cat":[1063],"product_tag":[],"class_list":{"0":"post-81020","1":"product","2":"type-product","3":"status-publish","4":"has-post-thumbnail","6":"product_brand-7artisans-es","7":"product_cat-slr-es","9":"first","10":"instock","11":"taxable","12":"shipping-taxable","13":"purchasable","14":"product-type-simple"},"bundled_by":[],"bundle_stock_status":"instock","bundle_stock_quantity":1,"bundle_virtual":false,"bundle_layout":"","bundle_add_to_cart_form_location":"","bundle_editable_in_cart":false,"bundle_sold_individually_context":"","bundle_item_grouping":"","bundle_min_size":"","bundle_max_size":"","bundle_price":[],"bundled_items":[],"bundle_sell_ids":[],"acf":[],"_links":{"self":[{"href":"https:\/\/hi-techwonder.com\/es\/wp-json\/wp\/v2\/product\/81020","targetHints":{"allow":["GET"]}}],"collection":[{"href":"https:\/\/hi-techwonder.com\/es\/wp-json\/wp\/v2\/product"}],"about":[{"href":"https:\/\/hi-techwonder.com\/es\/wp-json\/wp\/v2\/types\/product"}],"replies":[{"embeddable":true,"href":"https:\/\/hi-techwonder.com\/es\/wp-json\/wp\/v2\/comments?post=81020"}],"wp:featuredmedia":[{"embeddable":true,"href":"https:\/\/hi-techwonder.com\/es\/wp-json\/wp\/v2\/media\/78203"}],"wp:attachment":[{"href":"https:\/\/hi-techwonder.com\/es\/wp-json\/wp\/v2\/media?parent=81020"}],"wp:term":[{"taxonomy":"product_brand","embeddable":true,"href":"https:\/\/hi-techwonder.com\/es\/wp-json\/wp\/v2\/product_brand?post=81020"},{"taxonomy":"product_cat","embeddable":true,"href":"https:\/\/hi-techwonder.com\/es\/wp-json\/wp\/v2\/product_cat?post=81020"},{"taxonomy":"product_tag","embeddable":true,"href":"https:\/\/hi-techwonder.com\/es\/wp-json\/wp\/v2\/product_tag?post=81020"}],"curies":[{"name":"wp","href":"https:\/\/api.w.org\/{rel}","templated":true}]}}