{"id":81043,"date":"2025-08-05T13:42:02","date_gmt":"2025-08-05T13:42:02","guid":{"rendered":"https:\/\/hi-techwonder.com\/product\/7artisans-black-mist-1-4-62mm-filtro-difusor\/"},"modified":"2026-01-16T17:25:39","modified_gmt":"2026-01-16T17:25:39","slug":"7artisans-black-mist-1-4-62mm-filtro-difusor","status":"publish","type":"product","link":"https:\/\/hi-techwonder.com\/es\/producto\/7artisans-black-mist-1-4-62mm-filtro-difusor\/","title":{"rendered":"7ARTISANS Black Mist 1\/4 62mm Filtro Difusor"},"content":{"rendered":"<h3><strong>7ARTISANS Difusor de niebla negra 1\/4 62mm <\/strong><\/h3>\n<ul>\n<li>Suaviza los reflejos<\/li>\n<li>Reduce el contraste<\/li>\n<li>Crea un efecto de luz suave<\/li>\n<li>Vidrio \u00f3ptico AGC<\/li>\n<li>Recubrimiento multicapa<\/li>\n<li>Revestimiento resistente al aceite y al agua<\/li>\n<li>Construcci\u00f3n de aluminio<\/li>\n<\/ul>\n<p>Crea un aspecto suave y cinematogr\u00e1fico con un filtro <strong>7Artisans Diffuser Black Mist 1\/4<\/strong>. Este filtro de intensidad de 1\/4 suaviza los reflejos y crea un efecto de floraci\u00f3n que reduce el contraste en la escena. Tambi\u00e9n conserva los detalles mientras suaviza caracter\u00edsticas como la piel para una apariencia m\u00e1s agradable del objeto.<\/p>\n<p>Construido con vidrio \u00f3ptico AGC para una excelente claridad y tiene un revestimiento multicapa para minimizar los reflejos no deseados. Un revestimiento resistente al agua y al aceite facilita su limpieza.<\/p>\n<p><img loading=\"lazy\" decoding=\"async\" src=\"https:\/\/7artisans.pt\/wp-content\/uploads\/2023\/06\/BM4.jpg\" alt=\"\" width=\"500\" height=\"500\"><\/p>\n<p><strong>Especificaciones<\/strong>:<\/p>\n<ul>\n<li>Tama\u00f1o del filtro: 62 mm<\/li>\n<li>Tipo de filtro: Difusi\u00f3n (Grado 1\/4)<\/li>\n<li>Factor de filtro: 1x (0 pasos)<\/li>\n<li>Giratorio: No<\/li>\n<li>&#8211; Fijaci\u00f3n frontal de rosca\/bayoneta: S\u00ed<\/li>\n<li>Recubrimientos: Multicapa<\/li>\n<li>Caracter\u00edsticas f\u00edsicas: Est\u00e1ndar<\/li>\n<li>Espesor del filtro: 0,2&#8243;\/5,4 mm<\/li>\n<li>Material del filtro: Vidrio<\/li>\n<li>Material del anillo: aluminio<\/li>\n<li>Moleteado: arriba<\/li>\n<\/ul>\n","protected":false},"excerpt":{"rendered":"<p>7ARTISANS Difusor de niebla negra 1\/4 62mm Suaviza los reflejos Reduce el contraste Crea un efecto de luz suave Vidrio<\/p>\n","protected":false},"featured_media":78077,"comment_status":"closed","ping_status":"closed","template":"","meta":{"_acf_changed":false},"product_brand":[2725],"product_cat":[1046],"product_tag":[],"class_list":{"0":"post-81043","1":"product","2":"type-product","3":"status-publish","4":"has-post-thumbnail","6":"product_brand-7artisans-es","7":"product_cat-black-mist-es","8":"pa_diametro-62mm-es","10":"first","11":"instock","12":"taxable","13":"shipping-taxable","14":"purchasable","15":"product-type-simple"},"bundled_by":[],"bundle_stock_status":"instock","bundle_stock_quantity":1,"bundle_virtual":false,"bundle_layout":"","bundle_add_to_cart_form_location":"","bundle_editable_in_cart":false,"bundle_sold_individually_context":"","bundle_item_grouping":"","bundle_min_size":"","bundle_max_size":"","bundle_price":[],"bundled_items":[],"bundle_sell_ids":[],"acf":[],"_links":{"self":[{"href":"https:\/\/hi-techwonder.com\/es\/wp-json\/wp\/v2\/product\/81043","targetHints":{"allow":["GET"]}}],"collection":[{"href":"https:\/\/hi-techwonder.com\/es\/wp-json\/wp\/v2\/product"}],"about":[{"href":"https:\/\/hi-techwonder.com\/es\/wp-json\/wp\/v2\/types\/product"}],"replies":[{"embeddable":true,"href":"https:\/\/hi-techwonder.com\/es\/wp-json\/wp\/v2\/comments?post=81043"}],"wp:featuredmedia":[{"embeddable":true,"href":"https:\/\/hi-techwonder.com\/es\/wp-json\/wp\/v2\/media\/78077"}],"wp:attachment":[{"href":"https:\/\/hi-techwonder.com\/es\/wp-json\/wp\/v2\/media?parent=81043"}],"wp:term":[{"taxonomy":"product_brand","embeddable":true,"href":"https:\/\/hi-techwonder.com\/es\/wp-json\/wp\/v2\/product_brand?post=81043"},{"taxonomy":"product_cat","embeddable":true,"href":"https:\/\/hi-techwonder.com\/es\/wp-json\/wp\/v2\/product_cat?post=81043"},{"taxonomy":"product_tag","embeddable":true,"href":"https:\/\/hi-techwonder.com\/es\/wp-json\/wp\/v2\/product_tag?post=81043"}],"curies":[{"name":"wp","href":"https:\/\/api.w.org\/{rel}","templated":true}]}}