{"id":81050,"date":"2025-08-05T13:42:02","date_gmt":"2025-08-05T13:42:02","guid":{"rendered":"https:\/\/hi-techwonder.com\/product\/7artisans-filtro-polarizador-delgado-hd-mrc-cpl-62mm\/"},"modified":"2025-11-04T16:53:04","modified_gmt":"2025-11-04T16:53:04","slug":"7artisans-filtro-polarizador-delgado-hd-mrc-cpl-62mm","status":"publish","type":"product","link":"https:\/\/hi-techwonder.com\/es\/producto\/7artisans-filtro-polarizador-delgado-hd-mrc-cpl-62mm\/","title":{"rendered":"7ARTISANS Filtro Polarizador Delgado HD-MRC CPL 62mm"},"content":{"rendered":"<h3><strong>7ARTISANS Polarizador Slim HD-MRC CPL <\/strong>62mm<\/h3>\n<ul>\n<li>Filtro polarizador CPL<\/li>\n<li>Evita el 99,99% de la luz polarizada<\/li>\n<li>Vidrio \u00f3ptico AGC<\/li>\n<li>Recubrimiento multicapa<\/li>\n<li>Revestimiento resistente al agua y al aceite<\/li>\n<li>Construcci\u00f3n de aluminio<\/li>\n<\/ul>\n<p>El filtro polarizador <strong>CPL Slim HD-MRC de 7Artisans<\/strong> ayuda a reducir los reflejos y el deslumbramiento al filtrar la luz que se ha polarizado debido al reflejo de una superficie no met\u00e1lica. Un filtro polarizador organiza y filtra esta luz polarizada direccional perpendicular a la luz reflejada, lo que permite que gran parte de esta luz sea absorbida. Esto da como resultado una reducci\u00f3n notable en el deslumbramiento y los reflejos de las superficies no met\u00e1licas y un aumento en la saturaci\u00f3n del cielo y el follaje.  <\/p>\n<ul>\n<li>Revestimiento de 18 capas en cada lado,<\/li>\n<li>Vidrio \u00f3ptico de alta calidad con pulido \u00f3ptico<\/li>\n<li>Aluminio aeron\u00e1utico ligero<\/li>\n<li>Revestimiento resistente al agua, al aceite y a los ara\u00f1azos<\/li>\n<\/ul>\n<p><strong>Especificaciones<\/strong>:<\/p>\n<ul>\n<li>Tama\u00f1o del filtro: 62 mm<\/li>\n<li>Tipo de filtro: polarizador circular<\/li>\n<li>Factor de filtrado: no especificado por el fabricante<\/li>\n<li>Giratorio: S\u00ed<\/li>\n<li>Material del filtro: vidrio<\/li>\n<\/ul>\n","protected":false},"excerpt":{"rendered":"<p>7ARTISANS Polarizador Slim HD-MRC CPL 62mm Filtro polarizador CPL Evita el 99,99% de la luz polarizada Vidrio \u00f3ptico AGC Recubrimiento<\/p>\n","protected":false},"featured_media":78047,"comment_status":"closed","ping_status":"closed","template":"","meta":{"_acf_changed":false},"product_brand":[2725],"product_cat":[1051],"product_tag":[],"class_list":{"0":"post-81050","1":"product","2":"type-product","3":"status-publish","4":"has-post-thumbnail","6":"product_brand-7artisans-es","7":"product_cat-polarizadores-es","8":"pa_diametro-62mm-es","10":"first","11":"instock","12":"taxable","13":"shipping-taxable","14":"purchasable","15":"product-type-simple"},"bundled_by":[],"bundle_stock_status":"instock","bundle_stock_quantity":1,"bundle_virtual":false,"bundle_layout":"","bundle_add_to_cart_form_location":"","bundle_editable_in_cart":false,"bundle_sold_individually_context":"","bundle_item_grouping":"","bundle_min_size":"","bundle_max_size":"","bundle_price":[],"bundled_items":[],"bundle_sell_ids":[],"acf":[],"_links":{"self":[{"href":"https:\/\/hi-techwonder.com\/es\/wp-json\/wp\/v2\/product\/81050","targetHints":{"allow":["GET"]}}],"collection":[{"href":"https:\/\/hi-techwonder.com\/es\/wp-json\/wp\/v2\/product"}],"about":[{"href":"https:\/\/hi-techwonder.com\/es\/wp-json\/wp\/v2\/types\/product"}],"replies":[{"embeddable":true,"href":"https:\/\/hi-techwonder.com\/es\/wp-json\/wp\/v2\/comments?post=81050"}],"wp:featuredmedia":[{"embeddable":true,"href":"https:\/\/hi-techwonder.com\/es\/wp-json\/wp\/v2\/media\/78047"}],"wp:attachment":[{"href":"https:\/\/hi-techwonder.com\/es\/wp-json\/wp\/v2\/media?parent=81050"}],"wp:term":[{"taxonomy":"product_brand","embeddable":true,"href":"https:\/\/hi-techwonder.com\/es\/wp-json\/wp\/v2\/product_brand?post=81050"},{"taxonomy":"product_cat","embeddable":true,"href":"https:\/\/hi-techwonder.com\/es\/wp-json\/wp\/v2\/product_cat?post=81050"},{"taxonomy":"product_tag","embeddable":true,"href":"https:\/\/hi-techwonder.com\/es\/wp-json\/wp\/v2\/product_tag?post=81050"}],"curies":[{"name":"wp","href":"https:\/\/api.w.org\/{rel}","templated":true}]}}