{"id":81061,"date":"2025-08-05T13:42:49","date_gmt":"2025-08-05T13:42:49","guid":{"rendered":"https:\/\/hi-techwonder.com\/product\/7artisans-filtro-hd-slim-nd64-6-pasos-49mm\/"},"modified":"2025-11-04T16:53:15","modified_gmt":"2025-11-04T16:53:15","slug":"7artisans-filtro-hd-slim-nd64-6-pasos-49mm","status":"publish","type":"product","link":"https:\/\/hi-techwonder.com\/es\/producto\/7artisans-filtro-hd-slim-nd64-6-pasos-49mm\/","title":{"rendered":"7ARTISANS Filtro HD Slim ND64 (6 pasos) 49mm"},"content":{"rendered":"<p><b>7ARTISANS Filtro HD delgado de densidad neutra ND64 (6 pasos) 49 mm<\/b><\/p>\n<p>&nbsp;<\/p>\n<p><b>Funciones:<\/b><\/p>\n<ul>\n<li>Filtro ND s\u00f3lido de 6 pasos<\/li>\n<li>Permite exposiciones m\u00e1s lentas \/ apertura m\u00e1s amplia<\/li>\n<li>Vidrio \u00f3ptico AGC<\/li>\n<li>Nano recubrimiento de 24 capas<\/li>\n<li>Anillo delgado de aleaci\u00f3n de aluminio 6061<\/li>\n<\/ul>\n<p>&nbsp;<\/p>\n<p>Perfecto para aplicaciones de paisaje y un mayor control sobre sus exposiciones, el filtro <strong>7Artisans Neutral Density Slim HD ND64 &#8211; 6 stops<\/strong> es un ND s\u00f3lido de 6 pasos que le permite trabajar con una apertura m\u00e1s amplia o una velocidad de obturaci\u00f3n m\u00e1s lenta de lo esperado. Al reducir la velocidad de obturaci\u00f3n o aumentar la apertura, puede controlar la profundidad de campo y transmitir el movimiento m\u00e1s f\u00e1cilmente. Los filtros de densidad neutra no afectan la coloraci\u00f3n de la imagen y son ideales para combinar con otros filtros.<\/p>\n<ul>\n<li>El filtro ND64 proporciona una reducci\u00f3n de luz de 6 pasos, lo que permite exposiciones m\u00e1s largas y t\u00e9cnicas de desenfoque de movimiento, y es perfecto para aplicaciones de paisaje y para controlar la exposici\u00f3n cuando se usa durante la grabaci\u00f3n de video.<\/li>\n<li>El revestimiento multicapa de doble cara utiliza 24 capas de revestimiento en ambos lados para reducir los reflejos en la superficie del filtro, lo que resulta en una mayor claridad y contraste.<\/li>\n<li>El nano recubrimiento es resistente al agua, a los ara\u00f1azos y al aceite, y f\u00e1cil de limpiar.<\/li>\n<li>Vidrio \u00f3ptico AGC y anillo delgado de aluminio 6061.<\/li>\n<\/ul>\n<p><strong>\u00a0<\/strong><\/p>\n<p><strong>Especificaciones<\/strong>:<\/p>\n<ul>\n<li>Tama\u00f1o del filtro: 49 mm<\/li>\n<li>Tipo de filtro: ND s\u00f3lido<\/li>\n<li>Densidad: 1.8 (6 pasos)<\/li>\n<li>Giratorio: No<\/li>\n<li>&#8211; Fijaci\u00f3n frontal de rosca\/bayoneta: S\u00ed<\/li>\n<li>Recubrimientos: Multicapa<\/li>\n<li>Caracter\u00edsticas f\u00edsicas: Delgado<\/li>\n<li>Material del filtro: Vidrio<\/li>\n<li>Material del anillo: aluminio<\/li>\n<\/ul>\n","protected":false},"excerpt":{"rendered":"<p>7ARTISANS Filtro HD delgado de densidad neutra ND64 (6 pasos) 49 mm &nbsp; Funciones: Filtro ND s\u00f3lido de 6 pasos<\/p>\n","protected":false},"featured_media":78105,"comment_status":"closed","ping_status":"closed","template":"","meta":{"_acf_changed":false},"product_brand":[2725],"product_cat":[1047],"product_tag":[],"class_list":{"0":"post-81061","1":"product","2":"type-product","3":"status-publish","4":"has-post-thumbnail","6":"product_brand-7artisans-es","7":"product_cat-densidad-neutra-nd","8":"pa_diametro-49mm-es","10":"first","11":"instock","12":"taxable","13":"shipping-taxable","14":"purchasable","15":"product-type-simple"},"bundled_by":[],"bundle_stock_status":"instock","bundle_stock_quantity":1,"bundle_virtual":false,"bundle_layout":"","bundle_add_to_cart_form_location":"","bundle_editable_in_cart":false,"bundle_sold_individually_context":"","bundle_item_grouping":"","bundle_min_size":"","bundle_max_size":"","bundle_price":[],"bundled_items":[],"bundle_sell_ids":[],"acf":[],"_links":{"self":[{"href":"https:\/\/hi-techwonder.com\/es\/wp-json\/wp\/v2\/product\/81061","targetHints":{"allow":["GET"]}}],"collection":[{"href":"https:\/\/hi-techwonder.com\/es\/wp-json\/wp\/v2\/product"}],"about":[{"href":"https:\/\/hi-techwonder.com\/es\/wp-json\/wp\/v2\/types\/product"}],"replies":[{"embeddable":true,"href":"https:\/\/hi-techwonder.com\/es\/wp-json\/wp\/v2\/comments?post=81061"}],"wp:featuredmedia":[{"embeddable":true,"href":"https:\/\/hi-techwonder.com\/es\/wp-json\/wp\/v2\/media\/78105"}],"wp:attachment":[{"href":"https:\/\/hi-techwonder.com\/es\/wp-json\/wp\/v2\/media?parent=81061"}],"wp:term":[{"taxonomy":"product_brand","embeddable":true,"href":"https:\/\/hi-techwonder.com\/es\/wp-json\/wp\/v2\/product_brand?post=81061"},{"taxonomy":"product_cat","embeddable":true,"href":"https:\/\/hi-techwonder.com\/es\/wp-json\/wp\/v2\/product_cat?post=81061"},{"taxonomy":"product_tag","embeddable":true,"href":"https:\/\/hi-techwonder.com\/es\/wp-json\/wp\/v2\/product_tag?post=81061"}],"curies":[{"name":"wp","href":"https:\/\/api.w.org\/{rel}","templated":true}]}}