{"id":81068,"date":"2025-08-05T13:42:49","date_gmt":"2025-08-05T13:42:49","guid":{"rendered":"https:\/\/hi-techwonder.com\/product\/kit-de-limpieza-7artisans\/"},"modified":"2026-01-31T01:15:33","modified_gmt":"2026-01-31T01:15:33","slug":"7artisans-kit-de-limpieza-7artisans","status":"publish","type":"product","link":"https:\/\/hi-techwonder.com\/es\/producto\/7artisans-kit-de-limpieza-7artisans\/","title":{"rendered":"Kit de limpieza 7ARTISANS"},"content":{"rendered":"<h3><strong>Kit de limpieza 7ARTISANS<\/strong><\/h3>\n<p>Los kits de limpieza de 7artisans son m\u00e1s que un simple kit de limpieza. Adem\u00e1s del equipo de limpieza com\u00fan para su DSLR, c\u00e1mara sin espejo o lentes, tambi\u00e9n hay otros accesorios \u00fatiles. El lector de tarjetas le permite leer tarjetas SD y transferir archivos f\u00e1cilmente a su computadora. El nivel de burbuja tiene un soporte para zapata accesoria, que puede montar en su c\u00e1mara. \u00a1Siempre fotos rectas! Una correa para la mu\u00f1eca evita que su preciada c\u00e1mara caiga al suelo. Esto tambi\u00e9n est\u00e1 incluido en el kit. Adem\u00e1s de todos estos \u00fatiles accesorios, el kit tambi\u00e9n incluye un bol\u00edgrafo para lentes, fuelles para lentes, pa\u00f1os para lentes, hisopos de algod\u00f3n y toallitas especiales para lentes. \u00a1Mant\u00e9n tu equipo limpio y agradable con este set!        <\/p>\n<p><strong>Caracter\u00edsticas de los kits de limpieza 7artisans:<\/strong><\/p>\n<ul>\n<li>Kit de limpieza completo para tu c\u00e1mara u objetivos<\/li>\n<li>Pr\u00e1ctico lector de tarjetas SD para la transferencia de archivos<\/li>\n<li>Nivel de burbuja para fotos de horizonte recto<\/li>\n<\/ul>\n<p><strong>En la caja:<\/strong><\/p>\n<ul>\n<li>Lente de l\u00e1piz<\/li>\n<li>Fuelle de lente<\/li>\n<li>Pa\u00f1o de microfibra para lentes<\/li>\n<li>Pa\u00f1os para lentes<\/li>\n<li>Lector de tarjetas SD<\/li>\n<li>Nivel espiritual<\/li>\n<li>Mango Mango<\/li>\n<li>Hisopos<\/li>\n<\/ul>\n","protected":false},"excerpt":{"rendered":"<p>Kit de limpieza 7ARTISANS Los kits de limpieza de 7artisans son m\u00e1s que un simple kit de limpieza. Adem\u00e1s del<\/p>\n","protected":false},"featured_media":78215,"comment_status":"closed","ping_status":"open","template":"","meta":{"_acf_changed":false},"product_brand":[2725],"product_cat":[920],"product_tag":[],"class_list":{"0":"post-81068","1":"product","2":"type-product","3":"status-publish","4":"has-post-thumbnail","6":"product_brand-7artisans-es","7":"product_cat-limpieza","9":"first","10":"instock","11":"taxable","12":"shipping-taxable","13":"purchasable","14":"product-type-simple"},"bundled_by":[],"bundle_stock_status":"instock","bundle_stock_quantity":2,"bundle_virtual":false,"bundle_layout":"","bundle_add_to_cart_form_location":"","bundle_editable_in_cart":false,"bundle_sold_individually_context":"","bundle_item_grouping":"","bundle_min_size":"","bundle_max_size":"","bundle_price":[],"bundled_items":[],"bundle_sell_ids":[],"acf":[],"_links":{"self":[{"href":"https:\/\/hi-techwonder.com\/es\/wp-json\/wp\/v2\/product\/81068","targetHints":{"allow":["GET"]}}],"collection":[{"href":"https:\/\/hi-techwonder.com\/es\/wp-json\/wp\/v2\/product"}],"about":[{"href":"https:\/\/hi-techwonder.com\/es\/wp-json\/wp\/v2\/types\/product"}],"replies":[{"embeddable":true,"href":"https:\/\/hi-techwonder.com\/es\/wp-json\/wp\/v2\/comments?post=81068"}],"wp:featuredmedia":[{"embeddable":true,"href":"https:\/\/hi-techwonder.com\/es\/wp-json\/wp\/v2\/media\/78215"}],"wp:attachment":[{"href":"https:\/\/hi-techwonder.com\/es\/wp-json\/wp\/v2\/media?parent=81068"}],"wp:term":[{"taxonomy":"product_brand","embeddable":true,"href":"https:\/\/hi-techwonder.com\/es\/wp-json\/wp\/v2\/product_brand?post=81068"},{"taxonomy":"product_cat","embeddable":true,"href":"https:\/\/hi-techwonder.com\/es\/wp-json\/wp\/v2\/product_cat?post=81068"},{"taxonomy":"product_tag","embeddable":true,"href":"https:\/\/hi-techwonder.com\/es\/wp-json\/wp\/v2\/product_tag?post=81068"}],"curies":[{"name":"wp","href":"https:\/\/api.w.org\/{rel}","templated":true}]}}