{"id":81072,"date":"2025-08-05T13:42:49","date_gmt":"2025-08-05T13:42:49","guid":{"rendered":"https:\/\/hi-techwonder.com\/product\/7artisans-nd-variable-vnd-15-8-pasos-58-mm\/"},"modified":"2025-12-22T08:30:40","modified_gmt":"2025-12-22T08:30:40","slug":"7artisans-nd-variable-vnd-15-8-pasos-58-mm","status":"publish","type":"product","link":"https:\/\/hi-techwonder.com\/es\/producto\/7artisans-nd-variable-vnd-15-8-pasos-58-mm\/","title":{"rendered":"7ARTISANS ND variable (VND) 1,5-8 pasos 58 mm"},"content":{"rendered":"<h3><strong>7ARTISANS ND variable (VND) 1,5-8 pasos 58 mm<\/strong><\/h3>\n<ul>\n<li>Filtro ND variable 1.5-8 pasos<\/li>\n<li>Aleaci\u00f3n de aluminio 6061<\/li>\n<li>Ligero y resistente al desgaste<\/li>\n<li>Revestimiento de 18 capas a doble cara<\/li>\n<li>Vidrio \u00f3ptico AGC<\/li>\n<\/ul>\n<p>El filtro<strong> 7Artisans Variable ND (VND) de 1.5-8 pasos <\/strong>puede reducir eficazmente la exposici\u00f3n y aumentar el tiempo de exposici\u00f3n para capturar hermosos rastros de luz y escenas nocturnas. El vidrio \u00f3ptico es negro mate para evitar fugas de luz y fantasmas. El nano recubrimiento multicapa protege la superficie de la lente. El filtro est\u00e1 hecho de material de protecci\u00f3n ambiental de PC. Es ligero y resistente al desgaste y a la presi\u00f3n. El filtro con su dise\u00f1o de tama\u00f1o razonable tambi\u00e9n facilita su almacenamiento y transporte. Ideal para tomas creativas en documentales, cortometrajes, videos musicales y otros proyectos comerciales.<\/p>\n<ul>\n<li>El filtro ND puede reducir la luz y ralentizar eficazmente la velocidad de obturaci\u00f3n. Puede reducir la luz que ingresa a la c\u00e1mara y aumentar la velocidad de obturaci\u00f3n para capturar hermosos rastros de luz y escenas nocturnas.<\/li>\n<li>El filtro est\u00e1 hecho de material de protecci\u00f3n ambiental. Es ligero y resistente al desgaste y a la presi\u00f3n.<\/li>\n<li>El nano recubrimiento multicapa protege la superficie de la lente.<\/li>\n<li>El vidrio \u00f3ptico es negro mate para evitar fugas de luz y fantasmas.<\/li>\n<li>Ajuste la escala de grises seg\u00fan las necesidades de exposici\u00f3n para seleccionar diferentes paradas para reducir el deslumbramiento.<\/li>\n<li>Algunas caracter\u00edsticas incluyen recubrimiento antihuellas, recubrimiento antiara\u00f1azos de alta dureza y recubrimiento antiaceite para facilitar la limpieza.<\/li>\n<\/ul>\n<p><strong>Caracter\u00edsticas t\u00e9cnicas:<\/strong><\/p>\n<ul>\n<li>Tama\u00f1o del filtro: 58 mm<\/li>\n<li>Tipo de filtro: ND variable<\/li>\n<li>Densidad: 1.5-8 paradas<\/li>\n<li>Recubrimientos: Multicapa<\/li>\n<li>Caracter\u00edsticas f\u00edsicas: Est\u00e1ndar<\/li>\n<li>Espesor del filtro: 0,1&#8243;\/3,2 mm<\/li>\n<li>Material del filtro: Vidrio<\/li>\n<li>Material del anillo: aluminio<\/li>\n<\/ul>\n","protected":false},"excerpt":{"rendered":"<p>7ARTISANS ND variable (VND) 1,5-8 pasos 58 mm Filtro ND variable 1.5-8 pasos Aleaci\u00f3n de aluminio 6061 Ligero y resistente<\/p>\n","protected":false},"featured_media":78168,"comment_status":"closed","ping_status":"closed","template":"","meta":{"_acf_changed":false},"product_brand":[2725],"product_cat":[1047],"product_tag":[],"class_list":{"0":"post-81072","1":"product","2":"type-product","3":"status-publish","4":"has-post-thumbnail","6":"product_brand-7artisans-es","7":"product_cat-densidad-neutra-nd","8":"pa_diametro-58mm-es","10":"first","11":"pre-order","12":"taxable","13":"shipping-taxable","14":"purchasable","15":"product-type-simple"},"bundled_by":[],"bundle_stock_status":"pre-order","bundle_stock_quantity":null,"bundle_virtual":false,"bundle_layout":"","bundle_add_to_cart_form_location":"","bundle_editable_in_cart":false,"bundle_sold_individually_context":"","bundle_item_grouping":"","bundle_min_size":"","bundle_max_size":"","bundle_price":[],"bundled_items":[],"bundle_sell_ids":[],"acf":[],"_links":{"self":[{"href":"https:\/\/hi-techwonder.com\/es\/wp-json\/wp\/v2\/product\/81072","targetHints":{"allow":["GET"]}}],"collection":[{"href":"https:\/\/hi-techwonder.com\/es\/wp-json\/wp\/v2\/product"}],"about":[{"href":"https:\/\/hi-techwonder.com\/es\/wp-json\/wp\/v2\/types\/product"}],"replies":[{"embeddable":true,"href":"https:\/\/hi-techwonder.com\/es\/wp-json\/wp\/v2\/comments?post=81072"}],"wp:featuredmedia":[{"embeddable":true,"href":"https:\/\/hi-techwonder.com\/es\/wp-json\/wp\/v2\/media\/78168"}],"wp:attachment":[{"href":"https:\/\/hi-techwonder.com\/es\/wp-json\/wp\/v2\/media?parent=81072"}],"wp:term":[{"taxonomy":"product_brand","embeddable":true,"href":"https:\/\/hi-techwonder.com\/es\/wp-json\/wp\/v2\/product_brand?post=81072"},{"taxonomy":"product_cat","embeddable":true,"href":"https:\/\/hi-techwonder.com\/es\/wp-json\/wp\/v2\/product_cat?post=81072"},{"taxonomy":"product_tag","embeddable":true,"href":"https:\/\/hi-techwonder.com\/es\/wp-json\/wp\/v2\/product_tag?post=81072"}],"curies":[{"name":"wp","href":"https:\/\/api.w.org\/{rel}","templated":true}]}}