{"id":81080,"date":"2025-08-05T13:37:41","date_gmt":"2025-08-05T13:37:41","guid":{"rendered":"https:\/\/hi-techwonder.com\/product\/7artisans-parasol-hd-43-43mm\/"},"modified":"2026-05-08T14:38:40","modified_gmt":"2026-05-08T13:38:40","slug":"7artisans-parasol-hd-43-43mm","status":"publish","type":"product","link":"https:\/\/hi-techwonder.com\/es\/producto\/7artisans-parasol-hd-43-43mm\/","title":{"rendered":"7ARTISANS Parasol HD-43 &#8211; 43mm"},"content":{"rendered":"<p><strong>Parasol 7ARTESANOS HD-43<\/strong><\/p>\n<p> <strong>Caracter\u00edsticas principales<\/strong><\/p>\n<ul>\n<li>  Para objetivos de 35 mm f\/1,2 y 35 mm f\/2<\/li>\n<li>  Bloquea la entrada de luz par\u00e1sita en la lente<\/li>\n<li>  Evita el destello de la lente<\/li>\n<li>  No causa vi\u00f1eteado<\/li>\n<\/ul>\n<p>  El parasol HD-43 de 7artisans Photoelectric est\u00e1 dise\u00f1ado espec\u00edficamente para no causar vi\u00f1eteado en las esquinas de la imagen en los lentes de 35 mm f\/1.2 y 35 mm f\/2. El parasol evita el destello de la lente y bloquea la entrada de luz par\u00e1sita en la lente. Adem\u00e1s, protege la lente de impactos bruscos y, con su rosca de 43 mm, se atornilla en la parte frontal de la lente.  <\/p>\n","protected":false},"excerpt":{"rendered":"<p>Parasol 7ARTESANOS HD-43 Caracter\u00edsticas principales Para objetivos de 35 mm f\/1,2 y 35 mm f\/2 Bloquea la entrada de luz<\/p>\n","protected":false},"featured_media":76922,"comment_status":"closed","ping_status":"open","template":"","meta":{"_acf_changed":false},"product_brand":[2725],"product_cat":[1039],"product_tag":[],"class_list":{"0":"post-81080","1":"product","2":"type-product","3":"status-publish","4":"has-post-thumbnail","6":"product_brand-7artisans-es","7":"product_cat-parasoles","9":"first","10":"instock","11":"taxable","12":"shipping-taxable","13":"purchasable","14":"product-type-simple"},"bundled_by":[],"bundle_stock_status":"instock","bundle_stock_quantity":1,"bundle_virtual":false,"bundle_layout":"","bundle_add_to_cart_form_location":"","bundle_editable_in_cart":false,"bundle_sold_individually_context":"","bundle_item_grouping":"","bundle_min_size":"","bundle_max_size":"","bundle_price":[],"bundled_items":[],"bundle_sell_ids":[],"acf":[],"_links":{"self":[{"href":"https:\/\/hi-techwonder.com\/es\/wp-json\/wp\/v2\/product\/81080","targetHints":{"allow":["GET"]}}],"collection":[{"href":"https:\/\/hi-techwonder.com\/es\/wp-json\/wp\/v2\/product"}],"about":[{"href":"https:\/\/hi-techwonder.com\/es\/wp-json\/wp\/v2\/types\/product"}],"replies":[{"embeddable":true,"href":"https:\/\/hi-techwonder.com\/es\/wp-json\/wp\/v2\/comments?post=81080"}],"wp:featuredmedia":[{"embeddable":true,"href":"https:\/\/hi-techwonder.com\/es\/wp-json\/wp\/v2\/media\/76922"}],"wp:attachment":[{"href":"https:\/\/hi-techwonder.com\/es\/wp-json\/wp\/v2\/media?parent=81080"}],"wp:term":[{"taxonomy":"product_brand","embeddable":true,"href":"https:\/\/hi-techwonder.com\/es\/wp-json\/wp\/v2\/product_brand?post=81080"},{"taxonomy":"product_cat","embeddable":true,"href":"https:\/\/hi-techwonder.com\/es\/wp-json\/wp\/v2\/product_cat?post=81080"},{"taxonomy":"product_tag","embeddable":true,"href":"https:\/\/hi-techwonder.com\/es\/wp-json\/wp\/v2\/product_tag?post=81080"}],"curies":[{"name":"wp","href":"https:\/\/api.w.org\/{rel}","templated":true}]}}