{"id":81978,"date":"2025-08-21T10:51:03","date_gmt":"2025-08-21T10:51:03","guid":{"rendered":"https:\/\/hi-techwonder.com\/?post_type=product&#038;p=81978"},"modified":"2026-04-16T17:39:48","modified_gmt":"2026-04-16T16:39:48","slug":"ricoh-gr-iv","status":"publish","type":"product","link":"https:\/\/hi-techwonder.com\/es\/producto\/ricoh-gr-iv\/","title":{"rendered":"Ricoh GR IV"},"content":{"rendered":"\n<h2 class=\"wp-block-heading\"><strong>Ricoh GR IV \u2013 La c\u00e1mara definitiva para fotograf\u00eda urbana<\/strong><\/h2>\n\n\n\n<div id=\"wd-a82d4533\" class=\"wp-block-wd-video wd-el-video wd-action-without wd-video-external wd-with-aspect-ratio wd-custom-width\"><iframe allowfullscreen allow=\"accelerometer; autoplay; encrypted-media; gyroscope; picture-in-picture\" width=\"100%\" height=\"100%\" loading=\"lazy\" src=\"https:\/\/www.youtube.com\/embed\/QwysCb-zpcM?feature=oembed&amp;controls=1\"><\/iframe><\/div>\n\n\n\n<p id=\"wd-ba576528\" class=\"wp-block-wd-paragraph\">La Ricoh GR IV llega como la nueva referencia para los fot\u00f3grafos urbanos y de calle, elevando a\u00fan m\u00e1s la reputaci\u00f3n legendaria de la serie GR.<br>Combinando un cuerpo compacto y discreto con un rendimiento de imagen de nivel profesional, esta c\u00e1mara est\u00e1 pensada para quienes quieren capturar la esencia de la ciudad con rapidez, calidad y estilo.<\/p>\n\n\n\n<p id=\"wd-e0a40002\" class=\"wp-block-wd-paragraph\">En el coraz\u00f3n de la GR IV se encuentra un sensor APS-C retroiluminado de \u00faltima generaci\u00f3n, con 25,7 MP efectivos, junto al potente procesador GR ENGINE 7, capaz de producir im\u00e1genes con gradaciones ricas, detalles impresionantes y excelente rendimiento en alta sensibilidad. La nueva \u00f3ptica 18,3 mm F2.8, redise\u00f1ada para m\u00e1xima nitidez de esquina a esquina, mantiene la firma cl\u00e1sica de la GR pero en un dise\u00f1o a\u00fan m\u00e1s fino y elegante.<\/p>\n\n\n\n<p id=\"wd-0ba3400f\" class=\"wp-block-wd-paragraph\">La velocidad es otro punto fuerte: arranque en solo 0,6 segundos, autofocus h\u00edbrido mejorado y estabilizaci\u00f3n SR de 5 ejes, permitiendo fotografiar en cualquier situaci\u00f3n, incluso con poca luz. El nuevo modo Cinema, junto con las opciones creativas de control de imagen, a\u00f1ade una dimensi\u00f3n art\u00edstica \u00fanica a la fotograf\u00eda.<\/p>\n\n\n\n<p id=\"wd-a6086d68\" class=\"wp-block-wd-paragraph\">Todo esto en un cuerpo robusto de aleaci\u00f3n de magnesio, con ergonom\u00eda perfeccionada y botones redise\u00f1ados para mayor fluidez en el uso. La conexi\u00f3n directa v\u00eda Bluetooth\u00ae y Wi-Fi, combinada con la aplicaci\u00f3n GR WORLD, facilita compartir im\u00e1genes o controlar la c\u00e1mara de forma remota.<\/p>\n\n\n\n<p>La Ricoh GR IV no es solo una c\u00e1mara \u2014 es una invitaci\u00f3n a ver y registrar el mundo con autenticidad, precisi\u00f3n y libertad creativa.<\/p>\n\n\n\n<div class=\"wp-block-media-text has-media-on-the-right is-stacked-on-mobile\"><div class=\"wp-block-media-text__content\">\n<p>Si eres un apasionado de la fotograf\u00eda de calle y urbana, la Ricoh GR IV es la compa\u00f1era perfecta: r\u00e1pida, discreta, potente y siempre lista para capturar el momento decisivo.<\/p>\n<\/div><figure class=\"wp-block-media-text__media\"><img loading=\"lazy\" decoding=\"async\" width=\"1024\" height=\"683\" src=\"https:\/\/hi-techwonder.com\/wp-content\/themes\/woodmart\/images\/lazy.svg\" data-src=\"https:\/\/hi-techwonder.com\/wp-content\/uploads\/2025\/08\/Ricoh-GR-IV-37-1024x683.jpg\" alt=\"\" class=\"wp-image-81973 size-full\" srcset=\"\" data-srcset=\"https:\/\/hi-techwonder.com\/wp-content\/uploads\/2025\/08\/Ricoh-GR-IV-37-1024x683.jpg 1024w, https:\/\/hi-techwonder.com\/wp-content\/uploads\/2025\/08\/Ricoh-GR-IV-37-300x200.jpg 300w, https:\/\/hi-techwonder.com\/wp-content\/uploads\/2025\/08\/Ricoh-GR-IV-37-768x512.jpg 768w, https:\/\/hi-techwonder.com\/wp-content\/uploads\/2025\/08\/Ricoh-GR-IV-37-1536x1024.jpg 1536w, https:\/\/hi-techwonder.com\/wp-content\/uploads\/2025\/08\/Ricoh-GR-IV-37-2048x1365.jpg 2048w, https:\/\/hi-techwonder.com\/wp-content\/uploads\/2025\/08\/Ricoh-GR-IV-37-1200x800.jpg 1200w, https:\/\/hi-techwonder.com\/wp-content\/uploads\/2025\/08\/Ricoh-GR-IV-37-150x100.jpg 150w\" sizes=\"auto, (max-width: 1024px) 100vw, 1024px\" \/><\/figure><\/div>\n\n\n\n<div class=\"wp-block-media-text is-stacked-on-mobile\"><figure class=\"wp-block-media-text__media\"><img loading=\"lazy\" decoding=\"async\" width=\"1024\" height=\"796\" src=\"https:\/\/hi-techwonder.com\/wp-content\/themes\/woodmart\/images\/lazy.svg\" data-src=\"https:\/\/hi-techwonder.com\/wp-content\/uploads\/2025\/08\/Ricoh-GR-IV-24-1024x796.jpg\" alt=\"\" class=\"wp-image-81975 size-full\" srcset=\"\" data-srcset=\"https:\/\/hi-techwonder.com\/wp-content\/uploads\/2025\/08\/Ricoh-GR-IV-24-1024x796.jpg 1024w, https:\/\/hi-techwonder.com\/wp-content\/uploads\/2025\/08\/Ricoh-GR-IV-24-300x233.jpg 300w, https:\/\/hi-techwonder.com\/wp-content\/uploads\/2025\/08\/Ricoh-GR-IV-24-768x597.jpg 768w, https:\/\/hi-techwonder.com\/wp-content\/uploads\/2025\/08\/Ricoh-GR-IV-24-1200x933.jpg 1200w, https:\/\/hi-techwonder.com\/wp-content\/uploads\/2025\/08\/Ricoh-GR-IV-24-150x117.jpg 150w, https:\/\/hi-techwonder.com\/wp-content\/uploads\/2025\/08\/Ricoh-GR-IV-24.jpg 1500w\" sizes=\"auto, (max-width: 1024px) 100vw, 1024px\" \/><\/figure><div class=\"wp-block-media-text__content\">\n<p><strong>Caracter\u00edsticas principales<\/strong><\/p>\n\n\n\n<ul class=\"wp-block-list\">\n<li>Memoria interna de 53 GB + soporte microSD UHS-I.<\/li>\n\n\n\n<li>Sensor CMOS APS-C retroiluminado de 25,7 MP.<\/li>\n\n\n\n<li>\u00d3ptica GR 18,3 mm F2.8 (equivalente a 28 mm) redise\u00f1ada.<\/li>\n\n\n\n<li>Procesador de imagen GR ENGINE 7 con unidad aceleradora.<\/li>\n\n\n\n<li>Estabilizaci\u00f3n SR de 5 ejes hasta 6 stops (CIPA 2024).<\/li>\n\n\n\n<li>Autofocus h\u00edbrido r\u00e1pido con arranque en 0,6 segundos.<\/li>\n\n\n\n<li>Nuevo modo Cinema (tonos amarillo y verde) + m\u00faltiples estilos de imagen.<\/li>\n\n\n\n<li>Cuerpo compacto en aleaci\u00f3n de magnesio, ergon\u00f3mico y resistente.<\/li>\n\n\n\n<li>Pantalla LCD t\u00e1ctil de 3&#8243;, 1.037.000 puntos, tecnolog\u00eda air gapless.<\/li>\n\n\n\n<li>Comunicaci\u00f3n Wi-Fi + Bluetooth 5.3, app GR WORLD.<\/li>\n<\/ul>\n<\/div><\/div>\n\n\n\n<div class=\"wp-block-media-text has-media-on-the-right is-stacked-on-mobile\"><div class=\"wp-block-media-text__content\">\n<p><strong>Contenido del paquete<\/strong><\/p>\n\n\n\n<ul class=\"wp-block-list\">\n<li>Manual de instrucciones<\/li>\n\n\n\n<li>C\u00e1mara Ricoh GR IV<\/li>\n\n\n\n<li>Bater\u00eda recargable DB-120<\/li>\n\n\n\n<li>Cable USB I-USB198<\/li>\n\n\n\n<li>Correa de mano O-ST198<\/li>\n<\/ul>\n<\/div><figure class=\"wp-block-media-text__media\"><img loading=\"lazy\" decoding=\"async\" width=\"1024\" height=\"683\" src=\"https:\/\/hi-techwonder.com\/wp-content\/themes\/woodmart\/images\/lazy.svg\" data-src=\"https:\/\/hi-techwonder.com\/wp-content\/uploads\/2025\/08\/Ricoh-GR-IV-34-1024x683.jpg\" alt=\"\" class=\"wp-image-81977 size-full\" srcset=\"\" data-srcset=\"https:\/\/hi-techwonder.com\/wp-content\/uploads\/2025\/08\/Ricoh-GR-IV-34-1024x683.jpg 1024w, https:\/\/hi-techwonder.com\/wp-content\/uploads\/2025\/08\/Ricoh-GR-IV-34-300x200.jpg 300w, https:\/\/hi-techwonder.com\/wp-content\/uploads\/2025\/08\/Ricoh-GR-IV-34-768x512.jpg 768w, https:\/\/hi-techwonder.com\/wp-content\/uploads\/2025\/08\/Ricoh-GR-IV-34-1200x800.jpg 1200w, https:\/\/hi-techwonder.com\/wp-content\/uploads\/2025\/08\/Ricoh-GR-IV-34-150x100.jpg 150w, https:\/\/hi-techwonder.com\/wp-content\/uploads\/2025\/08\/Ricoh-GR-IV-34.jpg 1500w\" sizes=\"auto, (max-width: 1024px) 100vw, 1024px\" \/><\/figure><\/div>\n\n\n\n<p id=\"wd-2cf6bd15\" class=\"wp-block-wd-paragraph\"><strong>Especificaciones t\u00e9cnicas<\/strong><\/p>\n\n\n\n<figure class=\"wp-block-table\"><table class=\"has-fixed-layout\"><thead><tr><th>Categor\u00eda<\/th><th>Detalle<\/th><\/tr><\/thead><tbody><tr><td>Tipo<\/td><td>C\u00e1mara compacta digital premium<\/td><\/tr><tr><td>\u00d3ptica<\/td><td>7 elementos en 5 grupos (3 asf\u00e9ricos)<\/td><\/tr><tr><td>Distancia focal<\/td><td>18,3 mm (equivalente a 28 mm en 35 mm)<\/td><\/tr><tr><td>Apertura<\/td><td>F2.8 \u2013 F16<\/td><\/tr><tr><td>Sensor<\/td><td>CMOS APS-C retroiluminado (23,3 \u00d7 15,5 mm)<\/td><\/tr><tr><td>P\u00edxeles efectivos<\/td><td>~25,74 MP<\/td><\/tr><tr><td>Sensibilidad ISO<\/td><td>100 \u2013 204.800 (Auto \/ Manual)<\/td><\/tr><tr><td>Procesador<\/td><td>GR ENGINE 7 + Unidad aceleradora<\/td><\/tr><tr><td>Estabilizaci\u00f3n<\/td><td>SR de 5 ejes (hasta 6 stops)<\/td><\/tr><tr><td>Enfoque<\/td><td>Autofocus h\u00edbrido (detecci\u00f3n de fase + contraste), AF continuo, tracking, Snap Focus<\/td><\/tr><tr><td>Velocidad de disparo<\/td><td>Arranque: 0,6 s \/ Obturador: 1\/4000 a 30 s, Bulb, Time<\/td><\/tr><tr><td>Modos de exposici\u00f3n<\/td><td>Programa AE, Prioridad a la apertura, Prioridad a la velocidad, Manual, Snap Distance Priority AE<\/td><\/tr><tr><td>Compensaci\u00f3n exposici\u00f3n<\/td><td>\u00b15 EV (foto), \u00b12 EV (v\u00eddeo)<\/td><\/tr><tr><td>Grabaci\u00f3n<\/td><td>RAW (DNG 14 bits), JPEG; V\u00eddeo Full HD 60p (H.264)<\/td><\/tr><tr><td>Pantalla<\/td><td>LCD t\u00e1ctil de 3&#8243;, 1.037.000 puntos, tecnolog\u00eda air gapless<\/td><\/tr><tr><td>Almacenamiento<\/td><td>Memoria interna de 53 GB + microSD\/microSDHC\/microSDXC (UHS-I)<\/td><\/tr><tr><td>Conectividad<\/td><td>Wi-Fi (2,4\/5 GHz), Bluetooth\u00ae 5.3, USB-C (DisplayPort Alt. Mode)<\/td><\/tr><tr><td>Bater\u00eda<\/td><td>DB-120, autonom\u00eda ~250 disparos (CIPA)<\/td><\/tr><tr><td>Dimensiones<\/td><td>109,4 \u00d7 61,1 \u00d7 32,7 mm<\/td><\/tr><tr><td>Peso<\/td><td>262 g (con bater\u00eda y tarjeta)<\/td><\/tr><tr><td>Construcci\u00f3n<\/td><td>Cuerpo en aleaci\u00f3n de magnesio<\/td><\/tr><tr><td>Otros destacados<\/td><td>Modo Cinema, Revelado RAW en la c\u00e1mara, correcci\u00f3n de horizonte, DR II ultras\u00f3nico, compatible con conversor gran angular GW-4 y flash GF-2<\/td><\/tr><\/tbody><\/table><\/figure>\n","protected":false},"excerpt":{"rendered":"<p>C\u00e1mara compacta premium con sensor APS-C retroiluminado de 25,7 MP.<\/p>\n<ul>\n<li data-start=\"273\" data-end=\"366\">Nueva \u00f3ptica GR 18,3 mm F2.8 (equivalente a 28 mm), ultrafina y de alt\u00edsima calidad \u00f3ptica.<\/li>\n<li data-start=\"368\" data-end=\"437\">Sistema de estabilizaci\u00f3n SR de 5 ejes, con eficacia hasta 6 pasos.<\/li>\n<li data-start=\"439\" data-end=\"525\">Procesador GR Engine 7 + unidad aceleradora para im\u00e1genes n\u00edtidas hasta ISO 204.800.<\/li>\n<li data-start=\"527\" data-end=\"597\">Arranque ultrarr\u00e1pido de 0,6 s y autofocus h\u00edbrido r\u00e1pido y preciso.<\/li>\n<li data-start=\"599\" data-end=\"680\">Cuerpo en aleaci\u00f3n de magnesio, redise\u00f1ado para mayor ergonom\u00eda y portabilidad.<\/li>\n<li data-start=\"682\" data-end=\"775\">Pantalla LCD t\u00e1ctil de 3&#8243; con tecnolog\u00eda air gapless y excelente visibilidad en exteriores.<\/li>\n<li data-start=\"777\" data-end=\"867\">Conectividad avanzada Wi-Fi + Bluetooth\u00ae y app GR WORLD para compartir y control remoto.<\/li>\n<\/ul>\n","protected":false},"featured_media":81970,"comment_status":"open","ping_status":"closed","template":"","meta":{"_acf_changed":false},"product_brand":[2657],"product_cat":[928],"product_tag":[],"class_list":{"0":"post-81978","1":"product","2":"type-product","3":"status-publish","4":"has-post-thumbnail","6":"product_brand-ricoh-es","7":"product_cat-compactas-es","8":"pa_cartoes-memoria-compativeis-sd-es","9":"pa_cor-negro","10":"pa_resolucao-de-video-hd-1080-es","11":"pa_resolucao-mp-25-mp-es","12":"pa_sensor-aps-c-es","13":"pa_tamanho-resolucao-lcd-3-0-1-036m-puntos","14":"pa_tipo-de-lcd-fija","15":"pa_tipo-de-objetiva-gran-angular","16":"pa_zoom-fixa-fijo","18":"first","19":"pre-order","20":"taxable","21":"shipping-taxable","22":"purchasable","23":"product-type-simple"},"bundled_by":[],"bundle_stock_status":"pre-order","bundle_stock_quantity":null,"bundle_virtual":false,"bundle_layout":"","bundle_add_to_cart_form_location":"","bundle_editable_in_cart":false,"bundle_sold_individually_context":"","bundle_item_grouping":"","bundle_min_size":"","bundle_max_size":"","bundle_price":[],"bundled_items":[],"bundle_sell_ids":[],"acf":[],"_links":{"self":[{"href":"https:\/\/hi-techwonder.com\/es\/wp-json\/wp\/v2\/product\/81978","targetHints":{"allow":["GET"]}}],"collection":[{"href":"https:\/\/hi-techwonder.com\/es\/wp-json\/wp\/v2\/product"}],"about":[{"href":"https:\/\/hi-techwonder.com\/es\/wp-json\/wp\/v2\/types\/product"}],"replies":[{"embeddable":true,"href":"https:\/\/hi-techwonder.com\/es\/wp-json\/wp\/v2\/comments?post=81978"}],"wp:featuredmedia":[{"embeddable":true,"href":"https:\/\/hi-techwonder.com\/es\/wp-json\/wp\/v2\/media\/81970"}],"wp:attachment":[{"href":"https:\/\/hi-techwonder.com\/es\/wp-json\/wp\/v2\/media?parent=81978"}],"wp:term":[{"taxonomy":"product_brand","embeddable":true,"href":"https:\/\/hi-techwonder.com\/es\/wp-json\/wp\/v2\/product_brand?post=81978"},{"taxonomy":"product_cat","embeddable":true,"href":"https:\/\/hi-techwonder.com\/es\/wp-json\/wp\/v2\/product_cat?post=81978"},{"taxonomy":"product_tag","embeddable":true,"href":"https:\/\/hi-techwonder.com\/es\/wp-json\/wp\/v2\/product_tag?post=81978"}],"curies":[{"name":"wp","href":"https:\/\/api.w.org\/{rel}","templated":true}]}}