{"id":82118,"date":"2025-08-20T12:40:48","date_gmt":"2025-08-20T12:40:48","guid":{"rendered":"https:\/\/hi-techwonder.com\/product\/smallrig-4770-kit-de-jaula-de-liberacion-rapida-hawklock-para-sony-fx3-fx30\/"},"modified":"2026-02-03T10:54:39","modified_gmt":"2026-02-03T10:54:39","slug":"smallrig-4770-kit-de-jaula-de-liberacion-rapida-hawklock-para-sony-fx3-fx30","status":"publish","type":"product","link":"https:\/\/hi-techwonder.com\/es\/producto\/smallrig-4770-kit-de-jaula-de-liberacion-rapida-hawklock-para-sony-fx3-fx30\/","title":{"rendered":"SMALLRIG 4770 Kit de jaula de liberaci\u00f3n r\u00e1pida Hawklock para SONY FX3 \/ FX30"},"content":{"rendered":"\n<h2 class=\"wp-block-heading\">Kit de jaula de liberaci\u00f3n r\u00e1pida Hawklock de SMALLRIG para SONY FX3 \/ FX30<\/h2>\n\n<p>El kit de jaula de liberaci\u00f3n r\u00e1pida SmallRig HawkLock ha sido desarrollado espec\u00edficamente para las c\u00e1maras Sony FX3 y FX30, ofreciendo una soluci\u00f3n robusta y modular para producciones exigentes.<br\/>La jaula fija la c\u00e1mara en tres puntos (base y lados), eliminando la torsi\u00f3n y asegurando la m\u00e1xima estabilidad durante la filmaci\u00f3n.<br\/>La base Arca integrada permite el montaje directo en tr\u00edpodes compatibles, mientras que las m\u00faltiples roscas de 1\/4&#8243;-20 y 3\/8&#8243;-16, as\u00ed como los puntos antitorsi\u00f3n ARRI, garantizan opciones ilimitadas para conectar accesorios como monitores, micr\u00f3fonos, brazos articulados o luces LED.<br\/>El riel NATO superior extra\u00edble proporciona compatibilidad con la empu\u00f1adura XLR original de Sony u otros accesorios que requieren acceso completo a la zapata superior.<br\/>El riel lateral NATO HawkLock le permite agregar r\u00e1pidamente accesorios como manijas laterales o sistemas de transmisi\u00f3n inal\u00e1mbrica.<br\/>Para mayor seguridad en grabaciones profesionales, incluye una abrazadera HDMI dedicada, lo que garantiza la estabilidad en la conexi\u00f3n de cables y evita desconexiones accidentales.<br\/>El dise\u00f1o ergon\u00f3mico sigue las l\u00edneas de la c\u00e1mara, garantizando comodidad de uso y una est\u00e9tica moderna en gris metalizado.<\/p>\n\n<div class=\"wp-block-media-text has-media-on-the-right is-stacked-on-mobile\"><div class=\"wp-block-media-text__content\">\n<h2 class=\"wp-block-heading\">Funciones<\/h2>\n\n\n\n<ul class=\"wp-block-list\">\n<li>Sistema de liberaci\u00f3n r\u00e1pida HawkLock para un montaje y desmontaje r\u00e1pidos<\/li>\n\n\n\n<li>Dise\u00f1o modular gris met\u00e1lico con riel NATO superior extra\u00edble<\/li>\n\n\n\n<li>Base integrada compatible con placas de tipo Arca<\/li>\n\n\n\n<li>M\u00faltiples puntos de montaje: 1\/4&#8243;-20, 3\/8&#8243;-16 y antitorsi\u00f3n ARRI<\/li>\n\n\n\n<li>Incluye soporte de zapata fr\u00eda, z\u00f3calo QD y ranura para mango<\/li>\n\n\n\n<li>Abrazadera HDMI para una transmisi\u00f3n de se\u00f1al estable y segura<\/li>\n\n\n\n<li>Capacidad de carga de hasta 20 kg (44,1 lb)<\/li>\n\n\n\n<li>Construcci\u00f3n de aleaci\u00f3n de aluminio, acero inoxidable y silicona<\/li>\n<\/ul>\n<\/div><figure class=\"wp-block-media-text__media\"><img loading=\"lazy\" decoding=\"async\" width=\"1000\" height=\"1000\" src=\"https:\/\/hi-techwonder.com\/wp-content\/themes\/woodmart\/images\/lazy.svg\" data-src=\"https:\/\/hi-techwonder.com\/wp-content\/uploads\/2025\/08\/1724147186_IMG_2317221.jpg\" alt=\"\" class=\"wp-image-81721 size-full\" srcset=\"\" data-srcset=\"https:\/\/hi-techwonder.com\/wp-content\/uploads\/2025\/08\/1724147186_IMG_2317221.jpg 1000w, https:\/\/hi-techwonder.com\/wp-content\/uploads\/2025\/08\/1724147186_IMG_2317221-300x300.jpg 300w, https:\/\/hi-techwonder.com\/wp-content\/uploads\/2025\/08\/1724147186_IMG_2317221-150x150.jpg 150w, https:\/\/hi-techwonder.com\/wp-content\/uploads\/2025\/08\/1724147186_IMG_2317221-768x768.jpg 768w, https:\/\/hi-techwonder.com\/wp-content\/uploads\/2025\/08\/1724147186_IMG_2317221-600x600.jpg 600w\" sizes=\"auto, (max-width: 1000px) 100vw, 1000px\" \/><\/figure><\/div>\n\n<h2 id=\"wd-d99780ee\" class=\"wp-block-wd-title title\">Contenido del paquete<\/h2>\n\n<p id=\"wd-17d14ba2\" class=\"wp-block-wd-paragraph\">\u00b7 1x Jaula de liberaci\u00f3n r\u00e1pida SmallRig HawkLock para Sony FX3\/FX30<br\/>\u00b7 1x Placa superior OTAN<br\/>\u00b7 1x abrazadera de cable HDMI<\/p>\n\n<h2 id=\"wd-e540109c\" class=\"wp-block-wd-title title\">Especificaciones t\u00e9cnicas<\/h2>\n\n<figure class=\"wp-block-table\"><table class=\"has-fixed-layout\"><thead><tr><th>Especificaci\u00f3n<\/th><th>Detalle<\/th><\/tr><\/thead><tbody><tr><td>Tipo de medio<\/td><td>Jaula<\/td><\/tr><tr><td>Compatibilidad<\/td><td>Sony FX3, Sony FX3A, Sony FX30<\/td><\/tr><tr><td>Soporte de c\u00e1mara<\/td><td>Perno macho 1\/4&#8243;-20<\/td><\/tr><tr><td>Tr\u00edpode<\/td><td>Rosca hembra 1\/4&#8243;-20, 3\/8&#8243;-16, base Arca integrada<\/td><\/tr><tr><td>Accesorios de montaje<\/td><td>Roscas 1\/4&#8243;-20, 3\/8&#8243;-16 ARRI antitorsi\u00f3n, zapata fr\u00eda, z\u00f3calo QD, ranura para manija, riel superior NATO extra\u00edble, riel lateral NATO HawkLock<\/td><\/tr><tr><td>Abrazadera de cable<\/td><td>HDMI dedicado<\/td><\/tr><tr><td>Materiales<\/td><td>Aleaci\u00f3n de aluminio, acero inoxidable, silicona<\/td><\/tr><tr><td>Dimensiones<\/td><td>16 x 10,1 x 6,6 cm<\/td><\/tr><tr><td>Peso<\/td><td>208 gramos<\/td><\/tr><tr><td>Peso empaquetado<\/td><td>308 gramos<\/td><\/tr><tr><td>Dimensiones del paquete (LxWxH)<\/td><td>19,5 x 14 x 6,6 cm<\/td><\/tr><\/tbody><\/table><\/figure>\n","protected":false},"excerpt":{"rendered":"<ul>\n<li>Armaz\u00f3n completo enchufable para Sony FX3\/FX30<\/li>\n<li>Base tipo arco integrada para un montaje r\u00e1pido en tr\u00edpodes<\/li>\n<li>Roscas de accesorios de 1\/4&#8243;-20 y 3\/8&#8243;-16 para un montaje vers\u00e1til<\/li>\n<li>Carril superior NATO desmontable compatible con la empu\u00f1adura XLR original<\/li>\n<li>Carril lateral HawkLock de la OTAN para accesorios adicionales<\/li>\n<li>Incluye soporte de zapata, enchufe QD y ranura para mango<\/li>\n<li>Abrazadera dedicada para cable HDMI, lo que garantiza la estabilidad de la se\u00f1al<\/li>\n<li>Construcci\u00f3n robusta de aluminio, ligera y duradera<\/li>\n<\/ul>\n","protected":false},"featured_media":81730,"comment_status":"open","ping_status":"closed","template":"","meta":{"_acf_changed":false},"product_brand":[2550],"product_cat":[1105],"product_tag":[],"class_list":{"0":"post-82118","1":"product","2":"type-product","3":"status-publish","4":"has-post-thumbnail","6":"product_brand-smallrig-es","7":"product_cat-cages-cages-es","9":"first","10":"pre-order","11":"taxable","12":"shipping-taxable","13":"purchasable","14":"product-type-simple"},"bundled_by":[],"bundle_stock_status":"pre-order","bundle_stock_quantity":null,"bundle_virtual":false,"bundle_layout":"","bundle_add_to_cart_form_location":"","bundle_editable_in_cart":false,"bundle_sold_individually_context":"","bundle_item_grouping":"","bundle_min_size":"","bundle_max_size":"","bundle_price":[],"bundled_items":[],"bundle_sell_ids":[],"acf":[],"_links":{"self":[{"href":"https:\/\/hi-techwonder.com\/es\/wp-json\/wp\/v2\/product\/82118","targetHints":{"allow":["GET"]}}],"collection":[{"href":"https:\/\/hi-techwonder.com\/es\/wp-json\/wp\/v2\/product"}],"about":[{"href":"https:\/\/hi-techwonder.com\/es\/wp-json\/wp\/v2\/types\/product"}],"replies":[{"embeddable":true,"href":"https:\/\/hi-techwonder.com\/es\/wp-json\/wp\/v2\/comments?post=82118"}],"wp:featuredmedia":[{"embeddable":true,"href":"https:\/\/hi-techwonder.com\/es\/wp-json\/wp\/v2\/media\/81730"}],"wp:attachment":[{"href":"https:\/\/hi-techwonder.com\/es\/wp-json\/wp\/v2\/media?parent=82118"}],"wp:term":[{"taxonomy":"product_brand","embeddable":true,"href":"https:\/\/hi-techwonder.com\/es\/wp-json\/wp\/v2\/product_brand?post=82118"},{"taxonomy":"product_cat","embeddable":true,"href":"https:\/\/hi-techwonder.com\/es\/wp-json\/wp\/v2\/product_cat?post=82118"},{"taxonomy":"product_tag","embeddable":true,"href":"https:\/\/hi-techwonder.com\/es\/wp-json\/wp\/v2\/product_tag?post=82118"}],"curies":[{"name":"wp","href":"https:\/\/api.w.org\/{rel}","templated":true}]}}