{"id":82119,"date":"2025-08-05T09:41:35","date_gmt":"2025-08-05T09:41:35","guid":{"rendered":"https:\/\/hi-techwonder.com\/product\/om-system-om-5-mark-ii-gris-cuerpo\/"},"modified":"2026-04-20T14:51:14","modified_gmt":"2026-04-20T13:51:14","slug":"om-system-om-5-mark-ii-gris-cuerpo","status":"publish","type":"product","link":"https:\/\/hi-techwonder.com\/es\/producto\/om-system-om-5-mark-ii-gris-cuerpo\/","title":{"rendered":"OM SYSTEM OM-5 Mark II &#8211; Gris (Cuerpo)"},"content":{"rendered":"<h2 style=\"color: rgb(0, 0, 0);\">OM SYSTEM OM-5 Mark II &#8211; Cuerpo gris<\/h2>\n<p><\/p>\n<p data-start=\"792\" data-end=\"1336\">La OM SYSTEM OM-5 Mark II es la c\u00e1mara que acompa\u00f1a a los aventureros modernos sin agobiarlos. Ligero, duradero y repleto de caracter\u00edsticas creativas, est\u00e1 hecho para aquellos que viven en movimiento. Ya sean senderos de monta\u00f1a, bosques h\u00famedos o ciudades nevadas, la OM-5 Mark II convierte cualquier escena en un escenario fotogr\u00e1fico. Con un sensor de 20 MP y un potente procesador TruePic IX, cada disparo da como resultado im\u00e1genes n\u00edtidas y vibrantes, complementadas con una impresionante estabilizaci\u00f3n de imagen que mantiene todo n\u00edtido, incluso en movimiento.   <\/p>\n<p data-start=\"1338\" data-end=\"1745\">La creatividad est\u00e1 literalmente al alcance de un bot\u00f3n con el innovador bot\u00f3n de fotograf\u00eda computacional. Desde exposiciones largas sin tr\u00edpode hasta apilamiento de enfoque autom\u00e1tico, la OM-5 Mark II te permite experimentar, crear y compartir, est\u00e9s donde est\u00e9s. El dise\u00f1o robusto y la incre\u00edble portabilidad hacen de esta c\u00e1mara una opci\u00f3n perfecta para los exploradores modernos que no comprometen la calidad.  <\/p>\n<p><\/p>\n<p><iframe loading=\"lazy\" frameborder=\"0\" src=\"https:\/\/www.youtube.com\/embed\/CPoHVDirgj4\" width=\"640\" height=\"360\" class=\"note-video-clip\" referrerpolicy=\"strict-origin-when-cross-origin\"><\/iframe><\/p>\n<p><\/p>\n<ul data-start=\"215\" data-end=\"756\">\n<li data-start=\"215\" data-end=\"298\">\n<p data-start=\"217\" data-end=\"298\">C\u00e1mara mirrorless ultracompacta con solo 418 g (incluida la bater\u00eda y la tarjeta SD)<\/p>\n<\/li>\n<li data-start=\"299\" data-end=\"369\">\n<p data-start=\"301\" data-end=\"369\">Sellado IP53: resistente a la lluvia, al polvo y a temperaturas de hasta -10 \u00b0C<\/p>\n<\/li>\n<li data-start=\"370\" data-end=\"437\">\n<p data-start=\"372\" data-end=\"437\">Estabilizaci\u00f3n de imagen sincronizada de 5 ejes (hasta 7,5 paradas)<\/p>\n<\/li>\n<li data-start=\"438\" data-end=\"493\">\n<p data-start=\"440\" data-end=\"493\">Sensor Live MOS de 20 MP con procesador TruePic IX<\/p>\n<\/li>\n<li data-start=\"494\" data-end=\"575\">\n<p data-start=\"496\" data-end=\"575\">Bot\u00f3n de fotograf\u00eda computacional con disparo de alta resoluci\u00f3n, Live ND, HDR y m\u00e1s<\/p>\n<\/li>\n<li data-start=\"576\" data-end=\"623\">\n<p data-start=\"578\" data-end=\"623\">Captura profesional y disparo secuencial de hasta 30 fps<\/p>\n<\/li>\n<li data-start=\"624\" data-end=\"686\">\n<p data-start=\"626\" data-end=\"686\">V\u00eddeo 4K y Full HD 120p, con grabaci\u00f3n vertical y OM-Log400<\/p>\n<\/li>\n<li data-start=\"687\" data-end=\"756\">\n<p data-start=\"689\" data-end=\"756\">Wi-Fi y Bluetooth integrados con control remoto a trav\u00e9s de la aplicaci\u00f3n OI. Compartir<\/p>\n<\/li>\n<\/ul>\n<p><\/p>\n<h3 data-start=\"1752\" data-end=\"1786\" style=\"color: rgb(0, 0, 0);\">Caracter\u00edsticas principales<\/h3>\n<ul data-start=\"1787\" data-end=\"2289\">\n<li data-start=\"1787\" data-end=\"1844\">\n<p data-start=\"1789\" data-end=\"1844\">Sensor Live MOS de 20,4 MP con procesador TruePic IX<\/p>\n<\/li>\n<li data-start=\"1845\" data-end=\"1909\">\n<p data-start=\"1847\" data-end=\"1909\">Estabilizaci\u00f3n de imagen sincronizada de 5 ejes (hasta 7,5 EV)<\/p>\n<\/li>\n<li data-start=\"1910\" data-end=\"1967\">\n<p data-start=\"1912\" data-end=\"1967\">Cuerpo sellado contra la intemperie con certificaci\u00f3n IP53<\/p>\n<\/li>\n<li data-start=\"1968\" data-end=\"2021\">\n<p data-start=\"1970\" data-end=\"2021\">V\u00eddeo 4K a 30 fps y Full HD a 120 fps con OM-Log400<\/p>\n<\/li>\n<li data-start=\"2022\" data-end=\"2082\">\n<p data-start=\"2024\" data-end=\"2082\">Disparo continuo silencioso de hasta 30 fps y modo Pro Capture<\/p>\n<\/li>\n<li data-start=\"2083\" data-end=\"2162\">\n<p data-start=\"2085\" data-end=\"2162\">Bot\u00f3n dedicado para modos computacionales (HighRes Shot, Live ND, HDR, etc.)<\/p>\n<\/li>\n<li data-start=\"2163\" data-end=\"2220\">\n<p data-start=\"2165\" data-end=\"2220\">AF de cielo estrellado, composici\u00f3n en vivo y modo de visi\u00f3n nocturna<\/p>\n<\/li>\n<li data-start=\"2221\" data-end=\"2289\">\n<p data-start=\"2223\" data-end=\"2289\">Conectividad Wi-Fi\/Bluetooth y control remoto a trav\u00e9s de la aplicaci\u00f3n OI. Compartir<\/p>\n<\/li>\n<\/ul>\n<p><\/p>\n<h3 data-start=\"1752\" data-end=\"1786\" style=\"color: rgb(0, 0, 0);\">Especificaciones t\u00e9cnicas<\/h3>\n<p><\/p>\n<table style=\"background-color: rgb(255, 255, 255); width: 1553px;\">\n<thead>\n<tr>\n<th>Detalle de la especificaci\u00f3n<\/th>\n<th><\/th>\n<\/tr>\n<\/thead>\n<tbody>\n<tr>\n<td><\/td>\n<td>Sensor Live MOS de 4\/3&#8243;, 20,4 MP (efectivo)<\/td>\n<\/tr>\n<tr>\n<td>Procesador de imagen<\/td>\n<td>TruePic IX<\/td>\n<\/tr>\n<tr>\n<td>Estabilizaci\u00f3n de imagen<\/td>\n<p> IS de 5 ejes <\/p>\n<td>(sincronizada), hasta 7,5 EV<\/td>\n<\/tr>\n<tr>\n<td>Enfoque autom\u00e1tico<\/td>\n<td>121 puntos de detecci\u00f3n de fase cruzados<\/td>\n<\/tr>\n<tr>\n<td>Disparo continuo<\/td>\n<td>de hasta 30 fps (S-AF) \/ 10 fps (C-AF)<\/td>\n<\/tr>\n<tr>\n<td><\/td>\n<td>4K (30p), Full HD (120p), v\u00eddeo OM-Log400, grabaci\u00f3n vertical<\/td>\n<\/tr>\n<tr>\n<td>Disparo de alta resoluci\u00f3n, ND en vivo, apilamiento de enfoque, HDR,<\/td>\n<td>modos computacionales<\/td>\n<p> de exposici\u00f3n m\u00faltiple<\/tr>\n<tr>\n<td>Conectividad Wi-Fi, Bluetooth LE<\/td>\n<td><\/td>\n<\/tr>\n<tr>\n<td>Peso<\/td>\n<td>418 g (con bater\u00eda y tarjeta SD)<\/td>\n<\/tr>\n<tr>\n<td><\/td>\n<td>Sellado IP53: resistente al polvo, la lluvia y temperaturas de hasta -10 \u00baC<\/td>\n<\/tr>\n<tr>\n<td><\/td>\n<td>Pantalla t\u00e1ctil LCD inclinable, 3&#8243;, 1,04 millones de puntos<\/td>\n<\/tr>\n<tr>\n<td>Visor electr\u00f3nico<\/td>\n<td>OLED de 2,36 millones de puntos<\/td>\n<\/tr>\n<tr>\n<td><\/td>\n<td>Puertos USB-C (carga), micro HDMI, micr\u00f3fono externo<\/td>\n<\/tr>\n<tr>\n<td>Bater\u00eda BLS-50 <\/td>\n<td><\/td>\n<\/tr>\n<tr>\n<td>Compatibilidad con lentes con montura Micro Cuatro Tercios (MFT)<\/td>\n<td><\/td>\n<\/tr>\n<\/tbody>\n<\/table>\n<p><\/p>\n<p><\/p>\n<p><\/p>\n<h3 data-start=\"2296\" data-end=\"2325\" style=\"color: rgb(0, 0, 0);\">Contenido del paquete<\/h3>\n<ul data-start=\"2326\" data-end=\"2483\">\n<li data-start=\"2326\" data-end=\"2367\">\n<p data-start=\"2328\" data-end=\"2367\">C\u00e1mara OM SYSTEM OM-5 Mark II (cuerpo)<\/p>\n<\/li>\n<li data-start=\"2368\" data-end=\"2392\">\n<p data-start=\"2370\" data-end=\"2392\">Bater\u00eda recargable<\/p>\n<\/li>\n<li data-start=\"2393\" data-end=\"2413\">\n<p data-start=\"2395\" data-end=\"2413\">Cargador USB-C<\/p>\n<\/li>\n<li data-start=\"2414\" data-end=\"2439\">\n<p data-start=\"2416\" data-end=\"2439\">Correa de transporte<\/p>\n<\/li>\n<li data-start=\"2440\" data-end=\"2458\">\n<p data-start=\"2442\" data-end=\"2458\">Cubierta del cuerpo<\/p>\n<\/li>\n<li data-start=\"2459\" data-end=\"2483\">\n<p data-start=\"2461\" data-end=\"2483\">Manual<\/p>\n<\/li>\n<\/ul>\n<p><\/p>\n<p><\/p>\n<p><\/p>\n","protected":false},"excerpt":{"rendered":"<p>OM SYSTEM OM-5 Mark II &#8211; Cuerpo gris La OM SYSTEM OM-5 Mark II es la c\u00e1mara que acompa\u00f1a a<\/p>\n","protected":false},"featured_media":76279,"comment_status":"closed","ping_status":"closed","template":"","meta":{"_acf_changed":false},"product_brand":[2540],"product_cat":[932],"product_tag":[],"class_list":{"0":"post-82119","1":"product","2":"type-product","3":"status-publish","4":"has-post-thumbnail","6":"product_brand-om-system-es","7":"product_cat-mirrorless-es","8":"pa_cartoes-memoria-compativeis-sd-es","9":"pa_cor-plata","10":"pa_estabilizacao-de-imagem-si","11":"pa_iso-6400-es","12":"pa_montagem-micro-4-3","13":"pa_resolucao-de-video-4k-es","14":"pa_resolucao-mp-20-mp-es","15":"pa_sensor-micro-cuatro-tercios","16":"pa_tamanho-resolucao-lcd-3-0-1-036m-puntos","17":"pa_tipo-de-lcd-totalmente-articulada","19":"first","20":"instock","21":"taxable","22":"shipping-taxable","23":"purchasable","24":"product-type-simple"},"bundled_by":[],"bundle_stock_status":"instock","bundle_stock_quantity":1,"bundle_virtual":false,"bundle_layout":"","bundle_add_to_cart_form_location":"","bundle_editable_in_cart":false,"bundle_sold_individually_context":"","bundle_item_grouping":"","bundle_min_size":"","bundle_max_size":"","bundle_price":[],"bundled_items":[],"bundle_sell_ids":[],"acf":[],"_links":{"self":[{"href":"https:\/\/hi-techwonder.com\/es\/wp-json\/wp\/v2\/product\/82119","targetHints":{"allow":["GET"]}}],"collection":[{"href":"https:\/\/hi-techwonder.com\/es\/wp-json\/wp\/v2\/product"}],"about":[{"href":"https:\/\/hi-techwonder.com\/es\/wp-json\/wp\/v2\/types\/product"}],"replies":[{"embeddable":true,"href":"https:\/\/hi-techwonder.com\/es\/wp-json\/wp\/v2\/comments?post=82119"}],"wp:featuredmedia":[{"embeddable":true,"href":"https:\/\/hi-techwonder.com\/es\/wp-json\/wp\/v2\/media\/76279"}],"wp:attachment":[{"href":"https:\/\/hi-techwonder.com\/es\/wp-json\/wp\/v2\/media?parent=82119"}],"wp:term":[{"taxonomy":"product_brand","embeddable":true,"href":"https:\/\/hi-techwonder.com\/es\/wp-json\/wp\/v2\/product_brand?post=82119"},{"taxonomy":"product_cat","embeddable":true,"href":"https:\/\/hi-techwonder.com\/es\/wp-json\/wp\/v2\/product_cat?post=82119"},{"taxonomy":"product_tag","embeddable":true,"href":"https:\/\/hi-techwonder.com\/es\/wp-json\/wp\/v2\/product_tag?post=82119"}],"curies":[{"name":"wp","href":"https:\/\/api.w.org\/{rel}","templated":true}]}}