{"id":82120,"date":"2025-08-05T09:41:35","date_gmt":"2025-08-05T09:41:35","guid":{"rendered":"https:\/\/hi-techwonder.com\/product\/smallrig-4346-mango-lateral\/"},"modified":"2026-03-31T15:33:49","modified_gmt":"2026-03-31T14:33:49","slug":"smallrig-4346-mango-lateral","status":"publish","type":"product","link":"https:\/\/hi-techwonder.com\/es\/producto\/smallrig-4346-mango-lateral\/","title":{"rendered":"SMALLRIG 4346 Mango lateral"},"content":{"rendered":"<h3><b>SmallRig <\/b>4346<b style=\"color: inherit;\"> Empu\u00f1adura lateral de tornillo dos en uno <\/b><\/h3>\n<p><\/p>\n<p>El mango presenta un dise\u00f1o extensible y una alta versatilidad, compatible con jaulas, placas, etc., que tienen orificios de ubicaci\u00f3n de 1\/4&#8243;-20 y ARRI 3\/8&#8243;-16. El dise\u00f1o ergon\u00f3mico permite el uso con la mano izquierda o derecha, ofreciendo un agarre c\u00f3modo. La empu\u00f1adura se puede ajustar verticalmente en 36 mm, seg\u00fan el tama\u00f1o de la c\u00e1mara, lo que garantiza la mejor posici\u00f3n de agarre. Est\u00e1 hecho principalmente de aleaci\u00f3n de aluminio de alta resistencia y los puntos de montaje extensibles est\u00e1n hechos de acero inoxidable. Las almohadillas de silicona en la superficie de contacto con la palma son anticongelantes y antideslizantes. Incluye orificio roscado de 1\/4&#8243;-20, orificio de ubicaci\u00f3n de 1\/4&#8243;-20, orificio para cintur\u00f3n, zapata fr\u00eda para montar accesorios como soporte de monitor 2905, r\u00f3tula Magic Arm 3875, luz de video LED 3286, micr\u00f3fono 3468 y m\u00e1s. Tambi\u00e9n incluye una llave Allen magn\u00e9tica integrada para facilitar el montaje y el ajuste.      <\/p>\n<p><\/p>\n<h3 data-start=\"1358\" data-end=\"1389\"><strong data-start=\"1362\" data-end=\"1389\">Especificaciones t\u00e9cnicas<\/strong><\/h3>\n<div class=\"_tableContainer_80l1q_1\">\n<div tabindex=\"-1\" class=\"_tableWrapper_80l1q_14 group flex w-fit flex-col-reverse\">\n<table data-start=\"1391\" data-end=\"1900\" class=\"w-fit min-w-(--thread-content-width)\">\n<thead data-start=\"1391\" data-end=\"1452\">\n<tr data-start=\"1391\" data-end=\"1452\">\n<th data-start=\"1391\" data-end=\"1420\" data-col-size=\"sm\">Valor de especificaci\u00f3n<\/th>\n<th data-start=\"1420\" data-end=\"1452\" data-col-size=\"md\"><\/th>\n<\/tr>\n<\/thead>\n<tbody data-start=\"1515\" data-end=\"1900\">\n<tr data-start=\"1515\" data-end=\"1576\">\n<td data-start=\"1515\" data-end=\"1544\" data-col-size=\"sm\">Dimensiones del producto<\/td>\n<td data-col-size=\"md\" data-start=\"1544\" data-end=\"1576\">68,5 \u00d7 80 \u00d7 105 mm<\/td>\n<\/tr>\n<tr data-start=\"1577\" data-end=\"1638\">\n<td data-start=\"1577\" data-end=\"1606\" data-col-size=\"sm\">Dimensiones del paquete<\/td>\n<td data-col-size=\"md\" data-start=\"1606\" data-end=\"1638\">144 \u00d7 102,5 \u00d7 56 mm<\/td>\n<\/tr>\n<tr data-start=\"1639\" data-end=\"1700\">\n<td data-start=\"1639\" data-end=\"1668\" data-col-size=\"sm\">Peso del producto<\/td>\n<td data-col-size=\"md\" data-start=\"1668\" data-end=\"1700\">208.0 g \u00b1 5 g<\/td>\n<\/tr>\n<tr data-start=\"1701\" data-end=\"1762\">\n<td data-start=\"1701\" data-end=\"1730\" data-col-size=\"sm\">Peso del paquete<\/td>\n<td data-col-size=\"md\" data-start=\"1730\" data-end=\"1762\">: 259,0 g \u00b1 5 g<\/td>\n<\/tr>\n<tr data-start=\"1763\" data-end=\"1838\">\n<td data-start=\"1763\" data-end=\"1792\" data-col-size=\"sm\">Materiales<\/td>\n<td data-col-size=\"md\" data-start=\"1792\" data-end=\"1838\">Aleaci\u00f3n de aluminio, acero inoxidable, silicona<\/td>\n<\/tr>\n<tr data-start=\"1839\" data-end=\"1900\">\n<td data-start=\"1839\" data-end=\"1868\" data-col-size=\"sm\">Capacidad de carga<\/td>\n<td data-start=\"1868\" data-end=\"1900\" data-col-size=\"md\">15 kg<\/td>\n<\/tr>\n<\/tbody>\n<\/table>\n<\/div>\n<\/div>\n<p><\/p>\n<p data-start=\"1284\" data-end=\"1312\"><strong data-start=\"1284\" data-end=\"1310\">Contenido del paquete:<\/strong><\/p>\n<ul data-start=\"1313\" data-end=\"1351\">\n<li data-start=\"1313\" data-end=\"1326\">\n<p data-start=\"1315\" data-end=\"1326\">1 x Asa<\/p>\n<\/li>\n<li data-start=\"1327\" data-end=\"1351\">\n<p data-start=\"1329\" data-end=\"1351\">1 x adaptador de mango<\/p>\n<\/li>\n<\/ul>\n<p><\/p>\n<p><strong data-start=\"1193\" data-end=\"1212\">Compatible con:<\/strong><br data-start=\"1212\" data-end=\"1215\">Jaulas y placas con orificios de localizaci\u00f3n ARRI de 3\/8&#8243;-16 o 1\/4&#8243;-20<\/p>\n<p><\/p>\n<p>EAN: 6941590014340<\/p>\n","protected":false},"excerpt":{"rendered":"<p>SmallRig 4346 Empu\u00f1adura lateral de tornillo dos en uno El mango presenta un dise\u00f1o extensible y una alta versatilidad, compatible<\/p>\n","protected":false},"featured_media":76346,"comment_status":"closed","ping_status":"open","template":"","meta":{"_acf_changed":false},"product_brand":[2550],"product_cat":[1108],"product_tag":[],"class_list":{"0":"post-82120","1":"product","2":"type-product","3":"status-publish","4":"has-post-thumbnail","6":"product_brand-smallrig-es","7":"product_cat-empunaduras-cages","9":"first","10":"onbackorder","11":"taxable","12":"shipping-taxable","13":"purchasable","14":"product-type-simple"},"bundled_by":[],"bundle_stock_status":"onbackorder","bundle_stock_quantity":null,"bundle_virtual":false,"bundle_layout":"","bundle_add_to_cart_form_location":"","bundle_editable_in_cart":false,"bundle_sold_individually_context":"","bundle_item_grouping":"","bundle_min_size":"","bundle_max_size":"","bundle_price":[],"bundled_items":[],"bundle_sell_ids":[],"acf":[],"_links":{"self":[{"href":"https:\/\/hi-techwonder.com\/es\/wp-json\/wp\/v2\/product\/82120","targetHints":{"allow":["GET"]}}],"collection":[{"href":"https:\/\/hi-techwonder.com\/es\/wp-json\/wp\/v2\/product"}],"about":[{"href":"https:\/\/hi-techwonder.com\/es\/wp-json\/wp\/v2\/types\/product"}],"replies":[{"embeddable":true,"href":"https:\/\/hi-techwonder.com\/es\/wp-json\/wp\/v2\/comments?post=82120"}],"wp:featuredmedia":[{"embeddable":true,"href":"https:\/\/hi-techwonder.com\/es\/wp-json\/wp\/v2\/media\/76346"}],"wp:attachment":[{"href":"https:\/\/hi-techwonder.com\/es\/wp-json\/wp\/v2\/media?parent=82120"}],"wp:term":[{"taxonomy":"product_brand","embeddable":true,"href":"https:\/\/hi-techwonder.com\/es\/wp-json\/wp\/v2\/product_brand?post=82120"},{"taxonomy":"product_cat","embeddable":true,"href":"https:\/\/hi-techwonder.com\/es\/wp-json\/wp\/v2\/product_cat?post=82120"},{"taxonomy":"product_tag","embeddable":true,"href":"https:\/\/hi-techwonder.com\/es\/wp-json\/wp\/v2\/product_tag?post=82120"}],"curies":[{"name":"wp","href":"https:\/\/api.w.org\/{rel}","templated":true}]}}