{"id":82121,"date":"2025-08-05T09:41:35","date_gmt":"2025-08-05T09:41:35","guid":{"rendered":"https:\/\/hi-techwonder.com\/product\/smallrig-3764-empunadura-superior\/"},"modified":"2025-12-30T18:13:54","modified_gmt":"2025-12-30T18:13:54","slug":"smallrig-3764-empunadura-superior","status":"publish","type":"product","link":"https:\/\/hi-techwonder.com\/es\/producto\/smallrig-3764-empunadura-superior\/","title":{"rendered":"SMALLRIG 3764 Empu\u00f1adura superior"},"content":{"rendered":"<h3><b>Empu\u00f1adura superior SmallRig con zapata fr\u00eda (Lite) 3764<\/b><\/h3>\n<p><\/p>\n<p>El mango ergon\u00f3mico, con silicona antideslizante y resistente al fr\u00edo, ofrece una sensaci\u00f3n c\u00f3moda y pesa solo 129 g debido a su dise\u00f1o hueco. Cuenta con 3 <em data-start=\"719\" data-end=\"731\">zapatas fr\u00edas<\/em> delanteras y 2 traseras, lo que permite el montaje simult\u00e1neo de micr\u00f3fonos, luces LED, monitores y otros accesorios. Los orificios de ubicaci\u00f3n ARRI de 3\/8&#8243;-16 soportan los soportes para monitores 2903 y 2348; Los orificios roscados de 1\/4&#8243;-20 son compatibles con el brazo m\u00e1gico 2070 para monitores y el mando a distancia 2924 para grabaci\u00f3n. Se incluye una llave Allen para apretar el tornillo de bloqueo, lo que facilita su montaje y desmontaje.   <\/p>\n<p><\/p>\n<h3 data-start=\"192\" data-end=\"227\"><strong data-start=\"196\" data-end=\"227\">Caracter\u00edsticas principales:<\/strong><\/h3>\n<ol data-start=\"228\" data-end=\"560\">\n<li data-start=\"228\" data-end=\"320\">\n<p data-start=\"231\" data-end=\"320\">Dise\u00f1o ergon\u00f3mico que mejora la experiencia del usuario y reduce la tensi\u00f3n en los brazos.<\/p>\n<\/li>\n<li data-start=\"321\" data-end=\"423\">\n<p data-start=\"324\" data-end=\"423\">Fabricado en su mayor\u00eda en aleaci\u00f3n de aluminio, con silicona antideslizante y resistente al fr\u00edo.<\/p>\n<\/li>\n<li data-start=\"424\" data-end=\"477\">\n<p data-start=\"427\" data-end=\"477\">Estructura hueca que reduce el peso a solo 129 g.<\/p>\n<\/li>\n<li data-start=\"478\" data-end=\"560\">\n<p data-start=\"481\" data-end=\"560\">Incluye 5 ranuras de <em data-start=\"499\" data-end=\"510\">zapata fr\u00eda<\/em> integradas para micr\u00f3fono, luz LED, monitor, etc.<\/p>\n<\/li>\n<\/ol>\n<p><\/p>\n<h3 data-start=\"1379\" data-end=\"1410\"><strong data-start=\"1383\" data-end=\"1410\">Especificaciones t\u00e9cnicas<\/strong><\/h3>\n<div class=\"_tableContainer_80l1q_1\">\n<div tabindex=\"-1\" class=\"_tableWrapper_80l1q_14 group flex w-fit flex-col-reverse\">\n<table data-start=\"1412\" data-end=\"2052\" class=\"w-fit min-w-(--thread-content-width)\">\n<thead data-start=\"1412\" data-end=\"1482\">\n<tr data-start=\"1412\" data-end=\"1482\">\n<th data-start=\"1412\" data-end=\"1445\" data-col-size=\"sm\"><strong data-start=\"1414\" data-end=\"1431\">Detalle de la especificaci\u00f3n<\/strong><\/th>\n<th data-start=\"1445\" data-end=\"1482\" data-col-size=\"md\"><strong data-start=\"1447\" data-end=\"1458\"><\/strong><\/th>\n<\/tr>\n<\/thead>\n<tbody data-start=\"1553\" data-end=\"2052\">\n<tr data-start=\"1553\" data-end=\"1622\">\n<td data-start=\"1553\" data-end=\"1585\" data-col-size=\"sm\">Dimensiones del producto<\/td>\n<td data-col-size=\"md\" data-start=\"1585\" data-end=\"1622\">135 x 24,5 x 72 mm<\/td>\n<\/tr>\n<tr data-start=\"1623\" data-end=\"1692\">\n<td data-start=\"1623\" data-end=\"1655\" data-col-size=\"sm\">Dimensiones del paquete<\/td>\n<td data-col-size=\"md\" data-start=\"1655\" data-end=\"1692\">: 156 x 83 x 43 mm<\/td>\n<\/tr>\n<tr data-start=\"1693\" data-end=\"1762\">\n<td data-start=\"1693\" data-end=\"1725\" data-col-size=\"sm\">Peso neto<\/td>\n<td data-col-size=\"md\" data-start=\"1725\" data-end=\"1762\">129g \u00b1 5g<\/td>\n<\/tr>\n<tr data-start=\"1763\" data-end=\"1832\">\n<td data-start=\"1763\" data-end=\"1795\" data-col-size=\"sm\">Peso del paquete<\/td>\n<td data-col-size=\"md\" data-start=\"1795\" data-end=\"1832\">: 182 g \u00b1 5 g<\/td>\n<\/tr>\n<tr data-start=\"1833\" data-end=\"1911\">\n<td data-start=\"1833\" data-end=\"1865\" data-col-size=\"sm\">Material<\/td>\n<td data-col-size=\"md\" data-start=\"1865\" data-end=\"1911\">Aleaci\u00f3n de aluminio, silicona, acero inoxidable<\/td>\n<\/tr>\n<tr data-start=\"1912\" data-end=\"1981\">\n<td data-start=\"1912\" data-end=\"1944\" data-col-size=\"sm\">Capacidad de carga m\u00e1xima<\/td>\n<td data-col-size=\"md\" data-start=\"1944\" data-end=\"1981\">5 kg<\/td>\n<\/tr>\n<tr data-start=\"1982\" data-end=\"2052\">\n<td data-start=\"1982\" data-end=\"2014\" data-col-size=\"sm\">Compatibilidad<\/td>\n<td data-col-size=\"md\" data-start=\"2014\" data-end=\"2052\">Montaje universal de <em data-start=\"2035\" data-end=\"2050\">zapata fr\u00eda\/caliente<\/em><\/td>\n<\/tr>\n<\/tbody>\n<\/table>\n<\/div>\n<\/div>\n<p data-start=\"1305\" data-end=\"1331\"><strong data-start=\"1305\" data-end=\"1331\"><br \/><\/strong><\/p>\n<p data-start=\"1305\" data-end=\"1331\"><strong data-start=\"1305\" data-end=\"1331\"><br \/><\/strong><\/p>\n<p data-start=\"1305\" data-end=\"1331\"><strong data-start=\"1305\" data-end=\"1331\">Contenido del paquete:<\/strong><\/p>\n<ul data-start=\"1332\" data-end=\"1372\">\n<li data-start=\"1332\" data-end=\"1354\">\n<p data-start=\"1334\" data-end=\"1354\">1 x Asa superior<\/p>\n<\/li>\n<li data-start=\"1355\" data-end=\"1372\">\n<p data-start=\"1357\" data-end=\"1372\">1 x Llave Allen<\/p>\n<\/li>\n<\/ul>\n<p><\/p>\n<p>EAN: 6941590008431<\/p>\n","protected":false},"excerpt":{"rendered":"<p>Empu\u00f1adura superior SmallRig con zapata fr\u00eda (Lite) 3764 El mango ergon\u00f3mico, con silicona antideslizante y resistente al fr\u00edo, ofrece una<\/p>\n","protected":false},"featured_media":76334,"comment_status":"closed","ping_status":"open","template":"","meta":{"_acf_changed":false},"product_brand":[2550],"product_cat":[1108],"product_tag":[],"class_list":{"0":"post-82121","1":"product","2":"type-product","3":"status-publish","4":"has-post-thumbnail","6":"product_brand-smallrig-es","7":"product_cat-empunaduras-cages","9":"first","10":"instock","11":"taxable","12":"shipping-taxable","13":"purchasable","14":"product-type-simple"},"bundled_by":[],"bundle_stock_status":"instock","bundle_stock_quantity":1,"bundle_virtual":false,"bundle_layout":"","bundle_add_to_cart_form_location":"","bundle_editable_in_cart":false,"bundle_sold_individually_context":"","bundle_item_grouping":"","bundle_min_size":"","bundle_max_size":"","bundle_price":[],"bundled_items":[],"bundle_sell_ids":[],"acf":[],"_links":{"self":[{"href":"https:\/\/hi-techwonder.com\/es\/wp-json\/wp\/v2\/product\/82121","targetHints":{"allow":["GET"]}}],"collection":[{"href":"https:\/\/hi-techwonder.com\/es\/wp-json\/wp\/v2\/product"}],"about":[{"href":"https:\/\/hi-techwonder.com\/es\/wp-json\/wp\/v2\/types\/product"}],"replies":[{"embeddable":true,"href":"https:\/\/hi-techwonder.com\/es\/wp-json\/wp\/v2\/comments?post=82121"}],"wp:featuredmedia":[{"embeddable":true,"href":"https:\/\/hi-techwonder.com\/es\/wp-json\/wp\/v2\/media\/76334"}],"wp:attachment":[{"href":"https:\/\/hi-techwonder.com\/es\/wp-json\/wp\/v2\/media?parent=82121"}],"wp:term":[{"taxonomy":"product_brand","embeddable":true,"href":"https:\/\/hi-techwonder.com\/es\/wp-json\/wp\/v2\/product_brand?post=82121"},{"taxonomy":"product_cat","embeddable":true,"href":"https:\/\/hi-techwonder.com\/es\/wp-json\/wp\/v2\/product_cat?post=82121"},{"taxonomy":"product_tag","embeddable":true,"href":"https:\/\/hi-techwonder.com\/es\/wp-json\/wp\/v2\/product_tag?post=82121"}],"curies":[{"name":"wp","href":"https:\/\/api.w.org\/{rel}","templated":true}]}}