{"id":82124,"date":"2025-08-05T09:41:35","date_gmt":"2025-08-05T09:41:35","guid":{"rendered":"https:\/\/hi-techwonder.com\/product\/kf-concept-kf09-149-k234a3-tripode-de-magnesio-junta-de-bola-bh-36\/"},"modified":"2025-10-22T16:33:56","modified_gmt":"2025-10-22T16:33:56","slug":"kf-concept-kf09-149-k234a3-tripode-de-magnesio-junta-de-bola-bh-36","status":"publish","type":"product","link":"https:\/\/hi-techwonder.com\/es\/producto\/kf-concept-kf09-149-k234a3-tripode-de-magnesio-junta-de-bola-bh-36\/","title":{"rendered":"K&amp;F CONCEPT KF09.149 K234A3 Tr\u00edpode de magnesio + Junta de bola BH-36"},"content":{"rendered":"<p data-start=\"440\" data-end=\"515\"><strong data-start=\"440\" data-end=\"515\">K&amp;F CONCEPT KF09.149 K234A3 Tr\u00edpode de magnesio con cabeza de r\u00f3tula BH-36<\/strong><\/p>\n<p data-start=\"440\" data-end=\"515\">KF09.149<\/p>\n<h3 data-start=\"517\" data-end=\"538\">Funciones<\/h3>\n<p data-start=\"539\" data-end=\"1182\"><strong data-start=\"539\" data-end=\"573\">. Capacidad de carga de hasta 8 kg<\/strong><br data-start=\"573\" data-end=\"576\"><strong data-start=\"576\" data-end=\"623\">. Altura ajustable entre 54,9 cm y 177,8 cm<\/strong><br data-start=\"623\" data-end=\"626\"><strong data-start=\"626\" data-end=\"691\">. R\u00f3tula de aluminio compatible con el sistema Arca-Type<\/strong><br data-start=\"691\" data-end=\"694\"><strong data-start=\"694\" data-end=\"757\">. Patas de aleaci\u00f3n de magnesio de 4 secciones con bloqueo abatible<\/strong><br data-start=\"757\" data-end=\"760\"><strong data-start=\"760\" data-end=\"820\">. Compacto y ligero para el transporte (peso total 1,3 kg)<\/strong><br data-start=\"820\" data-end=\"823\"><strong data-start=\"823\" data-end=\"898\">. Longitud plegada de solo 43 cm, ideal para llevar en una mochila<\/strong><br data-start=\"898\" data-end=\"901\"><strong data-start=\"901\" data-end=\"966\">. Columna central con gancho de lastre para mayor estabilidad<\/strong><br data-start=\"966\" data-end=\"969\"><strong data-start=\"969\" data-end=\"1045\">. Tres posiciones de patas independientes para una mayor versatilidad de uso<\/strong><br data-start=\"1045\" data-end=\"1048\"><strong data-start=\"1048\" data-end=\"1110\">. Placa de liberaci\u00f3n r\u00e1pida incluida con tornillo de 1\/4&#8243;-20<\/strong><br data-start=\"1110\" data-end=\"1113\"><strong data-start=\"1113\" data-end=\"1182\">. Incluye soporte para smartphone y estuche de transporte acolchado<\/strong><\/p>\n<h3 data-start=\"1184\" data-end=\"1211\">Contenido del paquete<\/h3>\n<p data-start=\"1212\" data-end=\"1349\"><strong data-start=\"1212\" data-end=\"1280\">. Tr\u00edpode de magnesio K&amp;F Concept K234A3 con cabeza de bola BH-36<\/strong><br data-start=\"1280\" data-end=\"1283\"><strong data-start=\"1283\" data-end=\"1310\">. Soporte para tel\u00e9fono<\/strong><br data-start=\"1310\" data-end=\"1313\"><strong data-start=\"1313\" data-end=\"1349\">. Estuche de transporte acolchado<\/strong><\/p>\n<p data-start=\"1212\" data-end=\"1349\"><strong data-start=\"1313\" data-end=\"1349\"><br \/><\/strong><\/p>\n<p data-start=\"1212\" data-end=\"1349\">&nbsp;&nbsp;<strong data-start=\"1313\" data-end=\"1349\"><br \/><\/strong><\/p>\n<h3 data-start=\"1351\" data-end=\"1366\">Descripci\u00f3n<\/h3>\n<p data-start=\"1367\" data-end=\"1987\"><strong data-start=\"1367\" data-end=\"1987\">. El K&amp;F CONCEPT KF09.149 es un tr\u00edpode de viaje profesional, ideal para fot\u00f3grafos y vide\u00f3grafos que requieren estabilidad, movilidad y precisi\u00f3n. Con un marco ligero de magnesio y aluminio, este modelo combina robustez con portabilidad. Las patas de bloqueo abatible de 4 secciones permiten ajustes r\u00e1pidos y seguros, mientras que la cabeza de bola BH-36 con base panor\u00e1mica de 360\u00b0 ofrece una excelente libertad de encuadre. La compatibilidad con las tarjetas Arca lo hace vers\u00e1til para una variedad de sistemas de c\u00e1mara. Con una altura m\u00e1xima de 177,8 cm y un m\u00ednimo de solo 54,9 cm, se adapta a diferentes escenarios de disparo.    <\/strong><\/p>\n<h3 data-start=\"1989\" data-end=\"2018\">Especificaciones t\u00e9cnicas<\/h3>\n<div class=\"_tableContainer_16hzy_1\">\n<div tabindex=\"-1\" class=\"_tableWrapper_16hzy_14 group flex w-fit flex-col-reverse\">\n<table data-start=\"2020\" data-end=\"4226\" class=\"w-fit min-w-(--thread-content-width)\">\n<thead data-start=\"2020\" data-end=\"2112\">\n<tr data-start=\"2020\" data-end=\"2112\">\n<th data-start=\"2020\" data-end=\"2059\" data-col-size=\"sm\"><strong data-start=\"2022\" data-end=\"2040\">Detalles de especificaciones<\/strong><\/th>\n<th data-start=\"2059\" data-end=\"2112\" data-col-size=\"sm\"><strong data-start=\"2061\" data-end=\"2073\"><\/strong><\/th>\n<\/tr>\n<\/thead>\n<tbody data-start=\"2205\" data-end=\"4226\">\n<tr data-start=\"2205\" data-end=\"2296\">\n<td data-start=\"2205\" data-end=\"2243\" data-col-size=\"sm\"><strong data-start=\"2207\" data-end=\"2217\">Modelo<\/strong><\/td>\n<td data-col-size=\"sm\" data-start=\"2243\" data-end=\"2296\">KF09.149<\/td>\n<\/tr>\n<tr data-start=\"2297\" data-end=\"2388\">\n<td data-start=\"2297\" data-end=\"2335\" data-col-size=\"sm\"><strong data-start=\"2299\" data-end=\"2322\">Referencia de marca<\/strong><\/td>\n<td data-col-size=\"sm\" data-start=\"2335\" data-end=\"2388\">K234A3 + BH-36<\/td>\n<\/tr>\n<tr data-start=\"2389\" data-end=\"2480\">\n<td data-start=\"2389\" data-end=\"2427\" data-col-size=\"sm\"><strong data-start=\"2391\" data-end=\"2398\">EAN<\/strong><\/td>\n<td data-col-size=\"sm\" data-start=\"2427\" data-end=\"2480\">6936069260409<\/td>\n<\/tr>\n<tr data-start=\"2481\" data-end=\"2572\">\n<td data-start=\"2481\" data-end=\"2519\" data-col-size=\"sm\"><strong data-start=\"2483\" data-end=\"2501\">Tipo de cabeza<\/strong><\/td>\n<td data-col-size=\"sm\" data-start=\"2519\" data-end=\"2572\">R\u00f3tula<\/td>\n<\/tr>\n<tr data-start=\"2573\" data-end=\"2664\">\n<td data-start=\"2573\" data-end=\"2611\" data-col-size=\"sm\"><strong data-start=\"2575\" data-end=\"2603\">Compatibilidad con placa tipo Ark<\/strong><\/td>\n<td data-col-size=\"sm\" data-start=\"2611\" data-end=\"2664\">, con tornillo de 1\/4&#8243;-20<\/td>\n<\/tr>\n<tr data-start=\"2665\" data-end=\"2756\">\n<td data-start=\"2665\" data-end=\"2703\" data-col-size=\"sm\"><strong data-start=\"2667\" data-end=\"2690\">Capacidad de carga<\/strong><\/td>\n<td data-col-size=\"sm\" data-start=\"2703\" data-end=\"2756\">8 kg \/ 17,6 lb<\/td>\n<\/tr>\n<tr data-start=\"2757\" data-end=\"2848\">\n<td data-start=\"2757\" data-end=\"2795\" data-col-size=\"sm\"><strong data-start=\"2759\" data-end=\"2788\">Altura m\u00ednima de trabajo<\/strong><\/td>\n<td data-col-size=\"sm\" data-start=\"2795\" data-end=\"2848\">54,9 cm \/ 21,6&#8243;<\/td>\n<\/tr>\n<tr data-start=\"2849\" data-end=\"2940\">\n<td data-start=\"2849\" data-end=\"2887\" data-col-size=\"sm\"><strong data-start=\"2851\" data-end=\"2880\">Altura m\u00e1xima de trabajo<\/strong><\/td>\n<td data-col-size=\"sm\" data-start=\"2887\" data-end=\"2940\">177,8 cm \/ 70&#8243;<\/td>\n<\/tr>\n<tr data-start=\"2941\" data-end=\"3032\">\n<td data-start=\"2941\" data-end=\"2979\" data-col-size=\"sm\"><strong data-start=\"2943\" data-end=\"2979\">Altura m\u00e1xima sin columna central<\/strong><\/td>\n<td data-col-size=\"sm\" data-start=\"2979\" data-end=\"3032\">127.99 cm \/ 50.39&#8243;<\/td>\n<\/tr>\n<tr data-start=\"3033\" data-end=\"3124\">\n<td data-start=\"3033\" data-end=\"3071\" data-col-size=\"sm\"><strong data-start=\"3035\" data-end=\"3053\">Columna central<\/strong><\/td>\n<td data-col-size=\"sm\" data-start=\"3071\" data-end=\"3124\">S\u00ed, con gancho de lastre<\/td>\n<\/tr>\n<tr data-start=\"3125\" data-end=\"3216\">\n<td data-start=\"3125\" data-end=\"3163\" data-col-size=\"sm\"><strong data-start=\"3127\" data-end=\"3148\">N\u00famero de secciones<\/strong><\/td>\n<td data-col-size=\"sm\" data-start=\"3163\" data-end=\"3216\">4<\/td>\n<\/tr>\n<tr data-start=\"3217\" data-end=\"3308\">\n<td data-col-size=\"sm\" data-start=\"3255\" data-end=\"3308\">Bloqueo de pierna abatible<\/td>\n<td data-start=\"3217\" data-end=\"3255\" data-col-size=\"sm\"><strong data-start=\"3219\" data-end=\"3239\"><\/strong><\/td>\n<\/tr>\n<tr data-start=\"3309\" data-end=\"3399\">\n<td data-start=\"3309\" data-end=\"3347\" data-col-size=\"sm\"><strong data-start=\"3311\" data-end=\"3334\">Material de la pata<\/strong><\/td>\n<p>: aleaci\u00f3n de <\/p>\n<td data-col-size=\"sm\" data-start=\"3347\" data-end=\"3399\">magnesio y aluminio<\/td>\n<\/tr>\n<tr data-start=\"3400\" data-end=\"3491\">\n<td data-start=\"3400\" data-end=\"3438\" data-col-size=\"sm\"><strong data-start=\"3402\" data-end=\"3438\">Apertura independiente de la pierna<\/strong><\/td>\n<td data-col-size=\"sm\" data-start=\"3438\" data-end=\"3491\">S\u00ed, con 3 posiciones<\/td>\n<\/tr>\n<tr data-start=\"3492\" data-end=\"3583\">\n<td data-start=\"3492\" data-end=\"3530\" data-col-size=\"sm\"><strong data-start=\"3494\" data-end=\"3513\">Cabeza incluida<\/strong><\/td>\n<td data-col-size=\"sm\" data-start=\"3530\" data-end=\"3583\">S\u00ed, modelo BH-36<\/td>\n<\/tr>\n<tr data-start=\"3584\" data-end=\"3675\">\n<td data-start=\"3584\" data-end=\"3622\" data-col-size=\"sm\"><strong data-start=\"3586\" data-end=\"3605\">Panor\u00e1mica de 360\u00b0S\u00ed<\/strong><\/td>\n<td data-col-size=\"sm\" data-start=\"3622\" data-end=\"3675\">.<\/td>\n<\/tr>\n<tr data-start=\"3676\" data-end=\"3767\">\n<td data-start=\"3676\" data-end=\"3714\" data-col-size=\"sm\"><strong data-start=\"3678\" data-end=\"3708\">Montaje de la base de la cabeza<\/strong><\/td>\n<td data-col-size=\"sm\" data-start=\"3714\" data-end=\"3767\">hembra 3\/8&#8243;-16<\/td>\n<\/tr>\n<tr data-start=\"3768\" data-end=\"3859\">\n<td data-start=\"3768\" data-end=\"3806\" data-col-size=\"sm\"><strong data-start=\"3770\" data-end=\"3790\">Altura de la cabeza<\/strong><\/td>\n<td data-col-size=\"sm\" data-start=\"3806\" data-end=\"3859\">8 cm \/ 3.1&#8243;<\/td>\n<\/tr>\n<tr data-start=\"3860\" data-end=\"3950\">\n<td data-start=\"3860\" data-end=\"3897\" data-col-size=\"sm\"><strong data-start=\"3862\" data-end=\"3885\">Longitud plegada<\/strong><\/td>\n<td data-col-size=\"sm\" data-start=\"3897\" data-end=\"3950\">43 cm \/ 16.93&#8243;<\/td>\n<\/tr>\n<tr data-start=\"3951\" data-end=\"4042\">\n<td data-start=\"3951\" data-end=\"3989\" data-col-size=\"sm\"><strong data-start=\"3953\" data-end=\"3971\">Nivel de burbuja<\/strong><\/td>\n<td data-col-size=\"sm\" data-start=\"3989\" data-end=\"4042\">S\u00ed<\/td>\n<\/tr>\n<tr data-start=\"4043\" data-end=\"4134\">\n<td data-start=\"4043\" data-end=\"4081\" data-col-size=\"sm\"><strong data-start=\"4045\" data-end=\"4071\">Accesorios de montaje<\/strong><\/td>\n<td data-col-size=\"sm\" data-start=\"4081\" data-end=\"4134\">No<\/td>\n<\/tr>\n<tr data-start=\"4135\" data-end=\"4226\">\n<td data-start=\"4135\" data-end=\"4173\" data-col-size=\"sm\"><strong data-start=\"4137\" data-end=\"4168\">Peso total (tr\u00edpode + cabezal)<\/strong><\/td>\n<td data-col-size=\"sm\" data-start=\"4173\" data-end=\"4226\">1,3 kg \/ 2,8 lb<\/td>\n<\/tr>\n<\/tbody>\n<\/table>\n<div class=\"sticky end-(--thread-content-margin) h-0 self-end select-none\">\n<div class=\"absolute end-0 flex items-end\"><button class=\"bg-token-bg-primary hover:bg-token-bg-tertiary text-token-text-secondary my-1 rounded-sm p-1 transition-opacity group-[:not(:hover):not(:focus-within)]:pointer-events-none group-[:not(:hover):not(:focus-within)]:opacity-0\"><svg width=\"20\" height=\"20\" viewbox=\"0 0 20 20\" fill=\"currentColor\" xmlns=\"http:\/\/www.w3.org\/2000\/svg\" class=\"icon\"><path d=\"M12.668 10.667C12.668 9.95614 12.668 9.46258 12.6367 9.0791C12.6137 8.79732 12.5758 8.60761 12.5244 8.46387L12.4688 8.33399C12.3148 8.03193 12.0803 7.77885 11.793 7.60254L11.666 7.53125C11.508 7.45087 11.2963 7.39395 10.9209 7.36328C10.5374 7.33197 10.0439 7.33203 9.33301 7.33203H6.5C5.78896 7.33203 5.29563 7.33195 4.91211 7.36328C4.63016 7.38632 4.44065 7.42413 4.29688 7.47559L4.16699 7.53125C3.86488 7.68518 3.61186 7.9196 3.43555 8.20703L3.36524 8.33399C3.28478 8.49198 3.22795 8.70352 3.19727 9.0791C3.16595 9.46259 3.16504 9.95611 3.16504 10.667V13.5C3.16504 14.211 3.16593 14.7044 3.19727 15.0879C3.22797 15.4636 3.28473 15.675 3.36524 15.833L3.43555 15.959C3.61186 16.2466 3.86474 16.4807 4.16699 16.6348L4.29688 16.6914C4.44063 16.7428 4.63025 16.7797 4.91211 16.8027C5.29563 16.8341 5.78896 16.835 6.5 16.835H9.33301C10.0439 16.835 10.5374 16.8341 10.9209 16.8027C11.2965 16.772 11.508 16.7152 11.666 16.6348L11.793 16.5645C12.0804 16.3881 12.3148 16.1351 12.4688 15.833L12.5244 15.7031C12.5759 15.5594 12.6137 15.3698 12.6367 15.0879C12.6681 14.7044 12.668 14.211 12.668 13.5V10.667ZM13.998 12.665C14.4528 12.6634 14.8011 12.6602 15.0879 12.6367C15.4635 12.606 15.675 12.5492 15.833 12.4688L15.959 12.3975C16.2466 12.2211 16.4808 11.9682 16.6348 11.666L16.6914 11.5361C16.7428 11.3924 16.7797 11.2026 16.8027 10.9209C16.8341 10.5374 16.835 10.0439 16.835 9.33301V6.5C16.835 5.78896 16.8341 5.29563 16.8027 4.91211C16.7797 4.63025 16.7428 4.44063 16.6914 4.29688L16.6348 4.16699C16.4807 3.86474 16.2466 3.61186 15.959 3.43555L15.833 3.36524C15.675 3.28473 15.4636 3.22797 15.0879 3.19727C14.7044 3.16593 14.211 3.16504 13.5 3.16504H10.667C9.9561 3.16504 9.46259 3.16595 9.0791 3.19727C8.79739 3.22028 8.6076 3.2572 8.46387 3.30859L8.33399 3.36524C8.03176 3.51923 7.77886 3.75343 7.60254 4.04102L7.53125 4.16699C7.4508 4.32498 7.39397 4.53655 7.36328 4.91211C7.33985 5.19893 7.33562 5.54719 7.33399 6.00195H9.33301C10.022 6.00195 10.5791 6.00131 11.0293 6.03809C11.4873 6.07551 11.8937 6.15471 12.2705 6.34668L12.4883 6.46875C12.984 6.7728 13.3878 7.20854 13.6533 7.72949L13.7197 7.87207C13.8642 8.20859 13.9292 8.56974 13.9619 8.9707C13.9987 9.42092 13.998 9.97799 13.998 10.667V12.665ZM18.165 9.33301C18.165 10.022 18.1657 10.5791 18.1289 11.0293C18.0961 11.4302 18.0311 11.7914 17.8867 12.1279L17.8203 12.2705C17.5549 12.7914 17.1509 13.2272 16.6553 13.5313L16.4365 13.6533C16.0599 13.8452 15.6541 13.9245 15.1963 13.9619C14.8593 13.9895 14.4624 13.9935 13.9951 13.9951C13.9935 14.4624 13.9895 14.8593 13.9619 15.1963C13.9292 15.597 13.864 15.9576 13.7197 16.2939L13.6533 16.4365C13.3878 16.9576 12.9841 17.3941 12.4883 17.6982L12.2705 17.8203C11.8937 18.0123 11.4873 18.0915 11.0293 18.1289C10.5791 18.1657 10.022 18.165 9.33301 18.165H6.5C5.81091 18.165 5.25395 18.1657 4.80371 18.1289C4.40306 18.0962 4.04235 18.031 3.70606 17.8867L3.56348 17.8203C3.04244 17.5548 2.60585 17.151 2.30176 16.6553L2.17969 16.4365C1.98788 16.0599 1.90851 15.6541 1.87109 15.1963C1.83431 14.746 1.83496 14.1891 1.83496 13.5V10.667C1.83496 9.978 1.83432 9.42091 1.87109 8.9707C1.90851 8.5127 1.98772 8.10625 2.17969 7.72949L2.30176 7.51172C2.60586 7.0159 3.04236 6.6122 3.56348 6.34668L3.70606 6.28027C4.04237 6.136 4.40303 6.07083 4.80371 6.03809C5.14051 6.01057 5.53708 6.00551 6.00391 6.00391C6.00551 5.53708 6.01057 5.14051 6.03809 4.80371C6.0755 4.34588 6.15483 3.94012 6.34668 3.56348L6.46875 3.34473C6.77282 2.84912 7.20856 2.44514 7.72949 2.17969L7.87207 2.11328C8.20855 1.96886 8.56979 1.90385 8.9707 1.87109C9.42091 1.83432 9.978 1.83496 10.667 1.83496H13.5C14.1891 1.83496 14.746 1.83431 15.1963 1.87109C15.6541 1.90851 16.0599 1.98788 16.4365 2.17969L16.6553 2.30176C17.151 2.60585 17.5548 3.04244 17.8203 3.56348L17.8867 3.70606C18.031 4.04235 18.0962 4.40306 18.1289 4.80371C18.1657 5.25395 18.165 5.81091 18.165 6.5V9.33301Z\"><\/path><\/svg><\/button><\/div>\n<\/div>\n<\/div>\n<\/div>\n<h3 data-start=\"4228\" data-end=\"4258\">Informaci\u00f3n de embalaje<\/h3>\n<p data-start=\"4259\" data-end=\"4352\"><strong data-start=\"4259\" data-end=\"4282\">. Peso del paquete<\/strong>: 1,7 kg<br data-start=\"4290\" data-end=\"4293\"><strong data-start=\"4293\" data-end=\"4329\">. Dimensiones del paquete (LxWxH)<\/strong>: 44,7 x 12 x 11,7 cm<\/p>\n<p data-start=\"4354\" data-end=\"4491\"><strong data-start=\"4354\" data-end=\"4362\">Nota<\/strong>: Im\u00e1genes ilustrativas. Equipo fotogr\u00e1fico no incluido. Consulte el contenido del paquete y los detalles en las especificaciones del producto.  <\/p>\n<h3 data-start=\"4493\" data-end=\"4508\">Metadatos<\/h3>\n<p data-start=\"4509\" data-end=\"4647\">KF09.149, K234A3, BH-36, K&amp;F CONCEPT, Tr\u00edpode de viaje, Magnesio, R\u00f3tula esf\u00e9rica, 8 kg, 177,8 cm, Flip Lock, Tipo Arca, EAN: 6936069260409<\/p>\n","protected":false},"excerpt":{"rendered":"<p>K&amp;F CONCEPT KF09.149 K234A3 Tr\u00edpode de magnesio con cabeza de r\u00f3tula BH-36 KF09.149 Funciones . Capacidad de carga de hasta<\/p>\n","protected":false},"featured_media":76154,"comment_status":"closed","ping_status":"open","template":"","meta":{"_acf_changed":false},"product_brand":[2562],"product_cat":[1092],"product_tag":[],"class_list":{"0":"post-82124","1":"product","2":"type-product","3":"status-publish","4":"has-post-thumbnail","6":"product_brand-kf-concept-es","7":"product_cat-kits-foto-es","9":"first","10":"outofstock","11":"taxable","12":"shipping-taxable","13":"purchasable","14":"product-type-simple"},"bundled_by":[],"bundle_stock_status":"outofstock","bundle_stock_quantity":null,"bundle_virtual":false,"bundle_layout":"","bundle_add_to_cart_form_location":"","bundle_editable_in_cart":false,"bundle_sold_individually_context":"","bundle_item_grouping":"","bundle_min_size":"","bundle_max_size":"","bundle_price":[],"bundled_items":[],"bundle_sell_ids":[],"acf":[],"_links":{"self":[{"href":"https:\/\/hi-techwonder.com\/es\/wp-json\/wp\/v2\/product\/82124","targetHints":{"allow":["GET"]}}],"collection":[{"href":"https:\/\/hi-techwonder.com\/es\/wp-json\/wp\/v2\/product"}],"about":[{"href":"https:\/\/hi-techwonder.com\/es\/wp-json\/wp\/v2\/types\/product"}],"replies":[{"embeddable":true,"href":"https:\/\/hi-techwonder.com\/es\/wp-json\/wp\/v2\/comments?post=82124"}],"wp:featuredmedia":[{"embeddable":true,"href":"https:\/\/hi-techwonder.com\/es\/wp-json\/wp\/v2\/media\/76154"}],"wp:attachment":[{"href":"https:\/\/hi-techwonder.com\/es\/wp-json\/wp\/v2\/media?parent=82124"}],"wp:term":[{"taxonomy":"product_brand","embeddable":true,"href":"https:\/\/hi-techwonder.com\/es\/wp-json\/wp\/v2\/product_brand?post=82124"},{"taxonomy":"product_cat","embeddable":true,"href":"https:\/\/hi-techwonder.com\/es\/wp-json\/wp\/v2\/product_cat?post=82124"},{"taxonomy":"product_tag","embeddable":true,"href":"https:\/\/hi-techwonder.com\/es\/wp-json\/wp\/v2\/product_tag?post=82124"}],"curies":[{"name":"wp","href":"https:\/\/api.w.org\/{rel}","templated":true}]}}