{"id":82125,"date":"2025-08-05T09:41:35","date_gmt":"2025-08-05T09:41:35","guid":{"rendered":"https:\/\/hi-techwonder.com\/product\/laowa-12mm-f-2-8-lite-zero-d-ff-sony-fe-af\/"},"modified":"2026-04-13T17:45:59","modified_gmt":"2026-04-13T16:45:59","slug":"laowa-12mm-f-2-8-lite-zero-d-ff-sony-fe-af","status":"publish","type":"product","link":"https:\/\/hi-techwonder.com\/es\/producto\/laowa-12mm-f-2-8-lite-zero-d-ff-sony-fe-af\/","title":{"rendered":"LAOWA 12mm f\/2.8 Lite Zero-D FF Sony FE AF"},"content":{"rendered":"<p><b>LAOWA 12mm f\/2.8 Lite Zero-D FF Sony FE AF<\/b><\/p>\n<p data-start=\"875\" data-end=\"1187\"><\/p>\n<p data-start=\"875\" data-end=\"1187\">El <strong data-start=\"877\" data-end=\"912\">Laowa 12mm f\/2.8 Lite Zero-D FF<\/strong> es la evoluci\u00f3n del famoso objetivo ultra gran angular de Venus Optics, ahora m\u00e1s ligero y ajustado para los sistemas mirrorless modernos. Conservando el ic\u00f3nico dise\u00f1o &#8216;Zero-D&#8217;, este objetivo ofrece im\u00e1genes rectas y limpias directamente desde la c\u00e1mara, sin necesidad de correcciones digitales. <\/p>\n<p data-start=\"1189\" data-end=\"1506\">Con un impresionante campo de visi\u00f3n de 122\u00b0, captura paisajes, interiores y arquitectura expansivos con una claridad envolvente y sin distorsiones. La nueva construcci\u00f3n \u00f3ptica de 16 elementos en 9 grupos garantiza un rendimiento excepcional de borde a borde, con mejoras notables en la claridad perif\u00e9rica con respecto a la versi\u00f3n original. <\/p>\n<p data-start=\"1508\" data-end=\"1805\">Su <strong data-start=\"1514\" data-end=\"1539\">apertura m\u00e1xima de f\/2.8<\/strong> le permite trabajar en condiciones de poca luz y explotar profundidades de campo reducidas, algo raro en lentes tan anchos. Con una distancia m\u00ednima de enfoque de solo <strong data-start=\"1711\" data-end=\"1720\">14 cm<\/strong>, se convierte en una herramienta creativa para primeros planos con un gran contexto de fondo. <\/p>\n<p data-start=\"1807\" data-end=\"1998\">\u00bfLa guinda del pastel? Una <strong data-start=\"1829\" data-end=\"1866\">rosca de filtro integrada de 72 mm<\/strong>, rara en esta gama gran angular, permite el uso directo de filtros ND o CPL, perfectos para fot\u00f3grafos de paisajes y v\u00eddeo. <\/p>\n<p><\/p>\n<p><\/p>\n<p><\/p>\n<p><\/p>\n<h3 data-start=\"2005\" data-end=\"2039\"><strong data-start=\"2009\" data-end=\"2039\">Caracter\u00edsticas principales<\/strong><\/h3>\n<ul data-start=\"2041\" data-end=\"2650\">\n<li data-start=\"2041\" data-end=\"2125\">\n<p data-start=\"2043\" data-end=\"2125\">Lente ultra gran angular con cobertura de fotograma completo (\u00e1ngulo de visi\u00f3n de 122\u00b0)<\/p>\n<\/li>\n<li data-start=\"2126\" data-end=\"2187\">\n<p data-start=\"2128\" data-end=\"2187\">Dise\u00f1o \u00abZero-D\u00bb: distorsi\u00f3n \u00f3ptica pr\u00e1cticamente inexistente<\/p>\n<\/li>\n<li data-start=\"2188\" data-end=\"2253\">\n<p data-start=\"2190\" data-end=\"2253\">Construcci\u00f3n ligera y port\u00e1til (solo 377 g para la versi\u00f3n Sony E)<\/p>\n<\/li>\n<li data-start=\"2254\" data-end=\"2334\">\n<p data-start=\"2256\" data-end=\"2334\">Apertura f\/2.8: excelente rendimiento con poca luz y mayor control creativo<\/p>\n<\/li>\n<li data-start=\"2335\" data-end=\"2406\">\n<p data-start=\"2337\" data-end=\"2406\">Distancia m\u00ednima de enfoque de 14 cm para detalles de plano amplio<\/p>\n<\/li>\n<li data-start=\"2407\" data-end=\"2497\">\n<p data-start=\"2409\" data-end=\"2497\">Compatible con filtros circulares de 72 mm: no se necesitan portafiltros voluminosos<\/p>\n<\/li>\n<li data-start=\"2498\" data-end=\"2578\">\n<p data-start=\"2500\" data-end=\"2578\">Disponible con enfoque autom\u00e1tico (Sony E)<\/p>\n<\/li>\n<li data-start=\"2579\" data-end=\"2650\">\n<p data-start=\"2581\" data-end=\"2650\">Ideal para v\u00eddeo, fotograf\u00eda de interiores, paisajes y arquitectura<\/p>\n<\/li>\n<\/ul>\n<p><\/p>\n<h3 data-start=\"3927\" data-end=\"3958\"><strong data-start=\"3931\" data-end=\"3958\">Especificaciones t\u00e9cnicas<\/strong><\/h3>\n<p><strong data-start=\"2661\" data-end=\"2686\" style=\"color: inherit; font-family: \"Source Sans Pro\", sans-serif; font-size: 24px;\"><br \/>\n<\/strong><\/p>\n<div class=\"_tableContainer_80l1q_1\">\n<div tabindex=\"-1\" class=\"_tableWrapper_80l1q_14 group flex w-fit flex-col-reverse\">\n<table data-start=\"3960\" data-end=\"5776\" class=\"w-fit min-w-(--thread-content-width)\">\n<thead data-start=\"3960\" data-end=\"4050\">\n<tr data-start=\"3960\" data-end=\"4050\">\n<th data-start=\"3960\" data-end=\"3991\" data-col-size=\"sm\">Detalles de la especificaci\u00f3n<\/th>\n<th data-start=\"3991\" data-end=\"4050\" data-col-size=\"md\"><\/th>\n<\/tr>\n<\/thead>\n<tbody data-start=\"4142\" data-end=\"5776\">\n<tr data-start=\"4142\" data-end=\"4231\">\n<td data-start=\"4142\" data-end=\"4172\" data-col-size=\"sm\"><\/td>\n<td data-start=\"4172\" data-end=\"4231\" data-col-size=\"md\"><\/td>\n<\/tr>\n<tr data-start=\"4321\" data-end=\"4411\">\n<td data-start=\"4321\" data-end=\"4351\" data-col-size=\"sm\">Distancia focal<\/td>\n<td data-col-size=\"md\" data-start=\"4351\" data-end=\"4411\">12mm (fija)<\/td>\n<\/tr>\n<tr data-start=\"4412\" data-end=\"4502\">\n<td data-start=\"4412\" data-end=\"4442\" data-col-size=\"sm\">Apertura m\u00e1xima<\/td>\n<td data-col-size=\"md\" data-start=\"4442\" data-end=\"4502\">f\/2.8<\/td>\n<\/tr>\n<tr data-start=\"4503\" data-end=\"4593\">\n<td data-start=\"4503\" data-end=\"4533\" data-col-size=\"sm\">Apertura m\u00ednima<\/td>\n<td data-col-size=\"md\" data-start=\"4533\" data-end=\"4593\">f\/22<\/td>\n<\/tr>\n<tr data-start=\"4594\" data-end=\"4684\">\n<td data-start=\"4594\" data-end=\"4624\" data-col-size=\"sm\">Formato de<\/td>\n<td data-col-size=\"md\" data-start=\"4624\" data-end=\"4684\">fotograma completo<\/td>\n<p> compatible<\/tr>\n<tr data-start=\"4685\" data-end=\"4775\">\n<td data-start=\"4685\" data-end=\"4715\" data-col-size=\"sm\">\u00c1ngulo de visi\u00f3n<\/td>\n<td data-col-size=\"md\" data-start=\"4715\" data-end=\"4775\">122\u00b0<\/td>\n<\/tr>\n<tr data-start=\"4776\" data-end=\"4866\">\n<td data-start=\"4776\" data-end=\"4806\" data-col-size=\"sm\">Construcci\u00f3n \u00f3ptica<\/td>\n<td data-col-size=\"md\" data-start=\"4806\" data-end=\"4866\">16 elementos en 9 grupos<\/td>\n<\/tr>\n<tr data-start=\"4867\" data-end=\"4957\">\n<td data-col-size=\"md\" data-start=\"4897\" data-end=\"4957\">Hojas de<\/td>\n<td data-start=\"4867\" data-end=\"4897\" data-col-size=\"sm\">diafragma<\/td>\n<p> 5<\/tr>\n<tr data-start=\"4958\" data-end=\"5048\">\n<td data-start=\"4958\" data-end=\"4988\" data-col-size=\"sm\">Distancia m\u00ednima de enfoque<\/td>\n<td data-col-size=\"md\" data-start=\"4988\" data-end=\"5048\">14 cm<\/td>\n<\/tr>\n<tr data-start=\"5049\" data-end=\"5139\">\n<td data-start=\"5049\" data-end=\"5079\" data-col-size=\"sm\">Aumento m\u00e1ximo<\/td>\n<td data-col-size=\"md\" data-start=\"5079\" data-end=\"5139\">0.21x<\/td>\n<\/tr>\n<tr data-start=\"5140\" data-end=\"5230\">\n<td data-start=\"5140\" data-end=\"5170\" data-col-size=\"sm\">Tipo de enfoque<\/td>\n<td data-col-size=\"md\" data-start=\"5170\" data-end=\"5230\">Enfoque autom\u00e1tico (Sony E, Nikon Z) \/ Manual (Canon RF, L)<\/td>\n<\/tr>\n<tr data-start=\"5231\" data-end=\"5321\">\n<td data-start=\"5231\" data-end=\"5261\" data-col-size=\"sm\">Di\u00e1metro exterior<\/td>\n<td data-col-size=\"md\" data-start=\"5261\" data-end=\"5321\">77,2 mm<\/td>\n<\/tr>\n<tr data-start=\"5322\" data-end=\"5412\">\n<td data-start=\"5322\" data-end=\"5352\" data-col-size=\"sm\">Longitud<\/td>\n<td data-col-size=\"md\" data-start=\"5352\" data-end=\"5412\">78,6 mm<\/td>\n<\/tr>\n<tr data-start=\"5413\" data-end=\"5503\">\n<td data-start=\"5413\" data-end=\"5443\" data-col-size=\"sm\">Tama\u00f1o del filtro<\/td>\n<td data-col-size=\"md\" data-start=\"5443\" data-end=\"5503\">72 mm (rosca frontal)<\/td>\n<\/tr>\n<tr data-start=\"5504\" data-end=\"5594\">\n<td data-start=\"5504\" data-end=\"5534\" data-col-size=\"sm\">Peso<\/td>\n<td data-col-size=\"md\" data-start=\"5534\" data-end=\"5594\">377 g (versi\u00f3n Sony E)<\/td>\n<\/tr>\n<tr data-start=\"5595\" data-end=\"5685\">\n<td data-start=\"5595\" data-end=\"5625\" data-col-size=\"sm\">Principales aplicaciones<\/td>\n<td data-col-size=\"md\" data-start=\"5625\" data-end=\"5685\">Fotograf\u00eda (paisaje, arquitectura, interiores), v\u00eddeo<\/td>\n<\/tr>\n<\/tbody>\n<\/table>\n<\/div>\n<\/div>\n<p><\/p>\n<p><\/p>\n<p><strong data-start=\"2661\" data-end=\"2686\" style=\"color: inherit; font-family: \"Source Sans Pro\", sans-serif; font-size: 24px;\">Contenido del paquete<\/strong><\/p>\n<ul data-start=\"2688\" data-end=\"2823\">\n<li data-start=\"2688\" data-end=\"2726\">\n<p data-start=\"2690\" data-end=\"2726\">1x Laowa 12mm f\/2.8 Lite Zero-D FF<\/p>\n<\/li>\n<li data-start=\"2727\" data-end=\"2747\">\n<p data-start=\"2729\" data-end=\"2747\">1x Cubierta frontal<\/p>\n<\/li>\n<li data-start=\"2748\" data-end=\"2769\">\n<p data-start=\"2750\" data-end=\"2769\">1x Contraportada<\/p>\n<\/li>\n<li data-start=\"2770\" data-end=\"2797\">\n<p data-start=\"2772\" data-end=\"2797\">1x Manual de usuario<\/p>\n<\/li>\n<\/ul>\n","protected":false},"excerpt":{"rendered":"<p>LAOWA 12mm f\/2.8 Lite Zero-D FF Sony FE AF El Laowa 12mm f\/2.8 Lite Zero-D FF es la evoluci\u00f3n del<\/p>\n","protected":false},"featured_media":76324,"comment_status":"closed","ping_status":"open","template":"","meta":{"_acf_changed":false},"product_brand":[2682],"product_cat":[1062],"product_tag":[],"class_list":{"0":"post-82125","1":"product","2":"type-product","3":"status-publish","4":"has-post-thumbnail","6":"product_brand-laowa-es","7":"product_cat-mirrorless-objectivos","8":"pa_abertura-maxima-f-2-8-es","10":"first","11":"instock","12":"taxable","13":"shipping-taxable","14":"purchasable","15":"product-type-simple"},"bundled_by":[],"bundle_stock_status":"instock","bundle_stock_quantity":1,"bundle_virtual":false,"bundle_layout":"","bundle_add_to_cart_form_location":"","bundle_editable_in_cart":false,"bundle_sold_individually_context":"","bundle_item_grouping":"","bundle_min_size":"","bundle_max_size":"","bundle_price":[],"bundled_items":[],"bundle_sell_ids":[],"acf":[],"_links":{"self":[{"href":"https:\/\/hi-techwonder.com\/es\/wp-json\/wp\/v2\/product\/82125","targetHints":{"allow":["GET"]}}],"collection":[{"href":"https:\/\/hi-techwonder.com\/es\/wp-json\/wp\/v2\/product"}],"about":[{"href":"https:\/\/hi-techwonder.com\/es\/wp-json\/wp\/v2\/types\/product"}],"replies":[{"embeddable":true,"href":"https:\/\/hi-techwonder.com\/es\/wp-json\/wp\/v2\/comments?post=82125"}],"wp:featuredmedia":[{"embeddable":true,"href":"https:\/\/hi-techwonder.com\/es\/wp-json\/wp\/v2\/media\/76324"}],"wp:attachment":[{"href":"https:\/\/hi-techwonder.com\/es\/wp-json\/wp\/v2\/media?parent=82125"}],"wp:term":[{"taxonomy":"product_brand","embeddable":true,"href":"https:\/\/hi-techwonder.com\/es\/wp-json\/wp\/v2\/product_brand?post=82125"},{"taxonomy":"product_cat","embeddable":true,"href":"https:\/\/hi-techwonder.com\/es\/wp-json\/wp\/v2\/product_cat?post=82125"},{"taxonomy":"product_tag","embeddable":true,"href":"https:\/\/hi-techwonder.com\/es\/wp-json\/wp\/v2\/product_tag?post=82125"}],"curies":[{"name":"wp","href":"https:\/\/api.w.org\/{rel}","templated":true}]}}