{"id":82131,"date":"2025-08-05T09:41:57","date_gmt":"2025-08-05T09:41:57","guid":{"rendered":"https:\/\/hi-techwonder.com\/product\/jaula-smallrig-5427-para-canon-eos-r50-v\/"},"modified":"2026-01-31T01:17:00","modified_gmt":"2026-01-31T01:17:00","slug":"smallrig-jaula-smallrig-5427-para-canon-eos-r50-v","status":"publish","type":"product","link":"https:\/\/hi-techwonder.com\/es\/producto\/smallrig-jaula-smallrig-5427-para-canon-eos-r50-v\/","title":{"rendered":"Jaula SMALLRIG 5427 para Canon EOS R50 V"},"content":{"rendered":"<h3><b>Jaula SmallRig para Canon EOS R50 V<\/b><\/h3>\n<p data-start=\"790\" data-end=\"968\">Lleva tu configuraci\u00f3n de la EOS R50 V de Canon al siguiente nivel con el <strong data-start=\"843\" data-end=\"870\">armaz\u00f3n para c\u00e1mara SmallRig<\/strong>, dise\u00f1ado para creadores que exigen versatilidad, protecci\u00f3n e integraci\u00f3n total de accesorios.<\/p>\n<p data-start=\"970\" data-end=\"1340\">Construido <strong data-start=\"984\" data-end=\"1022\">con una aleaci\u00f3n de aluminio liviana y duradera<\/strong>, este armaz\u00f3n ofrece <strong data-start=\"1042\" data-end=\"1076\">protecci\u00f3n completa a su c\u00e1mara<\/strong> sin comprometer el acceso a botones y puertos. El marco est\u00e1 equipado con <strong data-start=\"1153\" data-end=\"1212\">m\u00faltiples roscas antitorsi\u00f3n de 1\/4&#8243;-20 y 3\/8&#8243;-16<\/strong>, lo que le permite montar brazos articulados, micr\u00f3fonos, iluminadores, monitores y m\u00e1s, todo de manera segura y estable. <\/p>\n<p data-start=\"1342\" data-end=\"1596\">Incluye <strong data-start=\"1349\" data-end=\"1383\">un soporte de zapata fr\u00eda integrado<\/strong> y otra <strong data-start=\"1392\" data-end=\"1416\">zapata fr\u00eda desmontable<\/strong>, duplicando las opciones de montaje de accesorios. La base cuenta con una <strong data-start=\"1489\" data-end=\"1529\">placa de liberaci\u00f3n r\u00e1pida estilo Arca<\/strong>, ideal para cambiar f\u00e1cilmente entre el uso de tr\u00edpode, card\u00e1n o port\u00e1til. <\/p>\n<p data-start=\"1598\" data-end=\"1838\">La <strong data-start=\"1600\" data-end=\"1647\">empu\u00f1adura de silicona con textura antideslizante<\/strong> ofrece una comodidad adicional durante las largas sesiones de grabaci\u00f3n. Adem\u00e1s, el <strong data-start=\"1725\" data-end=\"1747\">hilo QD integrado<\/strong> permite su uso con correas para los hombros o para las manos, perfecto para la movilidad y el transporte seguro. <\/p>\n<p data-start=\"1840\" data-end=\"1996\">Si est\u00e1s buscando un armaz\u00f3n profesional, modular y ligero para tu EOS R50 V, SmallRig ofrece una soluci\u00f3n s\u00f3lida y funcional para maximizar tu creatividad.<\/p>\n<p><\/p>\n<p><strong data-start=\"2007\" data-end=\"2037\">Caracter\u00edsticas principales<\/strong><\/p>\n<ul data-start=\"2039\" data-end=\"2493\">\n<li data-start=\"2039\" data-end=\"2111\">\n<p data-start=\"2041\" data-end=\"2111\">Marco de aluminio ligero y duradero con protecci\u00f3n completa de la c\u00e1mara<\/p>\n<\/li>\n<li data-start=\"2112\" data-end=\"2177\">\n<p data-start=\"2114\" data-end=\"2177\">Varias roscas de 1\/4&#8243;-20 y 3\/8&#8243;-16 para accesorios de montaje<\/p>\n<\/li>\n<li data-start=\"2178\" data-end=\"2240\">\n<p data-start=\"2180\" data-end=\"2240\">Zapata fr\u00eda superior + soporte de zapata fr\u00eda desmontable incluido<\/p>\n<\/li>\n<li data-start=\"2241\" data-end=\"2291\">\n<p data-start=\"2243\" data-end=\"2291\">Empu\u00f1adura con acabado de silicona antideslizante<\/p>\n<\/li>\n<li data-start=\"2292\" data-end=\"2354\">\n<p data-start=\"2294\" data-end=\"2354\">Placa de montaje r\u00e1pido compatible con el sistema Arca-Swiss<\/p>\n<\/li>\n<li data-start=\"2355\" data-end=\"2402\">\n<p data-start=\"2357\" data-end=\"2402\">Cierre antitorsi\u00f3n para mayor estabilidad<\/p>\n<\/li>\n<li data-start=\"2403\" data-end=\"2445\">\n<p data-start=\"2405\" data-end=\"2445\">Hilo QD para correas de hombro o mano<\/p>\n<\/li>\n<li data-start=\"2446\" data-end=\"2493\">\n<p data-start=\"2448\" data-end=\"2493\">Acceso completo a los controles y puertos de la c\u00e1mara<\/p>\n<\/li>\n<\/ul>\n<p><\/p>\n<p><strong data-start=\"3321\" data-end=\"3348\">Especificaciones t\u00e9cnicas<\/strong><\/p>\n<div class=\"_tableContainer_80l1q_1\">\n<div class=\"_tableWrapper_80l1q_14 group flex w-fit flex-col-reverse\">\n<table data-start=\"3350\" data-end=\"4715\" class=\"w-fit min-w-(--thread-content-width)\">\n<thead data-start=\"3350\" data-end=\"3435\">\n<tr data-start=\"3350\" data-end=\"3435\">\n<th data-start=\"3350\" data-end=\"3389\" data-col-size=\"sm\"><strong data-start=\"3352\" data-end=\"3369\">Detalle de la especificaci\u00f3n<\/strong><\/th>\n<th data-start=\"3389\" data-end=\"3435\" data-col-size=\"md\"><strong data-start=\"3391\" data-end=\"3402\"><\/strong><\/th>\n<\/tr>\n<\/thead>\n<tbody data-start=\"3521\" data-end=\"4715\">\n<tr data-start=\"3521\" data-end=\"3605\">\n<td data-start=\"3521\" data-end=\"3559\" data-col-size=\"sm\"><strong data-start=\"3523\" data-end=\"3542\">Tipo de soporte:<\/strong><\/td>\n<td data-start=\"3559\" data-end=\"3605\" data-col-size=\"md\">Jaula<\/td>\n<\/tr>\n<tr data-start=\"3606\" data-end=\"3690\">\n<td data-start=\"3606\" data-end=\"3644\" data-col-size=\"sm\"><strong data-start=\"3608\" data-end=\"3637\">Compatibilidad con la c\u00e1mara<\/strong><\/td>\n<td data-start=\"3644\" data-end=\"3690\" data-col-size=\"md\">Canon EOS R50 V<\/td>\n<\/tr>\n<tr data-start=\"3691\" data-end=\"3775\">\n<td data-start=\"3691\" data-end=\"3729\" data-col-size=\"sm\"><strong data-start=\"3693\" data-end=\"3705\">Material<\/strong><\/td>\n<td data-start=\"3729\" data-end=\"3775\" data-col-size=\"md\">Aleaci\u00f3n de aluminio, silicona, acero inoxidable<\/td>\n<\/tr>\n<tr data-start=\"3776\" data-end=\"3860\">\n<td data-start=\"3776\" data-end=\"3814\" data-col-size=\"sm\"><strong data-start=\"3778\" data-end=\"3800\">Tornillo de montaje de c\u00e1mara<\/strong><\/td>\n<td data-start=\"3814\" data-end=\"3860\" data-col-size=\"md\">1\/4&#8243;-20<\/td>\n<\/tr>\n<tr data-start=\"3861\" data-end=\"3946\">\n<td data-start=\"3861\" data-end=\"3899\" data-col-size=\"sm\"><strong data-start=\"3863\" data-end=\"3899\">Soportes para accesorios (arriba)<\/strong><\/td>\n<td data-start=\"3899\" data-end=\"3946\" data-col-size=\"md\">1x 3\/8&#8243;-16 antitorsi\u00f3n<br \/>2x 1\/4&#8243;-20<\/td>\n<\/tr>\n<tr data-start=\"3947\" data-end=\"4035\">\n<td data-start=\"3947\" data-end=\"3986\" data-col-size=\"sm\"><strong data-start=\"3949\" data-end=\"3986\">Soportes para accesorios (laterales)<\/strong><\/td>\n<td data-start=\"3986\" data-end=\"4035\" data-col-size=\"md\">4x 1\/4&#8243;-20 antitorsi\u00f3n<br \/>6x 1\/4&#8243;-20<br \/>1x M4<\/td>\n<\/tr>\n<tr data-start=\"4036\" data-end=\"4120\">\n<td data-start=\"4036\" data-end=\"4074\" data-col-size=\"sm\"><strong data-start=\"4038\" data-end=\"4061\">Soporte de tr\u00edpode<\/strong><\/td>\n<td data-start=\"4074\" data-end=\"4120\" data-col-size=\"md\">1x rosca 1\/4&#8243;-20 + placa Arca<\/td>\n<\/tr>\n<tr data-start=\"4121\" data-end=\"4205\">\n<td data-start=\"4121\" data-end=\"4159\" data-col-size=\"sm\"><strong data-start=\"4123\" data-end=\"4144\">Soporte para zapata fr\u00eda<\/strong><\/td>\n<td data-start=\"4159\" data-end=\"4205\" data-col-size=\"md\">1x zapata fr\u00eda<\/td>\n<\/tr>\n<tr data-start=\"4206\" data-end=\"4290\">\n<td data-start=\"4206\" data-end=\"4244\" data-col-size=\"sm\"><strong data-start=\"4208\" data-end=\"4219\">Rosetas<\/strong><\/td>\n<td data-start=\"4244\" data-end=\"4290\" data-col-size=\"md\">No<\/td>\n<\/tr>\n<tr data-start=\"4291\" data-end=\"4375\">\n<td data-start=\"4291\" data-end=\"4329\" data-col-size=\"sm\"><strong data-start=\"4293\" data-end=\"4305\">Subproceso QD<\/strong><\/td>\n<td data-start=\"4329\" data-end=\"4375\" data-col-size=\"md\">S\u00ed<\/td>\n<\/tr>\n<tr data-start=\"4376\" data-end=\"4460\">\n<td data-start=\"4376\" data-end=\"4414\" data-col-size=\"sm\"><strong data-start=\"4378\" data-end=\"4391\">Dimensiones<\/strong><\/td>\n<td data-start=\"4414\" data-end=\"4460\" data-col-size=\"md\">136,8 x 96 x 53 mm<\/td>\n<\/tr>\n<tr data-start=\"4461\" data-end=\"4545\">\n<td data-start=\"4461\" data-end=\"4499\" data-col-size=\"sm\"><strong data-start=\"4463\" data-end=\"4479\">Peso de la jaula<\/strong><\/td>\n<td data-start=\"4499\" data-end=\"4545\" data-col-size=\"md\">175 g <\/td>\n<\/tr>\n<tr data-start=\"4546\" data-end=\"4630\">\n<td data-start=\"4546\" data-end=\"4584\" data-col-size=\"sm\"><strong data-start=\"4548\" data-end=\"4576\">Peso total con embalaje<\/strong><\/td>\n<td data-start=\"4584\" data-end=\"4630\" data-col-size=\"md\">0.555 lb<\/td>\n<\/tr>\n<tr data-start=\"4631\" data-end=\"4715\">\n<td data-start=\"4631\" data-end=\"4669\" data-col-size=\"sm\"><strong data-start=\"4633\" data-end=\"4659\">Dimensiones del paquete<\/strong><\/td>\n<p>: <\/p>\n<td data-start=\"4669\" data-end=\"4715\" data-col-size=\"md\">16 x 5,6 x 5 cm<\/td>\n<\/tr>\n<\/tbody>\n<\/table>\n<\/div>\n<\/div>\n<p><\/p>\n<p><strong data-start=\"2504\" data-end=\"2529\"><br \/><\/strong><\/p>\n<p><strong data-start=\"2504\" data-end=\"2529\">Contenido del paquete<\/strong><\/p>\n<ul data-start=\"2531\" data-end=\"2660\">\n<li data-start=\"2531\" data-end=\"2580\">\n<p data-start=\"2533\" data-end=\"2580\">1x Jaula SmallRig para Canon EOS R50 V (Negro)<\/p>\n<\/li>\n<li data-start=\"2581\" data-end=\"2616\">\n<p data-start=\"2583\" data-end=\"2616\">1x soporte de zapata fr\u00eda desmontable<\/p>\n<\/li>\n<li data-start=\"2617\" data-end=\"2636\">\n<p data-start=\"2619\" data-end=\"2636\">2x Llaves Allen<\/p>\n<\/li>\n<li data-start=\"2637\" data-end=\"2660\">\n<p data-start=\"2639\" data-end=\"2660\">1x tornillo de 1\/4&#8243;-20<\/p>\n<\/li>\n<\/ul>\n<p><\/p>\n<p><\/p>\n","protected":false},"excerpt":{"rendered":"<p>Jaula SmallRig para Canon EOS R50 V Lleva tu configuraci\u00f3n de la EOS R50 V de Canon al siguiente nivel<\/p>\n","protected":false},"featured_media":76505,"comment_status":"closed","ping_status":"open","template":"","meta":{"_acf_changed":false},"product_brand":[2550],"product_cat":[1105],"product_tag":[],"class_list":{"0":"post-82131","1":"product","2":"type-product","3":"status-publish","4":"has-post-thumbnail","6":"product_brand-smallrig-es","7":"product_cat-cages-cages-es","9":"first","10":"onbackorder","11":"taxable","12":"shipping-taxable","13":"purchasable","14":"product-type-simple"},"bundled_by":[],"bundle_stock_status":"onbackorder","bundle_stock_quantity":null,"bundle_virtual":false,"bundle_layout":"","bundle_add_to_cart_form_location":"","bundle_editable_in_cart":false,"bundle_sold_individually_context":"","bundle_item_grouping":"","bundle_min_size":"","bundle_max_size":"","bundle_price":[],"bundled_items":[],"bundle_sell_ids":[],"acf":[],"_links":{"self":[{"href":"https:\/\/hi-techwonder.com\/es\/wp-json\/wp\/v2\/product\/82131","targetHints":{"allow":["GET"]}}],"collection":[{"href":"https:\/\/hi-techwonder.com\/es\/wp-json\/wp\/v2\/product"}],"about":[{"href":"https:\/\/hi-techwonder.com\/es\/wp-json\/wp\/v2\/types\/product"}],"replies":[{"embeddable":true,"href":"https:\/\/hi-techwonder.com\/es\/wp-json\/wp\/v2\/comments?post=82131"}],"wp:featuredmedia":[{"embeddable":true,"href":"https:\/\/hi-techwonder.com\/es\/wp-json\/wp\/v2\/media\/76505"}],"wp:attachment":[{"href":"https:\/\/hi-techwonder.com\/es\/wp-json\/wp\/v2\/media?parent=82131"}],"wp:term":[{"taxonomy":"product_brand","embeddable":true,"href":"https:\/\/hi-techwonder.com\/es\/wp-json\/wp\/v2\/product_brand?post=82131"},{"taxonomy":"product_cat","embeddable":true,"href":"https:\/\/hi-techwonder.com\/es\/wp-json\/wp\/v2\/product_cat?post=82131"},{"taxonomy":"product_tag","embeddable":true,"href":"https:\/\/hi-techwonder.com\/es\/wp-json\/wp\/v2\/product_tag?post=82131"}],"curies":[{"name":"wp","href":"https:\/\/api.w.org\/{rel}","templated":true}]}}