{"id":82133,"date":"2025-08-05T09:41:57","date_gmt":"2025-08-05T09:41:57","guid":{"rendered":"https:\/\/hi-techwonder.com\/product\/tripode-smallrig-5290-ct25\/"},"modified":"2026-01-31T01:16:57","modified_gmt":"2026-01-31T01:16:57","slug":"smallrig-tripode-smallrig-5290-ct25","status":"publish","type":"product","link":"https:\/\/hi-techwonder.com\/es\/producto\/smallrig-tripode-smallrig-5290-ct25\/","title":{"rendered":"Tr\u00edpode SMALLRIG 5290 CT25"},"content":{"rendered":"<h3><b>Tr\u00edpode SmallRig CT25 con columna central inclinable de aluminio<\/b><\/h3>\n<p data-start=\"666\" data-end=\"1009\">Lleva tus producciones al siguiente nivel con el <strong data-start=\"705\" data-end=\"722\">SmallRig CT25<\/strong>, un tr\u00edpode profesional de aleaci\u00f3n de aluminio dise\u00f1ado para creadores de contenido que buscan versatilidad y rendimiento. Ya sea para grabar de arriba a abajo, videos con su tel\u00e9fono inteligente o fotos con c\u00e1maras sin espejo, este tr\u00edpode se adapta a cualquier escenario con estabilidad y precisi\u00f3n. <\/p>\n<p data-start=\"1011\" data-end=\"1369\">Con una <strong data-start=\"1019\" data-end=\"1057\">columna central que se inclina hasta 180\u00b0<\/strong>, se transforma f\u00e1cilmente en una <strong data-start=\"1089\" data-end=\"1108\">estructura a\u00e9rea<\/strong> perfecta para tendidos planos, videos de productos o tutoriales. La <strong data-start=\"1169\" data-end=\"1226\">r\u00f3tula esf\u00e9rica con una capacidad de carga de hasta 11 lb garantiza un<\/strong> soporte s\u00f3lido para equipos m\u00e1s pesados, mientras que en modo a\u00e9reo soporta c\u00f3modamente hasta 6 lb, ideal para configuraciones creativas. <\/p>\n<p data-start=\"1371\" data-end=\"1680\">Adem\u00e1s, puede <strong data-start=\"1389\" data-end=\"1415\">quitar una de las patas<\/strong> y usarla como <strong data-start=\"1433\" data-end=\"1456\">un monopie independiente<\/strong>, ideal para movimientos r\u00e1pidos o entornos con poco espacio. El sistema <strong data-start=\"1532\" data-end=\"1554\">de bloqueo flip-lock<\/strong> facilita el ajuste r\u00e1pido de la altura, y los puntos de montaje adicionales le permiten agregar cabezales, luces o monitores adicionales. <\/p>\n<p data-start=\"1682\" data-end=\"1818\">Todo esto viene en un paquete completo y port\u00e1til, listo para cualquier desaf\u00edo de grabaci\u00f3n, ya sea en el estudio, al aire libre o mientras viaja.<\/p>\n<p><\/p>\n<h3 data-start=\"1825\" data-end=\"1859\"><strong data-start=\"1829\" data-end=\"1859\">Caracter\u00edsticas principales<\/strong><\/h3>\n<ul data-start=\"1861\" data-end=\"2266\">\n<li data-start=\"1861\" data-end=\"1926\">\n<p data-start=\"1863\" data-end=\"1926\">Columna central giratoria\/inclinable hasta 180\u00b0 para disparos a\u00e9reos<\/p>\n<\/li>\n<li data-start=\"1927\" data-end=\"1985\">\n<p data-start=\"1929\" data-end=\"1985\">R\u00f3tula esf\u00e9rica con capacidad de carga de 5 kg (11 lb)<\/p>\n<\/li>\n<li data-start=\"1986\" data-end=\"2034\">\n<p data-start=\"1988\" data-end=\"2034\">Modo de aire con una capacidad de hasta 2,7 kg (6 lb)<\/p>\n<\/li>\n<li data-start=\"2035\" data-end=\"2074\">\n<p data-start=\"2037\" data-end=\"2074\">Pata desmontable para usar como monopie<\/p>\n<\/li>\n<li data-start=\"2075\" data-end=\"2133\">\n<p data-start=\"2077\" data-end=\"2133\">Altura m\u00e1xima de 164 cm y longitud cerrada de 52,5 cm<\/p>\n<\/li>\n<li data-start=\"2134\" data-end=\"2176\">\n<p data-start=\"2136\" data-end=\"2176\">Bloqueos abatibles para un ajuste r\u00e1pido<\/p>\n<\/li>\n<li data-start=\"2177\" data-end=\"2211\">\n<p data-start=\"2179\" data-end=\"2211\">Soporte para smartphone incluido<\/p>\n<\/li>\n<li data-start=\"2212\" data-end=\"2266\">\n<p data-start=\"2214\" data-end=\"2266\">Accesorios de 1\/4&#8243;-20 y 3\/8&#8243;-16 para accesorios adicionales<\/p>\n<\/li>\n<\/ul>\n<p><\/p>\n<h3 data-start=\"2502\" data-end=\"2533\"><strong data-start=\"2506\" data-end=\"2533\">Especificaciones t\u00e9cnicas<\/strong><\/h3>\n<div class=\"_tableContainer_80l1q_1\">\n<div class=\"_tableWrapper_80l1q_14 group flex w-fit flex-col-reverse\">\n<table data-start=\"2535\" data-end=\"3784\" class=\"w-fit min-w-(--thread-content-width)\">\n<thead data-start=\"2535\" data-end=\"2613\">\n<tr data-start=\"2535\" data-end=\"2613\">\n<th data-start=\"2535\" data-end=\"2576\" data-col-size=\"sm\"><strong data-start=\"2537\" data-end=\"2554\">Detalle de la especificaci\u00f3n<\/strong><\/th>\n<th data-start=\"2576\" data-end=\"2613\" data-col-size=\"sm\"><strong data-start=\"2578\" data-end=\"2589\"><\/strong><\/th>\n<\/tr>\n<\/thead>\n<tbody data-start=\"2692\" data-end=\"3784\">\n<tr data-start=\"2692\" data-end=\"2770\">\n<td data-start=\"2692\" data-end=\"2732\" data-col-size=\"sm\"><strong data-start=\"2694\" data-end=\"2724\">Tipo de montaje en cabeza<\/strong><\/td>\n<td data-start=\"2732\" data-end=\"2770\" data-col-size=\"sm\">1\/4&#8243;-20 o 3\/8&#8243;-16 macho<\/td>\n<\/tr>\n<tr data-start=\"2771\" data-end=\"2848\">\n<td data-start=\"2771\" data-end=\"2811\" data-col-size=\"sm\"><strong data-start=\"2773\" data-end=\"2795\">Material principal<\/strong><\/td>\n<td data-start=\"2811\" data-end=\"2848\" data-col-size=\"sm\">: aleaci\u00f3n de aluminio<\/td>\n<\/tr>\n<tr data-start=\"2849\" data-end=\"2926\">\n<td data-start=\"2849\" data-end=\"2889\" data-col-size=\"sm\"><strong data-start=\"2851\" data-end=\"2888\">Capacidad de carga (modo normal)<\/strong><\/td>\n<td data-start=\"2889\" data-end=\"2926\" data-col-size=\"sm\">5 kg \/ 11 lb<\/td>\n<\/tr>\n<tr data-start=\"2927\" data-end=\"3004\">\n<td data-start=\"2927\" data-end=\"2967\" data-col-size=\"sm\"><strong data-start=\"2929\" data-end=\"2965\">Capacidad de carga (modo aire)<\/strong><\/td>\n<td data-start=\"2967\" data-end=\"3004\" data-col-size=\"sm\">2,7 kg \/ 6 lb<\/td>\n<\/tr>\n<tr data-start=\"3005\" data-end=\"3082\">\n<td data-start=\"3005\" data-end=\"3045\" data-col-size=\"sm\"><strong data-start=\"3007\" data-end=\"3036\">Altura m\u00e1xima de trabajo<\/strong><\/td>\n<td data-start=\"3045\" data-end=\"3082\" data-col-size=\"sm\">164 cm \/ 64,6&#8243;<\/td>\n<\/tr>\n<tr data-start=\"3083\" data-end=\"3160\">\n<td data-start=\"3083\" data-end=\"3123\" data-col-size=\"sm\"><strong data-start=\"3085\" data-end=\"3114\">Altura m\u00ednima de trabajo<\/strong><\/td>\n<td data-start=\"3123\" data-end=\"3160\" data-col-size=\"sm\">No especificado<\/td>\n<\/tr>\n<tr data-start=\"3161\" data-end=\"3238\">\n<td data-start=\"3161\" data-end=\"3201\" data-col-size=\"sm\"><strong data-start=\"3163\" data-end=\"3186\">Longitud cerrada<\/strong><\/td>\n<td data-start=\"3201\" data-end=\"3238\" data-col-size=\"sm\">52,5 cm \/ 20,7&#8243;<\/td>\n<\/tr>\n<tr data-start=\"3239\" data-end=\"3316\">\n<td data-start=\"3239\" data-end=\"3279\" data-col-size=\"sm\"><strong data-start=\"3241\" data-end=\"3249\">Peso<\/strong><\/td>\n<td data-start=\"3279\" data-end=\"3316\" data-col-size=\"sm\">1,6 kg <\/td>\n<\/tr>\n<tr data-start=\"3317\" data-end=\"3394\">\n<td data-start=\"3317\" data-end=\"3357\" data-col-size=\"sm\"><strong data-start=\"3319\" data-end=\"3347\">Tipo de bloqueo de piernas<\/strong><\/td>\n<td data-start=\"3357\" data-end=\"3394\" data-col-size=\"sm\">Flip-lock<\/td>\n<\/tr>\n<tr data-start=\"3395\" data-end=\"3472\">\n<td data-start=\"3395\" data-end=\"3435\" data-col-size=\"sm\"><strong data-start=\"3397\" data-end=\"3418\">Secciones de piernas<\/strong><\/td>\n<td data-col-size=\"sm\" data-start=\"3435\" data-end=\"3472\">5<\/td>\n<\/tr>\n<tr data-start=\"3473\" data-end=\"3550\">\n<td data-start=\"3473\" data-end=\"3513\" data-col-size=\"sm\"><strong data-start=\"3475\" data-end=\"3504\">Pata desmontable (monopie)<\/strong><\/td>\n<td data-col-size=\"sm\" data-start=\"3513\" data-end=\"3550\">S\u00ed<\/td>\n<\/tr>\n<tr data-start=\"3551\" data-end=\"3628\">\n<td data-start=\"3551\" data-end=\"3591\" data-col-size=\"sm\"><strong data-start=\"3553\" data-end=\"3582\">Accesorios Montajes<\/strong><\/td>\n<td data-col-size=\"sm\" data-start=\"3591\" data-end=\"3628\">1x Rosca hembra de 1\/4&#8243;-20<\/td>\n<\/tr>\n<tr data-start=\"3629\" data-end=\"3706\">\n<td data-start=\"3629\" data-end=\"3669\" data-col-size=\"sm\"><strong data-start=\"3631\" data-end=\"3649\">Nivel de burbuja<\/strong><\/td>\n<td data-col-size=\"sm\" data-start=\"3669\" data-end=\"3706\">No<\/td>\n<\/tr>\n<tr data-start=\"3707\" data-end=\"3784\">\n<td data-start=\"3707\" data-end=\"3747\" data-col-size=\"sm\"><strong data-start=\"3709\" data-end=\"3730\">Soporte esparcidor<\/strong><\/td>\n<td data-col-size=\"sm\" data-start=\"3747\" data-end=\"3784\">No<\/td>\n<\/tr>\n<\/tbody>\n<\/table>\n<\/div>\n<\/div>\n<p><\/p>\n<p><strong data-start=\"2277\" data-end=\"2302\"><br \/><\/strong><\/p>\n<p><strong data-start=\"2277\" data-end=\"2302\">Contenido del paquete<\/strong><\/p>\n<ul data-start=\"2304\" data-end=\"2495\">\n<li data-start=\"2304\" data-end=\"2350\">\n<p data-start=\"2306\" data-end=\"2350\">1x Tr\u00edpode de aleaci\u00f3n de aluminio SmallRig CT25<\/p>\n<\/li>\n<li data-start=\"2351\" data-end=\"2387\">\n<p data-start=\"2353\" data-end=\"2387\">1x adaptador para captura a\u00e9rea<\/p>\n<\/li>\n<li data-start=\"2388\" data-end=\"2418\">\n<p data-start=\"2390\" data-end=\"2418\">1x soporte para tel\u00e9fono inteligente<\/p>\n<\/li>\n<li data-start=\"2419\" data-end=\"2448\">\n<p data-start=\"2421\" data-end=\"2448\">1x Gancho de contrapeso<\/p>\n<\/li>\n<li data-start=\"2449\" data-end=\"2468\">\n<p data-start=\"2451\" data-end=\"2468\">3x Llaves Allen<\/p>\n<\/li>\n<li data-start=\"2469\" data-end=\"2495\">\n<p data-start=\"2471\" data-end=\"2495\">1x bolsa de transporte<\/p>\n<\/li>\n<\/ul>\n<p><\/p>\n","protected":false},"excerpt":{"rendered":"<p>Tr\u00edpode SmallRig CT25 con columna central inclinable de aluminio Lleva tus producciones al siguiente nivel con el SmallRig CT25, un<\/p>\n","protected":false},"featured_media":76497,"comment_status":"closed","ping_status":"open","template":"","meta":{"_acf_changed":false},"product_brand":[2550],"product_cat":[1092],"product_tag":[],"class_list":{"0":"post-82133","1":"product","2":"type-product","3":"status-publish","4":"has-post-thumbnail","6":"product_brand-smallrig-es","7":"product_cat-kits-foto-es","9":"first","10":"onbackorder","11":"taxable","12":"shipping-taxable","13":"purchasable","14":"product-type-simple"},"bundled_by":[],"bundle_stock_status":"onbackorder","bundle_stock_quantity":null,"bundle_virtual":false,"bundle_layout":"","bundle_add_to_cart_form_location":"","bundle_editable_in_cart":false,"bundle_sold_individually_context":"","bundle_item_grouping":"","bundle_min_size":"","bundle_max_size":"","bundle_price":[],"bundled_items":[],"bundle_sell_ids":[],"acf":[],"_links":{"self":[{"href":"https:\/\/hi-techwonder.com\/es\/wp-json\/wp\/v2\/product\/82133","targetHints":{"allow":["GET"]}}],"collection":[{"href":"https:\/\/hi-techwonder.com\/es\/wp-json\/wp\/v2\/product"}],"about":[{"href":"https:\/\/hi-techwonder.com\/es\/wp-json\/wp\/v2\/types\/product"}],"replies":[{"embeddable":true,"href":"https:\/\/hi-techwonder.com\/es\/wp-json\/wp\/v2\/comments?post=82133"}],"wp:featuredmedia":[{"embeddable":true,"href":"https:\/\/hi-techwonder.com\/es\/wp-json\/wp\/v2\/media\/76497"}],"wp:attachment":[{"href":"https:\/\/hi-techwonder.com\/es\/wp-json\/wp\/v2\/media?parent=82133"}],"wp:term":[{"taxonomy":"product_brand","embeddable":true,"href":"https:\/\/hi-techwonder.com\/es\/wp-json\/wp\/v2\/product_brand?post=82133"},{"taxonomy":"product_cat","embeddable":true,"href":"https:\/\/hi-techwonder.com\/es\/wp-json\/wp\/v2\/product_cat?post=82133"},{"taxonomy":"product_tag","embeddable":true,"href":"https:\/\/hi-techwonder.com\/es\/wp-json\/wp\/v2\/product_tag?post=82133"}],"curies":[{"name":"wp","href":"https:\/\/api.w.org\/{rel}","templated":true}]}}