{"id":82137,"date":"2025-08-05T09:41:57","date_gmt":"2025-08-05T09:41:57","guid":{"rendered":"https:\/\/hi-techwonder.com\/product\/tripode-smallrig-5305-potato-jet-tribex-se-aluminio\/"},"modified":"2026-01-31T01:17:57","modified_gmt":"2026-01-31T01:17:57","slug":"smallrig-tripode-smallrig-5305-potato-jet-tribex-se-aluminio","status":"publish","type":"product","link":"https:\/\/hi-techwonder.com\/es\/producto\/smallrig-tripode-smallrig-5305-potato-jet-tribex-se-aluminio\/","title":{"rendered":"Tr\u00edpode SMALLRIG 5305 + Potato Jet Tribex SE Aluminio"},"content":{"rendered":"<h3><b>Tr\u00edpode de aluminio TRIBEX SE SmallRig x Potato Jet con sistema hidr\u00e1ulico<\/b><\/h3>\n<p>El <strong data-start=\"750\" data-end=\"785\">SmallRig x Potato Jet TRIBEX SE<\/strong> es mucho m\u00e1s que un tr\u00edpode: es una soluci\u00f3n premium dise\u00f1ada para creadores de contenido exigentes que no comprometen la agilidad y la estabilidad. Creado en colaboraci\u00f3n con el cineasta y youtuber Potato Jet, este kit combina ligereza, resistencia y tecnolog\u00eda hidr\u00e1ulica de vanguardia para ofrecerte una experiencia de montaje \u00fanica. <\/p>\n<p data-start=\"1121\" data-end=\"1449\">La verdadera estrella aqu\u00ed es el sistema <strong data-start=\"1159\" data-end=\"1182\">hidr\u00e1ulico X-Clutch<\/strong>, que le permite abrir y ajustar las tres patas con un solo movimiento, ahorrando un tiempo precioso en producciones din\u00e1micas. Con un peso de solo 3,7 kg y capacidad para soportar hasta 6 kg, este tr\u00edpode es ideal para equipos completos de c\u00e1maras DSLR, c\u00e1maras sin espejo o cine compacto. <\/p>\n<p data-start=\"1451\" data-end=\"1774\">Su cabezal fluido ofrece paneos suaves de 360\u00b0 e inclinaciones precisas de +90\u00b0 a -65\u00b0, con un sistema de liberaci\u00f3n r\u00e1pida t\u00e1ctil compatible con las tarjetas de liberaci\u00f3n r\u00e1pida Manfrotto y DJI RS. Adem\u00e1s, incluye puntos de montaje de 1\/4&#8243;-20 para accesorios, niveles de burbuja y una barra de pan que se puede instalar desde cualquier lado. <\/p>\n<p data-start=\"1776\" data-end=\"1925\">Compacto cuando est\u00e1 cerrado (solo 70,9 cm), viene con una bolsa de transporte resistente, lo que lo hace perfecto para viajar y filmar sobre la marcha.<\/p>\n<p><\/p>\n<h3 data-start=\"1932\" data-end=\"1966\"><strong data-start=\"1936\" data-end=\"1966\">Caracter\u00edsticas principales<\/strong><\/h3>\n<ul data-start=\"1968\" data-end=\"2391\">\n<li data-start=\"1968\" data-end=\"2018\">\n<p data-start=\"1970\" data-end=\"2018\">Construcci\u00f3n de aleaci\u00f3n de aluminio ligera y resistente<\/p>\n<\/li>\n<li data-start=\"2019\" data-end=\"2058\">\n<p data-start=\"2021\" data-end=\"2058\">Altura ajustable entre 25 cm y 168 cm<\/p>\n<\/li>\n<li data-start=\"2059\" data-end=\"2126\">\n<p data-start=\"2061\" data-end=\"2126\">Sistema hidr\u00e1ulico X-Clutch para montaje\/desmontaje instant\u00e1neo<\/p>\n<\/li>\n<li data-start=\"2127\" data-end=\"2182\">\n<p data-start=\"2129\" data-end=\"2182\">Cabezal fluido con rotaci\u00f3n de 360\u00b0 e inclinaci\u00f3n de +90\u00b0\/-65\u00b0<\/p>\n<\/li>\n<li data-start=\"2183\" data-end=\"2245\">\n<p data-start=\"2185\" data-end=\"2245\">Placa de liberaci\u00f3n r\u00e1pida compatible con Manfrotto y DJI RS<\/p>\n<\/li>\n<li data-start=\"2246\" data-end=\"2280\">\n<p data-start=\"2248\" data-end=\"2280\">Capacidad de carga m\u00e1xima: 6 kg<\/p>\n<\/li>\n<li data-start=\"2281\" data-end=\"2322\">\n<p data-start=\"2283\" data-end=\"2322\">Roscas de 1\/4&#8243;-20 para accesorios laterales<\/p>\n<\/li>\n<li data-start=\"2323\" data-end=\"2391\">\n<p data-start=\"2325\" data-end=\"2391\">Patas con pies de goma antideslizantes para mayor estabilidad<\/p>\n<\/li>\n<\/ul>\n<p><\/p>\n<table>\n<thead>\n<tr>\n<th><strong>Categor\u00eda<\/strong><\/th>\n<th><strong>Especificaci\u00f3n<\/strong><\/th>\n<\/tr>\n<\/thead>\n<tbody>\n<tr>\n<td><strong>Tipo de<\/strong><\/td>\n<p> cabeza<\/p>\n<td>Cabezal fluido<\/td>\n<\/tr>\n<tr>\n<td><strong>Material<\/strong><\/td>\n<p> principal<\/p>\n<td>Aleaci\u00f3n de aluminio<\/td>\n<\/tr>\n<tr>\n<td><strong>Capacidad<\/strong><\/td>\n<p> de carga<\/p>\n<td>6 kg \/ 13,2 libras<\/td>\n<\/tr>\n<tr>\n<td><strong>Altura<\/strong><\/td>\n<p> m\u00e1xima<\/p>\n<td>168 cm \/ 66,14&#8243;<\/td>\n<\/tr>\n<tr>\n<td><strong>Altura<\/strong><\/td>\n<p> m\u00ednima<\/p>\n<td>25 cm \/ 9,8&#8243;<\/td>\n<\/tr>\n<tr>\n<td><strong>Longitud<\/strong><\/td>\n<p> cerrada<\/p>\n<td>70,9 cm \/ 27,9&#8243;<\/td>\n<\/tr>\n<tr>\nPeso <\/p>\n<td><strong>total<\/strong><\/td>\n<td>3,7 kg \/ 8,1 lb<\/td>\n<\/tr>\n<tr>\n<td><strong>Sistema<\/strong><\/td>\n<p> de cierre<\/p>\n<td>Embrague hidr\u00e1ulico en X<\/td>\n<\/tr>\n<tr>\nConjunto <\/p>\n<td><strong>de la cabeza<\/strong><\/td>\n<td>Base plana con rosca hembra 3\/8&#8243;-16<\/td>\n<\/tr>\n<tr>\n<td><strong>Inclinaci\u00f3n<\/strong><\/td>\n<p> vertical<\/p>\n<td>De +90\u00b0 a -65\u00b0<\/td>\n<\/tr>\n<tr>\nRotaci\u00f3n <\/p>\n<td><strong>de la bandeja<\/strong><\/td>\n<td>360\u00b0<\/td>\n<\/tr>\n<tr>\n<td><strong>Control de<\/strong><\/td>\n<p> arrastre<\/p>\n<td>S\u00ed, con amortiguaci\u00f3n continua<\/td>\n<\/tr>\n<tr>\n<td><strong>Cerraduras<\/strong><\/td>\n<p> independientes<\/p>\n<td>Panor\u00e1mica e inclinaci\u00f3n con bloqueo \u00fanico<\/td>\n<\/tr>\n<tr>\n<td><strong>Plato<\/strong><\/td>\n<p> r\u00e1pido<\/p>\n<td>Compatibilidad con Manfrotto Style + DJI RS<\/td>\n<\/tr>\n<tr>\n<td><strong>Tornillos de<\/strong><\/td>\n<p> placa<\/p>\n<td>1\/4&#8243;-20 y 3\/8&#8243;-16<\/td>\n<\/tr>\n<tr>\n<td><strong>Niveles de burbuja<\/strong><\/td>\n<td>S\u00ed <\/td>\n<\/tr>\n<tr>\n<td><strong>Secciones de<\/strong><\/td>\n<p> piernas<\/p>\n<td>3<\/td>\n<\/tr>\n<tr>\nAjuste <\/p>\n<td><strong>independiente de la pierna<\/strong><\/td>\n<td>S\u00ed<\/td>\n<\/tr>\n<tr>\nPosiciones <\/p>\n<td><strong>de apertura de piernas<\/strong><\/td>\n<td>4 posiciones con ajuste continuo<\/td>\n<\/tr>\n<tr>\n<td><strong>Columna central<\/strong><\/td>\n<td>S\u00ed <\/td>\n<\/tr>\n<tr>\n<td><strong>Montaje<\/strong><\/td>\n<p> de accesorios<\/p>\n<td>2x Roscas de 1\/4&#8243;-20<\/td>\n<\/tr>\n<tr>\n<td><strong>Monopie desmontable<\/strong><\/td>\n<td>No<\/td>\n<\/tr>\n<tr>\n<td><strong>Esparcidor<\/strong><\/td>\n<p> de fondo<\/p>\n<td>No<\/td>\n<\/tr>\n<\/tbody>\n<\/table>\n<p><\/p>\n<h3 data-start=\"2398\" data-end=\"2427\"><strong data-start=\"2402\" data-end=\"2427\">Contenido del paquete<\/strong><\/h3>\n<ul data-start=\"2429\" data-end=\"2651\">\n<li data-start=\"2429\" data-end=\"2471\">\n<p data-start=\"2431\" data-end=\"2471\">1x Tr\u00edpode SmallRig x Potato Jet TRIBEX SE<\/p>\n<\/li>\n<li data-start=\"2472\" data-end=\"2522\">\n<p data-start=\"2474\" data-end=\"2522\">1x Placa de liberaci\u00f3n r\u00e1pida (estilo Manfrotto)<\/p>\n<\/li>\n<li data-start=\"2523\" data-end=\"2554\">\n<p data-start=\"2525\" data-end=\"2554\">1x Tornillo de c\u00e1mara 1\/4&#8243;-20<\/p>\n<\/li>\n<li data-start=\"2555\" data-end=\"2586\">\n<p data-start=\"2557\" data-end=\"2586\">1x Tornillo de c\u00e1mara 3\/8&#8243;-16<\/p>\n<\/li>\n<li data-start=\"2587\" data-end=\"2609\">\n<p data-start=\"2589\" data-end=\"2609\">1x Perilla de embrague X<\/p>\n<\/li>\n<li data-start=\"2610\" data-end=\"2626\">\n<p data-start=\"2612\" data-end=\"2626\">1x Llave Allen<\/p>\n<\/li>\n<li data-start=\"2627\" data-end=\"2651\">\n<p data-start=\"2629\" data-end=\"2651\">1x bolsa de transporte<\/p>\n<\/li>\n<\/ul>\n<p><\/p>\n","protected":false},"excerpt":{"rendered":"<p>Tr\u00edpode de aluminio TRIBEX SE SmallRig x Potato Jet con sistema hidr\u00e1ulico El SmallRig x Potato Jet TRIBEX SE es<\/p>\n","protected":false},"featured_media":76479,"comment_status":"closed","ping_status":"open","template":"","meta":{"_acf_changed":false},"product_brand":[2550],"product_cat":[1091],"product_tag":[],"class_list":{"0":"post-82137","1":"product","2":"type-product","3":"status-publish","4":"has-post-thumbnail","6":"product_brand-smallrig-es","7":"product_cat-kits-de-video-es","9":"first","10":"onbackorder","11":"taxable","12":"shipping-taxable","13":"purchasable","14":"product-type-simple"},"bundled_by":[],"bundle_stock_status":"onbackorder","bundle_stock_quantity":null,"bundle_virtual":false,"bundle_layout":"","bundle_add_to_cart_form_location":"","bundle_editable_in_cart":false,"bundle_sold_individually_context":"","bundle_item_grouping":"","bundle_min_size":"","bundle_max_size":"","bundle_price":[],"bundled_items":[],"bundle_sell_ids":[],"acf":[],"_links":{"self":[{"href":"https:\/\/hi-techwonder.com\/es\/wp-json\/wp\/v2\/product\/82137","targetHints":{"allow":["GET"]}}],"collection":[{"href":"https:\/\/hi-techwonder.com\/es\/wp-json\/wp\/v2\/product"}],"about":[{"href":"https:\/\/hi-techwonder.com\/es\/wp-json\/wp\/v2\/types\/product"}],"replies":[{"embeddable":true,"href":"https:\/\/hi-techwonder.com\/es\/wp-json\/wp\/v2\/comments?post=82137"}],"wp:featuredmedia":[{"embeddable":true,"href":"https:\/\/hi-techwonder.com\/es\/wp-json\/wp\/v2\/media\/76479"}],"wp:attachment":[{"href":"https:\/\/hi-techwonder.com\/es\/wp-json\/wp\/v2\/media?parent=82137"}],"wp:term":[{"taxonomy":"product_brand","embeddable":true,"href":"https:\/\/hi-techwonder.com\/es\/wp-json\/wp\/v2\/product_brand?post=82137"},{"taxonomy":"product_cat","embeddable":true,"href":"https:\/\/hi-techwonder.com\/es\/wp-json\/wp\/v2\/product_cat?post=82137"},{"taxonomy":"product_tag","embeddable":true,"href":"https:\/\/hi-techwonder.com\/es\/wp-json\/wp\/v2\/product_tag?post=82137"}],"curies":[{"name":"wp","href":"https:\/\/api.w.org\/{rel}","templated":true}]}}