{"id":82139,"date":"2025-08-05T09:41:57","date_gmt":"2025-08-05T09:41:57","guid":{"rendered":"https:\/\/hi-techwonder.com\/product\/serie-sirui-sniper-16mm-f-1-2-montura-x\/"},"modified":"2026-04-27T11:50:21","modified_gmt":"2026-04-27T10:50:21","slug":"sirui-serie-sirui-sniper-16mm-f-1-2-montura-x","status":"publish","type":"product","link":"https:\/\/hi-techwonder.com\/es\/producto\/sirui-serie-sirui-sniper-16mm-f-1-2-montura-x\/","title":{"rendered":"Serie SIRUI Sniper 16mm f\/1.2 Montura X"},"content":{"rendered":"<h1 class=\"product-title h5\">Serie SIRUI Sniper 16mm f1.2 APS-C X-Mount<\/h1>\n<p data-start=\"824\" data-end=\"1214\">El <strong data-start=\"826\" data-end=\"872\">enfoque autom\u00e1tico Sirui Sniper 16 mm f\/1.2 (montura X)<\/strong> es un objetivo creado para los creadores de im\u00e1genes que exigen velocidad, nitidez y un control creativo total. Con una <strong data-start=\"986\" data-end=\"1014\">apertura m\u00e1xima de f\/1.2<\/strong>, este objetivo ofrece un rendimiento excepcional con poca luz al tiempo que proporciona un <strong data-start=\"1118\" data-end=\"1174\">desenfoque de fondo suave y est\u00e9ticamente agradable<\/strong> gracias a su diafragma de 13 hojas. <\/p>\n<p data-start=\"1216\" data-end=\"1590\">Dise\u00f1ado espec\u00edficamente para sensores APS-C, ofrece una <strong data-start=\"1279\" data-end=\"1317\">distancia focal equivalente a 24 mm<\/strong>, lo que lo hace perfecto para paisajes, arquitectura, vlogs y fotograf\u00eda callejera. Su <strong data-start=\"1404\" data-end=\"1429\">complejo dise\u00f1o \u00f3ptico<\/strong>, compuesto por elementos asf\u00e9ricos, HR y ED, reduce significativamente las aberraciones y distorsiones crom\u00e1ticas, asegurando im\u00e1genes con excelente contraste y definici\u00f3n. <\/p>\n<p data-start=\"1592\" data-end=\"1902\">El <strong data-start=\"1605\" data-end=\"1655\">sistema de enfoque autom\u00e1tico con seguimiento de ojos y objetos<\/strong> funciona con un motor STM silencioso y de respuesta r\u00e1pida, que sobresale tanto en im\u00e1genes fijas como en grabaci\u00f3n de video. El <strong data-start=\"1783\" data-end=\"1825\">anillo de enfoque totalmente giratorio de 360\u00b0<\/strong> tambi\u00e9n permite un control manual fino, ideal para creadores m\u00e1s exigentes. <\/p>\n<p data-start=\"1904\" data-end=\"2052\">Adem\u00e1s, el objetivo cuenta con un <strong data-start=\"1938\" data-end=\"1953\">puerto USB-C<\/strong> para actualizaciones de firmware, lo que garantiza la compatibilidad y las mejoras continuas a lo largo del tiempo.<\/p>\n<p><\/p>\n<p><iframe loading=\"lazy\" frameborder=\"0\" src=\"https:\/\/www.youtube.com\/embed\/IYNKSH6ETz4\" width=\"640\" height=\"360\"><\/iframe><\/p>\n<p><\/p>\n<h3 data-start=\"1983\" data-end=\"2017\"><strong data-start=\"1987\" data-end=\"2017\">Caracter\u00edsticas principales<\/strong><\/h3>\n<ul data-start=\"2019\" data-end=\"2541\">\n<li data-start=\"2019\" data-end=\"2101\">\n<p data-start=\"2021\" data-end=\"2101\">Apertura m\u00e1xima ultrarr\u00e1pida de f\/1.2: ideal para poca luz y bokeh creativo<\/p>\n<\/li>\n<li data-start=\"2102\" data-end=\"2175\">\n<p data-start=\"2104\" data-end=\"2175\">Enfoque autom\u00e1tico con detecci\u00f3n de ojos y objetos, ideal para v\u00eddeo y retrato<\/p>\n<\/li>\n<li data-start=\"2176\" data-end=\"2244\">\n<p data-start=\"2178\" data-end=\"2244\">Dise\u00f1o \u00f3ptico de alto rendimiento con elementos asf\u00e9ricos, ED y HR<\/p>\n<\/li>\n<li data-start=\"2245\" data-end=\"2301\">\n<p data-start=\"2247\" data-end=\"2301\">Compatible con c\u00e1maras sin espejo FUJIFILM X (APS-C)<\/p>\n<\/li>\n<li data-start=\"2302\" data-end=\"2376\">\n<p data-start=\"2304\" data-end=\"2376\">Distancia focal equivalente a 24 mm en fotograma completo: versatilidad total<\/p>\n<\/li>\n<li data-start=\"2377\" data-end=\"2439\">\n<p data-start=\"2379\" data-end=\"2439\">13 hojas de diafragma para desenfoques circulares suaves<\/p>\n<\/li>\n<li data-start=\"2440\" data-end=\"2495\">\n<p data-start=\"2442\" data-end=\"2495\">Puerto USB-C incorporado para actualizaciones de firmware<\/p>\n<\/li>\n<li data-start=\"2496\" data-end=\"2541\">\n<p data-start=\"2498\" data-end=\"2541\">Compacto, ligero y duradero: solo 386 g<\/p>\n<\/li>\n<\/ul>\n<p><\/p>\n<h3 data-start=\"3473\" data-end=\"3504\"><strong data-start=\"3477\" data-end=\"3504\">Especificaciones t\u00e9cnicas<\/strong><\/h3>\n<div class=\"_tableContainer_80l1q_1\">\n<div class=\"_tableWrapper_80l1q_14 group flex w-fit flex-col-reverse\">\n<table data-start=\"3506\" data-end=\"4752\" class=\"w-fit min-w-(--thread-content-width)\">\n<thead data-start=\"3506\" data-end=\"3583\">\n<tr data-start=\"3506\" data-end=\"3583\">\n<th data-start=\"3506\" data-end=\"3539\" data-col-size=\"sm\">Detalle de la especificaci\u00f3n<\/th>\n<th data-start=\"3539\" data-end=\"3583\" data-col-size=\"sm\"><\/th>\n<\/tr>\n<\/thead>\n<tbody data-start=\"3662\" data-end=\"4752\">\n<tr data-start=\"3662\" data-end=\"3738\">\n<td data-start=\"3662\" data-end=\"3694\" data-col-size=\"sm\">Distancia focal<\/td>\n<td data-start=\"3694\" data-end=\"3738\" data-col-size=\"sm\">16 mm (equivalente a 24 mm en fotograma completo)<\/td>\n<\/tr>\n<tr data-start=\"3739\" data-end=\"3816\">\n<td data-start=\"3739\" data-end=\"3771\" data-col-size=\"sm\">Apertura m\u00e1xima<\/td>\n<td data-start=\"3771\" data-end=\"3816\" data-col-size=\"sm\">f\/1.2<\/td>\n<\/tr>\n<tr data-start=\"3817\" data-end=\"3894\">\n<td data-start=\"3817\" data-end=\"3849\" data-col-size=\"sm\">Apertura m\u00ednima<\/td>\n<td data-start=\"3849\" data-end=\"3894\" data-col-size=\"sm\">f\/16<\/td>\n<\/tr>\n<tr data-start=\"3895\" data-end=\"3972\">\n<td data-start=\"3927\" data-end=\"3972\" data-col-size=\"sm\">Compatibilidad con FUJIFILM X (APS-C)<\/td>\n<td data-start=\"3895\" data-end=\"3927\" data-col-size=\"sm\"><\/td>\n<\/tr>\n<tr data-start=\"3973\" data-end=\"4050\">\n<td data-start=\"3973\" data-end=\"4005\" data-col-size=\"sm\">Tipo de enfoque<\/td>\n<td data-start=\"4005\" data-end=\"4050\" data-col-size=\"sm\">Enfoque autom\u00e1tico con motor STM<\/td>\n<\/tr>\n<tr data-start=\"4051\" data-end=\"4128\">\n<td data-start=\"4051\" data-end=\"4083\" data-col-size=\"sm\">Distancia m\u00ednima de enfoque<\/td>\n<td data-start=\"4083\" data-end=\"4128\" data-col-size=\"sm\">30 cm<\/td>\n<\/tr>\n<tr data-start=\"4129\" data-end=\"4206\">\n<td data-start=\"4129\" data-end=\"4161\" data-col-size=\"sm\">Dise\u00f1o \u00f3ptico<\/td>\n<td data-start=\"4161\" data-end=\"4206\" data-col-size=\"sm\">14 elementos en 5 grupos<\/td>\n<\/tr>\n<tr data-start=\"4207\" data-end=\"4284\">\n<td data-start=\"4207\" data-end=\"4239\" data-col-size=\"sm\">Hojas de diafragma<\/td>\n<td data-start=\"4239\" data-end=\"4284\" data-col-size=\"sm\">13<\/td>\n<\/tr>\n<tr data-start=\"4285\" data-end=\"4362\">\n<td data-start=\"4285\" data-end=\"4317\" data-col-size=\"sm\">Estabilizaci\u00f3n de imagen<\/td>\n<td data-start=\"4317\" data-end=\"4362\" data-col-size=\"sm\">No<\/td>\n<\/tr>\n<tr data-start=\"4363\" data-end=\"4440\">\n<td data-start=\"4363\" data-end=\"4395\" data-col-size=\"sm\">Di\u00e1metro del filtro<\/td>\n<td data-start=\"4395\" data-end=\"4440\" data-col-size=\"sm\">58 mm<\/td>\n<\/tr>\n<tr data-start=\"4441\" data-end=\"4518\">\n<td data-start=\"4441\" data-end=\"4473\" data-col-size=\"sm\">Peso<\/td>\n<td data-start=\"4473\" data-end=\"4518\" data-col-size=\"sm\">386 g<\/td>\n<\/tr>\n<tr data-start=\"4519\" data-end=\"4596\">Conexi\u00f3n <\/p>\n<td data-start=\"4551\" data-end=\"4596\" data-col-size=\"sm\"> <\/td>\n<td data-start=\"4519\" data-end=\"4551\" data-col-size=\"sm\">de firmware USB-C<\/td>\n<\/tr>\n<tr data-start=\"4597\" data-end=\"4674\">\n<td data-start=\"4597\" data-end=\"4629\" data-col-size=\"sm\">Dimensiones de la caja<\/td>\n<td data-start=\"4629\" data-end=\"4674\" data-col-size=\"sm\">18,5 x 12,7 x 12,4 cm<\/td>\n<\/tr>\n<tr data-start=\"4675\" data-end=\"4752\">\n<td data-start=\"4675\" data-end=\"4707\" data-col-size=\"sm\">Peso del paquete<\/td>\n<td data-start=\"4707\" data-end=\"4752\" data-col-size=\"sm\">: 865 g<\/td>\n<\/tr>\n<\/tbody>\n<\/table>\n<\/div>\n<\/div>\n<p><\/p>\n<h3 data-start=\"2548\" data-end=\"2577\"><strong data-start=\"2552\" data-end=\"2577\">Contenido del paquete<\/strong><\/h3>\n<ul data-start=\"2579\" data-end=\"2734\">\n<li data-start=\"2579\" data-end=\"2648\">\n<p data-start=\"2581\" data-end=\"2648\">1x Lente de enfoque autom\u00e1tico Sirui Sniper 16mm f\/1.2 (FUJIFILM X, negro)<\/p>\n<\/li>\n<li data-start=\"2649\" data-end=\"2669\">\n<p data-start=\"2651\" data-end=\"2669\">1x Cubierta frontal<\/p>\n<\/li>\n<li data-start=\"2670\" data-end=\"2691\">\n<p data-start=\"2672\" data-end=\"2691\">1x Contraportada<\/p>\n<\/li>\n<li data-start=\"2692\" data-end=\"2707\">\n<p data-start=\"2694\" data-end=\"2707\">1x Parasol<\/p>\n<\/li>\n<li data-start=\"2708\" data-end=\"2734\">\n<p data-start=\"2710\" data-end=\"2734\">1x bolsa de transporte<\/p>\n<\/li>\n<\/ul>\n","protected":false},"excerpt":{"rendered":"<p>Serie SIRUI Sniper 16mm f1.2 APS-C X-Mount El enfoque autom\u00e1tico Sirui Sniper 16 mm f\/1.2 (montura X) es un objetivo<\/p>\n","protected":false},"featured_media":76433,"comment_status":"closed","ping_status":"open","template":"","meta":{"_acf_changed":false},"product_brand":[2597],"product_cat":[1062],"product_tag":[],"class_list":{"0":"post-82139","1":"product","2":"type-product","3":"status-publish","4":"has-post-thumbnail","6":"product_brand-sirui-es","7":"product_cat-mirrorless-objectivos","8":"pa_abertura-maxima-f-1-2-es","10":"first","11":"pre-order","12":"sale","13":"taxable","14":"shipping-taxable","15":"purchasable","16":"product-type-simple"},"bundled_by":[],"bundle_stock_status":"pre-order","bundle_stock_quantity":null,"bundle_virtual":false,"bundle_layout":"","bundle_add_to_cart_form_location":"","bundle_editable_in_cart":false,"bundle_sold_individually_context":"","bundle_item_grouping":"","bundle_min_size":"","bundle_max_size":"","bundle_price":[],"bundled_items":[],"bundle_sell_ids":[],"acf":[],"_links":{"self":[{"href":"https:\/\/hi-techwonder.com\/es\/wp-json\/wp\/v2\/product\/82139","targetHints":{"allow":["GET"]}}],"collection":[{"href":"https:\/\/hi-techwonder.com\/es\/wp-json\/wp\/v2\/product"}],"about":[{"href":"https:\/\/hi-techwonder.com\/es\/wp-json\/wp\/v2\/types\/product"}],"replies":[{"embeddable":true,"href":"https:\/\/hi-techwonder.com\/es\/wp-json\/wp\/v2\/comments?post=82139"}],"wp:featuredmedia":[{"embeddable":true,"href":"https:\/\/hi-techwonder.com\/es\/wp-json\/wp\/v2\/media\/76433"}],"wp:attachment":[{"href":"https:\/\/hi-techwonder.com\/es\/wp-json\/wp\/v2\/media?parent=82139"}],"wp:term":[{"taxonomy":"product_brand","embeddable":true,"href":"https:\/\/hi-techwonder.com\/es\/wp-json\/wp\/v2\/product_brand?post=82139"},{"taxonomy":"product_cat","embeddable":true,"href":"https:\/\/hi-techwonder.com\/es\/wp-json\/wp\/v2\/product_cat?post=82139"},{"taxonomy":"product_tag","embeddable":true,"href":"https:\/\/hi-techwonder.com\/es\/wp-json\/wp\/v2\/product_tag?post=82139"}],"curies":[{"name":"wp","href":"https:\/\/api.w.org\/{rel}","templated":true}]}}