{"id":82140,"date":"2025-08-05T09:41:57","date_gmt":"2025-08-05T09:41:57","guid":{"rendered":"https:\/\/hi-techwonder.com\/product\/smallrig-4480-kit-de-soporte-de-hombro-version-clasica\/"},"modified":"2025-08-05T09:41:57","modified_gmt":"2025-08-05T09:41:57","slug":"smallrig-4480-kit-de-soporte-de-hombro-version-clasica","status":"publish","type":"product","link":"https:\/\/hi-techwonder.com\/es\/producto\/smallrig-4480-kit-de-soporte-de-hombro-version-clasica\/","title":{"rendered":"SMALLRIG 4480 Kit de soporte de hombro (versi\u00f3n cl\u00e1sica)"},"content":{"rendered":"<h3><b>Kit de plataforma de hombro SmallRig (versi\u00f3n cl\u00e1sica)<\/b><\/h3>\n<p><\/p>\n<p>Eleva tu configuraci\u00f3n de grabaci\u00f3n con el <strong data-start=\"878\" data-end=\"925\">kit de plataforma de hombro SmallRig (versi\u00f3n cl\u00e1sica),<\/strong> la soluci\u00f3n definitiva para creadores de contenido, cineastas independientes y vide\u00f3grafos que buscan estabilidad, comodidad y modularidad. Este equipo est\u00e1 dise\u00f1ado con precisi\u00f3n para transformar la forma en que tomas im\u00e1genes, especialmente durante largas sesiones de disparo sin tr\u00edpode. <\/p>\n<p data-start=\"1209\" data-end=\"1595\">Gracias a su sistema de patillas est\u00e1ndar de 15 mm, la placa base de liberaci\u00f3n r\u00e1pida Arca y la hombrera acolchada, puede reducir dr\u00e1sticamente la fatiga y mejorar la estabilidad de sus tomas. Los agarres giratorios dobles ofrecen una mayor maniobrabilidad y comodidad, mientras que las roscas y los soportes permiten la personalizaci\u00f3n con monitores, micr\u00f3fonos, brazos m\u00e1gicos y m\u00e1s. <\/p>\n<p data-start=\"1597\" data-end=\"1753\">Este kit no es solo una herramienta, es una extensi\u00f3n de tu ojo creativo, dise\u00f1ado para darte la libertad de crear de manera m\u00e1s fluida y con menos limitaciones.<\/p>\n<p><\/p>\n<p><iframe loading=\"lazy\" frameborder=\"0\" src=\"https:\/\/www.youtube.com\/embed\/iHGYggxVdmw\" width=\"640\" height=\"360\" class=\"note-video-clip\" referrerpolicy=\"strict-origin-when-cross-origin\"><\/iframe><\/p>\n<p><\/p>\n<h3 data-start=\"1760\" data-end=\"1794\"><strong data-start=\"1764\" data-end=\"1794\">Caracter\u00edsticas principales<\/strong><\/h3>\n<ul data-start=\"1795\" data-end=\"2346\">\n<li data-start=\"1795\" data-end=\"1853\">\n<p data-start=\"1797\" data-end=\"1853\"><strong data-start=\"1797\" data-end=\"1851\">Compatible con c\u00e1maras DSLR, mirrorless y compactas<\/strong><\/p>\n<\/li>\n<li data-start=\"1854\" data-end=\"1929\">\n<p data-start=\"1856\" data-end=\"1929\"><strong data-start=\"1856\" data-end=\"1927\">Sistema de liberaci\u00f3n r\u00e1pida Arca para un montaje \u00e1gil de la c\u00e1mara<\/strong><\/p>\n<\/li>\n<li data-start=\"1930\" data-end=\"2003\">\n<p data-start=\"1932\" data-end=\"2003\"><strong data-start=\"1932\" data-end=\"2001\">Empu\u00f1aduras dobles ergon\u00f3micas con rotaci\u00f3n de 360\u00b0 para un mayor control<\/strong><\/p>\n<\/li>\n<li data-start=\"2004\" data-end=\"2075\">\n<p data-start=\"2006\" data-end=\"2075\"><strong data-start=\"2006\" data-end=\"2073\">Hombrera con soporte para la espalda para mayor comodidad<\/strong><\/p>\n<\/li>\n<li data-start=\"2076\" data-end=\"2159\">\n<p data-start=\"2078\" data-end=\"2159\"><strong data-start=\"2078\" data-end=\"2157\">Placa base con soporte para varillas LWS de 15 mm y espaciado est\u00e1ndar de 60 mm<\/strong><\/p>\n<\/li>\n<li data-start=\"2160\" data-end=\"2229\">\n<p data-start=\"2162\" data-end=\"2229\"><strong data-start=\"2162\" data-end=\"2227\">Varias roscas de 1\/4&#8243;-20 y 3\/8&#8243;-16 para accesorios de montaje<\/strong><\/p>\n<\/li>\n<li data-start=\"2230\" data-end=\"2287\">\n<p data-start=\"2232\" data-end=\"2287\"><strong data-start=\"2232\" data-end=\"2285\">Soporte para tr\u00edpode y zapata fr\u00eda lateral incluidos<\/strong><\/p>\n<\/li>\n<li data-start=\"2288\" data-end=\"2346\">\n<p data-start=\"2290\" data-end=\"2346\"><strong data-start=\"2290\" data-end=\"2344\">Construcci\u00f3n de aluminio macizo, acero inoxidable y silicona<\/strong><\/p>\n<\/li>\n<\/ul>\n<p><\/p>\n<h3 data-start=\"3147\" data-end=\"3178\"><strong data-start=\"3151\" data-end=\"3178\">Especificaciones t\u00e9cnicas<\/strong><\/h3>\n<div class=\"_tableContainer_80l1q_1\">\n<div tabindex=\"-1\" class=\"_tableWrapper_80l1q_14 group flex w-fit flex-col-reverse\">\n<table data-start=\"3180\" data-end=\"4916\" class=\"w-fit min-w-(--thread-content-width)\">\n<thead data-start=\"3180\" data-end=\"3262\">\n<tr data-start=\"3180\" data-end=\"3262\">\n<th data-start=\"3180\" data-end=\"3213\" data-col-size=\"sm\"><strong data-start=\"3182\" data-end=\"3195\">Detalles de la categor\u00eda<\/strong><\/th>\n<th data-start=\"3213\" data-end=\"3262\" data-col-size=\"md\"><strong data-start=\"3215\" data-end=\"3227\"><\/strong><\/th>\n<\/tr>\n<\/thead>\n<tbody data-start=\"3345\" data-end=\"4916\">\n<tr data-start=\"3345\" data-end=\"3427\">\n<td data-start=\"3345\" data-end=\"3377\" data-col-size=\"sm\">Tipo de soporte<\/td>\n<td data-start=\"3377\" data-end=\"3427\" data-col-size=\"md\">Placa base, soporte para hombros<\/td>\n<\/tr>\n<tr data-start=\"3428\" data-end=\"3510\">\n<td data-start=\"3428\" data-end=\"3460\" data-col-size=\"sm\">Tipo de asas<\/td>\n<td data-col-size=\"md\" data-start=\"3460\" data-end=\"3510\">Asas dobles<\/td>\n<\/tr>\n<tr data-start=\"3511\" data-end=\"3593\">Compatibilidad <\/p>\n<td data-col-size=\"md\" data-start=\"3543\" data-end=\"3593\"> <\/td>\n<td data-start=\"3511\" data-end=\"3543\" data-col-size=\"sm\">universal con c\u00e1maras<\/td>\n<\/tr>\n<tr data-start=\"3594\" data-end=\"3675\">\n<td data-start=\"3594\" data-end=\"3626\" data-col-size=\"sm\">Patillas est\u00e1ndar<\/td>\n<td data-col-size=\"md\" data-start=\"3626\" data-end=\"3675\">15 mm LWS \/ 60 mm Espaciado<\/td>\n<\/tr>\n<tr data-start=\"3676\" data-end=\"3757\">\n<td data-start=\"3676\" data-end=\"3708\" data-col-size=\"sm\">Varillas incluidas<\/td>\n<td data-col-size=\"md\" data-start=\"3708\" data-end=\"3757\">2x 15.7&#8243; (40 cm), 1x 11.8&#8243; (30 cm)<\/td>\n<\/tr>\n<tr data-start=\"3758\" data-end=\"3840\">\n<td data-start=\"3758\" data-end=\"3790\" data-col-size=\"sm\">Soporte de bater\u00eda<\/td>\n<td data-col-size=\"md\" data-start=\"3790\" data-end=\"3840\">no incluido<\/td>\n<\/tr>\n<tr data-start=\"3841\" data-end=\"3923\">\n<td data-start=\"3841\" data-end=\"3873\" data-col-size=\"sm\">Soporte de accesorios<\/td>\n<td data-col-size=\"md\" data-start=\"3873\" data-end=\"3923\">1x 1\/4&#8243;-20, 1x 1\/4&#8243;-20 antirrotaci\u00f3n<\/td>\n<\/tr>\n<tr data-start=\"3924\" data-end=\"4006\">\n<td data-start=\"3924\" data-end=\"3956\" data-col-size=\"sm\">Roscas en la base<\/td>\n<td data-col-size=\"md\" data-start=\"3956\" data-end=\"4006\">2x 1\/4&#8243;-20, 3x 3\/8&#8243;-16<\/td>\n<\/tr>\n<tr data-start=\"4007\" data-end=\"4089\">\n<td data-start=\"4007\" data-end=\"4039\" data-col-size=\"sm\">Roscas traseras<\/td>\n<td data-col-size=\"md\" data-start=\"4039\" data-end=\"4089\">2x 1\/4&#8243;-20 antirrotaci\u00f3n, 6x 1\/4&#8243;-20<\/td>\n<\/tr>\n<tr data-start=\"4090\" data-end=\"4172\">\n<td data-col-size=\"md\" data-start=\"4122\" data-end=\"4172\">Soporte de c\u00e1mara de placa tipo Arca<\/td>\n<td data-start=\"4090\" data-end=\"4122\" data-col-size=\"sm\"><\/td>\n<\/tr>\n<tr data-start=\"4173\" data-end=\"4255\">\n<td data-start=\"4173\" data-end=\"4205\" data-col-size=\"sm\">Soporte para tr\u00edpode<\/td>\n<td data-col-size=\"md\" data-start=\"4205\" data-end=\"4255\">1\/4&#8243;-20 y 3\/8&#8243;-16<\/td>\n<\/tr>\n<tr data-start=\"4256\" data-end=\"4337\">\n<td data-start=\"4256\" data-end=\"4288\" data-col-size=\"sm\">Puertos para varillas<\/td>\n<td data-col-size=\"md\" data-start=\"4288\" data-end=\"4337\">6x puertos para varillas 15 mm<\/td>\n<\/tr>\n<tr data-start=\"4338\" data-end=\"4419\">\n<td data-start=\"4338\" data-end=\"4370\" data-col-size=\"sm\">1x soporte de zapata fr\u00eda<\/td>\n<td data-col-size=\"md\" data-start=\"4370\" data-end=\"4419\">(en el mango lateral)<\/td>\n<\/tr>\n<tr data-start=\"4420\" data-end=\"4502\">\n<td data-start=\"4420\" data-end=\"4452\" data-col-size=\"sm\">Rosetas<\/td>\n<td data-col-size=\"md\" data-start=\"4452\" data-end=\"4502\">no incluidas<\/td>\n<\/tr>\n<tr data-start=\"4503\" data-end=\"4584\">\n<td data-start=\"4503\" data-end=\"4535\" data-col-size=\"sm\">Materiales<\/td>\n<td data-col-size=\"md\" data-start=\"4535\" data-end=\"4584\">Aleaci\u00f3n de aluminio, pl\u00e1stico, silicona, acero inoxidable<\/td>\n<\/tr>\n<tr data-start=\"4585\" data-end=\"4667\">\n<td data-start=\"4585\" data-end=\"4617\" data-col-size=\"sm\">Dimensiones<\/td>\n<td data-col-size=\"md\" data-start=\"4617\" data-end=\"4667\">575,3 x 336,8 x 217,5 mm<\/td>\n<\/tr>\n<tr data-start=\"4668\" data-end=\"4750\">\n<td data-start=\"4668\" data-end=\"4700\" data-col-size=\"sm\">Peso<\/td>\n<td data-col-size=\"md\" data-start=\"4700\" data-end=\"4750\">1,35 kg<\/td>\n<\/tr>\n<tr data-start=\"4751\" data-end=\"4833\">\n<td data-start=\"4751\" data-end=\"4783\" data-col-size=\"sm\">Peso del paquete<\/td>\n<td data-col-size=\"md\" data-start=\"4783\" data-end=\"4833\">1,74 kg<\/td>\n<\/tr>\n<tr data-start=\"4834\" data-end=\"4916\">\n<td data-start=\"4834\" data-end=\"4866\" data-col-size=\"sm\">Dimensiones de la caja<\/td>\n<td data-col-size=\"md\" data-start=\"4866\" data-end=\"4916\">16.7 x 9.2 x 3 in.<\/td>\n<\/tr>\n<\/tbody>\n<\/table>\n<\/div>\n<\/div>\n<p><\/p>\n<p><\/p>\n<h3 data-start=\"2353\" data-end=\"2382\"><strong data-start=\"2357\" data-end=\"2382\">Contenido del paquete<\/strong><\/h3>\n<ul data-start=\"2383\" data-end=\"2652\">\n<li data-start=\"2383\" data-end=\"2433\">\n<p data-start=\"2385\" data-end=\"2433\">1x Kit de soporte de hombro SmallRig (versi\u00f3n cl\u00e1sica)<\/p>\n<\/li>\n<li data-start=\"2434\" data-end=\"2476\">\n<p data-start=\"2436\" data-end=\"2476\">1x Placa base con abrazadera 15mm LWS<\/p>\n<\/li>\n<li data-start=\"2477\" data-end=\"2520\">\n<p data-start=\"2479\" data-end=\"2520\">1x Placa de liberaci\u00f3n r\u00e1pida tipo Arca<\/p>\n<\/li>\n<li data-start=\"2521\" data-end=\"2545\">\n<p data-start=\"2523\" data-end=\"2545\">1x hombrera<\/p>\n<\/li>\n<li data-start=\"2546\" data-end=\"2573\">\n<p data-start=\"2548\" data-end=\"2573\">1x adaptador de mu\u00f1eca<\/p>\n<\/li>\n<li data-start=\"2574\" data-end=\"2599\">\n<p data-start=\"2576\" data-end=\"2599\">2x Pu\u00f1os de goma<\/p>\n<\/li>\n<li data-start=\"2600\" data-end=\"2626\">\n<p data-start=\"2602\" data-end=\"2626\">2x Varillas de 15 mm (40 cm)<\/p>\n<\/li>\n<li data-start=\"2627\" data-end=\"2652\">\n<p data-start=\"2629\" data-end=\"2652\">1x Varilla de 15 mm (30 cm)<\/p>\n<\/li>\n<\/ul>\n<p><\/p>\n","protected":false},"excerpt":{"rendered":"<p>Kit de plataforma de hombro SmallRig (versi\u00f3n cl\u00e1sica) Eleva tu configuraci\u00f3n de grabaci\u00f3n con el kit de plataforma de hombro<\/p>\n","protected":false},"featured_media":76466,"comment_status":"closed","ping_status":"open","template":"","meta":{"_acf_changed":false},"product_brand":[2550],"product_cat":[1100],"product_tag":[],"class_list":{"0":"post-82140","1":"product","2":"type-product","3":"status-publish","4":"has-post-thumbnail","6":"product_brand-smallrig-es","7":"product_cat-soportes-de-hombro","9":"first","10":"onbackorder","11":"taxable","12":"shipping-taxable","13":"purchasable","14":"product-type-simple"},"bundled_by":[],"bundle_stock_status":"onbackorder","bundle_stock_quantity":null,"bundle_virtual":false,"bundle_layout":"","bundle_add_to_cart_form_location":"","bundle_editable_in_cart":false,"bundle_sold_individually_context":"","bundle_item_grouping":"","bundle_min_size":"","bundle_max_size":"","bundle_price":[],"bundled_items":[],"bundle_sell_ids":[],"acf":[],"_links":{"self":[{"href":"https:\/\/hi-techwonder.com\/es\/wp-json\/wp\/v2\/product\/82140","targetHints":{"allow":["GET"]}}],"collection":[{"href":"https:\/\/hi-techwonder.com\/es\/wp-json\/wp\/v2\/product"}],"about":[{"href":"https:\/\/hi-techwonder.com\/es\/wp-json\/wp\/v2\/types\/product"}],"replies":[{"embeddable":true,"href":"https:\/\/hi-techwonder.com\/es\/wp-json\/wp\/v2\/comments?post=82140"}],"wp:featuredmedia":[{"embeddable":true,"href":"https:\/\/hi-techwonder.com\/es\/wp-json\/wp\/v2\/media\/76466"}],"wp:attachment":[{"href":"https:\/\/hi-techwonder.com\/es\/wp-json\/wp\/v2\/media?parent=82140"}],"wp:term":[{"taxonomy":"product_brand","embeddable":true,"href":"https:\/\/hi-techwonder.com\/es\/wp-json\/wp\/v2\/product_brand?post=82140"},{"taxonomy":"product_cat","embeddable":true,"href":"https:\/\/hi-techwonder.com\/es\/wp-json\/wp\/v2\/product_cat?post=82140"},{"taxonomy":"product_tag","embeddable":true,"href":"https:\/\/hi-techwonder.com\/es\/wp-json\/wp\/v2\/product_tag?post=82140"}],"curies":[{"name":"wp","href":"https:\/\/api.w.org\/{rel}","templated":true}]}}