{"id":82141,"date":"2025-08-05T09:41:57","date_gmt":"2025-08-05T09:41:57","guid":{"rendered":"https:\/\/hi-techwonder.com\/product\/serie-sirui-sniper-16mm-f-1-2-montura-e\/"},"modified":"2026-04-27T11:50:21","modified_gmt":"2026-04-27T10:50:21","slug":"sirui-serie-sirui-sniper-16mm-f-1-2-montura-e","status":"publish","type":"product","link":"https:\/\/hi-techwonder.com\/es\/producto\/sirui-serie-sirui-sniper-16mm-f-1-2-montura-e\/","title":{"rendered":"Serie SIRUI Sniper 16mm f\/1.2 Montura E"},"content":{"rendered":"<h1 class=\"product-title h5\">SIRUI Sniper Series 16mm f1.2 APS-C E-Mount<\/h1>\n<p><\/p>\n<p data-start=\"824\" data-end=\"1214\">El <strong data-start=\"826\" data-end=\"872\">Sirui Sniper 16mm f\/1.2 Autofocus (Sony E)<\/strong> es un objetivo creado para los creadores de im\u00e1genes que exigen velocidad, nitidez y un control creativo total. Con una <strong data-start=\"986\" data-end=\"1014\">apertura m\u00e1xima de f\/1.2<\/strong>, este objetivo ofrece un rendimiento excepcional con poca luz al tiempo que proporciona un <strong data-start=\"1118\" data-end=\"1174\">desenfoque de fondo suave y est\u00e9ticamente agradable<\/strong> gracias a su diafragma de 13 hojas. <\/p>\n<p data-start=\"1216\" data-end=\"1590\">Dise\u00f1ado espec\u00edficamente para sensores APS-C, ofrece una <strong data-start=\"1279\" data-end=\"1317\">distancia focal equivalente a 24 mm<\/strong>, lo que lo hace perfecto para paisajes, arquitectura, vlogs y fotograf\u00eda callejera. Su <strong data-start=\"1404\" data-end=\"1429\">complejo dise\u00f1o \u00f3ptico<\/strong>, compuesto por elementos asf\u00e9ricos, HR y ED, reduce significativamente las aberraciones y distorsiones crom\u00e1ticas, asegurando im\u00e1genes con excelente contraste y definici\u00f3n. <\/p>\n<p data-start=\"1592\" data-end=\"1902\">El <strong data-start=\"1605\" data-end=\"1655\">sistema de enfoque autom\u00e1tico con seguimiento de ojos y objetos<\/strong> funciona con un motor STM silencioso y de respuesta r\u00e1pida, que sobresale tanto en im\u00e1genes fijas como en grabaci\u00f3n de video. El <strong data-start=\"1783\" data-end=\"1825\">anillo de enfoque totalmente giratorio de 360\u00b0<\/strong> tambi\u00e9n permite un control manual fino, ideal para creadores m\u00e1s exigentes. <\/p>\n<p data-start=\"1904\" data-end=\"2052\">Adem\u00e1s, el objetivo cuenta con un <strong data-start=\"1938\" data-end=\"1953\">puerto USB-C<\/strong> para actualizaciones de firmware, lo que garantiza la compatibilidad y las mejoras continuas a lo largo del tiempo.<\/p>\n<p data-start=\"1904\" data-end=\"2052\"><\/p>\n<p data-start=\"1532\" data-end=\"1813\"><iframe loading=\"lazy\" frameborder=\"0\" src=\"https:\/\/www.youtube.com\/embed\/IYNKSH6ETz4\" width=\"640\" height=\"360\"><\/iframe><\/p>\n<h3 data-start=\"2059\" data-end=\"2093\"><strong data-start=\"2063\" data-end=\"2093\"><br \/><\/strong><\/h3>\n<h3 data-start=\"2059\" data-end=\"2093\"><strong data-start=\"2063\" data-end=\"2093\">Caracter\u00edsticas principales<\/strong><\/h3>\n<ul data-start=\"2095\" data-end=\"2579\">\n<li data-start=\"2095\" data-end=\"2167\">\n<p data-start=\"2097\" data-end=\"2167\">Apertura ultrabrillante de f\/1.2: ideal para entornos con poca luz<\/p>\n<\/li>\n<li data-start=\"2168\" data-end=\"2220\">\n<p data-start=\"2170\" data-end=\"2220\">Distancia focal equivalente a 24 mm en fotograma completo<\/p>\n<\/li>\n<li data-start=\"2221\" data-end=\"2281\">\n<p data-start=\"2223\" data-end=\"2281\">Sistema de enfoque autom\u00e1tico con seguimiento de ojos y objetos<\/p>\n<\/li>\n<li data-start=\"2282\" data-end=\"2362\">\n<p data-start=\"2284\" data-end=\"2362\">Dise\u00f1o \u00f3ptico con 14 elementos en 5 grupos, incluidos ED, HR y vidrio asf\u00e9rico<\/p>\n<\/li>\n<li data-start=\"2363\" data-end=\"2416\">\n<p data-start=\"2365\" data-end=\"2416\">Controlador de 13 hojas para un bokeh circular suave<\/p>\n<\/li>\n<li data-start=\"2417\" data-end=\"2470\">\n<p data-start=\"2419\" data-end=\"2470\">Motor STM silencioso y preciso: ideal para v\u00eddeo<\/p>\n<\/li>\n<li data-start=\"2471\" data-end=\"2514\">\n<p data-start=\"2473\" data-end=\"2514\">Anillo de enfoque manual con rotaci\u00f3n de 360\u00b0<\/p>\n<\/li>\n<li data-start=\"2515\" data-end=\"2579\">\n<p data-start=\"2517\" data-end=\"2579\">Puerto USB-C para actualizaciones de firmware r\u00e1pidas y convenientes<\/p>\n<\/li>\n<\/ul>\n<p><\/p>\n<h3 data-start=\"3588\" data-end=\"3619\"><strong data-start=\"3592\" data-end=\"3619\">Especificaciones t\u00e9cnicas<\/strong><\/h3>\n<div class=\"_tableContainer_80l1q_1\">\n<div class=\"_tableWrapper_80l1q_14 group flex w-fit flex-col-reverse\">\n<table data-start=\"3621\" data-end=\"4927\" class=\"w-fit min-w-(--thread-content-width)\">\n<thead data-start=\"3621\" data-end=\"3696\">\n<tr data-start=\"3621\" data-end=\"3696\">\n<th data-start=\"3621\" data-end=\"3656\" data-col-size=\"sm\">Detalle de la caracter\u00edstica<\/th>\n<th data-start=\"3656\" data-end=\"3696\" data-col-size=\"sm\"><\/th>\n<\/tr>\n<\/thead>\n<tbody data-start=\"3773\" data-end=\"4927\">\n<tr data-start=\"3773\" data-end=\"3848\">\n<td data-start=\"3773\" data-end=\"3808\" data-col-size=\"sm\">Color<\/td>\n<td data-col-size=\"sm\" data-start=\"3808\" data-end=\"3848\">Negro<\/td>\n<\/tr>\n<tr data-start=\"3849\" data-end=\"3927\">\n<td data-start=\"3849\" data-end=\"3884\" data-col-size=\"sm\">Distancia focal<\/td>\n<td data-col-size=\"sm\" data-start=\"3884\" data-end=\"3927\">16 mm (equivalente a 24 mm en fotograma completo)<\/td>\n<\/tr>\n<tr data-start=\"3928\" data-end=\"4004\">\n<td data-start=\"3928\" data-end=\"3963\" data-col-size=\"sm\">Apertura m\u00e1xima<\/td>\n<td data-col-size=\"sm\" data-start=\"3963\" data-end=\"4004\">f\/1.2<\/td>\n<\/tr>\n<tr data-start=\"4005\" data-end=\"4081\">\n<td data-start=\"4005\" data-end=\"4040\" data-col-size=\"sm\">Apertura m\u00ednima<\/td>\n<td data-col-size=\"sm\" data-start=\"4040\" data-end=\"4081\">f\/16<\/td>\n<\/tr>\n<tr data-start=\"4082\" data-end=\"4158\">\n<td data-start=\"4082\" data-end=\"4117\" data-col-size=\"sm\"><\/td>\n<td data-col-size=\"sm\" data-start=\"4117\" data-end=\"4158\">Montura Sony E (APS-C)<\/td>\n<\/tr>\n<tr data-start=\"4159\" data-end=\"4235\">\n<td data-start=\"4159\" data-end=\"4194\" data-col-size=\"sm\">Cobertura de formato<\/td>\n<td data-col-size=\"sm\" data-start=\"4194\" data-end=\"4235\">APS-C<\/td>\n<\/tr>\n<tr data-start=\"4236\" data-end=\"4312\">\n<td data-start=\"4236\" data-end=\"4271\" data-col-size=\"sm\">Distancia m\u00ednima de enfoque<\/td>\n<td data-col-size=\"sm\" data-start=\"4271\" data-end=\"4312\">30 cm<\/td>\n<\/tr>\n<tr data-start=\"4313\" data-end=\"4389\">\n<td data-start=\"4313\" data-end=\"4348\" data-col-size=\"sm\">Dise\u00f1o \u00f3ptico<\/td>\n<td data-col-size=\"sm\" data-start=\"4348\" data-end=\"4389\">14 elementos en 5 grupos<\/td>\n<\/tr>\n<tr data-start=\"4390\" data-end=\"4466\">\n<td data-start=\"4390\" data-end=\"4425\" data-col-size=\"sm\">Hojas de diafragma<\/td>\n<td data-col-size=\"sm\" data-start=\"4425\" data-end=\"4466\">13 (redondeadas)<\/td>\n<\/tr>\n<tr data-start=\"4467\" data-end=\"4542\">\n<td data-start=\"4467\" data-end=\"4502\" data-col-size=\"sm\">Tipo de enfoque<\/td>\n<td data-col-size=\"sm\" data-start=\"4502\" data-end=\"4542\">Enfoque autom\u00e1tico (motor STM)<\/td>\n<\/tr>\n<tr data-start=\"4543\" data-end=\"4619\">\n<td data-start=\"4543\" data-end=\"4578\" data-col-size=\"sm\">Estabilizaci\u00f3n de imagen<\/td>\n<td data-col-size=\"sm\" data-start=\"4578\" data-end=\"4619\">No<\/td>\n<\/tr>\n<tr data-start=\"4620\" data-end=\"4696\">\n<td data-start=\"4620\" data-end=\"4655\" data-col-size=\"sm\">Di\u00e1metro del filtro<\/td>\n<td data-col-size=\"sm\" data-start=\"4655\" data-end=\"4696\">58 mm<\/td>\n<\/tr>\n<tr data-start=\"4697\" data-end=\"4773\">\n<td data-start=\"4697\" data-end=\"4732\" data-col-size=\"sm\">Peso<\/td>\n<td data-col-size=\"sm\" data-start=\"4732\" data-end=\"4773\">384 g<\/td>\n<\/tr>\n<tr data-start=\"4774\" data-end=\"4850\">\n<td data-start=\"4774\" data-end=\"4809\" data-col-size=\"sm\">Dimensiones del paquete<\/td>\n<td data-col-size=\"sm\" data-start=\"4809\" data-end=\"4850\">: 17 x 14,5 x 12,5 cm (aprox.)<\/td>\n<\/tr>\n<tr data-start=\"4851\" data-end=\"4927\">\n<td data-start=\"4851\" data-end=\"4886\" data-col-size=\"sm\">Peso del paquete<\/td>\n<td data-col-size=\"sm\" data-start=\"4886\" data-end=\"4927\">: 0.87 kg<\/td>\n<\/tr>\n<\/tbody>\n<\/table>\n<\/div>\n<\/div>\n<h3 data-start=\"2059\" data-end=\"2093\"><\/h3>\n<h3 data-start=\"2586\" data-end=\"2615\"><strong data-start=\"2590\" data-end=\"2615\">Contenido del paquete<\/strong><\/h3>\n<ul data-start=\"2617\" data-end=\"2750\">\n<li data-start=\"2617\" data-end=\"2676\">\n<p data-start=\"2619\" data-end=\"2676\">Lente de enfoque autom\u00e1tico Sirui Sniper 16mm f\/1.2 (Sony E, negro)<\/p>\n<\/li>\n<li data-start=\"2677\" data-end=\"2694\">\n<p data-start=\"2679\" data-end=\"2694\">Portada<\/p>\n<\/li>\n<li data-start=\"2695\" data-end=\"2713\">\n<p data-start=\"2697\" data-end=\"2713\">Contraportada<\/p>\n<\/li>\n<li data-start=\"2714\" data-end=\"2726\">\n<p data-start=\"2716\" data-end=\"2726\">Sombrilla<\/p>\n<\/li>\n<li data-start=\"2727\" data-end=\"2750\">\n<p data-start=\"2729\" data-end=\"2750\">Bolsa de transporte<\/p>\n<\/li>\n<\/ul>\n<div class=\"_tableContainer_80l1q_1\"><\/div>\n","protected":false},"excerpt":{"rendered":"<p>SIRUI Sniper Series 16mm f1.2 APS-C E-Mount El Sirui Sniper 16mm f\/1.2 Autofocus (Sony E) es un objetivo creado para<\/p>\n","protected":false},"featured_media":76425,"comment_status":"closed","ping_status":"open","template":"","meta":{"_acf_changed":false},"product_brand":[2597],"product_cat":[1062],"product_tag":[],"class_list":{"0":"post-82141","1":"product","2":"type-product","3":"status-publish","4":"has-post-thumbnail","6":"product_brand-sirui-es","7":"product_cat-mirrorless-objectivos","8":"pa_abertura-maxima-f-1-2-es","10":"first","11":"pre-order","12":"sale","13":"taxable","14":"shipping-taxable","15":"purchasable","16":"product-type-simple"},"bundled_by":[],"bundle_stock_status":"pre-order","bundle_stock_quantity":null,"bundle_virtual":false,"bundle_layout":"","bundle_add_to_cart_form_location":"","bundle_editable_in_cart":false,"bundle_sold_individually_context":"","bundle_item_grouping":"","bundle_min_size":"","bundle_max_size":"","bundle_price":[],"bundled_items":[],"bundle_sell_ids":[],"acf":[],"_links":{"self":[{"href":"https:\/\/hi-techwonder.com\/es\/wp-json\/wp\/v2\/product\/82141","targetHints":{"allow":["GET"]}}],"collection":[{"href":"https:\/\/hi-techwonder.com\/es\/wp-json\/wp\/v2\/product"}],"about":[{"href":"https:\/\/hi-techwonder.com\/es\/wp-json\/wp\/v2\/types\/product"}],"replies":[{"embeddable":true,"href":"https:\/\/hi-techwonder.com\/es\/wp-json\/wp\/v2\/comments?post=82141"}],"wp:featuredmedia":[{"embeddable":true,"href":"https:\/\/hi-techwonder.com\/es\/wp-json\/wp\/v2\/media\/76425"}],"wp:attachment":[{"href":"https:\/\/hi-techwonder.com\/es\/wp-json\/wp\/v2\/media?parent=82141"}],"wp:term":[{"taxonomy":"product_brand","embeddable":true,"href":"https:\/\/hi-techwonder.com\/es\/wp-json\/wp\/v2\/product_brand?post=82141"},{"taxonomy":"product_cat","embeddable":true,"href":"https:\/\/hi-techwonder.com\/es\/wp-json\/wp\/v2\/product_cat?post=82141"},{"taxonomy":"product_tag","embeddable":true,"href":"https:\/\/hi-techwonder.com\/es\/wp-json\/wp\/v2\/product_tag?post=82141"}],"curies":[{"name":"wp","href":"https:\/\/api.w.org\/{rel}","templated":true}]}}