{"id":82142,"date":"2025-08-05T09:41:57","date_gmt":"2025-08-05T09:41:57","guid":{"rendered":"https:\/\/hi-techwonder.com\/product\/serie-sirui-sniper-75mm-f-1-2-nikon-z\/"},"modified":"2026-04-27T11:50:22","modified_gmt":"2026-04-27T10:50:22","slug":"sirui-serie-sirui-sniper-75mm-f-1-2-nikon-z","status":"publish","type":"product","link":"https:\/\/hi-techwonder.com\/es\/producto\/sirui-serie-sirui-sniper-75mm-f-1-2-nikon-z\/","title":{"rendered":"Serie SIRUI Sniper 75mm f\/1.2 Nikon Z"},"content":{"rendered":"<h1 class=\"product-title h5\">Serie SIRUI Sniper 75mm F1.2 APS-C Nikon Z<\/h1>\n<p data-start=\"986\" data-end=\"1326\">El <strong data-start=\"988\" data-end=\"1028\">Sirui Sniper 75mm f\/1.2 AF (Nikon Z)<\/strong> es un teleobjetivo de alto rendimiento que est\u00e1 hecho para impresionar. Con un equivalente de 112,5 mm en sensores de fotograma completo, este objetivo ofrece una agradable compresi\u00f3n de imagen y un desenfoque de fondo cremoso, lo que lo hace perfecto para retratos, detalles y fotograf\u00eda creativa con profundidad visual. <\/p>\n<p data-start=\"1328\" data-end=\"1540\">\u00bfTu fuerza? La apertura ultrabrillante de f\/1.2. Ideal para entornos con poca luz y para separar el sujeto del fondo con un bokeh absolutamente delicioso, cortes\u00eda de su sofisticado diafragma de 15 hojas.  <\/p>\n<p data-start=\"1542\" data-end=\"1845\">Con un sistema de enfoque autom\u00e1tico r\u00e1pido, preciso y silencioso con <strong data-start=\"1603\" data-end=\"1635\">seguimiento de ojos y objetos<\/strong>, el Sirui Sniper 75 mm no solo es r\u00e1pido, sino que es inteligente. El motor STM minimiza la respiraci\u00f3n de enfoque, lo que lo hace perfecto para video, y el anillo de enfoque giratorio de 360\u00b0 garantiza un control fluido en modo manual. <\/p>\n<p data-start=\"1847\" data-end=\"2082\">\u00bfEl toque final? Un puerto USB-C incorporado para actualizaciones de firmware, lo que garantiza que su lente siempre se mantenga en su mejor momento. Compacto, ligero (475 g) y potente: este objetivo es un aut\u00e9ntico francotirador de la creatividad fotogr\u00e1fica.  <\/p>\n<p data-start=\"1847\" data-end=\"2082\"><\/p>\n<p data-start=\"1847\" data-end=\"2082\"><iframe loading=\"lazy\" frameborder=\"0\" src=\"https:\/\/www.youtube.com\/embed\/IYNKSH6ETz4\" width=\"640\" height=\"360\"><\/iframe><\/p>\n<p data-start=\"1847\" data-end=\"2082\"><\/p>\n<p data-start=\"1847\" data-end=\"2082\"><strong data-start=\"2093\" data-end=\"2123\">Caracter\u00edsticas principales<\/strong><\/p>\n<ul data-start=\"2124\" data-end=\"2655\">\n<li data-start=\"2124\" data-end=\"2206\">\n<p data-start=\"2126\" data-end=\"2206\">Distancia focal de 75 mm (equivalente a fotograma completo de 112,5 mm): ideal para retratos<\/p>\n<\/li>\n<li data-start=\"2207\" data-end=\"2268\">\n<p data-start=\"2209\" data-end=\"2268\">Apertura m\u00e1xima de f\/1.2: excelente rendimiento con poca luz<\/p>\n<\/li>\n<li data-start=\"2269\" data-end=\"2323\">\n<p data-start=\"2271\" data-end=\"2323\">Compatible con montura Nikon Z para c\u00e1maras APS-C<\/p>\n<\/li>\n<li data-start=\"2324\" data-end=\"2390\">\n<p data-start=\"2326\" data-end=\"2390\">Motor de enfoque autom\u00e1tico STM silencioso con enfoque de ojos y objetos<\/p>\n<\/li>\n<li data-start=\"2391\" data-end=\"2458\">\n<p data-start=\"2393\" data-end=\"2458\">Diafragma de 15 hojas: bokeh suave y est\u00e9ticamente agradable<\/p>\n<\/li>\n<li data-start=\"2459\" data-end=\"2538\">\n<p data-start=\"2461\" data-end=\"2538\">Dise\u00f1o \u00f3ptico con 13 elementos en 9 grupos, incluido el vidrio de alta refracci\u00f3n<\/p>\n<\/li>\n<li data-start=\"2539\" data-end=\"2604\">\n<p data-start=\"2541\" data-end=\"2604\">Enfoque m\u00ednimo de 70 cm: ideal para primeros planos y creativos<\/p>\n<\/li>\n<li data-start=\"2605\" data-end=\"2655\">\n<p data-start=\"2607\" data-end=\"2655\">Puerto USB-C para una f\u00e1cil actualizaci\u00f3n del firmware<\/p>\n<\/li>\n<\/ul>\n<p data-start=\"1847\" data-end=\"2082\"><\/p>\n<h3 data-start=\"3972\" data-end=\"4003\"><strong data-start=\"3976\" data-end=\"4003\">Especificaciones t\u00e9cnicas<\/strong><\/h3>\n<div class=\"_tableContainer_80l1q_1\">\n<div class=\"_tableWrapper_80l1q_14 group flex w-fit flex-col-reverse\">\n<table data-start=\"4005\" data-end=\"5136\" class=\"w-fit min-w-(--thread-content-width)\">\n<thead data-start=\"4005\" data-end=\"4077\">\n<tr data-start=\"4005\" data-end=\"4077\">\n<th data-start=\"4005\" data-end=\"4039\" data-col-size=\"sm\"><strong data-start=\"4007\" data-end=\"4024\">Detalle de la especificaci\u00f3n<\/strong><\/th>\n<th data-start=\"4039\" data-end=\"4077\" data-col-size=\"sm\"><strong data-start=\"4041\" data-end=\"4052\"><\/strong><\/th>\n<\/tr>\n<\/thead>\n<tbody data-start=\"4148\" data-end=\"5136\">\n<tr data-start=\"4148\" data-end=\"4217\">\n<td data-start=\"4148\" data-end=\"4180\" data-col-size=\"sm\">Distancia focal<\/td>\n<td data-col-size=\"sm\" data-start=\"4180\" data-end=\"4217\">75 mm (equivalente a 112,5 mm FF)<\/td>\n<\/tr>\n<tr data-start=\"4218\" data-end=\"4288\">\n<td data-start=\"4218\" data-end=\"4250\" data-col-size=\"sm\">Apertura m\u00e1xima<\/td>\n<td data-col-size=\"sm\" data-start=\"4250\" data-end=\"4288\">f\/1.2<\/td>\n<\/tr>\n<tr data-start=\"4289\" data-end=\"4359\">\n<td data-start=\"4289\" data-end=\"4321\" data-col-size=\"sm\">Apertura m\u00ednima<\/td>\n<td data-col-size=\"sm\" data-start=\"4321\" data-end=\"4359\">f\/16<\/td>\n<\/tr>\n<tr data-start=\"4360\" data-end=\"4429\">\n<td data-start=\"4360\" data-end=\"4392\" data-col-size=\"sm\"><\/td>\n<td data-col-size=\"sm\" data-start=\"4392\" data-end=\"4429\">Montura Nikon Z (APS-C)<\/td>\n<\/tr>\n<tr data-start=\"4430\" data-end=\"4500\">\n<td data-start=\"4430\" data-end=\"4462\" data-col-size=\"sm\">Formato compatible con<\/td>\n<td data-col-size=\"sm\" data-start=\"4462\" data-end=\"4500\">APS-C<\/td>\n<\/tr>\n<tr data-start=\"4501\" data-end=\"4571\">\n<td data-start=\"4501\" data-end=\"4533\" data-col-size=\"sm\">Distancia m\u00ednima de enfoque<\/td>\n<td data-col-size=\"sm\" data-start=\"4533\" data-end=\"4571\">70 cm<\/td>\n<\/tr>\n<tr data-start=\"4572\" data-end=\"4642\">\n<td data-start=\"4572\" data-end=\"4604\" data-col-size=\"sm\">Dise\u00f1o \u00f3ptico<\/td>\n<td data-col-size=\"sm\" data-start=\"4604\" data-end=\"4642\">13 elementos en 9 grupos<\/td>\n<\/tr>\n<tr data-start=\"4643\" data-end=\"4713\">\n<td data-start=\"4643\" data-end=\"4675\" data-col-size=\"sm\">Diafragma<\/td>\n<td data-col-size=\"sm\" data-start=\"4675\" data-end=\"4713\">15 hojas<\/td>\n<\/tr>\n<tr data-start=\"4714\" data-end=\"4783\">\n<td data-start=\"4714\" data-end=\"4746\" data-col-size=\"sm\">Enfoque autom\u00e1tico con<\/td>\n<td data-col-size=\"sm\" data-start=\"4746\" data-end=\"4783\">motor STM<\/td>\n<\/tr>\n<tr data-start=\"4784\" data-end=\"4854\">\n<td data-start=\"4784\" data-end=\"4816\" data-col-size=\"sm\">Estabilizaci\u00f3n de imagen<\/td>\n<td data-col-size=\"sm\" data-start=\"4816\" data-end=\"4854\">No<\/td>\n<\/tr>\n<tr data-start=\"4855\" data-end=\"4924\">\n<td data-start=\"4855\" data-end=\"4887\" data-col-size=\"sm\">Tama\u00f1o del filtro<\/td>\n<td data-col-size=\"sm\" data-start=\"4887\" data-end=\"4924\">67 mm (frontal)<\/td>\n<\/tr>\n<tr data-start=\"4925\" data-end=\"4994\">\n<td data-start=\"4925\" data-end=\"4957\" data-col-size=\"sm\">Peso<\/td>\n<td data-col-size=\"sm\" data-start=\"4957\" data-end=\"4994\">475 g<\/td>\n<\/tr>\n<tr data-start=\"4995\" data-end=\"5065\">\n<td data-start=\"4995\" data-end=\"5027\" data-col-size=\"sm\">Puerto de firmware<\/td>\n<td data-col-size=\"sm\" data-start=\"5027\" data-end=\"5065\">USB-C<\/td>\n<\/tr>\n<tr data-start=\"5066\" data-end=\"5136\">\n<td data-start=\"5066\" data-end=\"5098\" data-col-size=\"sm\">Color<\/td>\n<td data-col-size=\"sm\" data-start=\"5098\" data-end=\"5136\">Negro<\/td>\n<\/tr>\n<\/tbody>\n<\/table>\n<\/div>\n<\/div>\n<p data-start=\"1847\" data-end=\"2082\"><\/p>\n<h3 data-start=\"2662\" data-end=\"2691\"><strong data-start=\"2666\" data-end=\"2691\">Contenido del paquete<\/strong><\/h3>\n<ul data-start=\"2692\" data-end=\"2819\">\n<li data-start=\"2692\" data-end=\"2745\">\n<p data-start=\"2694\" data-end=\"2745\">Lente Sirui Sniper 75mm f\/1.2 AF (Nikon Z, Negro)<\/p>\n<\/li>\n<li data-start=\"2746\" data-end=\"2763\">\n<p data-start=\"2748\" data-end=\"2763\">Portada<\/p>\n<\/li>\n<li data-start=\"2764\" data-end=\"2782\">\n<p data-start=\"2766\" data-end=\"2782\">Contraportada<\/p>\n<\/li>\n<li data-start=\"2783\" data-end=\"2795\">\n<p data-start=\"2785\" data-end=\"2795\">Sombrilla<\/p>\n<\/li>\n<li data-start=\"2796\" data-end=\"2819\">\n<p data-start=\"2798\" data-end=\"2819\">Bolsa de transporte<\/p>\n<\/li>\n<\/ul>\n<p data-start=\"1847\" data-end=\"2082\"><\/p>\n","protected":false},"excerpt":{"rendered":"<p>Serie SIRUI Sniper 75mm F1.2 APS-C Nikon Z El Sirui Sniper 75mm f\/1.2 AF (Nikon Z) es un teleobjetivo de<\/p>\n","protected":false},"featured_media":76461,"comment_status":"closed","ping_status":"open","template":"","meta":{"_acf_changed":false},"product_brand":[2597],"product_cat":[1062],"product_tag":[],"class_list":{"0":"post-82142","1":"product","2":"type-product","3":"status-publish","4":"has-post-thumbnail","6":"product_brand-sirui-es","7":"product_cat-mirrorless-objectivos","8":"pa_abertura-maxima-f-1-2-es","10":"first","11":"onbackorder","12":"sale","13":"taxable","14":"shipping-taxable","15":"purchasable","16":"product-type-simple"},"bundled_by":[],"bundle_stock_status":"onbackorder","bundle_stock_quantity":null,"bundle_virtual":false,"bundle_layout":"","bundle_add_to_cart_form_location":"","bundle_editable_in_cart":false,"bundle_sold_individually_context":"","bundle_item_grouping":"","bundle_min_size":"","bundle_max_size":"","bundle_price":[],"bundled_items":[],"bundle_sell_ids":[],"acf":[],"_links":{"self":[{"href":"https:\/\/hi-techwonder.com\/es\/wp-json\/wp\/v2\/product\/82142","targetHints":{"allow":["GET"]}}],"collection":[{"href":"https:\/\/hi-techwonder.com\/es\/wp-json\/wp\/v2\/product"}],"about":[{"href":"https:\/\/hi-techwonder.com\/es\/wp-json\/wp\/v2\/types\/product"}],"replies":[{"embeddable":true,"href":"https:\/\/hi-techwonder.com\/es\/wp-json\/wp\/v2\/comments?post=82142"}],"wp:featuredmedia":[{"embeddable":true,"href":"https:\/\/hi-techwonder.com\/es\/wp-json\/wp\/v2\/media\/76461"}],"wp:attachment":[{"href":"https:\/\/hi-techwonder.com\/es\/wp-json\/wp\/v2\/media?parent=82142"}],"wp:term":[{"taxonomy":"product_brand","embeddable":true,"href":"https:\/\/hi-techwonder.com\/es\/wp-json\/wp\/v2\/product_brand?post=82142"},{"taxonomy":"product_cat","embeddable":true,"href":"https:\/\/hi-techwonder.com\/es\/wp-json\/wp\/v2\/product_cat?post=82142"},{"taxonomy":"product_tag","embeddable":true,"href":"https:\/\/hi-techwonder.com\/es\/wp-json\/wp\/v2\/product_tag?post=82142"}],"curies":[{"name":"wp","href":"https:\/\/api.w.org\/{rel}","templated":true}]}}