{"id":82143,"date":"2025-08-05T09:41:57","date_gmt":"2025-08-05T09:41:57","guid":{"rendered":"https:\/\/hi-techwonder.com\/product\/tripode-de-carbono-sirui-sq100-con-cabezal-de-video-vhs18\/"},"modified":"2026-01-31T01:18:04","modified_gmt":"2026-01-31T01:18:04","slug":"sirui-tripode-de-carbono-sirui-sq100-con-cabezal-de-video-vhs18","status":"publish","type":"product","link":"https:\/\/hi-techwonder.com\/es\/producto\/sirui-tripode-de-carbono-sirui-sq100-con-cabezal-de-video-vhs18\/","title":{"rendered":"Tr\u00edpode de carbono SIRUI SQ100 con cabezal de video VHS18"},"content":{"rendered":"<h3 style=\"margin-top: 0px\"><\/h3>\n<p class=\"MsoNormal\"><b>Tr\u00edpode<br \/>\nde video de carbono SIRUI SQ100 con cabezal de video VHS18<\/b><\/p>\n<p data-start=\"924\" data-end=\"1256\"><\/p>\n<p data-start=\"924\" data-end=\"1256\">El <strong data-start=\"926\" data-end=\"975\">kit de tr\u00edpode de video SIRUI PRO SQ100 + VHS18<\/strong> es la mejor opci\u00f3n para los vide\u00f3grafos exigentes que buscan confiabilidad, robustez y fluidez total en cualquier producci\u00f3n. Fabricado en fibra de carbono de alta calidad, el tr\u00edpode ofrece estabilidad sin comprometer la ligereza, lo que lo hace ideal para grabaciones en estudio o al aire libre. <\/p>\n<p data-start=\"1258\" data-end=\"1606\">El innovador sistema <strong data-start=\"1280\" data-end=\"1313\">de ajuste de altura en un solo paso<\/strong> le permite ajustar el tr\u00edpode incluso con equipo pesado montado, lo que lo hace perfecto para disparos r\u00e1pidos o en ubicaciones din\u00e1micas. Con <strong data-start=\"1450\" data-end=\"1482\">un esparcidor de suelo ajustable<\/strong>, p\u00faas met\u00e1licas y compatibilidad con accesorios como carros de transporte, este tr\u00edpode se adapta a cualquier escenario. <\/p>\n<p data-start=\"1608\" data-end=\"1949\">La estrella del conjunto, el cabezal de video <strong data-start=\"1649\" data-end=\"1658\">VHS18<\/strong>, cuenta con <strong data-start=\"1665\" data-end=\"1702\">un contrapeso ajustable de 10 niveles<\/strong>, giro e inclinaci\u00f3n de <strong data-start=\"1704\" data-end=\"1723\">360\u00b0<\/strong> <strong data-start=\"1726\" data-end=\"1755\">de -65\u00b0 a +90\u00b0<\/strong>, con fluidez profesional y resistencia a movimientos bruscos. Ya sea para producciones cinematogr\u00e1ficas, transmisiones en vivo o videos corporativos, este kit garantiza resultados de alto rendimiento. <\/p>\n<p data-start=\"1608\" data-end=\"1949\"><\/p>\n<h3 data-start=\"1956\" data-end=\"1990\"><strong data-start=\"1960\" data-end=\"1990\">Caracter\u00edsticas principales<\/strong><\/h3>\n<ul data-start=\"1992\" data-end=\"2555\">\n<li data-start=\"1992\" data-end=\"2068\">\n<p data-start=\"1994\" data-end=\"2068\">Tr\u00edpode de fibra de carbono ligero, resistente y duradero (soporta hasta 25 kg)<\/p>\n<\/li>\n<li data-start=\"2069\" data-end=\"2144\">\n<p data-start=\"2071\" data-end=\"2144\">Ajuste simult\u00e1neo de todas las secciones de las piernas con un solo movimiento<\/p>\n<\/li>\n<li data-start=\"2145\" data-end=\"2221\">\n<p data-start=\"2147\" data-end=\"2221\">Cabezal fluido VHS18 con sistema de contrapeso de 10 niveles (1,5 a 18 kg)<\/p>\n<\/li>\n<li data-start=\"2222\" data-end=\"2285\">\n<p data-start=\"2224\" data-end=\"2285\">Sistema de amortiguaci\u00f3n de nivel 7+0 para una m\u00e1xima precisi\u00f3n<\/p>\n<\/li>\n<li data-start=\"2286\" data-end=\"2359\">\n<p data-start=\"2288\" data-end=\"2359\">Esparcidor de suelo con bloqueo giratorio para una estabilidad ajustable<\/p>\n<\/li>\n<li data-start=\"2360\" data-end=\"2410\">\n<p data-start=\"2362\" data-end=\"2410\">Mango ARRI desmontable con llave Allen incorporada<\/p>\n<\/li>\n<li data-start=\"2411\" data-end=\"2483\">\n<p data-start=\"2413\" data-end=\"2483\">Sistema de carga lateral con ajuste de avance\/retroceso de 30 mm<\/p>\n<\/li>\n<li data-start=\"2484\" data-end=\"2555\">\n<p data-start=\"2486\" data-end=\"2555\">Mango de liberaci\u00f3n r\u00e1pida de 100 mm con extracci\u00f3n eficiente y segura<\/p>\n<\/li>\n<\/ul>\n<p data-start=\"1608\" data-end=\"1949\"><\/p>\n<h3 data-start=\"3578\" data-end=\"3609\"><strong data-start=\"3582\" data-end=\"3609\">Especificaciones t\u00e9cnicas<\/strong><\/h3>\n<div class=\"_tableContainer_80l1q_1\">\n<div class=\"_tableWrapper_80l1q_14 group flex w-fit flex-col-reverse\">\n<table data-start=\"3611\" data-end=\"5124\" class=\"w-fit min-w-(--thread-content-width)\">\n<thead data-start=\"3611\" data-end=\"3700\">\n<tr data-start=\"3611\" data-end=\"3700\">\n<th data-start=\"3611\" data-end=\"3648\" data-col-size=\"sm\">Detalles de la especificaci\u00f3n<\/th>\n<th data-start=\"3648\" data-end=\"3700\" data-col-size=\"md\"><\/th>\n<\/tr>\n<\/thead>\n<tbody data-start=\"3790\" data-end=\"5124\">\n<tr data-start=\"3790\" data-end=\"3878\">\n<td data-start=\"3790\" data-end=\"3826\" data-col-size=\"sm\"><strong data-start=\"3792\" data-end=\"3815\">Material de la pata<\/strong><\/td>\n<td data-col-size=\"md\" data-start=\"3826\" data-end=\"3878\">: fibra de carbono<\/td>\n<\/tr>\n<tr data-start=\"3879\" data-end=\"3967\">\n<td data-start=\"3879\" data-end=\"3915\" data-col-size=\"sm\"><strong data-start=\"3881\" data-end=\"3910\">Capacidad m\u00e1xima (tr\u00edpode)<\/strong><\/td>\n<td data-col-size=\"md\" data-start=\"3915\" data-end=\"3967\">25 kg<\/td>\n<\/tr>\n<tr data-start=\"3968\" data-end=\"4056\">\n<td data-start=\"3968\" data-end=\"4004\" data-col-size=\"sm\"><strong data-start=\"3970\" data-end=\"3990\">Ajuste de altura ajustable<\/strong><\/td>\n<td data-col-size=\"md\" data-start=\"4004\" data-end=\"4056\">en un solo movimiento <\/td>\n<\/tr>\n<tr data-start=\"4057\" data-end=\"4145\">\n<td data-start=\"4057\" data-end=\"4093\" data-col-size=\"sm\"><strong data-start=\"4059\" data-end=\"4073\">Esparcidor<\/strong><\/td>\n<td data-col-size=\"md\" data-start=\"4093\" data-end=\"4145\">incluido, con bloqueo giratorio<\/td>\n<\/tr>\n<tr data-start=\"4146\" data-end=\"4234\">\n<td data-start=\"4146\" data-end=\"4182\" data-col-size=\"sm\"><strong data-start=\"4148\" data-end=\"4160\">P\u00faas met\u00e1licas<\/strong><\/td>\n<td data-col-size=\"md\" data-start=\"4182\" data-end=\"4234\">, integradas<\/td>\n<\/tr>\n<tr data-start=\"4235\" data-end=\"4323\">\n<td data-start=\"4235\" data-end=\"4271\" data-col-size=\"sm\"><strong data-start=\"4237\" data-end=\"4256\">Compatibilidad<\/strong><\/td>\n<td data-col-size=\"md\" data-start=\"4271\" data-end=\"4323\">Cochecito SIRUI DT-06 y accesorios universales<\/td>\n<\/tr>\n<tr data-start=\"4324\" data-end=\"4412\">\n<td data-start=\"4324\" data-end=\"4360\" data-col-size=\"sm\"><strong data-start=\"4326\" data-end=\"4343\">Cabezal fluido<\/strong><\/td>\n<td data-col-size=\"md\" data-start=\"4360\" data-end=\"4412\">VHS18<\/td>\n<\/tr>\n<tr data-start=\"4413\" data-end=\"4501\">\n<td data-start=\"4413\" data-end=\"4449\" data-col-size=\"sm\"><strong data-start=\"4415\" data-end=\"4445\">Capacidad m\u00e1xima (cabeza)<\/strong><\/td>\n<td data-col-size=\"md\" data-start=\"4449\" data-end=\"4501\">18 kg<\/td>\n<\/tr>\n<tr data-start=\"4502\" data-end=\"4590\">\n<td data-start=\"4502\" data-end=\"4538\" data-col-size=\"sm\"><strong data-start=\"4504\" data-end=\"4518\">Contrapeso<\/strong><\/td>\n<td data-col-size=\"md\" data-start=\"4538\" data-end=\"4590\">10 niveles (1,5-18 kg)<\/td>\n<\/tr>\n<tr data-start=\"4591\" data-end=\"4679\">\n<td data-col-size=\"md\" data-start=\"4627\" data-end=\"4679\">7+0 niveles de<\/td>\n<td data-start=\"4591\" data-end=\"4627\" data-col-size=\"sm\"><strong data-start=\"4593\" data-end=\"4610\">amortiguaci\u00f3n<\/strong><\/td>\n<p> de giro e inclinaci\u00f3n<\/tr>\n<tr data-start=\"4680\" data-end=\"4768\">\n<td data-start=\"4680\" data-end=\"4716\" data-col-size=\"sm\"><strong data-start=\"4682\" data-end=\"4704\">Rotaci\u00f3n horizontal<\/strong><\/td>\n<p> de <\/p>\n<td data-col-size=\"md\" data-start=\"4716\" data-end=\"4768\">360\u00b0<\/td>\n<\/tr>\n<tr data-start=\"4769\" data-end=\"4857\">\n<td data-start=\"4769\" data-end=\"4805\" data-col-size=\"sm\"><strong data-start=\"4771\" data-end=\"4794\">Inclinaci\u00f3n vertical<\/strong><\/td>\n<td data-col-size=\"md\" data-start=\"4805\" data-end=\"4857\">: 65\u00b0 a +90\u00b0<\/td>\n<\/tr>\n<tr data-start=\"4858\" data-end=\"4946\">\n<td data-start=\"4858\" data-end=\"4894\" data-col-size=\"sm\"><strong data-start=\"4860\" data-end=\"4880\">Sistema de carga lateral<\/strong><\/td>\n<td data-col-size=\"md\" data-start=\"4894\" data-end=\"4946\">con ajuste de 30 mm<\/td>\n<\/tr>\n<tr data-start=\"4947\" data-end=\"5035\">\n<td data-start=\"4947\" data-end=\"4983\" data-col-size=\"sm\"><strong data-start=\"4949\" data-end=\"4972\"><\/strong><\/td>\n<td data-col-size=\"md\" data-start=\"4983\" data-end=\"5035\">Empu\u00f1adura de liberaci\u00f3n r\u00e1pida, 100 mm, con bot\u00f3n de extracci\u00f3n<\/td>\n<\/tr>\n<tr data-start=\"5036\" data-end=\"5124\">\n<td data-start=\"5036\" data-end=\"5072\" data-col-size=\"sm\"><strong data-start=\"5038\" data-end=\"5060\">Asa de transporte<\/strong><\/td>\n<p> ARRI<\/p>\n<td data-col-size=\"md\" data-start=\"5072\" data-end=\"5124\">, desmontable, con llave Allen integrada<\/td>\n<\/tr>\n<\/tbody>\n<\/table>\n<\/div>\n<\/div>\n<p data-start=\"1608\" data-end=\"1949\"><\/p>\n<h3 data-start=\"2562\" data-end=\"2591\"><strong data-start=\"2566\" data-end=\"2591\">Contenido del paquete<\/strong><\/h3>\n<ul data-start=\"2593\" data-end=\"2686\">\n<li data-start=\"2593\" data-end=\"2646\">\n<p data-start=\"2595\" data-end=\"2646\">1x Tr\u00edpode de video de fibra de carbono SIRUI SQ100<\/p>\n<\/li>\n<li data-start=\"2647\" data-end=\"2686\">\n<p data-start=\"2649\" data-end=\"2686\">1x Cabezal de video fluido SIRUI VHS18<\/p>\n<\/li>\n<\/ul>\n","protected":false},"excerpt":{"rendered":"<p>Tr\u00edpode de video de carbono SIRUI SQ100 con cabezal de video VHS18 El kit de tr\u00edpode de video SIRUI PRO<\/p>\n","protected":false},"featured_media":76405,"comment_status":"closed","ping_status":"open","template":"","meta":{"_acf_changed":false},"product_brand":[2597],"product_cat":[1091],"product_tag":[],"class_list":{"0":"post-82143","1":"product","2":"type-product","3":"status-publish","4":"has-post-thumbnail","6":"product_brand-sirui-es","7":"product_cat-kits-de-video-es","9":"first","10":"instock","11":"taxable","12":"shipping-taxable","13":"purchasable","14":"product-type-simple"},"bundled_by":[],"bundle_stock_status":"instock","bundle_stock_quantity":1,"bundle_virtual":false,"bundle_layout":"","bundle_add_to_cart_form_location":"","bundle_editable_in_cart":false,"bundle_sold_individually_context":"","bundle_item_grouping":"","bundle_min_size":"","bundle_max_size":"","bundle_price":[],"bundled_items":[],"bundle_sell_ids":[],"acf":[],"_links":{"self":[{"href":"https:\/\/hi-techwonder.com\/es\/wp-json\/wp\/v2\/product\/82143","targetHints":{"allow":["GET"]}}],"collection":[{"href":"https:\/\/hi-techwonder.com\/es\/wp-json\/wp\/v2\/product"}],"about":[{"href":"https:\/\/hi-techwonder.com\/es\/wp-json\/wp\/v2\/types\/product"}],"replies":[{"embeddable":true,"href":"https:\/\/hi-techwonder.com\/es\/wp-json\/wp\/v2\/comments?post=82143"}],"wp:featuredmedia":[{"embeddable":true,"href":"https:\/\/hi-techwonder.com\/es\/wp-json\/wp\/v2\/media\/76405"}],"wp:attachment":[{"href":"https:\/\/hi-techwonder.com\/es\/wp-json\/wp\/v2\/media?parent=82143"}],"wp:term":[{"taxonomy":"product_brand","embeddable":true,"href":"https:\/\/hi-techwonder.com\/es\/wp-json\/wp\/v2\/product_brand?post=82143"},{"taxonomy":"product_cat","embeddable":true,"href":"https:\/\/hi-techwonder.com\/es\/wp-json\/wp\/v2\/product_cat?post=82143"},{"taxonomy":"product_tag","embeddable":true,"href":"https:\/\/hi-techwonder.com\/es\/wp-json\/wp\/v2\/product_tag?post=82143"}],"curies":[{"name":"wp","href":"https:\/\/api.w.org\/{rel}","templated":true}]}}