{"id":82144,"date":"2025-08-05T09:41:57","date_gmt":"2025-08-05T09:41:57","guid":{"rendered":"https:\/\/hi-techwonder.com\/product\/serie-sirui-sniper-75mm-f-1-2-montura-x\/"},"modified":"2026-04-27T11:50:22","modified_gmt":"2026-04-27T10:50:22","slug":"sirui-serie-sirui-sniper-75mm-f-1-2-montura-x","status":"publish","type":"product","link":"https:\/\/hi-techwonder.com\/es\/producto\/sirui-serie-sirui-sniper-75mm-f-1-2-montura-x\/","title":{"rendered":"Serie SIRUI Sniper 75mm f\/1.2 Montura X"},"content":{"rendered":"<h1 class=\"product-title h5\">SIRUI Sniper Series 75mm F1.2 APS-C X-Mount<\/h1>\n<p data-start=\"725\" data-end=\"1196\">El <strong data-start=\"727\" data-end=\"769\">lente de enfoque autom\u00e1tico Sirui Sniper 75mm f\/1.2<\/strong> es un lente que combina velocidad, calidad \u00f3ptica y tecnolog\u00eda de vanguardia para elevar su fotograf\u00eda y videograf\u00eda. Con una impresionante apertura m\u00e1xima de f\/1.2, ofrece un desenfoque de fondo cremoso y una separaci\u00f3n de tomas impecable, ideal para retratos dram\u00e1ticos y situaciones de poca luz. Su dise\u00f1o resistente, con montura FUJIFILM X, es perfecto para los creadores que exigen un rendimiento sin concesiones en el formato APS-C.  <\/p>\n<p data-start=\"1198\" data-end=\"1596\">Gracias a su silencioso motor STM y al seguimiento avanzado del ocular, este objetivo es tan eficaz para el v\u00eddeo como para las fotograf\u00edas. La construcci\u00f3n \u00f3ptica de 13 elementos en 9 grupos, con cuatro elementos de vidrio de alta refracci\u00f3n, garantiza una nitidez y un contraste incre\u00edbles en toda la imagen. Con una construcci\u00f3n moderna y un puerto USB-C incorporado para actualizaciones de firmware, este objetivo est\u00e1 preparado para el futuro.  <\/p>\n<p><\/p>\n<p><iframe loading=\"lazy\" frameborder=\"0\" src=\"https:\/\/www.youtube.com\/embed\/IYNKSH6ETz4\" width=\"640\" height=\"360\"><\/iframe><\/p>\n<p><\/p>\n<h3 data-start=\"1603\" data-end=\"1637\"><strong data-start=\"1607\" data-end=\"1637\">Caracter\u00edsticas principales<\/strong><\/h3>\n<ul data-start=\"1638\" data-end=\"2129\">\n<li data-start=\"1638\" data-end=\"1701\">\n<p data-start=\"1640\" data-end=\"1701\">Distancia focal de 75 mm (equivalente a fotograma completo de 112,5 mm)<\/p>\n<\/li>\n<li data-start=\"1702\" data-end=\"1776\">\n<p data-start=\"1704\" data-end=\"1776\">Apertura ultrabrillante de f\/1.2, ideal para retratos y escenas con poca luz<\/p>\n<\/li>\n<li data-start=\"1777\" data-end=\"1841\">\n<p data-start=\"1779\" data-end=\"1841\">Sistema de enfoque autom\u00e1tico con seguimiento de ojos y objetos<\/p>\n<\/li>\n<li data-start=\"1842\" data-end=\"1903\">\n<p data-start=\"1844\" data-end=\"1903\">Diafragma circular de 15 hojas para un bokeh suave y natural<\/p>\n<\/li>\n<li data-start=\"1904\" data-end=\"1965\">\n<p data-start=\"1906\" data-end=\"1965\">Motor de enfoque STM silencioso, ideal para la grabaci\u00f3n de v\u00eddeo<\/p>\n<\/li>\n<li data-start=\"1966\" data-end=\"2020\">\n<p data-start=\"1968\" data-end=\"2020\">Anillo de enfoque de 360\u00b0 para un control manual preciso<\/p>\n<\/li>\n<li data-start=\"2021\" data-end=\"2064\">\n<p data-start=\"2023\" data-end=\"2064\">Puerto USB-C para actualizaciones de firmware<\/p>\n<\/li>\n<li data-start=\"2065\" data-end=\"2129\">\n<p data-start=\"2067\" data-end=\"2129\">Construcci\u00f3n \u00f3ptica con vidrio de alta refracci\u00f3n para una mayor claridad<\/p>\n<\/li>\n<\/ul>\n<p><\/p>\n<h3 data-start=\"3164\" data-end=\"3195\"><strong data-start=\"3168\" data-end=\"3195\">Especificaciones t\u00e9cnicas<\/strong><\/h3>\n<div class=\"_tableContainer_80l1q_1\">\n<div class=\"_tableWrapper_80l1q_14 group flex w-fit flex-col-reverse\">\n<table data-start=\"3197\" data-end=\"4526\" class=\"w-fit min-w-(--thread-content-width)\">\n<thead data-start=\"3197\" data-end=\"3271\">\n<tr data-start=\"3197\" data-end=\"3271\">\n<th data-start=\"3197\" data-end=\"3230\" data-col-size=\"sm\"><strong data-start=\"3199\" data-end=\"3216\">Detalles de la especificaci\u00f3n<\/strong><\/th>\n<th data-start=\"3230\" data-end=\"3271\" data-col-size=\"sm\"><strong data-start=\"3232\" data-end=\"3244\"><\/strong><\/th>\n<\/tr>\n<\/thead>\n<tbody data-start=\"3345\" data-end=\"4526\">\n<tr data-start=\"3345\" data-end=\"3418\">\n<td data-start=\"3345\" data-end=\"3378\" data-col-size=\"sm\"><strong data-start=\"3347\" data-end=\"3354\">Color<\/strong><\/td>\n<td data-col-size=\"sm\" data-start=\"3378\" data-end=\"3418\">Negro<\/td>\n<\/tr>\n<tr data-start=\"3419\" data-end=\"3492\">\n<td data-start=\"3419\" data-end=\"3452\" data-col-size=\"sm\"><strong data-start=\"3421\" data-end=\"3440\">Distancia focal<\/strong><\/td>\n<td data-col-size=\"sm\" data-start=\"3452\" data-end=\"3492\">75 mm (equivalente a 112,5 mm FF)<\/td>\n<\/tr>\n<tr data-start=\"3493\" data-end=\"3566\">\n<td data-start=\"3493\" data-end=\"3526\" data-col-size=\"sm\"><strong data-start=\"3495\" data-end=\"3514\">Apertura m\u00e1xima<\/strong><\/td>\n<td data-col-size=\"sm\" data-start=\"3526\" data-end=\"3566\">f\/1.2<\/td>\n<\/tr>\n<tr data-start=\"3567\" data-end=\"3640\">\n<td data-start=\"3567\" data-end=\"3600\" data-col-size=\"sm\"><strong data-start=\"3569\" data-end=\"3588\">Apertura m\u00ednima<\/strong><\/td>\n<td data-col-size=\"sm\" data-start=\"3600\" data-end=\"3640\">f\/16<\/td>\n<\/tr>\n<tr data-start=\"3641\" data-end=\"3714\">\n<td data-start=\"3641\" data-end=\"3674\" data-col-size=\"sm\"><strong data-start=\"3643\" data-end=\"3655\">Montura X de<\/strong><\/td>\n<td data-col-size=\"sm\" data-start=\"3674\" data-end=\"3714\">FUJIFILM<\/td>\n<\/tr>\n<tr data-start=\"3715\" data-end=\"3788\">\n<td data-start=\"3715\" data-end=\"3748\" data-col-size=\"sm\"><strong data-start=\"3717\" data-end=\"3739\">Formato compatible con APS-C<\/strong><\/td>\n<td data-col-size=\"sm\" data-start=\"3748\" data-end=\"3788\"><\/td>\n<\/tr>\n<tr data-start=\"3789\" data-end=\"3862\">\n<td data-start=\"3789\" data-end=\"3822\" data-col-size=\"sm\"><strong data-start=\"3791\" data-end=\"3819\">Distancia m\u00ednima de enfoque<\/strong><\/td>\n<td data-col-size=\"sm\" data-start=\"3822\" data-end=\"3862\">70 cm (27,6&#8243;)<\/td>\n<\/tr>\n<tr data-start=\"3863\" data-end=\"3936\">\n<td data-start=\"3863\" data-end=\"3896\" data-col-size=\"sm\"><strong data-start=\"3865\" data-end=\"3881\">Dise\u00f1o \u00f3ptico<\/strong><\/td>\n<td data-col-size=\"sm\" data-start=\"3896\" data-end=\"3936\">13 elementos en 9 grupos<\/td>\n<\/tr>\n<tr data-start=\"3937\" data-end=\"4010\">\n<td data-start=\"3937\" data-end=\"3970\" data-col-size=\"sm\"><strong data-start=\"3939\" data-end=\"3963\">Hojas de diafragma<\/strong><\/td>\n<td data-col-size=\"sm\" data-start=\"3970\" data-end=\"4010\">15<\/td>\n<\/tr>\n<tr data-start=\"4011\" data-end=\"4083\">\n<td data-start=\"4011\" data-end=\"4044\" data-col-size=\"sm\"><strong data-start=\"4013\" data-end=\"4029\">Tipo de enfoque<\/strong><\/td>\n<td data-col-size=\"sm\" data-start=\"4044\" data-end=\"4083\">Enfoque autom\u00e1tico (con seguimiento ocular)<\/td>\n<\/tr>\n<tr data-start=\"4084\" data-end=\"4156\">\n<td data-start=\"4084\" data-end=\"4117\" data-col-size=\"sm\"><strong data-start=\"4086\" data-end=\"4113\">Estabilizaci\u00f3n de imagen<\/strong><\/td>\n<td data-col-size=\"sm\" data-start=\"4117\" data-end=\"4156\">No tiene<\/td>\n<\/tr>\n<tr data-start=\"4157\" data-end=\"4230\">\n<td data-start=\"4157\" data-end=\"4190\" data-col-size=\"sm\"><strong data-start=\"4159\" data-end=\"4180\">Tama\u00f1o del filtro<\/strong><\/td>\n<td data-col-size=\"sm\" data-start=\"4190\" data-end=\"4230\">67 mm (frontal)<\/td>\n<\/tr>\n<tr data-start=\"4231\" data-end=\"4304\">\n<td data-start=\"4231\" data-end=\"4264\" data-col-size=\"sm\"><strong data-start=\"4233\" data-end=\"4241\">Peso<\/strong><\/td>\n<td data-col-size=\"sm\" data-start=\"4264\" data-end=\"4304\">466 g<\/td>\n<\/tr>\n<tr data-start=\"4305\" data-end=\"4378\">\n<td data-start=\"4305\" data-end=\"4338\" data-col-size=\"sm\"><strong data-start=\"4307\" data-end=\"4330\">Puerto de firmware<\/strong><\/td>\n<td data-col-size=\"sm\" data-start=\"4338\" data-end=\"4378\">USB-C<\/td>\n<\/tr>\n<tr data-start=\"4379\" data-end=\"4452\">\n<td data-start=\"4379\" data-end=\"4412\" data-col-size=\"sm\"><strong data-start=\"4381\" data-end=\"4407\">Dimensiones del paquete<\/strong><\/td>\n<td data-col-size=\"sm\" data-start=\"4412\" data-end=\"4452\">: 17,8 x 12,7 x 12,7 cm (7 x 5 x 5&#8243;)<\/td>\n<\/tr>\n<tr data-start=\"4453\" data-end=\"4526\">\n<td data-start=\"4453\" data-end=\"4486\" data-col-size=\"sm\"><strong data-start=\"4455\" data-end=\"4476\">Peso del paquete<\/strong><\/td>\n<td data-col-size=\"sm\" data-start=\"4486\" data-end=\"4526\">: 935 g (2,06 lb)<\/td>\n<\/tr>\n<\/tbody>\n<\/table>\n<\/div>\n<\/div>\n<p><\/p>\n<h3 data-start=\"2136\" data-end=\"2165\"><strong data-start=\"2140\" data-end=\"2165\">Contenido del paquete<\/strong><\/h3>\n<ul data-start=\"2166\" data-end=\"2330\">\n<li data-start=\"2166\" data-end=\"2238\">\n<p data-start=\"2168\" data-end=\"2238\">Lente de enfoque autom\u00e1tico Sirui Sniper 75 mm f\/1.2 (para FUJIFILM X, color negro)<\/p>\n<\/li>\n<li data-start=\"2239\" data-end=\"2265\">\n<p data-start=\"2241\" data-end=\"2265\">Tapa frontal del objetivo<\/p>\n<\/li>\n<li data-start=\"2266\" data-end=\"2293\">\n<p data-start=\"2268\" data-end=\"2293\">Tapa trasera del objetivo<\/p>\n<\/li>\n<li data-start=\"2294\" data-end=\"2306\">\n<p data-start=\"2296\" data-end=\"2306\">Sombrilla<\/p>\n<\/li>\n<li data-start=\"2307\" data-end=\"2330\">\n<p data-start=\"2309\" data-end=\"2330\">Bolsa de transporte<\/p>\n<\/li>\n<\/ul>\n","protected":false},"excerpt":{"rendered":"<p>SIRUI Sniper Series 75mm F1.2 APS-C X-Mount El lente de enfoque autom\u00e1tico Sirui Sniper 75mm f\/1.2 es un lente que<\/p>\n","protected":false},"featured_media":76455,"comment_status":"closed","ping_status":"open","template":"","meta":{"_acf_changed":false},"product_brand":[2597],"product_cat":[1062],"product_tag":[],"class_list":{"0":"post-82144","1":"product","2":"type-product","3":"status-publish","4":"has-post-thumbnail","6":"product_brand-sirui-es","7":"product_cat-mirrorless-objectivos","8":"pa_abertura-maxima-f-1-2-es","10":"first","11":"pre-order","12":"sale","13":"taxable","14":"shipping-taxable","15":"purchasable","16":"product-type-simple"},"bundled_by":[],"bundle_stock_status":"pre-order","bundle_stock_quantity":null,"bundle_virtual":false,"bundle_layout":"","bundle_add_to_cart_form_location":"","bundle_editable_in_cart":false,"bundle_sold_individually_context":"","bundle_item_grouping":"","bundle_min_size":"","bundle_max_size":"","bundle_price":[],"bundled_items":[],"bundle_sell_ids":[],"acf":[],"_links":{"self":[{"href":"https:\/\/hi-techwonder.com\/es\/wp-json\/wp\/v2\/product\/82144","targetHints":{"allow":["GET"]}}],"collection":[{"href":"https:\/\/hi-techwonder.com\/es\/wp-json\/wp\/v2\/product"}],"about":[{"href":"https:\/\/hi-techwonder.com\/es\/wp-json\/wp\/v2\/types\/product"}],"replies":[{"embeddable":true,"href":"https:\/\/hi-techwonder.com\/es\/wp-json\/wp\/v2\/comments?post=82144"}],"wp:featuredmedia":[{"embeddable":true,"href":"https:\/\/hi-techwonder.com\/es\/wp-json\/wp\/v2\/media\/76455"}],"wp:attachment":[{"href":"https:\/\/hi-techwonder.com\/es\/wp-json\/wp\/v2\/media?parent=82144"}],"wp:term":[{"taxonomy":"product_brand","embeddable":true,"href":"https:\/\/hi-techwonder.com\/es\/wp-json\/wp\/v2\/product_brand?post=82144"},{"taxonomy":"product_cat","embeddable":true,"href":"https:\/\/hi-techwonder.com\/es\/wp-json\/wp\/v2\/product_cat?post=82144"},{"taxonomy":"product_tag","embeddable":true,"href":"https:\/\/hi-techwonder.com\/es\/wp-json\/wp\/v2\/product_tag?post=82144"}],"curies":[{"name":"wp","href":"https:\/\/api.w.org\/{rel}","templated":true}]}}