{"id":82145,"date":"2025-08-05T09:41:57","date_gmt":"2025-08-05T09:41:57","guid":{"rendered":"https:\/\/hi-techwonder.com\/product\/sirui-base-monopie-sistema-rapido-svm-lf\/"},"modified":"2025-08-05T09:41:57","modified_gmt":"2025-08-05T09:41:57","slug":"sirui-base-monopie-sistema-rapido-svm-lf","status":"publish","type":"product","link":"https:\/\/hi-techwonder.com\/es\/producto\/sirui-base-monopie-sistema-rapido-svm-lf\/","title":{"rendered":"SIRUI Base Monopie Sistema R\u00e1pido SVM-LF"},"content":{"rendered":"<h4><b>SIRUI Base Monopie Sistema R\u00e1pido SVM-LF<\/b><\/h4>\n<p style=\"-webkit-tap-highlight-color: rgba(0, 0, 0, 0); color: rgb(54, 54, 54); font-family: -apple-system, BlinkMacSystemFont, Helvetica, Arial, sans-serif; margin-bottom: 0px; padding: 6px 0px; scrollbar-width: thin; scrollbar-color: rgb(162, 162, 162) transparent; line-height: 1.45;\">La base de tr\u00edpode Sirui con pedal ofrece un accesorio integrado dedicado al CVM-145P\/165P.<br style=\"-webkit-tap-highlight-color: rgba(0, 0, 0, 0); scrollbar-width: thin; scrollbar-color: rgb(162, 162, 162) transparent;\">La base del monopi\u00e9 \/ tr\u00edpode tiene un pedal que le permite cambiar autom\u00e1ticamente los \u00e1ngulos de disparo y mantener el monopie en posici\u00f3n vertical para bloquear la bola.<br style=\"-webkit-tap-highlight-color: rgba(0, 0, 0, 0); scrollbar-width: thin; scrollbar-color: rgb(162, 162, 162) transparent;\">Ofrece capacidades de inclinaci\u00f3n de 36\u00b0 y giro de 360\u00b0, un anillo giratorio con ajuste de fricci\u00f3n y las patas utilizan una perilla simple que le permite ajustar la altura.&nbsp;<br style=\"-webkit-tap-highlight-color: rgba(0, 0, 0, 0); scrollbar-width: thin; scrollbar-color: rgb(162, 162, 162) transparent;\"><\/p>\n<p style=\"-webkit-tap-highlight-color: rgba(0, 0, 0, 0); color: rgb(54, 54, 54); font-family: -apple-system, BlinkMacSystemFont, Helvetica, Arial, sans-serif; margin-bottom: 0px; padding: 6px 0px; scrollbar-width: thin; scrollbar-color: rgb(162, 162, 162) transparent; line-height: 1.45;\"><strong style=\"-webkit-tap-highlight-color: rgba(0, 0, 0, 0); scrollbar-width: thin; scrollbar-color: rgb(162, 162, 162) transparent;\">Contenido de la caja: <br style=\"-webkit-tap-highlight-color: rgba(0, 0, 0, 0); scrollbar-width: thin; scrollbar-color: rgb(162, 162, 162) transparent;\"><\/strong>1x Base monopi\u00e9 SIRUI Rapid System SVM-LF&nbsp;<\/p>\n<p><\/p>\n<p><\/p>\n","protected":false},"excerpt":{"rendered":"<p>SIRUI Base Monopie Sistema R\u00e1pido SVM-LF La base de tr\u00edpode Sirui con pedal ofrece un accesorio integrado dedicado al CVM-145P\/165P.La<\/p>\n","protected":false},"featured_media":76398,"comment_status":"closed","ping_status":"open","template":"","meta":{"_acf_changed":false},"product_brand":[2597],"product_cat":[1093],"product_tag":[],"class_list":{"0":"post-82145","1":"product","2":"type-product","3":"status-publish","4":"has-post-thumbnail","6":"product_brand-sirui-es","7":"product_cat-mini-tripodes","9":"first","10":"onbackorder","11":"taxable","12":"shipping-taxable","13":"purchasable","14":"product-type-simple"},"bundled_by":[],"bundle_stock_status":"onbackorder","bundle_stock_quantity":null,"bundle_virtual":false,"bundle_layout":"","bundle_add_to_cart_form_location":"","bundle_editable_in_cart":false,"bundle_sold_individually_context":"","bundle_item_grouping":"","bundle_min_size":"","bundle_max_size":"","bundle_price":[],"bundled_items":[],"bundle_sell_ids":[],"acf":[],"_links":{"self":[{"href":"https:\/\/hi-techwonder.com\/es\/wp-json\/wp\/v2\/product\/82145","targetHints":{"allow":["GET"]}}],"collection":[{"href":"https:\/\/hi-techwonder.com\/es\/wp-json\/wp\/v2\/product"}],"about":[{"href":"https:\/\/hi-techwonder.com\/es\/wp-json\/wp\/v2\/types\/product"}],"replies":[{"embeddable":true,"href":"https:\/\/hi-techwonder.com\/es\/wp-json\/wp\/v2\/comments?post=82145"}],"wp:featuredmedia":[{"embeddable":true,"href":"https:\/\/hi-techwonder.com\/es\/wp-json\/wp\/v2\/media\/76398"}],"wp:attachment":[{"href":"https:\/\/hi-techwonder.com\/es\/wp-json\/wp\/v2\/media?parent=82145"}],"wp:term":[{"taxonomy":"product_brand","embeddable":true,"href":"https:\/\/hi-techwonder.com\/es\/wp-json\/wp\/v2\/product_brand?post=82145"},{"taxonomy":"product_cat","embeddable":true,"href":"https:\/\/hi-techwonder.com\/es\/wp-json\/wp\/v2\/product_cat?post=82145"},{"taxonomy":"product_tag","embeddable":true,"href":"https:\/\/hi-techwonder.com\/es\/wp-json\/wp\/v2\/product_tag?post=82145"}],"curies":[{"name":"wp","href":"https:\/\/api.w.org\/{rel}","templated":true}]}}