{"id":82146,"date":"2025-08-05T09:41:57","date_gmt":"2025-08-05T09:41:57","guid":{"rendered":"https:\/\/hi-techwonder.com\/product\/serie-sirui-sniper-75mm-f-1-2-montura-e\/"},"modified":"2026-04-27T11:50:22","modified_gmt":"2026-04-27T10:50:22","slug":"sirui-serie-sirui-sniper-75mm-f-1-2-montura-e","status":"publish","type":"product","link":"https:\/\/hi-techwonder.com\/es\/producto\/sirui-serie-sirui-sniper-75mm-f-1-2-montura-e\/","title":{"rendered":"Serie SIRUI Sniper 75mm f\/1.2 Montura E"},"content":{"rendered":"<h1 class=\"product-title h5\">SIRUI Sniper Series 75mm F1.2 APS-C E-Mount<\/h1>\n<p data-start=\"703\" data-end=\"1100\">El <strong data-start=\"705\" data-end=\"732\">Sirui Sniper 75mm f\/1.2<\/strong> es un objetivo que destaca por su velocidad, nitidez y est\u00e9tica visual impresionante. Dise\u00f1ado para creadores exigentes, este objetivo est\u00e1 dise\u00f1ado para los sistemas APS-C de Sony, ofreciendo un campo de visi\u00f3n equivalente a un 112,5 mm de fotograma completo, perfecto para retratos expresivos, detalles de v\u00eddeo y aislamiento del sujeto con un fondo seductoramente borroso. <\/p>\n<p data-start=\"1102\" data-end=\"1517\">Con una apertura m\u00e1xima de <strong data-start=\"1129\" data-end=\"1138\">f\/1.2<\/strong>, puede lograr im\u00e1genes brillantes incluso en condiciones de luz dif\u00edciles, con una profundidad de campo ultra baja que resalta su sujeto con un bokeh impresionante. Su <strong data-start=\"1316\" data-end=\"1329\">motor STM<\/strong> ofrece un enfoque autom\u00e1tico r\u00e1pido, suave y casi silencioso, ideal tanto para fotograf\u00eda como para videograf\u00eda, con \u00e9nfasis en el <strong data-start=\"1467\" data-end=\"1503\">seguimiento de ojos y objetos en movimiento<\/strong> . <\/p>\n<p data-start=\"1519\" data-end=\"1871\">La construcci\u00f3n \u00f3ptica de <strong data-start=\"1541\" data-end=\"1569\">13 elementos en 9 grupos<\/strong>, incluido el vidrio de alta refracci\u00f3n, garantiza una excelente nitidez, contraste y control de la aberraci\u00f3n. El <strong data-start=\"1670\" data-end=\"1697\">diafragma de 15 hojas<\/strong> contribuye a una reproducci\u00f3n de fondo suave y cremosa que es muy apreciada en los retratos creativos. Y con el <strong data-start=\"1801\" data-end=\"1816\">puerto USB-C<\/strong>, tiene f\u00e1cil acceso a futuras actualizaciones de firmware.  <\/p>\n<p data-start=\"1519\" data-end=\"1871\"><\/p>\n<p><iframe loading=\"lazy\" frameborder=\"0\" src=\"https:\/\/www.youtube.com\/embed\/IYNKSH6ETz4\" width=\"640\" height=\"360\"><\/iframe><\/p>\n<p><\/p>\n<h3 data-start=\"1878\" data-end=\"1912\"><strong data-start=\"1882\" data-end=\"1912\">Caracter\u00edsticas principales<\/strong><\/h3>\n<ul data-start=\"1913\" data-end=\"2404\">\n<li data-start=\"1913\" data-end=\"1983\">\n<p data-start=\"1915\" data-end=\"1983\">Apertura ultrarr\u00e1pida de f\/1.2 para un excelente rendimiento con poca luz<\/p>\n<\/li>\n<li data-start=\"1984\" data-end=\"2051\">\n<p data-start=\"1986\" data-end=\"2051\">Enfoque autom\u00e1tico con detecci\u00f3n ocular y seguimiento de objetos<\/p>\n<\/li>\n<li data-start=\"2052\" data-end=\"2121\">\n<p data-start=\"2054\" data-end=\"2121\">Equivalente a fotograma completo de 112,5 mm: ideal para retratos y videos<\/p>\n<\/li>\n<li data-start=\"2122\" data-end=\"2170\">\n<p data-start=\"2124\" data-end=\"2170\">Motor STM silencioso con enfoque continuo suave<\/p>\n<\/li>\n<li data-start=\"2171\" data-end=\"2226\">\n<p data-start=\"2173\" data-end=\"2226\">Controlador de 15 hojas para bokeh cinematogr\u00e1fico<\/p>\n<\/li>\n<li data-start=\"2227\" data-end=\"2290\">\n<p data-start=\"2229\" data-end=\"2290\">Estructura \u00f3ptica de alta precisi\u00f3n con vidrio de alta refracci\u00f3n<\/p>\n<\/li>\n<li data-start=\"2291\" data-end=\"2348\">\n<p data-start=\"2293\" data-end=\"2348\">Anillo de enfoque giratorio de 360\u00b0 para un ajuste fino manual<\/p>\n<\/li>\n<li data-start=\"2349\" data-end=\"2404\">\n<p data-start=\"2351\" data-end=\"2404\">Puerto USB-C incorporado para actualizaciones de firmware<\/p>\n<\/li>\n<\/ul>\n<p><\/p>\n<h3 data-start=\"3433\" data-end=\"3464\"><strong data-start=\"3437\" data-end=\"3464\">Especificaciones t\u00e9cnicas<\/strong><\/h3>\n<div class=\"_tableContainer_80l1q_1\">\n<div class=\"_tableWrapper_80l1q_14 group flex w-fit flex-col-reverse\">\n<table data-start=\"3466\" data-end=\"4681\" class=\"w-fit min-w-(--thread-content-width)\">\n<thead data-start=\"3466\" data-end=\"3542\">\n<tr data-start=\"3466\" data-end=\"3542\">\n<th data-start=\"3466\" data-end=\"3502\" data-col-size=\"sm\"><strong data-start=\"3468\" data-end=\"3485\">Detalle de la especificaci\u00f3n<\/strong><\/th>\n<th data-start=\"3502\" data-end=\"3542\" data-col-size=\"sm\"><strong data-start=\"3504\" data-end=\"3515\"><\/strong><\/th>\n<\/tr>\n<\/thead>\n<tbody data-start=\"3619\" data-end=\"4681\">\n<tr data-start=\"3619\" data-end=\"3694\">\n<td data-start=\"3619\" data-end=\"3654\" data-col-size=\"sm\">Color<\/td>\n<td data-start=\"3654\" data-end=\"3694\" data-col-size=\"sm\">Negro<\/td>\n<\/tr>\n<tr data-start=\"3695\" data-end=\"3770\">\n<td data-start=\"3695\" data-end=\"3730\" data-col-size=\"sm\">Distancia focal<\/td>\n<td data-start=\"3730\" data-end=\"3770\" data-col-size=\"sm\">75 mm<\/td>\n<\/tr>\n<tr data-start=\"3771\" data-end=\"3846\">\n<td data-start=\"3771\" data-end=\"3806\" data-col-size=\"sm\">Apertura m\u00e1xima<\/td>\n<td data-start=\"3806\" data-end=\"3846\" data-col-size=\"sm\">f\/1.2<\/td>\n<\/tr>\n<tr data-start=\"3847\" data-end=\"3922\">\n<td data-start=\"3847\" data-end=\"3882\" data-col-size=\"sm\">Apertura m\u00ednima<\/td>\n<td data-start=\"3882\" data-end=\"3922\" data-col-size=\"sm\">f\/16<\/td>\n<\/tr>\n<tr data-start=\"3923\" data-end=\"3998\">\n<td data-start=\"3923\" data-end=\"3958\" data-col-size=\"sm\"><\/td>\n<td data-start=\"3958\" data-end=\"3998\" data-col-size=\"sm\">Montura Sony E (APS-C)<\/td>\n<\/tr>\n<tr data-start=\"3999\" data-end=\"4074\">\n<td data-start=\"3999\" data-end=\"4034\" data-col-size=\"sm\">Equivalencia de fotograma completo<\/td>\n<td data-start=\"4034\" data-end=\"4074\" data-col-size=\"sm\">de 112,5 mm<\/td>\n<\/tr>\n<tr data-start=\"4075\" data-end=\"4149\">\n<td data-start=\"4075\" data-end=\"4109\" data-col-size=\"sm\">Distancia m\u00ednima de enfoque<\/td>\n<td data-start=\"4109\" data-end=\"4149\" data-col-size=\"sm\">70 cm<\/td>\n<\/tr>\n<tr data-start=\"4150\" data-end=\"4225\">\n<td data-start=\"4150\" data-end=\"4185\" data-col-size=\"sm\">Dise\u00f1o \u00f3ptico<\/td>\n<td data-start=\"4185\" data-end=\"4225\" data-col-size=\"sm\">13 elementos en 9 grupos<\/td>\n<\/tr>\n<tr data-start=\"4226\" data-end=\"4301\">\n<td data-start=\"4226\" data-end=\"4261\" data-col-size=\"sm\">Hojas de diafragma<\/td>\n<td data-start=\"4261\" data-end=\"4301\" data-col-size=\"sm\">15<\/td>\n<\/tr>\n<tr data-start=\"4302\" data-end=\"4377\">\n<td data-start=\"4302\" data-end=\"4337\" data-col-size=\"sm\">Tipo de enfoque<\/td>\n<td data-start=\"4337\" data-end=\"4377\" data-col-size=\"sm\">Enfoque autom\u00e1tico (con motor STM)<\/td>\n<\/tr>\n<tr data-start=\"4378\" data-end=\"4453\">\n<td data-start=\"4378\" data-end=\"4413\" data-col-size=\"sm\">Estabilizaci\u00f3n de imagen<\/td>\n<td data-start=\"4413\" data-end=\"4453\" data-col-size=\"sm\">No<\/td>\n<\/tr>\n<tr data-start=\"4454\" data-end=\"4529\">\n<td data-start=\"4454\" data-end=\"4489\" data-col-size=\"sm\">Di\u00e1metro del filtro<\/td>\n<td data-start=\"4489\" data-end=\"4529\" data-col-size=\"sm\">67 mm<\/td>\n<\/tr>\n<tr data-start=\"4530\" data-end=\"4605\">\n<td data-start=\"4530\" data-end=\"4565\" data-col-size=\"sm\">Peso<\/td>\n<td data-start=\"4565\" data-end=\"4605\" data-col-size=\"sm\">466 g<\/td>\n<\/tr>\n<tr data-start=\"4606\" data-end=\"4681\">\n<td data-start=\"4606\" data-end=\"4641\" data-col-size=\"sm\">Puerto de actualizaci\u00f3n<\/td>\n<td data-start=\"4641\" data-end=\"4681\" data-col-size=\"sm\">USB-C<\/td>\n<\/tr>\n<\/tbody>\n<\/table>\n<\/div>\n<\/div>\n<p><\/p>\n<p><strong data-start=\"2415\" data-end=\"2440\"><br \/><\/strong><\/p>\n<p><strong data-start=\"2415\" data-end=\"2440\">Contenido del paquete<\/strong><\/p>\n<ul data-start=\"2441\" data-end=\"2592\">\n<li data-start=\"2441\" data-end=\"2500\">\n<p data-start=\"2443\" data-end=\"2500\">Lente de enfoque autom\u00e1tico Sirui Sniper 75mm f\/1.2 (Sony E, negro)<\/p>\n<\/li>\n<li data-start=\"2501\" data-end=\"2527\">\n<p data-start=\"2503\" data-end=\"2527\">Tapa frontal del objetivo<\/p>\n<\/li>\n<li data-start=\"2528\" data-end=\"2555\">\n<p data-start=\"2530\" data-end=\"2555\">Tapa trasera del objetivo<\/p>\n<\/li>\n<li data-start=\"2556\" data-end=\"2568\">\n<p data-start=\"2558\" data-end=\"2568\">Sombrilla<\/p>\n<\/li>\n<li data-start=\"2569\" data-end=\"2592\">\n<p data-start=\"2571\" data-end=\"2592\">Bolsa de transporte<\/p>\n<\/li>\n<\/ul>\n","protected":false},"excerpt":{"rendered":"<p>SIRUI Sniper Series 75mm F1.2 APS-C E-Mount El Sirui Sniper 75mm f\/1.2 es un objetivo que destaca por su velocidad,<\/p>\n","protected":false},"featured_media":76449,"comment_status":"closed","ping_status":"open","template":"","meta":{"_acf_changed":false},"product_brand":[2597],"product_cat":[1062],"product_tag":[],"class_list":{"0":"post-82146","1":"product","2":"type-product","3":"status-publish","4":"has-post-thumbnail","6":"product_brand-sirui-es","7":"product_cat-mirrorless-objectivos","8":"pa_abertura-maxima-f-1-2-es","10":"first","11":"pre-order","12":"sale","13":"taxable","14":"shipping-taxable","15":"purchasable","16":"product-type-simple"},"bundled_by":[],"bundle_stock_status":"pre-order","bundle_stock_quantity":null,"bundle_virtual":false,"bundle_layout":"","bundle_add_to_cart_form_location":"","bundle_editable_in_cart":false,"bundle_sold_individually_context":"","bundle_item_grouping":"","bundle_min_size":"","bundle_max_size":"","bundle_price":[],"bundled_items":[],"bundle_sell_ids":[],"acf":[],"_links":{"self":[{"href":"https:\/\/hi-techwonder.com\/es\/wp-json\/wp\/v2\/product\/82146","targetHints":{"allow":["GET"]}}],"collection":[{"href":"https:\/\/hi-techwonder.com\/es\/wp-json\/wp\/v2\/product"}],"about":[{"href":"https:\/\/hi-techwonder.com\/es\/wp-json\/wp\/v2\/types\/product"}],"replies":[{"embeddable":true,"href":"https:\/\/hi-techwonder.com\/es\/wp-json\/wp\/v2\/comments?post=82146"}],"wp:featuredmedia":[{"embeddable":true,"href":"https:\/\/hi-techwonder.com\/es\/wp-json\/wp\/v2\/media\/76449"}],"wp:attachment":[{"href":"https:\/\/hi-techwonder.com\/es\/wp-json\/wp\/v2\/media?parent=82146"}],"wp:term":[{"taxonomy":"product_brand","embeddable":true,"href":"https:\/\/hi-techwonder.com\/es\/wp-json\/wp\/v2\/product_brand?post=82146"},{"taxonomy":"product_cat","embeddable":true,"href":"https:\/\/hi-techwonder.com\/es\/wp-json\/wp\/v2\/product_cat?post=82146"},{"taxonomy":"product_tag","embeddable":true,"href":"https:\/\/hi-techwonder.com\/es\/wp-json\/wp\/v2\/product_tag?post=82146"}],"curies":[{"name":"wp","href":"https:\/\/api.w.org\/{rel}","templated":true}]}}