{"id":82147,"date":"2025-08-05T09:41:57","date_gmt":"2025-08-05T09:41:57","guid":{"rendered":"https:\/\/hi-techwonder.com\/product\/serie-sirui-sniper-16mm-f-1-2-nikon-z\/"},"modified":"2026-04-27T11:50:21","modified_gmt":"2026-04-27T10:50:21","slug":"sirui-serie-sirui-sniper-16mm-f-1-2-nikon-z","status":"publish","type":"product","link":"https:\/\/hi-techwonder.com\/es\/producto\/sirui-serie-sirui-sniper-16mm-f-1-2-nikon-z\/","title":{"rendered":"Serie SIRUI Sniper 16mm f\/1.2 Nikon Z"},"content":{"rendered":"<h1 class=\"product-title h5\">SIRUI Serie Sniper 16mm f1.2 APS-C Nikon Z<\/h1>\n<p data-start=\"887\" data-end=\"1298\">El <strong data-start=\"889\" data-end=\"926\">enfoque autom\u00e1tico Sirui Sniper 16 mm f\/1.2<\/strong> est\u00e1 dise\u00f1ado para fot\u00f3grafos y vide\u00f3grafos que exigen nitidez, velocidad y un aspecto cinematogr\u00e1fico en un cuerpo compacto. Con un dise\u00f1o moderno y atrevido, este objetivo destaca por su apertura <strong data-start=\"1146\" data-end=\"1155\">f\/1.2<\/strong> extremadamente brillante, permitiendo resultados incre\u00edbles en condiciones de poca luz y un <strong data-start=\"1220\" data-end=\"1259\">desenfoque de fondo suave y art\u00edstico<\/strong> gracias a su diafragma de 13 hojas. <\/p>\n<p data-start=\"1300\" data-end=\"1696\">El motor de enfoque autom\u00e1tico <strong data-start=\"1327\" data-end=\"1334\">STM<\/strong> garantiza transiciones suaves, silenciosas y precisas, con soporte de seguimiento ocular, una caracter\u00edstica crucial tanto para videos como para retratos espont\u00e1neos. La construcci\u00f3n \u00f3ptica incluye <strong data-start=\"1525\" data-end=\"1563\">14 elementos dispuestos en 5 grupos<\/strong>, utilizando elementos ED, HR y asf\u00e9ricos para <strong data-start=\"1623\" data-end=\"1695\">minimizar las aberraciones y garantizar im\u00e1genes ricas en contraste y detalle<\/strong>. <\/p>\n<p data-start=\"1698\" data-end=\"1996\">La integraci\u00f3n <strong data-start=\"1718\" data-end=\"1733\">de un puerto USB-C<\/strong> en la compilaci\u00f3n le permite mantener el firmware actualizado en todo momento, lo que garantiza la compatibilidad y el rendimiento continuo a lo largo del tiempo. Compacto, resistente y liviano (solo 403 g), es el socio ideal para los creadores de contenido exigentes que trabajan con c\u00e1maras Nikon APS-C. <\/p>\n<p><\/p>\n<p><iframe loading=\"lazy\" frameborder=\"0\" src=\"https:\/\/www.youtube.com\/embed\/IYNKSH6ETz4\" width=\"640\" height=\"360\"><\/iframe><\/p>\n<p><\/p>\n<h3 data-start=\"2003\" data-end=\"2037\"><strong data-start=\"2007\" data-end=\"2037\">Caracter\u00edsticas principales<\/strong><\/h3>\n<ul data-start=\"2039\" data-end=\"2509\">\n<li data-start=\"2039\" data-end=\"2100\">\n<p data-start=\"2041\" data-end=\"2100\">Gran angular de 16 mm (equivalente a fotograma completo de 24 mm)<\/p>\n<\/li>\n<li data-start=\"2101\" data-end=\"2175\">\n<p data-start=\"2103\" data-end=\"2175\">Apertura ultrabrillante de f\/1.2 para un excelente rendimiento con poca luz<\/p>\n<\/li>\n<li data-start=\"2176\" data-end=\"2230\">\n<p data-start=\"2178\" data-end=\"2230\">Motor STM silencioso y eficaz con soporte Eye AF<\/p>\n<\/li>\n<li data-start=\"2231\" data-end=\"2298\">\n<p data-start=\"2233\" data-end=\"2298\">\u00d3ptica de alto rendimiento con elementos ED, HR y asf\u00e9ricos<\/p>\n<\/li>\n<li data-start=\"2299\" data-end=\"2359\">\n<p data-start=\"2301\" data-end=\"2359\">Diafragma circular de 13 hojas para bokeh profesional<\/p>\n<\/li>\n<li data-start=\"2360\" data-end=\"2405\">\n<p data-start=\"2362\" data-end=\"2405\">Anillo de enfoque suave con rotaci\u00f3n de 360\u00b0<\/p>\n<\/li>\n<li data-start=\"2406\" data-end=\"2466\">\n<p data-start=\"2408\" data-end=\"2466\">Dise\u00f1o compacto y ligero, ideal para grabar sobre la marcha<\/p>\n<\/li>\n<li data-start=\"2467\" data-end=\"2509\">\n<p data-start=\"2469\" data-end=\"2509\">Actualizaciones a trav\u00e9s del puerto USB-C incorporado<\/p>\n<p data-start=\"2469\" data-end=\"2509\"><\/p>\n<\/li>\n<\/ul>\n<h3 data-start=\"2706\" data-end=\"2737\"><strong data-start=\"2710\" data-end=\"2737\">Especificaciones t\u00e9cnicas<\/strong><\/h3>\n<div class=\"_tableContainer_80l1q_1\">\n<div class=\"_tableWrapper_80l1q_14 group flex w-fit flex-col-reverse\">\n<table data-start=\"2739\" data-end=\"4018\" class=\"w-fit min-w-(--thread-content-width)\">\n<thead data-start=\"2739\" data-end=\"2814\">\n<tr data-start=\"2739\" data-end=\"2814\">\n<th data-start=\"2739\" data-end=\"2771\" data-col-size=\"sm\"><\/th>\n<\/tr>\n<\/thead>\n<\/table>\n<\/div>\n<div class=\"_tableWrapper_80l1q_14 group flex w-fit flex-col-reverse\">\n<table data-start=\"2739\" data-end=\"4018\" class=\"w-fit min-w-(--thread-content-width)\">\n<thead data-start=\"2739\" data-end=\"2814\">\n<tr data-start=\"2739\" data-end=\"2814\">\n<th data-start=\"2739\" data-end=\"2771\" data-col-size=\"sm\"><\/th>\n<\/tr>\n<\/thead>\n<\/table>\n<\/div>\n<div class=\"_tableWrapper_80l1q_14 group flex w-fit flex-col-reverse\">\n<table data-start=\"2739\" data-end=\"4018\" class=\"w-fit min-w-(--thread-content-width)\">\n<thead data-start=\"2739\" data-end=\"2814\">\n<tr data-start=\"2739\" data-end=\"2814\">\n<th data-start=\"2739\" data-end=\"2771\" data-col-size=\"sm\">Detalles de la especificaci\u00f3n<\/th>\n<th data-start=\"2771\" data-end=\"2814\" data-col-size=\"sm\"><\/th>\n<\/tr>\n<\/thead>\n<tbody data-start=\"2890\" data-end=\"4018\">\n<tr data-start=\"2890\" data-end=\"2964\">\n<td data-start=\"2890\" data-end=\"2921\" data-col-size=\"sm\">Color<\/td>\n<td data-col-size=\"sm\" data-start=\"2921\" data-end=\"2964\">Negro<\/td>\n<\/tr>\n<tr data-start=\"2965\" data-end=\"3039\">\n<td data-start=\"2965\" data-end=\"2996\" data-col-size=\"sm\">Distancia focal<\/td>\n<td data-col-size=\"sm\" data-start=\"2996\" data-end=\"3039\">16 mm (equivalente a 24 mm en fotograma completo)<\/td>\n<\/tr>\n<tr data-start=\"3040\" data-end=\"3114\">\n<td data-start=\"3040\" data-end=\"3071\" data-col-size=\"sm\">Apertura m\u00e1xima<\/td>\n<td data-col-size=\"sm\" data-start=\"3071\" data-end=\"3114\">f\/1.2<\/td>\n<\/tr>\n<tr data-start=\"3115\" data-end=\"3189\">\n<td data-start=\"3115\" data-end=\"3146\" data-col-size=\"sm\">Apertura m\u00ednima<\/td>\n<td data-col-size=\"sm\" data-start=\"3146\" data-end=\"3189\">f\/16<\/td>\n<\/tr>\n<tr data-start=\"3190\" data-end=\"3264\">\n<td data-col-size=\"sm\" data-start=\"3221\" data-end=\"3264\">Montura<\/td>\n<td data-start=\"3190\" data-end=\"3221\" data-col-size=\"sm\">Nikon<\/td>\n<p> Z<\/tr>\n<tr data-start=\"3265\" data-end=\"3339\">\n<td data-start=\"3265\" data-end=\"3296\" data-col-size=\"sm\">Formato de cobertura<\/td>\n<td data-col-size=\"sm\" data-start=\"3296\" data-end=\"3339\">APS-C<\/td>\n<\/tr>\n<tr data-start=\"3340\" data-end=\"3414\">\n<td data-start=\"3340\" data-end=\"3371\" data-col-size=\"sm\">Distancia m\u00ednima de enfoque<\/td>\n<td data-col-size=\"sm\" data-start=\"3371\" data-end=\"3414\">30 cm<\/td>\n<\/tr>\n<tr data-start=\"3415\" data-end=\"3490\">\n<td data-start=\"3415\" data-end=\"3446\" data-col-size=\"sm\">Dise\u00f1o \u00f3ptico<\/td>\n<td data-col-size=\"sm\" data-start=\"3446\" data-end=\"3490\">14 elementos en 5 grupos<\/td>\n<\/tr>\n<tr data-start=\"3491\" data-end=\"3566\">\n<td data-start=\"3491\" data-end=\"3522\" data-col-size=\"sm\">Diafragma 13 hojas<\/td>\n<td data-col-size=\"sm\" data-start=\"3522\" data-end=\"3566\">(redondeado)<\/td>\n<\/tr>\n<tr data-start=\"3567\" data-end=\"3641\">\n<td data-start=\"3567\" data-end=\"3598\" data-col-size=\"sm\">Tipo de enfoque<\/td>\n<td data-col-size=\"sm\" data-start=\"3598\" data-end=\"3641\">Enfoque autom\u00e1tico con motor STM<\/td>\n<\/tr>\n<tr data-start=\"3642\" data-end=\"3717\">\n<td data-start=\"3642\" data-end=\"3673\" data-col-size=\"sm\">Estabilizaci\u00f3n de imagen<\/td>\n<td data-col-size=\"sm\" data-start=\"3673\" data-end=\"3717\">No<\/td>\n<\/tr>\n<tr data-start=\"3718\" data-end=\"3792\">\n<td data-start=\"3718\" data-end=\"3749\" data-col-size=\"sm\">Tama\u00f1o del filtro<\/td>\n<td data-col-size=\"sm\" data-start=\"3749\" data-end=\"3792\">58 mm (frontal)<\/td>\n<\/tr>\n<tr data-start=\"3793\" data-end=\"3867\">\n<td data-start=\"3793\" data-end=\"3824\" data-col-size=\"sm\">Peso<\/td>\n<td data-col-size=\"sm\" data-start=\"3824\" data-end=\"3867\">403 g<\/td>\n<\/tr>\n<tr data-start=\"3868\" data-end=\"3942\">\n<td data-start=\"3868\" data-end=\"3899\" data-col-size=\"sm\">Peso del paquete<\/td>\n<td data-col-size=\"sm\" data-start=\"3899\" data-end=\"3942\">0.88 kg<\/td>\n<\/tr>\n<tr data-start=\"3943\" data-end=\"4018\">\n<td data-start=\"3943\" data-end=\"3976\" data-col-size=\"sm\">Dimensiones del paquete (ancho x alto x fondo)<\/td>\n<td data-col-size=\"sm\" data-start=\"3976\" data-end=\"4018\">18,8 x 13 x 12,7 cm<\/td>\n<\/tr>\n<\/tbody>\n<\/table>\n<h3 data-start=\"2516\" data-end=\"2545\"><strong data-start=\"2520\" data-end=\"2545\" style=\"color: inherit\"><br \/><\/strong><\/h3>\n<h3 data-start=\"2516\" data-end=\"2545\"><strong data-start=\"2520\" data-end=\"2545\" style=\"color: inherit\">Contenido del paquete<\/strong><\/h3>\n<ul data-start=\"2547\" data-end=\"2699\">\n<li data-start=\"2547\" data-end=\"2607\">\n<p data-start=\"2549\" data-end=\"2607\">Lente de enfoque autom\u00e1tico Sirui Sniper 16mm f\/1.2 (Nikon Z, negro)<\/p>\n<\/li>\n<li data-start=\"2608\" data-end=\"2634\">\n<p data-start=\"2610\" data-end=\"2634\">Tapa frontal del objetivo<\/p>\n<\/li>\n<li data-start=\"2635\" data-end=\"2662\">\n<p data-start=\"2637\" data-end=\"2662\">Tapa trasera del objetivo<\/p>\n<\/li>\n<li data-start=\"2663\" data-end=\"2675\">\n<p data-start=\"2665\" data-end=\"2675\">Sombrilla<\/p>\n<\/li>\n<li data-start=\"2676\" data-end=\"2699\">\n<p data-start=\"2678\" data-end=\"2699\">Bolsa de transporte<\/p>\n<\/li>\n<\/ul>\n<\/div>\n<\/div>\n","protected":false},"excerpt":{"rendered":"<p>SIRUI Serie Sniper 16mm f1.2 APS-C Nikon Z El enfoque autom\u00e1tico Sirui Sniper 16 mm f\/1.2 est\u00e1 dise\u00f1ado para fot\u00f3grafos<\/p>\n","protected":false},"featured_media":76441,"comment_status":"closed","ping_status":"open","template":"","meta":{"_acf_changed":false},"product_brand":[2597],"product_cat":[1062],"product_tag":[],"class_list":{"0":"post-82147","1":"product","2":"type-product","3":"status-publish","4":"has-post-thumbnail","6":"product_brand-sirui-es","7":"product_cat-mirrorless-objectivos","8":"pa_abertura-maxima-f-1-2-es","10":"first","11":"onbackorder","12":"sale","13":"taxable","14":"shipping-taxable","15":"purchasable","16":"product-type-simple"},"bundled_by":[],"bundle_stock_status":"onbackorder","bundle_stock_quantity":null,"bundle_virtual":false,"bundle_layout":"","bundle_add_to_cart_form_location":"","bundle_editable_in_cart":false,"bundle_sold_individually_context":"","bundle_item_grouping":"","bundle_min_size":"","bundle_max_size":"","bundle_price":[],"bundled_items":[],"bundle_sell_ids":[],"acf":[],"_links":{"self":[{"href":"https:\/\/hi-techwonder.com\/es\/wp-json\/wp\/v2\/product\/82147","targetHints":{"allow":["GET"]}}],"collection":[{"href":"https:\/\/hi-techwonder.com\/es\/wp-json\/wp\/v2\/product"}],"about":[{"href":"https:\/\/hi-techwonder.com\/es\/wp-json\/wp\/v2\/types\/product"}],"replies":[{"embeddable":true,"href":"https:\/\/hi-techwonder.com\/es\/wp-json\/wp\/v2\/comments?post=82147"}],"wp:featuredmedia":[{"embeddable":true,"href":"https:\/\/hi-techwonder.com\/es\/wp-json\/wp\/v2\/media\/76441"}],"wp:attachment":[{"href":"https:\/\/hi-techwonder.com\/es\/wp-json\/wp\/v2\/media?parent=82147"}],"wp:term":[{"taxonomy":"product_brand","embeddable":true,"href":"https:\/\/hi-techwonder.com\/es\/wp-json\/wp\/v2\/product_brand?post=82147"},{"taxonomy":"product_cat","embeddable":true,"href":"https:\/\/hi-techwonder.com\/es\/wp-json\/wp\/v2\/product_cat?post=82147"},{"taxonomy":"product_tag","embeddable":true,"href":"https:\/\/hi-techwonder.com\/es\/wp-json\/wp\/v2\/product_tag?post=82147"}],"curies":[{"name":"wp","href":"https:\/\/api.w.org\/{rel}","templated":true}]}}