{"id":82156,"date":"2025-07-29T10:13:26","date_gmt":"2025-07-29T10:13:26","guid":{"rendered":"https:\/\/hi-techwonder.com\/product\/godox-wt60d-tubo-de-buceo-led-luz-diurna-60cm-5600k\/"},"modified":"2025-07-29T10:13:26","modified_gmt":"2025-07-29T10:13:26","slug":"godox-wt60d-tubo-de-buceo-led-luz-diurna-60cm-5600k","status":"publish","type":"product","link":"https:\/\/hi-techwonder.com\/es\/producto\/godox-wt60d-tubo-de-buceo-led-luz-diurna-60cm-5600k\/","title":{"rendered":"GODOX WT60D Tubo de buceo LED Luz diurna 60cm (5600K)"},"content":{"rendered":"<div class=\"flex max-w-full flex-col flex-grow\">\n<div data-message-author-role=\"assistant\" data-message-id=\"055a7d2f-d0de-4b4d-ada4-aa7e34ace427\" dir=\"auto\" class=\"min-h-8 text-message flex w-full flex-col items-end gap-2 whitespace-normal break-words [.text-message+&amp;]:mt-5\">\n<div class=\"flex w-full flex-col gap-1 empty:hidden first:pt-[3px]\">\n<div class=\"markdown prose w-full break-words dark:prose-invert light\">\n<p><strong>Godox <\/strong><b>WT60D Tubo de buceo LED Luz diurna 60cm (5600K)<\/b><\/p>\n<p><strong><br \/><\/strong><\/p>\n<p><strong>Funciones<\/strong><\/p>\n<ul>\n<li>Grado de profundidad: 40 metros, IP68<\/li>\n<li>Temperatura de color: 5600K \u00b1 300K<\/li>\n<li>Botones fluorescentes para control bajo el agua<\/li>\n<li>CRI 96 | TLCI 96<\/li>\n<li>Control a trav\u00e9s de la aplicaci\u00f3n para su uso fuera del agua<\/li>\n<li>13 efectos de iluminaci\u00f3n preestablecidos<\/li>\n<li>Autonom\u00eda hasta 2 horas (poca agua)<\/li>\n<li>Dos entradas roscadas de 1\/4&#8243;-20 para montaje<\/li>\n<li>Admite adaptador y abrazadera opcionales<\/li>\n<li>Incluye adaptador de corriente, cable y estuche de transporte<\/li>\n<\/ul>\n<p><strong>Contenido del paquete<\/strong><\/p>\n<ul>\n<li>1x Cuerpo de luz Godox WT60D<\/li>\n<li>1x cuerda port\u00e1til<\/li>\n<li>1x Portapelotas de 1\/4&#8243; a 1&#8243;<\/li>\n<li>1x Adaptador<\/li>\n<li>1x cable de carga<\/li>\n<li>1x bolsa de transporte<\/li>\n<\/ul>\n<p><\/p>\n<p><\/p>\n<p><strong><br \/><\/strong><\/p>\n<p><strong>Descripci\u00f3n<\/strong><\/p>\n<p><iframe loading=\"lazy\" frameborder=\"0\" src=\"https:\/\/www.youtube.com\/embed\/PIQBRtNqXTQ\" width=\"640\" height=\"360\" class=\"note-video-clip\" referrerpolicy=\"strict-origin-when-cross-origin\"><\/iframe><strong><br \/><\/strong><br \/>La luz LED Godox WT60D es ideal para iluminar producciones fotogr\u00e1ficas y de v\u00eddeo submarinas, proporcionando una iluminaci\u00f3n estable y f\u00e1cil de manejar. Este modelo de luz en forma de tubo tiene una profundidad m\u00e1xima de 40 metros y ofrece una iluminaci\u00f3n constante desde m\u00faltiples \u00e1ngulos. Sumergida, la luz ajusta autom\u00e1ticamente la potencia para garantizar hasta 1940 lux a 1 metro, con una reproducci\u00f3n precisa del color gracias a CRI y TLCI de 96. Con los botones fluorescentes, es f\u00e1cil operar la luz en entornos con poca luz. El modelo incluye 13 efectos preestablecidos para crear escenas creativas y tiene hasta 2 horas de autonom\u00eda bajo el agua. Con la aplicaci\u00f3n Godox Light, puede ajustar r\u00e1pidamente el brillo, la temperatura del color y los efectos cuando se usa fuera del agua.     <\/p>\n<p>&nbsp; &nbsp; &nbsp;<\/p>\n<p><strong>Especificaciones t\u00e9cnicas<\/strong><\/p>\n<ul>\n<li>Potencia bajo el agua: M\u00e1x. 24W <\/li>\n<li>Potencia sin agua: M\u00e1x. 10W <\/li>\n<li>Puerto de carga: entrada de CC<\/li>\n<li>Temperatura de color: 5600K \u00b1 300K<\/li>\n<li>CRI: =96<\/li>\n<li>TLCI: =96<\/li>\n<li>Ajuste de brillo: 0% -100%<\/li>\n<li>Clasificaci\u00f3n de impermeabilidad: IP68 (hasta 40 metros)<\/li>\n<li>Tiempo de carga: 2h 40min<\/li>\n<li>Duraci\u00f3n de la bater\u00eda (100% de brillo): 2 h (agua baja), 6 h (sin agua)<\/li>\n<li>Control: aplicaci\u00f3n Bluetooth (solo fuera del agua)<\/li>\n<li>Distancia de control Bluetooth: \u030325m<\/li>\n<li>Dimensiones: 57 mm x 52 mm x 640 mm<\/li>\n<li>Peso neto: 1,9 kg<\/li>\n<\/ul>\n<p><strong>Embalaje<\/strong><\/p>\n<ul>\n<li>Peso del paquete: 2,3 kg<\/li>\n<li>Dimensiones del paquete: 70 cm x 15 cm x 15 cm<\/li>\n<\/ul>\n<p><strong>Informaci\u00f3n adicional<\/strong><\/p>\n<ul>\n<li>Nota: Im\u00e1genes ilustrativas. Equipo ilustrativo no incluido. Consulte el contenido y las especificaciones del paquete para obtener m\u00e1s detalles.  <\/li>\n<\/ul>\n<\/div>\n<\/div>\n<\/div>\n<\/div>\n<div class=\"mb-2 flex gap-3 empty:hidden -ml-2\">\n<div class=\"items-center justify-start rounded-xl p-1 flex\">\n<div class=\"flex items-center\"><button type=\"button\" id=\"radix-:r7e:\" aria-haspopup=\"menu\" aria-expanded=\"false\" data-state=\"closed\" class=\"cursor-pointer h-[30px] rounded-md px-1 text-token-text-secondary hover:bg-token-main-surface-secondary\"><\/p>\n<div class=\"flex items-center pb-0\"><\/div>\n<p><\/button><\/div>\n<\/div>\n<\/div>\n","protected":false},"excerpt":{"rendered":"<p>Godox WT60D Tubo de buceo LED Luz diurna 60cm (5600K) Funciones Grado de profundidad: 40 metros, IP68 Temperatura de color:<\/p>\n","protected":false},"featured_media":60325,"comment_status":"closed","ping_status":"open","template":"","meta":{"_acf_changed":false},"product_brand":[2555],"product_cat":[999],"product_tag":[],"class_list":{"0":"post-82156","1":"product","2":"type-product","3":"status-publish","4":"has-post-thumbnail","6":"product_brand-godox-es","7":"product_cat-tubulares-es","9":"first","10":"onbackorder","11":"taxable","12":"shipping-taxable","13":"purchasable","14":"product-type-simple"},"bundled_by":[],"bundle_stock_status":"onbackorder","bundle_stock_quantity":null,"bundle_virtual":false,"bundle_layout":"","bundle_add_to_cart_form_location":"","bundle_editable_in_cart":false,"bundle_sold_individually_context":"","bundle_item_grouping":"","bundle_min_size":"","bundle_max_size":"","bundle_price":[],"bundled_items":[],"bundle_sell_ids":[],"acf":[],"_links":{"self":[{"href":"https:\/\/hi-techwonder.com\/es\/wp-json\/wp\/v2\/product\/82156","targetHints":{"allow":["GET"]}}],"collection":[{"href":"https:\/\/hi-techwonder.com\/es\/wp-json\/wp\/v2\/product"}],"about":[{"href":"https:\/\/hi-techwonder.com\/es\/wp-json\/wp\/v2\/types\/product"}],"replies":[{"embeddable":true,"href":"https:\/\/hi-techwonder.com\/es\/wp-json\/wp\/v2\/comments?post=82156"}],"wp:featuredmedia":[{"embeddable":true,"href":"https:\/\/hi-techwonder.com\/es\/wp-json\/wp\/v2\/media\/60325"}],"wp:attachment":[{"href":"https:\/\/hi-techwonder.com\/es\/wp-json\/wp\/v2\/media?parent=82156"}],"wp:term":[{"taxonomy":"product_brand","embeddable":true,"href":"https:\/\/hi-techwonder.com\/es\/wp-json\/wp\/v2\/product_brand?post=82156"},{"taxonomy":"product_cat","embeddable":true,"href":"https:\/\/hi-techwonder.com\/es\/wp-json\/wp\/v2\/product_cat?post=82156"},{"taxonomy":"product_tag","embeddable":true,"href":"https:\/\/hi-techwonder.com\/es\/wp-json\/wp\/v2\/product_tag?post=82156"}],"curies":[{"name":"wp","href":"https:\/\/api.w.org\/{rel}","templated":true}]}}