{"id":82158,"date":"2025-07-29T10:13:34","date_gmt":"2025-07-29T10:13:34","guid":{"rendered":"https:\/\/hi-techwonder.com\/product\/puluz-pu4138-iluminador-rgb-tubo-led-17cm-6w\/"},"modified":"2026-03-02T17:47:41","modified_gmt":"2026-03-02T17:47:41","slug":"puluz-pu4138-iluminador-rgb-tubo-led-17cm-6w","status":"publish","type":"product","link":"https:\/\/hi-techwonder.com\/es\/producto\/puluz-pu4138-iluminador-rgb-tubo-led-17cm-6w\/","title":{"rendered":"PULUZ PU4138 Iluminador RGB Tubo LED 17cm 6W"},"content":{"rendered":"<p><b>PULUZ PU4138 Iluminador RGB Tubo LED 17cm 6W<\/b><\/p>\n<p><b><br \/><\/b><\/p>\n<p><b>Funciones<\/b><\/p>\n<ul>\n<li>Triple Accesorio, Magn\u00e9tico &#8211; Imanes + Dos roscas de 1\/4 de pulgada<\/li>\n<li>N\u00famero de LEDs 75, incluyendo 15x RGB, 30x amarillo, 30x blanco<\/li>\n<li>Temperatura de color 2500-9000K<\/li>\n<li>\u00c1ngulo de incidencia de la luz 120\u00b0<\/li>\n<li>Potencia de salida 6 W<\/li>\n<li>Luminosidad (0,3 m) 600 lux<\/li>\n<li>Bater\u00eda recargable incorporada 2000 mAh 3.7 V \/ 7.4 Wh<\/li>\n<li>Tiempo de carga Aproximadamente 2-2,5 h<\/li>\n<li>Tiempo de funcionamiento con el brillo m\u00e1ximo Aproximadamente 3 h<\/li>\n<li>Tiempo de funcionamiento con brillo m\u00ednimo Aproximadamente 12 h<\/li>\n<li>Dimensiones 17 x 3,8 cm<\/li>\n<\/ul>\n<p><\/p>\n<p><\/p>\n<p><b>Contenido del paquete<\/b><\/p>\n<ul>\n<li>1 x Iluminador de tubo LED RGB 17 cm 6 W &#8211; PULUZ PU4138<\/li>\n<li>1 x cable de carga USB-C<\/li>\n<\/ul>\n<p>&nbsp; &nbsp; &nbsp; &nbsp; &nbsp;<\/p>\n<p><\/p>\n<p><b>PULUZ PU4138 Tubo LED RGB 17 cm 6 W. Descripci\u00f3n<\/b><\/p>\n<ul>\n<li>Crea fotos y v\u00eddeos a\u00fan mejores con los LED de color PULUZ.<\/li>\n<li>Este dispositivo port\u00e1til ofrece un brillo ajustable de hasta 600 lux y una temperatura de color de 2500K a 9000K, y tiene un amplio \u00e1ngulo de incidencia de 120\u00b0 y un alto \u00edndice de reproducci\u00f3n crom\u00e1tica (CRI = 95). Tambi\u00e9n tienes muchos efectos de iluminaci\u00f3n a tu disposici\u00f3n.   <\/li>\n<li>Adem\u00e1s, gracias a la bater\u00eda incorporada de 2000 mAh, el producto proporciona hasta 12 horas de funcionamiento con una sola carga.<\/li>\n<\/ul>\n<p><\/p>\n<p><\/p>\n<p><\/p>\n<p><b>Dise\u00f1o compacto y port\u00e1til  <\/b><\/p>\n<ul>\n<li>Este LED de color PULUZ es liviano y f\u00e1cil de transportar, lo que lo hace perfecto para uso en estudios y exteriores.<\/li>\n<li>Su dise\u00f1o ergon\u00f3mico garantiza la comodidad incluso en un uso prolongado, y su tama\u00f1o compacto facilita su almacenamiento y transporte.<\/li>\n<\/ul>\n<p><\/p>\n<p><b>Modos de iluminaci\u00f3n avanzados  <\/b><\/p>\n<ul>\n<li>Este tubo LED ofrece hasta 21 efectos de iluminaci\u00f3n que se pueden personalizar para diferentes escenarios.<\/li>\n<li>Las opciones disponibles incluyen Flash, Vela, Coche de Polic\u00eda o Fuegos Artificiales, entre otros.  <\/li>\n<li>Tambi\u00e9n puedes ajustar el brillo de la luz (de 0% a 100%), su color (de 0\u00b0 a 360\u00b0) y la temperatura de color (de 2500K a 9000K), d\u00e1ndote posibilidades creativas casi infinitas.<\/li>\n<\/ul>\n<p><\/p>\n<p><\/p>\n<p><\/p>\n<p><b>Bater\u00eda de alta capacidad incorporada  <\/b><\/p>\n<ul>\n<li>El PU4138 LED tiene una bater\u00eda recargable incorporada de 2000 mAh, que proporciona hasta 3 horas de funcionamiento con el brillo m\u00e1ximo y hasta 12 horas con el brillo m\u00ednimo.<\/li>\n<li>Puede cargarlo con el cable USB-C incluido, solo tomar\u00e1 entre 2 y 2,5 horas. Adem\u00e1s, tienes la opci\u00f3n de usar tu dispositivo mientras se carga, por lo que estar\u00e1s preparado para cualquier circunstancia. <\/li>\n<\/ul>\n<p><\/p>\n<p><b>Imanes y soportes vers\u00e1tiles  <\/b><\/p>\n<ul>\n<li>Gracias a su fijaci\u00f3n magn\u00e9tica, la luz PULUZ se puede fijar f\u00e1cilmente a superficies met\u00e1licas, lo que la hace extremadamente c\u00f3moda de usar. Adem\u00e1s, hay orificios universales para tornillos de 1\/4 de pulgada en ambos extremos del dispositivo, lo que permite montarlo en tr\u00edpodes, soportes, extensores para selfies y otros accesorios fotogr\u00e1ficos. <\/li>\n<\/ul>\n<p><\/p>\n<p><b>Uso multifuncional<\/b><\/p>\n<ul>\n<li>Este tubo de mano compacto y liviano es una opci\u00f3n ideal para selfies, vlogs, tomas de bodegones, retratos, sesiones al aire libre, YouTube, etc. Tambi\u00e9n funciona bien durante un evento, te ayudar\u00e1 a crear un ambiente fant\u00e1stico. Su versatilidad lo convierte en una herramienta muy \u00fatil en el arsenal de cualquier fot\u00f3grafo y cineasta.  <\/li>\n<\/ul>\n<p><\/p>\n<p><\/p>\n<p><b>Caracter\u00edsticas t\u00e9cnicas<\/b><\/p>\n<table style=\"margin: 0px; padding: 0px; color: rgb(85, 95, 105); font-family: \"Source Sans Pro\", sans-serif; background-color: rgb(255, 255, 255);\">\n<tbody style=\"margin: 0px; padding: 0px;\">\n<tr style=\"margin: 0px; padding: 0px;\">\n<th style=\"margin: 0px; padding: 10px 35px; vertical-align: top;\">Fabricante:<\/th>\n<td style=\"margin: 0px; padding: 10px 35px; vertical-align: top;\">Puluz<\/td>\n<\/tr>\n<tr style=\"margin: 0px; padding: 0px; border: 1px solid rgb(224, 231, 238); border-radius: 10px;\">\n<th style=\"margin: 0px; padding: 10px 35px; vertical-align: top;\">Modelo<\/th>\n<td style=\"margin: 0px; padding: 10px 35px; vertical-align: top;\">PU4138<\/td>\n<\/tr>\n<tr style=\"margin: 0px; padding: 0px;\">\n<th style=\"margin: 0px; padding: 10px 35px; vertical-align: top;\">N\u00famero de LEDs<\/th>\n<td style=\"margin: 0px; padding: 10px 35px; vertical-align: top;\">75, incluyendo 15x RGB, 30x amarillo, 30x blanco<\/td>\n<\/tr>\n<tr style=\"margin: 0px; padding: 0px; border: 1px solid rgb(224, 231, 238); border-radius: 10px;\">\n<th style=\"margin: 0px; padding: 10px 35px; vertical-align: top;\">Temperatura de color<\/th>\n<td style=\"margin: 0px; padding: 10px 35px; vertical-align: top;\">2500-9000K<\/td>\n<\/tr>\n<tr style=\"margin: 0px; padding: 0px;\">\n<th style=\"margin: 0px; padding: 10px 35px; vertical-align: top;\">IRC<\/th>\n<td style=\"margin: 0px; padding: 10px 35px; vertical-align: top;\">= 95<\/td>\n<\/tr>\n<tr style=\"margin: 0px; padding: 0px; border: 1px solid rgb(224, 231, 238); border-radius: 10px;\">\n<th style=\"margin: 0px; padding: 10px 35px; vertical-align: top;\">\u00c1ngulo de incidencia de la luz<\/th>\n<td style=\"margin: 0px; padding: 10px 35px; vertical-align: top;\">120\u00b0<\/td>\n<\/tr>\n<tr style=\"margin: 0px; padding: 0px;\">\n<th style=\"margin: 0px; padding: 10px 35px; vertical-align: top;\">Potencia de salida<\/th>\n<td style=\"margin: 0px; padding: 10px 35px; vertical-align: top;\">6 W<\/td>\n<\/tr>\n<tr style=\"margin: 0px; padding: 0px; border: 1px solid rgb(224, 231, 238); border-radius: 10px;\">\n<th style=\"margin: 0px; padding: 10px 35px; vertical-align: top;\">Luminosidad (0,3 m)<\/th>\n<td style=\"margin: 0px; padding: 10px 35px; vertical-align: top;\">600 lux<\/td>\n<\/tr>\n<tr style=\"margin: 0px; padding: 0px;\">\n<th style=\"margin: 0px; padding: 10px 35px; vertical-align: top;\">Bater\u00eda recargable incorporada<\/th>\n<td style=\"margin: 0px; padding: 10px 35px; vertical-align: top;\">2000 mAh 3.7 V \/ 7.4 Wh<\/td>\n<\/tr>\n<tr style=\"margin: 0px; padding: 0px; border: 1px solid rgb(224, 231, 238); border-radius: 10px;\">\n<th style=\"margin: 0px; padding: 10px 35px; vertical-align: top;\">Tensi\u00f3n de funcionamiento<\/th>\n<td style=\"margin: 0px; padding: 10px 35px; vertical-align: top;\">3,7 V<\/td>\n<\/tr>\n<tr style=\"margin: 0px; padding: 0px;\">\n<th style=\"margin: 0px; padding: 10px 35px; vertical-align: top;\">Tensi\u00f3n de carga<\/th>\n<td style=\"margin: 0px; padding: 10px 35px; vertical-align: top;\">5 V 1 A<\/td>\n<\/tr>\n<tr style=\"margin: 0px; padding: 0px; border: 1px solid rgb(224, 231, 238); border-radius: 10px;\">\n<th style=\"margin: 0px; padding: 10px 35px; vertical-align: top;\">Tiempo de carga<\/th>\n<td style=\"margin: 0px; padding: 10px 35px; vertical-align: top;\">Aproximadamente 2-2,5 h<\/td>\n<\/tr>\n<tr style=\"margin: 0px; padding: 0px;\">\n<th style=\"margin: 0px; padding: 10px 35px; vertical-align: top;\">Tiempo de funcionamiento con el brillo m\u00e1ximo<\/th>\n<td style=\"margin: 0px; padding: 10px 35px; vertical-align: top;\">Aproximadamente 3 h<\/td>\n<\/tr>\n<tr style=\"margin: 0px; padding: 0px; border: 1px solid rgb(224, 231, 238); border-radius: 10px;\">\n<th style=\"margin: 0px; padding: 10px 35px; vertical-align: top;\">Tiempo de funcionamiento con brillo m\u00ednimo<\/th>\n<td style=\"margin: 0px; padding: 10px 35px; vertical-align: top;\">Aproximadamente 12 h<\/td>\n<\/tr>\n<tr style=\"margin: 0px; padding: 0px;\">\n<th style=\"margin: 0px; padding: 10px 35px; vertical-align: top;\">Dimensiones<\/th>\n<td style=\"margin: 0px; padding: 10px 35px; vertical-align: top;\">17 x 3,8 cm<\/td>\n<\/tr>\n<\/tbody>\n<\/table>\n","protected":false},"excerpt":{"rendered":"<p>PULUZ PU4138 Iluminador RGB Tubo LED 17cm 6W Funciones Triple Accesorio, Magn\u00e9tico &#8211; Imanes + Dos roscas de 1\/4 de<\/p>\n","protected":false},"featured_media":60398,"comment_status":"closed","ping_status":"open","template":"","meta":{"_acf_changed":false},"product_brand":[2582],"product_cat":[999],"product_tag":[],"class_list":{"0":"post-82158","1":"product","2":"type-product","3":"status-publish","4":"has-post-thumbnail","6":"product_brand-puluz-es","7":"product_cat-tubulares-es","9":"first","10":"instock","11":"taxable","12":"shipping-taxable","13":"purchasable","14":"product-type-simple"},"bundled_by":[],"bundle_stock_status":"instock","bundle_stock_quantity":3,"bundle_virtual":false,"bundle_layout":"","bundle_add_to_cart_form_location":"","bundle_editable_in_cart":false,"bundle_sold_individually_context":"","bundle_item_grouping":"","bundle_min_size":"","bundle_max_size":"","bundle_price":[],"bundled_items":[],"bundle_sell_ids":[],"acf":[],"_links":{"self":[{"href":"https:\/\/hi-techwonder.com\/es\/wp-json\/wp\/v2\/product\/82158","targetHints":{"allow":["GET"]}}],"collection":[{"href":"https:\/\/hi-techwonder.com\/es\/wp-json\/wp\/v2\/product"}],"about":[{"href":"https:\/\/hi-techwonder.com\/es\/wp-json\/wp\/v2\/types\/product"}],"replies":[{"embeddable":true,"href":"https:\/\/hi-techwonder.com\/es\/wp-json\/wp\/v2\/comments?post=82158"}],"wp:featuredmedia":[{"embeddable":true,"href":"https:\/\/hi-techwonder.com\/es\/wp-json\/wp\/v2\/media\/60398"}],"wp:attachment":[{"href":"https:\/\/hi-techwonder.com\/es\/wp-json\/wp\/v2\/media?parent=82158"}],"wp:term":[{"taxonomy":"product_brand","embeddable":true,"href":"https:\/\/hi-techwonder.com\/es\/wp-json\/wp\/v2\/product_brand?post=82158"},{"taxonomy":"product_cat","embeddable":true,"href":"https:\/\/hi-techwonder.com\/es\/wp-json\/wp\/v2\/product_cat?post=82158"},{"taxonomy":"product_tag","embeddable":true,"href":"https:\/\/hi-techwonder.com\/es\/wp-json\/wp\/v2\/product_tag?post=82158"}],"curies":[{"name":"wp","href":"https:\/\/api.w.org\/{rel}","templated":true}]}}