{"id":82160,"date":"2025-07-29T10:13:34","date_gmt":"2025-07-29T10:13:34","guid":{"rendered":"https:\/\/hi-techwonder.com\/product\/godox-wt60r-rgb-tubo-led-de-buceo-60cm\/"},"modified":"2025-07-29T10:13:34","modified_gmt":"2025-07-29T10:13:34","slug":"godox-wt60r-rgb-tubo-led-de-buceo-60cm","status":"publish","type":"product","link":"https:\/\/hi-techwonder.com\/es\/producto\/godox-wt60r-rgb-tubo-led-de-buceo-60cm\/","title":{"rendered":"GODOX WT60R RGB Tubo LED de buceo 60cm"},"content":{"rendered":"<div><b>GODOX WT60R RGB Tubo LED de buceo 60cm<\/b><\/div>\n<div><b><br \/><\/b><\/div>\n<div><b><br \/><\/b><\/div>\n<div><b>Funciones<\/b><\/div>\n<ul>\n<li>Rendimiento vers\u00e1til para fotograf\u00eda y video submarinos, con tubo de luz RGBWW de 60 cm (25&#8243;).<\/li>\n<li>Clasificaci\u00f3n de profundidad de 40 metros (131 pies).<\/li>\n<li>Capacidad de ajuste autom\u00e1tico de potencia al sumergirse (1800K a 10,000K).<\/li>\n<li>Control preciso con una puntuaci\u00f3n CRI\/TLCI de 96 para la precisi\u00f3n del color.<\/li>\n<li>37 efectos especiales preestablecidos, que incluyen ciclo RGB, rayos, incendios, polic\u00eda y SOS.<\/li>\n<li>Botones fluorescentes que permiten el funcionamiento en total oscuridad, lo que facilita su uso en entornos submarinos.<\/li>\n<li>Autonom\u00eda de hasta 2 horas al 100% de brillo bajo el agua y hasta 10 horas fuera del agua.<\/li>\n<li>Control a trav\u00e9s de la aplicaci\u00f3n Bluetooth hasta 25 metros (82 pies) de distancia fuera del agua.<\/li>\n<li>Modos de iluminaci\u00f3n: CCT, HSI, GEL, RGBWW y FX.<\/li>\n<\/ul>\n<div><\/div>\n<div><b>Contenido del paquete<\/b><\/div>\n<ul>\n<li>1 cuerpo ligero WT60R<\/li>\n<li>1 correa de transporte<\/li>\n<li>1 Portabolas de 1\/4&#8243; a 1&#8243;<\/li>\n<li>1 adaptador<\/li>\n<li>1 bolsa de transporte<\/li>\n<li>1 cable de carga<\/li>\n<\/ul>\n<p>&nbsp;<\/p>\n<div><\/div>\n<div><b>Descripci\u00f3n<\/b><\/div>\n<div><b><br \/><\/b><\/div>\n<div><iframe loading=\"lazy\" frameborder=\"0\" src=\"https:\/\/www.youtube.com\/embed\/PIQBRtNqXTQ\" width=\"640\" height=\"360\" class=\"note-video-clip\" referrerpolicy=\"strict-origin-when-cross-origin\"><\/iframe><b><br \/><\/b><\/div>\n<div><b><br \/><\/b><\/div>\n<ul>\n<li>La luz de tubo de buceo Godox WT60R RGB ha sido desarrollada para iluminar producciones fotogr\u00e1ficas y de video submarinas con facilidad y precisi\u00f3n. Con una construcci\u00f3n robusta e impermeable (IP68), este tubo de 60 cm (25&#8243;) ofrece una iluminaci\u00f3n constante bajo el agua, alcanzando profundidades de hasta 40 metros. Adem\u00e1s de miles de opciones de color, el WT60R le permite crear una atm\u00f3sfera \u00fanica con sus 37 efectos de luz preestablecidos. El dise\u00f1o intuitivo con botones fluorescentes facilita su manejo, incluso en completa oscuridad, y su autonom\u00eda garantiza una iluminaci\u00f3n continua de hasta 2 horas en las inmersiones. La luz tambi\u00e9n se puede utilizar fuera del agua, con control a trav\u00e9s de Bluetooth, ofreciendo una amplia gama de modos de iluminaci\u00f3n para diversas aplicaciones creativas.    <\/li>\n<\/ul>\n<p><\/p>\n<p><\/p>\n<p><\/p>\n<div><b>Especificaciones t\u00e9cnicas<\/b><\/div>\n<ul>\n<li>Modelo: WT60R<\/li>\n<li>Temperatura de color: 1800K a 10,000K<\/li>\n<li>Profundidad m\u00e1xima: 40 metros \/ 131 pies<\/li>\n<li>Modos de iluminaci\u00f3n: CCT, HSI, GEL, RGBWW, FX<\/li>\n<li>Efectos especiales: 37 preajustes (por ejemplo, ciclo RGB, iluminaci\u00f3n, TV, fuego, SOS)<\/li>\n<li>Ajuste de brillo: 0 a 100%<\/li>\n<li>Potencia m\u00e1xima bajo el agua: 77W<\/li>\n<li>Potencia m\u00e1xima fuera del agua: 14W<\/li>\n<li>Duraci\u00f3n de la bater\u00eda: 2 horas (100% de brillo bajo el agua) \/ 10 horas (100% de brillo fuera del agua)<\/li>\n<li>M\u00e9todo de control: Botones fluorescentes y aplicaci\u00f3n Bluetooth (hasta 25 metros fuera del agua)<\/li>\n<li>Resistencia ambiental: IP68 (resistente al agua y al polvo)<\/li>\n<li>Tiempo de carga: 2 horas a trav\u00e9s del puerto de entrada de CC<\/li>\n<li>Dimensiones: 640 mm x 57 mm x 53 mm<\/li>\n<li>Peso: 1,9 kg<\/li>\n<\/ul>\n<div><\/div>\n<ul><b>Embalaje<\/b><\/p>\n<li>Peso del paquete: 3,67 kg<\/li>\n<li>Dimensiones del paquete: 69,8 x 15,2 x 10,4 cm<\/li>\n<\/ul>\n<div><\/div>\n<p><b>Informaci\u00f3n adicional<\/b><\/p>\n<ul>\n<li>Nota: Im\u00e1genes ilustrativas. Equipo adicional no incluido. Consulte el contenido del paquete para obtener m\u00e1s detalles.  <\/li>\n<\/ul>\n<div><\/div>\n","protected":false},"excerpt":{"rendered":"<p>GODOX WT60R RGB Tubo LED de buceo 60cm Funciones Rendimiento vers\u00e1til para fotograf\u00eda y video submarinos, con tubo de luz<\/p>\n","protected":false},"featured_media":60356,"comment_status":"closed","ping_status":"open","template":"","meta":{"_acf_changed":false},"product_brand":[2555],"product_cat":[999],"product_tag":[],"class_list":{"0":"post-82160","1":"product","2":"type-product","3":"status-publish","4":"has-post-thumbnail","6":"product_brand-godox-es","7":"product_cat-tubulares-es","9":"first","10":"onbackorder","11":"taxable","12":"shipping-taxable","13":"purchasable","14":"product-type-simple"},"bundled_by":[],"bundle_stock_status":"onbackorder","bundle_stock_quantity":null,"bundle_virtual":false,"bundle_layout":"","bundle_add_to_cart_form_location":"","bundle_editable_in_cart":false,"bundle_sold_individually_context":"","bundle_item_grouping":"","bundle_min_size":"","bundle_max_size":"","bundle_price":[],"bundled_items":[],"bundle_sell_ids":[],"acf":[],"_links":{"self":[{"href":"https:\/\/hi-techwonder.com\/es\/wp-json\/wp\/v2\/product\/82160","targetHints":{"allow":["GET"]}}],"collection":[{"href":"https:\/\/hi-techwonder.com\/es\/wp-json\/wp\/v2\/product"}],"about":[{"href":"https:\/\/hi-techwonder.com\/es\/wp-json\/wp\/v2\/types\/product"}],"replies":[{"embeddable":true,"href":"https:\/\/hi-techwonder.com\/es\/wp-json\/wp\/v2\/comments?post=82160"}],"wp:featuredmedia":[{"embeddable":true,"href":"https:\/\/hi-techwonder.com\/es\/wp-json\/wp\/v2\/media\/60356"}],"wp:attachment":[{"href":"https:\/\/hi-techwonder.com\/es\/wp-json\/wp\/v2\/media?parent=82160"}],"wp:term":[{"taxonomy":"product_brand","embeddable":true,"href":"https:\/\/hi-techwonder.com\/es\/wp-json\/wp\/v2\/product_brand?post=82160"},{"taxonomy":"product_cat","embeddable":true,"href":"https:\/\/hi-techwonder.com\/es\/wp-json\/wp\/v2\/product_cat?post=82160"},{"taxonomy":"product_tag","embeddable":true,"href":"https:\/\/hi-techwonder.com\/es\/wp-json\/wp\/v2\/product_tag?post=82160"}],"curies":[{"name":"wp","href":"https:\/\/api.w.org\/{rel}","templated":true}]}}