{"id":82166,"date":"2025-07-29T10:20:48","date_gmt":"2025-07-29T10:20:48","guid":{"rendered":"https:\/\/hi-techwonder.com\/product\/domo-de-difusion-godox-ml-cd15-para-ml\/"},"modified":"2026-03-17T17:45:40","modified_gmt":"2026-03-17T17:45:40","slug":"godox-domo-de-difusion-godox-ml-cd15-para-ml","status":"publish","type":"product","link":"https:\/\/hi-techwonder.com\/es\/producto\/godox-domo-de-difusion-godox-ml-cd15-para-ml\/","title":{"rendered":"Domo de difusi\u00f3n GODOX ML-CD15 para ML"},"content":{"rendered":"<p><b>Domo de difusi\u00f3n GODOX ML-CD15 para LEDs y S<\/b><\/p>\n<p><strong>Funciones<\/strong><\/p>\n<ul>\n<li>Luminaria innovadora y universal para ML30, ML60 y ML100<\/li>\n<li>Con adaptadores: Godox V860III, V860II, V850III, TT685II, TT685, TT600, TT560II, TT520II, TT660S, AD200 y flashes de cabeza cuadrada de otras marcas.<\/li>\n<li>Ampl\u00eda el \u00e1ngulo de luz en 360\u00b0, proporcionando una iluminaci\u00f3n suave y homog\u00e9nea.<\/li>\n<li>Versatilidad en la conformaci\u00f3n de la luz con dise\u00f1o plegable: permite opciones de difusi\u00f3n de 360\u00b0 o 180\u00b0.<\/li>\n<li>Material ligero y flexible para facilitar el almacenamiento y el transporte.<\/li>\n<li>Incluye adaptadores para flashes de cabeza redonda y cuadrada y montura Godox.<\/li>\n<\/ul>\n<p><strong>Contenido del paquete<\/strong><\/p>\n<ul>\n<li>1 <b>domo de difusi\u00f3n ML-CD15<\/b><\/li>\n<li>1 adaptador de montaje Godox<\/li>\n<li>1 adaptador de cabeza redonda<\/li>\n<li>1 adaptador de cabeza cuadrada a redonda<\/li>\n<\/ul>\n<p><\/p>\n<p><\/p>\n<p><strong><br \/><\/strong><\/p>\n<p><strong>Descripci\u00f3n<\/strong><\/p>\n<p><strong><br \/><\/strong><\/p>\n<p style=\"text-align: center\"><\/p>\n<ul>\n<li>El domo de difusi\u00f3n Godox ML-CD15 est\u00e1 dise\u00f1ado para aumentar la flexibilidad y la creatividad en la iluminaci\u00f3n, ofreciendo una dispersi\u00f3n uniforme de la luz suave para una apariencia natural y dimensional. Ideal para espacios peque\u00f1os, crea una agradable suavidad que es esencial en retratos y videograf\u00eda. Compatible con una variedad de l\u00e1mparas LED Godox, la c\u00fapula presenta un dise\u00f1o plegable que se ajusta a los requisitos de luz, proporcionando efectos de iluminaci\u00f3n variables y adapt\u00e1ndose f\u00e1cilmente al entorno de trabajo.  <\/li>\n<\/ul>\n<p><\/p>\n<p><b>Adaptadores de montaje<\/b><\/p>\n<p><b>ADEM\u00c1S DE USAR con los LED ML30 y ML30Bi<\/b><\/p>\n<ul>\n<li>Con adaptador de cabeza rectangular a cabeza redonda El adaptador de cabeza rectangular a cabeza redonda es aplicable a la mayor\u00eda de los flashes de cabeza cuadrada, como <b>Godox V860III, V860II, V850III, TT685II, TT685, TT600, TT560II, TT520II, TT660S, AD200 y flashes de cabeza cuadrada de otras marcas<\/b>.<\/li>\n<\/ul>\n<p><\/p>\n<p><\/p>\n<p><strong>Especificaciones t\u00e9cnicas<\/strong><\/p>\n<ul>\n<li>Tipo de difusi\u00f3n: Blanco<\/li>\n<li>\u00c1ngulo de iluminaci\u00f3n: 360\u00b0<\/li>\n<li>Formato: C\u00fapula<\/li>\n<li>Compatibilidad: ML30, ML30Bi, ML60, LC30BI, LC30D y otros LED Godox<\/li>\n<li>Con adaptador de cabeza rectangular a cabeza redonda El adaptador de cabeza rectangular a cabeza redonda es aplicable a la mayor\u00eda de los flashes de cabeza cuadrada, como Godox V860III, V860II, V850III, TT685II, TT685, TT600, TT560II, TT520II, TT660S, AD200 y flashes de cabeza cuadrada de otras marcas.<\/li>\n<li>Dimensiones: No especificado por el fabricante<\/li>\n<\/ul>\n<p><strong>Embalaje<\/strong><\/p>\n<ul>\n<li>Peso del paquete: 0,81 lb (aproximadamente 370 g)<\/li>\n<li>Dimensiones del paquete (largo x ancho x alto): 15 x 14,7 x 9,9 cm<\/li>\n<\/ul>\n<p><strong>Informaci\u00f3n adicional<\/strong><\/p>\n<ul>\n<li>Nota: Im\u00e1genes ilustrativas. Equipo ilustrativo no incluido. Consulte el contenido y las especificaciones del paquete para obtener m\u00e1s detalles.  <\/li>\n<\/ul>\n","protected":false},"excerpt":{"rendered":"<p>Domo de difusi\u00f3n GODOX ML-CD15 para LEDs y S Funciones Luminaria innovadora y universal para ML30, ML60 y ML100 Con<\/p>\n","protected":false},"featured_media":61974,"comment_status":"closed","ping_status":"open","template":"","meta":{"_acf_changed":false},"product_brand":[2555],"product_cat":[1005],"product_tag":[],"class_list":{"0":"post-82166","1":"product","2":"type-product","3":"status-publish","4":"has-post-thumbnail","6":"product_brand-godox-es","7":"product_cat-otros-otros-modificadores","9":"first","10":"instock","11":"taxable","12":"shipping-taxable","13":"purchasable","14":"product-type-simple"},"bundled_by":[],"bundle_stock_status":"instock","bundle_stock_quantity":2,"bundle_virtual":false,"bundle_layout":"","bundle_add_to_cart_form_location":"","bundle_editable_in_cart":false,"bundle_sold_individually_context":"","bundle_item_grouping":"","bundle_min_size":"","bundle_max_size":"","bundle_price":[],"bundled_items":[],"bundle_sell_ids":[],"acf":[],"_links":{"self":[{"href":"https:\/\/hi-techwonder.com\/es\/wp-json\/wp\/v2\/product\/82166","targetHints":{"allow":["GET"]}}],"collection":[{"href":"https:\/\/hi-techwonder.com\/es\/wp-json\/wp\/v2\/product"}],"about":[{"href":"https:\/\/hi-techwonder.com\/es\/wp-json\/wp\/v2\/types\/product"}],"replies":[{"embeddable":true,"href":"https:\/\/hi-techwonder.com\/es\/wp-json\/wp\/v2\/comments?post=82166"}],"wp:featuredmedia":[{"embeddable":true,"href":"https:\/\/hi-techwonder.com\/es\/wp-json\/wp\/v2\/media\/61974"}],"wp:attachment":[{"href":"https:\/\/hi-techwonder.com\/es\/wp-json\/wp\/v2\/media?parent=82166"}],"wp:term":[{"taxonomy":"product_brand","embeddable":true,"href":"https:\/\/hi-techwonder.com\/es\/wp-json\/wp\/v2\/product_brand?post=82166"},{"taxonomy":"product_cat","embeddable":true,"href":"https:\/\/hi-techwonder.com\/es\/wp-json\/wp\/v2\/product_cat?post=82166"},{"taxonomy":"product_tag","embeddable":true,"href":"https:\/\/hi-techwonder.com\/es\/wp-json\/wp\/v2\/product_tag?post=82166"}],"curies":[{"name":"wp","href":"https:\/\/api.w.org\/{rel}","templated":true}]}}