{"id":82167,"date":"2025-07-29T10:46:41","date_gmt":"2025-07-29T10:46:41","guid":{"rendered":"https:\/\/hi-techwonder.com\/product\/jaula-smallrig-4183-para-sony-fx30-fx3\/"},"modified":"2026-03-20T14:16:54","modified_gmt":"2026-03-20T14:16:54","slug":"smallrig-jaula-smallrig-4183-para-sony-fx30-fx3","status":"publish","type":"product","link":"https:\/\/hi-techwonder.com\/es\/producto\/smallrig-jaula-smallrig-4183-para-sony-fx30-fx3\/","title":{"rendered":"Jaula SMALLRIG 4183 para Sony FX30 \/ FX3"},"content":{"rendered":"<p><strong>Jaula SMALLRIG 4183 para Sony FX30 \/ FX3<\/strong><\/p>\n<p><strong>Funciones:<\/strong><\/p>\n<ul>\n<li>Jaula completa que protege la Sony FX30\/FX3<\/li>\n<li>Dise\u00f1o modular con riel NATO extra\u00edble; admite asa superior XLR original<\/li>\n<li>El brazo de bisagra en la tapa de la bater\u00eda se ajusta a la curva de la c\u00e1mara para una mejor experiencia de manejo<\/li>\n<li>La brida HDMI dedicada garantiza una transmisi\u00f3n de se\u00f1al estable<\/li>\n<li>Entradas de rosca de 1\/4&#8243;, orificios de localizaci\u00f3n ARRI de 3\/8&#8243;, soportes de zapata de flash para NATO Rail, puerto QD para mango, micr\u00f3fono, luz LED, monitor, empu\u00f1adura, etc.<\/li>\n<li>Arca-Swiss Quick Release Slap para tr\u00edpodes tipo Arca o cardanes DJI RS 2 \/ RSC 2 \/ RS 3 \/ RS 3 Pro<\/li>\n<\/ul>\n<p><strong>Contenido del paquete:<\/strong><\/p>\n<ul>\n<li>1 x Jaula para Sony FX30 \/ FX3<\/li>\n<li>1 x Carril de la OTAN<\/li>\n<li>1 x Brida HDMI<\/li>\n<li>2 x Tornillo de 1\/4&#8243;<\/li>\n<\/ul>\n<p>SmallRig Cage 4183 para Sony FX30 \/ FX3 est\u00e1 dise\u00f1ado para proteger la c\u00e1mara y proporcionar puntos de montaje de accesorios. La jaula modular consta de un riel NATO y una jaula en forma de U. El riel NATO se fija a la parte superior por medio de dos tornillos de 1\/4&#8243; y se retira para permitir la instalaci\u00f3n del mango superior XLR original; La jaula en forma de U se asegura mediante tornillos de 1\/4&#8243; en ambos lados y en la parte inferior para evitar torceduras, con una almohadilla para rasgu\u00f1os. En la puerta de la bater\u00eda, hay un brazo articulado que se ajusta a la curva de la c\u00e1mara para una mejor experiencia de manejo de los dedos me\u00f1iques. Una abrazadera de cable HDMI dedicada asegura las interfaces para garantizar una transmisi\u00f3n de se\u00f1al estable. Entre sus diversos soportes para accesorios, los orificios de 1\/4&#8243; soportan el Magic Arm 2070; Los orificios de ubicaci\u00f3n ARRI de 3\/8&#8243; conectan el mango superior 2165C o el soporte para monitor 2903B; el riel superior de la OTAN soporta el asa superior 3322 y el izquierdo, el asa lateral 2187B; orificios de ubicaci\u00f3n de 1\/4&#8243; en el cuarto superior izquierdo y el lado izquierdo, coloque la abrazadera de varilla 3598 para seguir el enfoque; Dos orificios de 1\/4&#8243; en el lado derecho permiten montarlos de forma segura en una placa de liberaci\u00f3n r\u00e1pida para disparos verticales; soporte de zapata fr\u00eda soporta micr\u00f3fono, luz LED; y el puerto QD en la parte inferior se ajusta al mango QD. Una placa de liberaci\u00f3n r\u00e1pida Arca-Swiss en la parte inferior puede conectar DJI RS 2 \/ RSC 2 \/ RS 3 \/ RS 3 Pro directamente o una placa de liberaci\u00f3n r\u00e1pida (almohadilla de aumento de altura) al card\u00e1n DJI RS 2 \/ RSC 2 y a la placa de liberaci\u00f3n r\u00e1pida Arca-Type 3154. Ambos lados y la parte inferior tienen orificios para la correa de mano 3848 y PSC2428 correa para el hombro. Tambi\u00e9n se incluye una llave magn\u00e9tica para facilitar el montaje y desmontaje.       <\/p>\n<p><strong>Compatibilidad:<\/strong><\/p>\n<ul>\n<li>Sony FX30<\/li>\n<li>Sony FX3<\/li>\n<\/ul>\n<p><strong>Caracter\u00edsticas t\u00e9cnicas:<\/strong><\/p>\n<ul>\n<li>Dimensiones del producto: 159 x 101,2 x 66,2 mm<\/li>\n<li>Dimensiones del paquete: 180 x 129,5 x 78 mm<\/li>\n<li>Peso del producto: 195\u00b15g<\/li>\n<li>Peso del paquete: 301\u00b15g<\/li>\n<li>Material: aleaci\u00f3n de aluminio, acero inoxidable<\/li>\n<\/ul>\n","protected":false},"excerpt":{"rendered":"<p>Jaula SMALLRIG 4183 para Sony FX30 \/ FX3 Funciones: Jaula completa que protege la Sony FX30\/FX3 Dise\u00f1o modular con riel<\/p>\n","protected":false},"featured_media":67370,"comment_status":"closed","ping_status":"open","template":"","meta":{"_acf_changed":false},"product_brand":[2550],"product_cat":[1105],"product_tag":[],"class_list":{"0":"post-82167","1":"product","2":"type-product","3":"status-publish","4":"has-post-thumbnail","6":"product_brand-smallrig-es","7":"product_cat-cages-cages-es","9":"first","10":"pre-order","11":"taxable","12":"shipping-taxable","13":"purchasable","14":"product-type-simple"},"bundled_by":[],"bundle_stock_status":"pre-order","bundle_stock_quantity":null,"bundle_virtual":false,"bundle_layout":"","bundle_add_to_cart_form_location":"","bundle_editable_in_cart":false,"bundle_sold_individually_context":"","bundle_item_grouping":"","bundle_min_size":"","bundle_max_size":"","bundle_price":[],"bundled_items":[],"bundle_sell_ids":[],"acf":[],"_links":{"self":[{"href":"https:\/\/hi-techwonder.com\/es\/wp-json\/wp\/v2\/product\/82167","targetHints":{"allow":["GET"]}}],"collection":[{"href":"https:\/\/hi-techwonder.com\/es\/wp-json\/wp\/v2\/product"}],"about":[{"href":"https:\/\/hi-techwonder.com\/es\/wp-json\/wp\/v2\/types\/product"}],"replies":[{"embeddable":true,"href":"https:\/\/hi-techwonder.com\/es\/wp-json\/wp\/v2\/comments?post=82167"}],"wp:featuredmedia":[{"embeddable":true,"href":"https:\/\/hi-techwonder.com\/es\/wp-json\/wp\/v2\/media\/67370"}],"wp:attachment":[{"href":"https:\/\/hi-techwonder.com\/es\/wp-json\/wp\/v2\/media?parent=82167"}],"wp:term":[{"taxonomy":"product_brand","embeddable":true,"href":"https:\/\/hi-techwonder.com\/es\/wp-json\/wp\/v2\/product_brand?post=82167"},{"taxonomy":"product_cat","embeddable":true,"href":"https:\/\/hi-techwonder.com\/es\/wp-json\/wp\/v2\/product_cat?post=82167"},{"taxonomy":"product_tag","embeddable":true,"href":"https:\/\/hi-techwonder.com\/es\/wp-json\/wp\/v2\/product_tag?post=82167"}],"curies":[{"name":"wp","href":"https:\/\/api.w.org\/{rel}","templated":true}]}}