{"id":82168,"date":"2025-07-29T10:36:07","date_gmt":"2025-07-29T10:36:07","guid":{"rendered":"https:\/\/hi-techwonder.com\/product\/kf-concept-kf09-125-tripode-traveler-2-en-1-con-control-bluetooth\/"},"modified":"2026-02-25T14:40:38","modified_gmt":"2026-02-25T14:40:38","slug":"kf-concept-kf09-125-tripode-traveler-2-en-1-con-control-bluetooth","status":"publish","type":"product","link":"https:\/\/hi-techwonder.com\/es\/producto\/kf-concept-kf09-125-tripode-traveler-2-en-1-con-control-bluetooth\/","title":{"rendered":"K&amp;F CONCEPT KF09.125 Tr\u00edpode Traveler 2 en 1 con control Bluetooth"},"content":{"rendered":"<p><b>K&amp;F CONCEPT KF09.125 Tr\u00edpode Travler 2 en 1 con control Bluetooth<\/b><\/p>\n<p><b><br \/><\/b><\/p>\n<p>KF09.125&nbsp;<\/p>\n<p><b><br \/><\/b><\/p>\n<h3><strong>Funciones<\/strong><\/h3>\n<ul>\n<li><strong>Dise\u00f1o 2 en 1:<\/strong> Le permite cambiar f\u00e1cilmente entre el uso del tel\u00e9fono inteligente y la c\u00e1mara con el vers\u00e1til dise\u00f1o de clip 2 en 1.<\/li>\n<li><strong>Portabilidad:<\/strong> Ligero y pr\u00e1ctico, pesa solo 0,61 kg, ideal para la fotograf\u00eda de viajes y exteriores.<\/li>\n<li><strong>Altura ajustable:<\/strong> Ajustable entre 42 cm (m\u00ednimo) y 151 cm (m\u00e1ximo), ajust\u00e1ndose a diferentes escenarios y necesidades de disparo.<\/li>\n<li><strong>Foto panor\u00e1mica de 360\u00b0:<\/strong> Cabezal panor\u00e1mico de 3 v\u00edas, que ofrece una rotaci\u00f3n horizontal suave de 360\u00b0 y una inclinaci\u00f3n ajustable (+100\u00b0\/-75\u00b0), perfecto para tomas panor\u00e1micas.<\/li>\n<li><strong>Compacto y f\u00e1cil de transportar:<\/strong> Con solo 42 cm de largo cuando est\u00e1 plegado, es conveniente para viajeros y fot\u00f3grafos en movimiento.<\/li>\n<li><strong>Material robusto:<\/strong> Fabricado en aleaci\u00f3n de aluminio, combina durabilidad y ligereza.<\/li>\n<\/ul>\n<hr>\n<h3><strong>Contenido del paquete<\/strong><\/h3>\n<ul>\n<li>1 Tr\u00edpode de viaje K&amp;F Concept<\/li>\n<li>1 adaptador para smartphone<\/li>\n<li>1 Control Bluetooth<\/li>\n<\/ul>\n<p><\/p>\n<hr>\n<h3><strong>Descripci\u00f3n<\/strong><\/h3>\n<ul>\n<li style=\"text-align: center;  \">El tr\u00edpode de viaje 2 en 1 K&amp;F Concept es la soluci\u00f3n perfecta para fot\u00f3grafos y creadores de contenido que necesitan un soporte vers\u00e1til y port\u00e1til. Con un dise\u00f1o ligero y compacto, este tr\u00edpode es adecuado para su uso con c\u00e1maras DSLR y tel\u00e9fonos inteligentes. El cabezal panor\u00e1mico permite ajustes precisos, lo que lo hace ideal para tomas panor\u00e1micas y videos creativos. Su construcci\u00f3n de aleaci\u00f3n de aluminio proporciona robustez sin sacrificar la portabilidad, mientras que el dise\u00f1o plegable garantiza la facilidad de transporte.   <\/li>\n<\/ul>\n<p style=\"text-align: center;\"><img decoding=\"async\" src=\"https:\/\/img.kentfaith.de\/cache\/catalog\/products\/de\/KF09.125\/KF09.125-2-1200x1200.jpg\" style=\"width: 1171px;\" alt=\"\"><\/p>\n<hr style=\"text-align: center;\">\n<h3><strong>Especificaciones t\u00e9cnicas<\/strong><\/h3>\n<ul>\n<li><strong>Modelo:<\/strong> 6942052513968<\/li>\n<li><strong>Altura m\u00e1xima:<\/strong> 151 cm<\/li>\n<li><strong>Altura m\u00e1xima sin columna central:<\/strong> 111 cm<\/li>\n<li><strong>Altura m\u00ednima:<\/strong> 42 cm<\/li>\n<li><strong>Capacidad de carga:<\/strong> 3 kg<\/li>\n<li><strong>Peso:<\/strong> 1,31 kg<\/li>\n<li><strong>Material:<\/strong> Aleaci\u00f3n de aluminio<\/li>\n<li><strong>Secciones de piernas:<\/strong> 4<\/li>\n<li><strong>Di\u00e1metro del tubo de la pierna:<\/strong> 11 a 17 mm<\/li>\n<li><strong>Cabeza panor\u00e1mica:<\/strong> Rotaci\u00f3n horizontal de 360\u00b0 e inclinaci\u00f3n de +100\u00b0\/-75\u00b0<\/li>\n<li><strong>Longitud plegada:<\/strong> 42 cm<\/li>\n<\/ul>\n<hr>\n<h3><strong>Embalaje<\/strong><\/h3>\n<ul>\n<li><strong>Peso del paquete:<\/strong> 1,5 kg<\/li>\n<li><strong>Dimensiones del paquete:<\/strong> 45 x 10 x 10 cm<\/li>\n<\/ul>\n<hr>\n<h3><strong>Informaci\u00f3n adicional<\/strong><\/h3>\n<ul>\n<li>Nota: Im\u00e1genes ilustrativas. Equipo ilustrativo no incluido. Consulte el contenido y las especificaciones del paquete para obtener m\u00e1s detalles.  <\/li>\n<\/ul>\n","protected":false},"excerpt":{"rendered":"<p>K&amp;F CONCEPT KF09.125 Tr\u00edpode Travler 2 en 1 con control Bluetooth KF09.125&nbsp; Funciones Dise\u00f1o 2 en 1: Le permite cambiar<\/p>\n","protected":false},"featured_media":65091,"comment_status":"closed","ping_status":"open","template":"","meta":{"_acf_changed":false},"product_brand":[2562],"product_cat":[1092],"product_tag":[],"class_list":{"0":"post-82168","1":"product","2":"type-product","3":"status-publish","4":"has-post-thumbnail","6":"product_brand-kf-concept-es","7":"product_cat-kits-foto-es","9":"first","10":"outofstock","11":"taxable","12":"shipping-taxable","13":"purchasable","14":"product-type-simple"},"bundled_by":[],"bundle_stock_status":"outofstock","bundle_stock_quantity":null,"bundle_virtual":false,"bundle_layout":"","bundle_add_to_cart_form_location":"","bundle_editable_in_cart":false,"bundle_sold_individually_context":"","bundle_item_grouping":"","bundle_min_size":"","bundle_max_size":"","bundle_price":[],"bundled_items":[],"bundle_sell_ids":[],"acf":[],"_links":{"self":[{"href":"https:\/\/hi-techwonder.com\/es\/wp-json\/wp\/v2\/product\/82168","targetHints":{"allow":["GET"]}}],"collection":[{"href":"https:\/\/hi-techwonder.com\/es\/wp-json\/wp\/v2\/product"}],"about":[{"href":"https:\/\/hi-techwonder.com\/es\/wp-json\/wp\/v2\/types\/product"}],"replies":[{"embeddable":true,"href":"https:\/\/hi-techwonder.com\/es\/wp-json\/wp\/v2\/comments?post=82168"}],"wp:featuredmedia":[{"embeddable":true,"href":"https:\/\/hi-techwonder.com\/es\/wp-json\/wp\/v2\/media\/65091"}],"wp:attachment":[{"href":"https:\/\/hi-techwonder.com\/es\/wp-json\/wp\/v2\/media?parent=82168"}],"wp:term":[{"taxonomy":"product_brand","embeddable":true,"href":"https:\/\/hi-techwonder.com\/es\/wp-json\/wp\/v2\/product_brand?post=82168"},{"taxonomy":"product_cat","embeddable":true,"href":"https:\/\/hi-techwonder.com\/es\/wp-json\/wp\/v2\/product_cat?post=82168"},{"taxonomy":"product_tag","embeddable":true,"href":"https:\/\/hi-techwonder.com\/es\/wp-json\/wp\/v2\/product_tag?post=82168"}],"curies":[{"name":"wp","href":"https:\/\/api.w.org\/{rel}","templated":true}]}}