{"id":82169,"date":"2025-07-29T10:47:22","date_gmt":"2025-07-29T10:47:22","guid":{"rendered":"https:\/\/hi-techwonder.com\/product\/smallrig-4824-jaula-hawklock-quick-para-panasonic-lumix-gh7-gh6\/"},"modified":"2026-03-09T13:02:52","modified_gmt":"2026-03-09T13:02:52","slug":"smallrig-4824-jaula-hawklock-quick-para-panasonic-lumix-gh7-gh6","status":"publish","type":"product","link":"https:\/\/hi-techwonder.com\/es\/producto\/smallrig-4824-jaula-hawklock-quick-para-panasonic-lumix-gh7-gh6\/","title":{"rendered":"SMALLRIG 4824 Jaula HawkLock Quick para Panasonic LUMIX GH7\/GH6"},"content":{"rendered":"<p><strong>SMALLRIG 4824 Jaula HawkLock Quick para Panasonic LUMIX GH7 \/ GH6<\/strong><\/p>\n<p><strong>Funciones<\/strong><\/p>\n<ul>\n<li style=\"text-align: justify;\">Dise\u00f1o de liberaci\u00f3n r\u00e1pida de desarrollo propio, estable e inquebrantable, un toque para cargar, soltar para bloquear, mejorar la eficiencia del desmontaje.<\/li>\n<li style=\"text-align: justify;\">Compatible con la zapata fr\u00eda tradicional, el brazalete NATO y el brazalete Arca-Swiss, le ahorra dinero y preocupaciones.<\/li>\n<li style=\"text-align: justify;\">Bloqueo de triple punto: asegura la c\u00e1mara mediante un tornillo inferior de 1\/4&#8243;-20 y dos tornillos M2.5 en ambos lados.<\/li>\n<li style=\"text-align: justify;\">Placa de liberaci\u00f3n r\u00e1pida Arca-Swiss en la parte inferior para cambiar r\u00e1pidamente entre tr\u00edpode, estabilizador (DJI RS 2 \/ RSC 2 \/ RS 3 \/ RS 3 Pro \/ RS 4 \/ RS 4 Pro) y disparo manual.<\/li>\n<li style=\"text-align: justify;\">M\u00faltiples puntos de montaje: orificios roscados de 1\/4&#8243;-20, orificios de ubicaci\u00f3n ARRI de 3\/8&#8243;-16, soportes de zapata fr\u00eda, empu\u00f1aduras de riel NATO y soporte de salida QD, micr\u00f3fonos, luces LED, monitores, etc.<\/li>\n<\/ul>\n<p style=\"padding-left: 40px;\">Para: Panasonic<\/p>\n<p style=\"padding-left: 40px;\">Modelos: LUMIX GH6, LUMIX GH7<\/p>\n<p style=\"padding-left: 40px;\">Referencia: 4824<\/p>\n<p style=\"padding-left: 40px;\">Tambi\u00e9n compatible con\/&nbsp;<\/p>\n<p><strong>Contenido del paquete (en la caja)<\/strong><\/p>\n<ul>\n<li>1 x jaula<\/li>\n<\/ul>\n<p><strong>Descripci\u00f3n del producto<\/strong><\/p>\n<ul>\n<li style=\"text-align: justify;\">La <strong>jaula de liberaci\u00f3n r\u00e1pida SmallRig 4824 HawkLock para Panasonic LUMIX GH7 \/ GH6<\/strong> est\u00e1 dise\u00f1ada para proporcionar soportes para accesorios y proteger la c\u00e1mara. La estructura de liberaci\u00f3n r\u00e1pida patentada y de desarrollo propio (llamada HawkLock) abarca zapatas fr\u00edas, riel NATO y cofre suizo, que se utiliza con accesorios HawkLock ecol\u00f3gicos para lograr una posici\u00f3n s\u00f3lida y sin posiciones falsas, un toque para cargar, soltar para bloquear y mejorar la eficiencia del desmontaje. Bloquea la c\u00e1mara con un tornillo de 1\/4&#8243;-20 y dos tornillos M2.5 en ambos lados. Los espaciadores protectores incorporados evitan que la c\u00e1mara se raye. La jaula permite el acceso a interfaces, diales, botones o puertos de bater\u00eda. Los orificios roscados de 1\/4&#8243;-20, los orificios de localizaci\u00f3n ARRI de 3\/8&#8243;-16 y los soportes de zapata fr\u00eda HawkLock soportan el asa superior 3765, el mango lateral 2093, el soporte de monitor 2903, micr\u00f3fonos, luces LED, monitores, etc. El conector QD inferior soporta la correa para el hombro QD. La placa de liberaci\u00f3n r\u00e1pida HawkLock Arca-Swiss en la parte inferior es compatible con DJI RS 2 \/ RSC 2 \/ RS 3 \/ RS 3 Pro \/ RS 4 \/ RS 4 Pro. Los orificios de la correa en los lados y la parte inferior de la jaula permiten la fijaci\u00f3n de accesorios como la correa de mano PAC2456. Adem\u00e1s, la jaula viene con un interruptor magn\u00e9tico incorporado que facilita su desmontaje y montaje.      <\/li>\n<\/ul>\n<p style=\"text-align: center;\">Compatible con DJI RS 2 \/ RSC 2 \/ RS 3 \/ RS 3 Pro \/ RS 4 \/ RS 4 Pro<\/p>\n<p style=\"padding-left: 40px; text-align: left;\"><strong><span style=\"background-color: #ffffff;\">Nota:<\/strong><\/span><\/p>\n<p style=\"padding-left: 40px; text-align: left;\">1. Para usar las cremalleras laterales, primero debe quitar los <span style=\"background-color: #ffffff;\">anillos triangulares a ambos lados de la c\u00e1mara.<\/span><\/p>\n<p style=\"padding-left: 40px; text-align: left;\">2. Este armaz\u00f3n es <strong>compatible con Panasonic LUMIX GH6, LUMIX GH7 &#8211; LUMIX DMW-XLR1, LUMIX XLR2<\/strong>, se recomienda usar el [Mango superior SmallRig para Sony XLR-K1M \/ K2M \/ K3M y Panasonic DMW-XLR1 \/ XLR2 3082], retire la brida en la parte inferior del XLR antes de usar el 3082.<\/p>\n<p style=\"text-align: center;\">Compatible con Panasonic LUMIX GH6, LUMIX GH7 &#8211; LUMIX DMW-XLR1, LUMIX XLR2<\/p>\n<p><strong>Caracter\u00edsticas t\u00e9cnicas<\/strong><\/p>\n<table style=\"border-collapse: collapse; width: 1111px; height: 143px; background-color: #ffffff; border-color: #000000; border-style: solid;\" border=\"1\" cellspacing=\"0px\" cellpadding=\"revert-layer\">\n<tbody style=\"-webkit-tap-highlight-color: rgba(0, 0, 0, 0); box-sizing: border-box; --tw-border-spacing-x: 0; --tw-border-spacing-y: 0; --tw-translate-x: 0; --tw-translate-y: 0; --tw-rotate: 0; --tw-skew-x: 0; --tw-skew-y: 0; --tw-scale-x: 1; --tw-scale-y: 1; --tw-scroll-snap-strictness: proximity; --tw-ring-offset-width: 0px; --tw-ring-offset-color: #fff; --tw-ring-color: rgba(59,130,246,0.5); --tw-ring-offset-shadow: 0 0 transparent; --tw-ring-shadow: 0 0 transparent; --tw-shadow: 0 0 transparent; --tw-shadow-colored: 0 0 transparent; border: 0px solid #e5e7eb;\">\n<tr style=\"-webkit-tap-highlight-color: rgba(0, 0, 0, 0); box-sizing: border-box; --tw-border-spacing-x: 0; --tw-border-spacing-y: 0; --tw-translate-x: 0; --tw-translate-y: 0; --tw-rotate: 0; --tw-skew-x: 0; --tw-skew-y: 0; --tw-scale-x: 1; --tw-scale-y: 1; --tw-scroll-snap-strictness: proximity; --tw-ring-offset-width: 0px; --tw-ring-offset-color: #fff; --tw-ring-color: rgba(59,130,246,0.5); --tw-ring-offset-shadow: 0 0 transparent; --tw-ring-shadow: 0 0 transparent; --tw-shadow: 0 0 transparent; --tw-shadow-colored: 0 0 transparent; border: 1px solid; padding: revert-layer;\">\n<td style=\"-webkit-tap-highlight-color: rgba(0, 0, 0, 0); box-sizing: border-box; --tw-border-spacing-x: 0; --tw-border-spacing-y: 0; --tw-translate-x: 0; --tw-translate-y: 0; --tw-rotate: 0; --tw-skew-x: 0; --tw-skew-y: 0; --tw-scale-x: 1; --tw-scale-y: 1; --tw-scroll-snap-strictness: proximity; --tw-ring-offset-width: 0px; --tw-ring-offset-color: #fff; --tw-ring-color: rgba(59,130,246,0.5); --tw-ring-offset-shadow: 0 0 transparent; --tw-ring-shadow: 0 0 transparent; --tw-shadow: 0 0 transparent; --tw-shadow-colored: 0 0 transparent; border-color: initial; border-image: initial; padding: revert-layer; margin: 0px; word-break: break-word; overflow-wrap: break-word; width: 1110.2px;\" colspan=\"2\">\n<p style=\"text-align: center;\"><strong>En el embalaje:&nbsp;<\/strong><\/p>\n<p style=\"text-align: center;\">1 x jaula<\/p>\n<p style=\"text-align: center;\">1 x abrazadera de cable HDMI y USB-C<\/p>\n<p style=\"text-align: center;\">1 x Asa superior<\/p>\n<p style=\"text-align: center;\">1 x Llave hexagonal &#8211; Hexagonal<\/p>\n<\/td>\n<\/tr>\n<tr style=\"-webkit-tap-highlight-color: rgba(0, 0, 0, 0); box-sizing: border-box; --tw-border-spacing-x: 0; --tw-border-spacing-y: 0; --tw-translate-x: 0; --tw-translate-y: 0; --tw-rotate: 0; --tw-skew-x: 0; --tw-skew-y: 0; --tw-scale-x: 1; --tw-scale-y: 1; --tw-scroll-snap-strictness: proximity; --tw-ring-offset-width: 0px; --tw-ring-offset-color: #fff; --tw-ring-color: rgba(59,130,246,0.5); --tw-ring-offset-shadow: 0 0 transparent; --tw-ring-shadow: 0 0 transparent; --tw-shadow: 0 0 transparent; --tw-shadow-colored: 0 0 transparent; border: 1px solid; padding: revert-layer;\">\n<td style=\"-webkit-tap-highlight-color: rgba(0, 0, 0, 0); box-sizing: border-box; --tw-border-spacing-x: 0; --tw-border-spacing-y: 0; --tw-translate-x: 0; --tw-translate-y: 0; --tw-rotate: 0; --tw-skew-x: 0; --tw-skew-y: 0; --tw-scale-x: 1; --tw-scale-y: 1; --tw-scroll-snap-strictness: proximity; --tw-ring-offset-width: 0px; --tw-ring-offset-color: #fff; --tw-ring-color: rgba(59,130,246,0.5); --tw-ring-offset-shadow: 0 0 transparent; --tw-ring-shadow: 0 0 transparent; --tw-shadow: 0 0 transparent; --tw-shadow-colored: 0 0 transparent; border-color: initial; border-image: initial; padding: revert-layer; margin: 0px; word-break: break-word; overflow-wrap: break-word; width: 558.3px;\">\n<p style=\"-webkit-tap-highlight-color: rgba(0, 0, 0, 0); box-sizing: border-box; --tw-border-spacing-x: 0; --tw-border-spacing-y: 0; --tw-translate-x: 0; --tw-translate-y: 0; --tw-rotate: 0; --tw-skew-x: 0; --tw-skew-y: 0; --tw-scale-x: 1; --tw-scale-y: 1; --tw-scroll-snap-strictness: proximity; --tw-ring-offset-width: 0px; --tw-ring-offset-color: #fff; --tw-ring-color: rgba(59,130,246,0.5); --tw-ring-offset-shadow: 0 0 transparent; --tw-ring-shadow: 0 0 transparent; --tw-shadow: 0 0 transparent; --tw-shadow-colored: 0 0 transparent; border: 0px solid #e5e7eb; padding: 0px; margin: 0px; word-break: break-word; overflow-wrap: break-word;\"><strong>Dimensiones del producto:&nbsp;<\/strong><\/p>\n<\/td>\n<td style=\"-webkit-tap-highlight-color: rgba(0, 0, 0, 0); box-sizing: border-box; --tw-border-spacing-x: 0; --tw-border-spacing-y: 0; --tw-translate-x: 0; --tw-translate-y: 0; --tw-rotate: 0; --tw-skew-x: 0; --tw-skew-y: 0; --tw-scale-x: 1; --tw-scale-y: 1; --tw-scroll-snap-strictness: proximity; --tw-ring-offset-width: 0px; --tw-ring-offset-color: #fff; --tw-ring-color: rgba(59,130,246,0.5); --tw-ring-offset-shadow: 0 0 transparent; --tw-ring-shadow: 0 0 transparent; --tw-shadow: 0 0 transparent; --tw-shadow-colored: 0 0 transparent; border-color: initial; border-image: initial; padding: revert-layer; margin: 0px; word-break: break-word; overflow-wrap: break-word; width: 551.9px;\">\n<p style=\"-webkit-tap-highlight-color: rgba(0, 0, 0, 0); box-sizing: border-box; --tw-border-spacing-x: 0; --tw-border-spacing-y: 0; --tw-translate-x: 0; --tw-translate-y: 0; --tw-rotate: 0; --tw-skew-x: 0; --tw-skew-y: 0; --tw-scale-x: 1; --tw-scale-y: 1; --tw-scroll-snap-strictness: proximity; --tw-ring-offset-width: 0px; --tw-ring-offset-color: #fff; --tw-ring-color: rgba(59,130,246,0.5); --tw-ring-offset-shadow: 0 0 transparent; --tw-ring-shadow: 0 0 transparent; --tw-shadow: 0 0 transparent; --tw-shadow-colored: 0 0 transparent; border: 0px solid #e5e7eb; padding: 0px; margin: 0px; word-break: break-word; overflow-wrap: break-word;\"><span style=\"-webkit-tap-highlight-color: rgba(0, 0, 0, 0); box-sizing: border-box; --tw-border-spacing-x: 0; --tw-border-spacing-y: 0; --tw-translate-x: 0; --tw-translate-y: 0; --tw-rotate: 0; --tw-skew-x: 0; --tw-skew-y: 0; --tw-scale-x: 1; --tw-scale-y: 1; --tw-scroll-snap-strictness: proximity; --tw-ring-offset-width: 0px; --tw-ring-offset-color: #fff; --tw-ring-color: rgba(59,130,246,0.5); --tw-ring-offset-shadow: 0 0 transparent; --tw-ring-shadow: 0 0 transparent; --tw-shadow: 0 0 transparent; --tw-shadow-colored: 0 0 transparent; border: 0px solid #e5e7eb; font-weight: bolder;\">&nbsp;<\/span>183 \u00d7 174,5 \u00d7 135 mm<\/p>\n<\/td>\n<\/tr>\n<tr style=\"-webkit-tap-highlight-color: rgba(0, 0, 0, 0); box-sizing: border-box; --tw-border-spacing-x: 0; --tw-border-spacing-y: 0; --tw-translate-x: 0; --tw-translate-y: 0; --tw-rotate: 0; --tw-skew-x: 0; --tw-skew-y: 0; --tw-scale-x: 1; --tw-scale-y: 1; --tw-scroll-snap-strictness: proximity; --tw-ring-offset-width: 0px; --tw-ring-offset-color: #fff; --tw-ring-color: rgba(59,130,246,0.5); --tw-ring-offset-shadow: 0 0 transparent; --tw-ring-shadow: 0 0 transparent; --tw-shadow: 0 0 transparent; --tw-shadow-colored: 0 0 transparent; border: 1px solid; padding: revert-layer;\">\n<td style=\"-webkit-tap-highlight-color: rgba(0, 0, 0, 0); box-sizing: border-box; --tw-border-spacing-x: 0; --tw-border-spacing-y: 0; --tw-translate-x: 0; --tw-translate-y: 0; --tw-rotate: 0; --tw-skew-x: 0; --tw-skew-y: 0; --tw-scale-x: 1; --tw-scale-y: 1; --tw-scroll-snap-strictness: proximity; --tw-ring-offset-width: 0px; --tw-ring-offset-color: #fff; --tw-ring-color: rgba(59,130,246,0.5); --tw-ring-offset-shadow: 0 0 transparent; --tw-ring-shadow: 0 0 transparent; --tw-shadow: 0 0 transparent; --tw-shadow-colored: 0 0 transparent; border-color: initial; border-image: initial; padding: revert-layer; margin: 0px; word-break: break-word; overflow-wrap: break-word; width: 558.3px;\">\n<p style=\"-webkit-tap-highlight-color: rgba(0, 0, 0, 0); box-sizing: border-box; --tw-border-spacing-x: 0; --tw-border-spacing-y: 0; --tw-translate-x: 0; --tw-translate-y: 0; --tw-rotate: 0; --tw-skew-x: 0; --tw-skew-y: 0; --tw-scale-x: 1; --tw-scale-y: 1; --tw-scroll-snap-strictness: proximity; --tw-ring-offset-width: 0px; --tw-ring-offset-color: #fff; --tw-ring-color: rgba(59,130,246,0.5); --tw-ring-offset-shadow: 0 0 transparent; --tw-ring-shadow: 0 0 transparent; --tw-shadow: 0 0 transparent; --tw-shadow-colored: 0 0 transparent; border: 0px solid #e5e7eb; padding: 0px; margin: 0px; word-break: break-word; overflow-wrap: break-word;\"><strong>Dimensiones del paquete:<\/strong><\/p>\n<\/td>\n<td style=\"-webkit-tap-highlight-color: rgba(0, 0, 0, 0); box-sizing: border-box; --tw-border-spacing-x: 0; --tw-border-spacing-y: 0; --tw-translate-x: 0; --tw-translate-y: 0; --tw-rotate: 0; --tw-skew-x: 0; --tw-skew-y: 0; --tw-scale-x: 1; --tw-scale-y: 1; --tw-scroll-snap-strictness: proximity; --tw-ring-offset-width: 0px; --tw-ring-offset-color: #fff; --tw-ring-color: rgba(59,130,246,0.5); --tw-ring-offset-shadow: 0 0 transparent; --tw-ring-shadow: 0 0 transparent; --tw-shadow: 0 0 transparent; --tw-shadow-colored: 0 0 transparent; border-color: initial; border-image: initial; padding: revert-layer; margin: 0px; word-break: break-word; overflow-wrap: break-word; width: 551.9px;\">\n<p style=\"-webkit-tap-highlight-color: rgba(0, 0, 0, 0); box-sizing: border-box; --tw-border-spacing-x: 0; --tw-border-spacing-y: 0; --tw-translate-x: 0; --tw-translate-y: 0; --tw-rotate: 0; --tw-skew-x: 0; --tw-skew-y: 0; --tw-scale-x: 1; --tw-scale-y: 1; --tw-scroll-snap-strictness: proximity; --tw-ring-offset-width: 0px; --tw-ring-offset-color: #fff; --tw-ring-color: rgba(59,130,246,0.5); --tw-ring-offset-shadow: 0 0 transparent; --tw-ring-shadow: 0 0 transparent; --tw-shadow: 0 0 transparent; --tw-shadow-colored: 0 0 transparent; border: 0px solid #e5e7eb; padding: 0px; margin: 0px; word-break: break-word; overflow-wrap: break-word;\">180 \u00d7 129,5 \u00d7 75 mm<\/p>\n<\/td>\n<\/tr>\n<tr style=\"-webkit-tap-highlight-color: rgba(0, 0, 0, 0); box-sizing: border-box; --tw-border-spacing-x: 0; --tw-border-spacing-y: 0; --tw-translate-x: 0; --tw-translate-y: 0; --tw-rotate: 0; --tw-skew-x: 0; --tw-skew-y: 0; --tw-scale-x: 1; --tw-scale-y: 1; --tw-scroll-snap-strictness: proximity; --tw-ring-offset-width: 0px; --tw-ring-offset-color: #fff; --tw-ring-color: rgba(59,130,246,0.5); --tw-ring-offset-shadow: 0 0 transparent; --tw-ring-shadow: 0 0 transparent; --tw-shadow: 0 0 transparent; --tw-shadow-colored: 0 0 transparent; border: 1px solid; padding: revert-layer;\">\n<td style=\"-webkit-tap-highlight-color: rgba(0, 0, 0, 0); box-sizing: border-box; --tw-border-spacing-x: 0; --tw-border-spacing-y: 0; --tw-translate-x: 0; --tw-translate-y: 0; --tw-rotate: 0; --tw-skew-x: 0; --tw-skew-y: 0; --tw-scale-x: 1; --tw-scale-y: 1; --tw-scroll-snap-strictness: proximity; --tw-ring-offset-width: 0px; --tw-ring-offset-color: #fff; --tw-ring-color: rgba(59,130,246,0.5); --tw-ring-offset-shadow: 0 0 transparent; --tw-ring-shadow: 0 0 transparent; --tw-shadow: 0 0 transparent; --tw-shadow-colored: 0 0 transparent; border-color: initial; border-image: initial; padding: revert-layer; margin: 0px; word-break: break-word; overflow-wrap: break-word; width: 558.3px;\">\n<p style=\"-webkit-tap-highlight-color: rgba(0, 0, 0, 0); box-sizing: border-box; --tw-border-spacing-x: 0; --tw-border-spacing-y: 0; --tw-translate-x: 0; --tw-translate-y: 0; --tw-rotate: 0; --tw-skew-x: 0; --tw-skew-y: 0; --tw-scale-x: 1; --tw-scale-y: 1; --tw-scroll-snap-strictness: proximity; --tw-ring-offset-width: 0px; --tw-ring-offset-color: #fff; --tw-ring-color: rgba(59,130,246,0.5); --tw-ring-offset-shadow: 0 0 transparent; --tw-ring-shadow: 0 0 transparent; --tw-shadow: 0 0 transparent; --tw-shadow-colored: 0 0 transparent; border: 0px solid #e5e7eb; padding: 0px; margin: 0px; word-break: break-word; overflow-wrap: break-word;\"><strong>Peso del producto:<\/strong><\/p>\n<\/td>\n<td style=\"-webkit-tap-highlight-color: rgba(0, 0, 0, 0); box-sizing: border-box; --tw-border-spacing-x: 0; --tw-border-spacing-y: 0; --tw-translate-x: 0; --tw-translate-y: 0; --tw-rotate: 0; --tw-skew-x: 0; --tw-skew-y: 0; --tw-scale-x: 1; --tw-scale-y: 1; --tw-scroll-snap-strictness: proximity; --tw-ring-offset-width: 0px; --tw-ring-offset-color: #fff; --tw-ring-color: rgba(59,130,246,0.5); --tw-ring-offset-shadow: 0 0 transparent; --tw-ring-shadow: 0 0 transparent; --tw-shadow: 0 0 transparent; --tw-shadow-colored: 0 0 transparent; border-color: initial; border-image: initial; padding: revert-layer; margin: 0px; word-break: break-word; overflow-wrap: break-word; width: 551.9px;\">\n<p style=\"-webkit-tap-highlight-color: rgba(0, 0, 0, 0); box-sizing: border-box; --tw-border-spacing-x: 0; --tw-border-spacing-y: 0; --tw-translate-x: 0; --tw-translate-y: 0; --tw-rotate: 0; --tw-skew-x: 0; --tw-skew-y: 0; --tw-scale-x: 1; --tw-scale-y: 1; --tw-scroll-snap-strictness: proximity; --tw-ring-offset-width: 0px; --tw-ring-offset-color: #fff; --tw-ring-color: rgba(59,130,246,0.5); --tw-ring-offset-shadow: 0 0 transparent; --tw-ring-shadow: 0 0 transparent; --tw-shadow: 0 0 transparent; --tw-shadow-colored: 0 0 transparent; border: 0px solid #e5e7eb; padding: 0px; margin: 0px; word-break: break-word; overflow-wrap: break-word;\">341\u00b15g<\/p>\n<\/td>\n<\/tr>\n<tr style=\"-webkit-tap-highlight-color: rgba(0, 0, 0, 0); box-sizing: border-box; --tw-border-spacing-x: 0; --tw-border-spacing-y: 0; --tw-translate-x: 0; --tw-translate-y: 0; --tw-rotate: 0; --tw-skew-x: 0; --tw-skew-y: 0; --tw-scale-x: 1; --tw-scale-y: 1; --tw-scroll-snap-strictness: proximity; --tw-ring-offset-width: 0px; --tw-ring-offset-color: #fff; --tw-ring-color: rgba(59,130,246,0.5); --tw-ring-offset-shadow: 0 0 transparent; --tw-ring-shadow: 0 0 transparent; --tw-shadow: 0 0 transparent; --tw-shadow-colored: 0 0 transparent; border: 1px solid; padding: revert-layer;\">\n<td style=\"-webkit-tap-highlight-color: rgba(0, 0, 0, 0); box-sizing: border-box; --tw-border-spacing-x: 0; --tw-border-spacing-y: 0; --tw-translate-x: 0; --tw-translate-y: 0; --tw-rotate: 0; --tw-skew-x: 0; --tw-skew-y: 0; --tw-scale-x: 1; --tw-scale-y: 1; --tw-scroll-snap-strictness: proximity; --tw-ring-offset-width: 0px; --tw-ring-offset-color: #fff; --tw-ring-color: rgba(59,130,246,0.5); --tw-ring-offset-shadow: 0 0 transparent; --tw-ring-shadow: 0 0 transparent; --tw-shadow: 0 0 transparent; --tw-shadow-colored: 0 0 transparent; border-color: initial; border-image: initial; padding: revert-layer; margin: 0px; word-break: break-word; overflow-wrap: break-word; width: 558.3px;\">\n<p style=\"-webkit-tap-highlight-color: rgba(0, 0, 0, 0); box-sizing: border-box; --tw-border-spacing-x: 0; --tw-border-spacing-y: 0; --tw-translate-x: 0; --tw-translate-y: 0; --tw-rotate: 0; --tw-skew-x: 0; --tw-skew-y: 0; --tw-scale-x: 1; --tw-scale-y: 1; --tw-scroll-snap-strictness: proximity; --tw-ring-offset-width: 0px; --tw-ring-offset-color: #fff; --tw-ring-color: rgba(59,130,246,0.5); --tw-ring-offset-shadow: 0 0 transparent; --tw-ring-shadow: 0 0 transparent; --tw-shadow: 0 0 transparent; --tw-shadow-colored: 0 0 transparent; border: 0px solid #e5e7eb; padding: 0px; margin: 0px; word-break: break-word; overflow-wrap: break-word;\"><strong>Peso del paquete:<\/strong><\/p>\n<\/td>\n<td style=\"-webkit-tap-highlight-color: rgba(0, 0, 0, 0); box-sizing: border-box; --tw-border-spacing-x: 0; --tw-border-spacing-y: 0; --tw-translate-x: 0; --tw-translate-y: 0; --tw-rotate: 0; --tw-skew-x: 0; --tw-skew-y: 0; --tw-scale-x: 1; --tw-scale-y: 1; --tw-scroll-snap-strictness: proximity; --tw-ring-offset-width: 0px; --tw-ring-offset-color: #fff; --tw-ring-color: rgba(59,130,246,0.5); --tw-ring-offset-shadow: 0 0 transparent; --tw-ring-shadow: 0 0 transparent; --tw-shadow: 0 0 transparent; --tw-shadow-colored: 0 0 transparent; border-color: initial; border-image: initial; padding: revert-layer; margin: 0px; word-break: break-word; overflow-wrap: break-word; width: 551.9px;\">\n<p style=\"-webkit-tap-highlight-color: rgba(0, 0, 0, 0); box-sizing: border-box; --tw-border-spacing-x: 0; --tw-border-spacing-y: 0; --tw-translate-x: 0; --tw-translate-y: 0; --tw-rotate: 0; --tw-skew-x: 0; --tw-skew-y: 0; --tw-scale-x: 1; --tw-scale-y: 1; --tw-scroll-snap-strictness: proximity; --tw-ring-offset-width: 0px; --tw-ring-offset-color: #fff; --tw-ring-color: rgba(59,130,246,0.5); --tw-ring-offset-shadow: 0 0 transparent; --tw-ring-shadow: 0 0 transparent; --tw-shadow: 0 0 transparent; --tw-shadow-colored: 0 0 transparent; border: 0px solid #e5e7eb; padding: 0px; margin: 0px; word-break: break-word; overflow-wrap: break-word;\">438\u00b15g<\/p>\n<\/td>\n<\/tr>\n<tr style=\"-webkit-tap-highlight-color: rgba(0, 0, 0, 0); box-sizing: border-box; --tw-border-spacing-x: 0; --tw-border-spacing-y: 0; --tw-translate-x: 0; --tw-translate-y: 0; --tw-rotate: 0; --tw-skew-x: 0; --tw-skew-y: 0; --tw-scale-x: 1; --tw-scale-y: 1; --tw-scroll-snap-strictness: proximity; --tw-ring-offset-width: 0px; --tw-ring-offset-color: #fff; --tw-ring-color: rgba(59,130,246,0.5); --tw-ring-offset-shadow: 0 0 transparent; --tw-ring-shadow: 0 0 transparent; --tw-shadow: 0 0 transparent; --tw-shadow-colored: 0 0 transparent; border: 1px solid; padding: revert-layer;\">\n<td style=\"-webkit-tap-highlight-color: rgba(0, 0, 0, 0); box-sizing: border-box; --tw-border-spacing-x: 0; --tw-border-spacing-y: 0; --tw-translate-x: 0; --tw-translate-y: 0; --tw-rotate: 0; --tw-skew-x: 0; --tw-skew-y: 0; --tw-scale-x: 1; --tw-scale-y: 1; --tw-scroll-snap-strictness: proximity; --tw-ring-offset-width: 0px; --tw-ring-offset-color: #fff; --tw-ring-color: rgba(59,130,246,0.5); --tw-ring-offset-shadow: 0 0 transparent; --tw-ring-shadow: 0 0 transparent; --tw-shadow: 0 0 transparent; --tw-shadow-colored: 0 0 transparent; border-color: initial; border-image: initial; padding: revert-layer; margin: 0px; word-break: break-word; overflow-wrap: break-word; width: 558.3px;\">\n<p style=\"-webkit-tap-highlight-color: rgba(0, 0, 0, 0); box-sizing: border-box; --tw-border-spacing-x: 0; --tw-border-spacing-y: 0; --tw-translate-x: 0; --tw-translate-y: 0; --tw-rotate: 0; --tw-skew-x: 0; --tw-skew-y: 0; --tw-scale-x: 1; --tw-scale-y: 1; --tw-scroll-snap-strictness: proximity; --tw-ring-offset-width: 0px; --tw-ring-offset-color: #fff; --tw-ring-color: rgba(59,130,246,0.5); --tw-ring-offset-shadow: 0 0 transparent; --tw-ring-shadow: 0 0 transparent; --tw-shadow: 0 0 transparent; --tw-shadow-colored: 0 0 transparent; border: 0px solid #e5e7eb; padding: 0px; margin: 0px; word-break: break-word; overflow-wrap: break-word;\"><strong>Material(es):<\/strong><\/p>\n<\/td>\n<td style=\"-webkit-tap-highlight-color: rgba(0, 0, 0, 0); box-sizing: border-box; --tw-border-spacing-x: 0; --tw-border-spacing-y: 0; --tw-translate-x: 0; --tw-translate-y: 0; --tw-rotate: 0; --tw-skew-x: 0; --tw-skew-y: 0; --tw-scale-x: 1; --tw-scale-y: 1; --tw-scroll-snap-strictness: proximity; --tw-ring-offset-width: 0px; --tw-ring-offset-color: #fff; --tw-ring-color: rgba(59,130,246,0.5); --tw-ring-offset-shadow: 0 0 transparent; --tw-ring-shadow: 0 0 transparent; --tw-shadow: 0 0 transparent; --tw-shadow-colored: 0 0 transparent; border-color: initial; border-image: initial; padding: revert-layer; margin: 0px; word-break: break-word; overflow-wrap: break-word; width: 551.9px;\">\n<p style=\"-webkit-tap-highlight-color: rgba(0, 0, 0, 0); box-sizing: border-box; --tw-border-spacing-x: 0; --tw-border-spacing-y: 0; --tw-translate-x: 0; --tw-translate-y: 0; --tw-rotate: 0; --tw-skew-x: 0; --tw-skew-y: 0; --tw-scale-x: 1; --tw-scale-y: 1; --tw-scroll-snap-strictness: proximity; --tw-ring-offset-width: 0px; --tw-ring-offset-color: #fff; --tw-ring-color: rgba(59,130,246,0.5); --tw-ring-offset-shadow: 0 0 transparent; --tw-ring-shadow: 0 0 transparent; --tw-shadow: 0 0 transparent; --tw-shadow-colored: 0 0 transparent; border: 0px solid #e5e7eb; padding: 0px; margin: 0px; word-break: break-word; overflow-wrap: break-word;\">Aleaci\u00f3n de aluminio, acero inoxidable, silicona<\/p>\n<\/td>\n<\/tr>\n<\/tbody>\n<\/table>\n","protected":false},"excerpt":{"rendered":"<p>SMALLRIG 4824 Jaula HawkLock Quick para Panasonic LUMIX GH7 \/ GH6 Funciones Dise\u00f1o de liberaci\u00f3n r\u00e1pida de desarrollo propio, estable<\/p>\n","protected":false},"featured_media":67495,"comment_status":"closed","ping_status":"open","template":"","meta":{"_acf_changed":false},"product_brand":[2550],"product_cat":[1105],"product_tag":[],"class_list":{"0":"post-82169","1":"product","2":"type-product","3":"status-publish","4":"has-post-thumbnail","6":"product_brand-smallrig-es","7":"product_cat-cages-cages-es","9":"first","10":"onbackorder","11":"taxable","12":"shipping-taxable","13":"purchasable","14":"product-type-simple"},"bundled_by":[],"bundle_stock_status":"onbackorder","bundle_stock_quantity":null,"bundle_virtual":false,"bundle_layout":"","bundle_add_to_cart_form_location":"","bundle_editable_in_cart":false,"bundle_sold_individually_context":"","bundle_item_grouping":"","bundle_min_size":"","bundle_max_size":"","bundle_price":[],"bundled_items":[],"bundle_sell_ids":[],"acf":[],"_links":{"self":[{"href":"https:\/\/hi-techwonder.com\/es\/wp-json\/wp\/v2\/product\/82169","targetHints":{"allow":["GET"]}}],"collection":[{"href":"https:\/\/hi-techwonder.com\/es\/wp-json\/wp\/v2\/product"}],"about":[{"href":"https:\/\/hi-techwonder.com\/es\/wp-json\/wp\/v2\/types\/product"}],"replies":[{"embeddable":true,"href":"https:\/\/hi-techwonder.com\/es\/wp-json\/wp\/v2\/comments?post=82169"}],"wp:featuredmedia":[{"embeddable":true,"href":"https:\/\/hi-techwonder.com\/es\/wp-json\/wp\/v2\/media\/67495"}],"wp:attachment":[{"href":"https:\/\/hi-techwonder.com\/es\/wp-json\/wp\/v2\/media?parent=82169"}],"wp:term":[{"taxonomy":"product_brand","embeddable":true,"href":"https:\/\/hi-techwonder.com\/es\/wp-json\/wp\/v2\/product_brand?post=82169"},{"taxonomy":"product_cat","embeddable":true,"href":"https:\/\/hi-techwonder.com\/es\/wp-json\/wp\/v2\/product_cat?post=82169"},{"taxonomy":"product_tag","embeddable":true,"href":"https:\/\/hi-techwonder.com\/es\/wp-json\/wp\/v2\/product_tag?post=82169"}],"curies":[{"name":"wp","href":"https:\/\/api.w.org\/{rel}","templated":true}]}}