{"id":82171,"date":"2025-07-29T10:49:23","date_gmt":"2025-07-29T10:49:23","guid":{"rendered":"https:\/\/hi-techwonder.com\/product\/smallrig-4825-kit-de-jaula-hawklock-para-lumix-gh7-gh6\/"},"modified":"2025-07-29T10:49:23","modified_gmt":"2025-07-29T10:49:23","slug":"smallrig-4825-kit-de-jaula-hawklock-para-lumix-gh7-gh6","status":"publish","type":"product","link":"https:\/\/hi-techwonder.com\/es\/producto\/smallrig-4825-kit-de-jaula-hawklock-para-lumix-gh7-gh6\/","title":{"rendered":"SMALLRIG 4825 Kit de jaula HawkLock para LUMIX GH7 GH6"},"content":{"rendered":"<p><b>SMALLRIG 4825 Kit de jaula HawkLock para LUMIX GH7 GH6<\/b><\/p>\n<p><b><br \/><\/b><\/p>\n<p><b><br \/><\/b><\/p>\n<p><b>Funciones<\/b><\/p>\n<ul>\n<li>Jaula completa para Lumix GH7\/GH6<\/li>\n<li>Asa superior con soporte antitorsi\u00f3n de 3\/8&#8243;-16<\/li>\n<li>Brida para cables HDMI\/USB-C<\/li>\n<li>Base de arco integrada<\/li>\n<li>Roscas para accesorios de 1\/4&#8243;-20 y 3\/8&#8243;-16&#8243;<\/li>\n<li>Soportes para zapatos en el mango y la jaula<\/li>\n<li>Ganchos\/ranuras para correa, enchufe QD, riel NATO<\/li>\n<li>Dise\u00f1o de aluminio duradero<\/li>\n<\/ul>\n<p><\/p>\n<p><\/p>\n<p><b>Contenido del paquete<\/b><\/p>\n<ul>\n<li>1 x jaula<\/li>\n<li>1 x Abrazadera de cable HDMI y USB-C<\/li>\n<li>1 x Asa superior<\/li>\n<li>1 x Llave hexagonal<\/li>\n<\/ul>\n<p><\/p>\n<p>&nbsp; &nbsp; &nbsp;<\/p>\n<p><\/p>\n<p><b>Kit de jaula SmallRig HawkLock para c\u00e1maras Panasonic GH7\/GH6 Descripci\u00f3n general<\/b><\/p>\n<p><\/p>\n<ul>\n<li>Protege tu c\u00e1mara Panasonic GH7 o GH6 de los rigores del d\u00eda de producci\u00f3n mientras montas accesorios sin sobrecargar el cuerpo de tu c\u00e1mara con este kit de jaula de liberaci\u00f3n r\u00e1pida SmallRig HawkLock. El kit incluye una jaula de aluminio con la forma adecuada, un asa superior con un soporte antitorsi\u00f3n de 3\/8&#8243;-16 y una brida HDMI\/USB-C <\/li>\n<\/ul>\n<p style=\"text-align: center;  \"><\/p>\n<p><\/p>\n<ul>\n<li>La c\u00e1mara est\u00e1 montada en la jaula con tornillos en la parte inferior y en ambos lados, evitando torceduras o movimientos<\/li>\n<\/ul>\n<p><\/p>\n<p style=\"text-align: center;  \"><\/p>\n<p><\/p>\n<ul>\n<li>Es compatible con los accesorios de entrada de audio DMW-XLR1 y DMW-XLR2<\/li>\n<\/ul>\n<p><\/p>\n<ul>\n<li>La jaula cuenta con una base integrada similar a un arca, m\u00faltiples roscas de 1\/4&#8243;-20 y 3\/8&#8243;-16, un soporte para zapata, un puerto QD, ranuras y ganchos para correas, y un riel lateral NATO HawkLock para agregar una variedad de accesorios<\/li>\n<\/ul>\n<p><\/p>\n<ul>\n<li>El asa superior agrega m\u00e1s roscas para accesorios y dos soportes para zapatos adicionales<\/li>\n<\/ul>\n<p><\/p>\n<ul>\n<li>La brida para cables HDMI\/USB-C se monta en el costado de la jaula y ayuda a evitar que los cables se tiren o desconecten<\/li>\n<\/ul>\n<p><\/p>\n<p><b>Notas:<\/b><\/p>\n<ul>\n<li>Para usar los bloqueos laterales, primero debe quitar los anillos triangulares a ambos lados de la c\u00e1mara<\/li>\n<li>Esta jaula es compatible con el Panasonic DMW-XLR1\/XLR2, pero el asa superior del kit<b> no lo es. <\/b> Si necesita usar el Panasonic DMW-XLR1 \/ XLR2, le recomendamos que use el [SmallRig Top Handle for Sony XLR-K1M \/ K2M \/ K3M and Panasonic DMW-XLR1 \/ XLR2 3082]<\/li>\n<li>Debe quitar la brida de la parte inferior del XLR antes de usar el 3082.<\/li>\n<\/ul>\n<p style=\"text-align: center;  \"><\/p>\n<p><\/p>\n<p><\/p>\n<p><b>Caracter\u00edsticas t\u00e9cnicas<\/b><\/p>\n<p><\/p>\n<div class=\"group_fDXOr6EpR9\" style=\"box-sizing: inherit; margin-bottom: 2.1875rem;\">\n<table class=\"table_fDXOr6EpR9\" data-selenium=\"specsItemGroupTable\" style=\"box-sizing: inherit; width: 936.65px;\">\n<tbody style=\"box-sizing: inherit;\">\n<tr class=\"pair_KqJ3Q3GPKv\" data-selenium=\"specsItemGroupTableRow\" style=\"box-sizing: inherit; border-bottom: 0.0625rem solid rgb(229, 229, 229);\">\n<td class=\"label_KqJ3Q3GPKv firstSpecWhenNoGroupName_KqJ3Q3GPKv\" data-selenium=\"specsItemGroupTableColumnLabel\" style=\"box-sizing: inherit; border-top: none; padding: 0px 0px 1.25rem; width: 355.925px; line-height: 1.375rem; vertical-align: baseline;\">Tipo de medio<\/td>\n<td class=\"value_KqJ3Q3GPKv firstSpecWhenNoGroupName_KqJ3Q3GPKv\" data-selenium=\"specsItemGroupTableColumnValue\" style=\"box-sizing: inherit; line-height: 1.375rem; vertical-align: baseline; padding: 0px 0px 1.25rem 2.5rem;\">\n<div class=\"expandableValue_KqJ3Q3GPKv\" style=\"box-sizing: inherit;\">Jaula, parada de manos<\/div>\n<\/td>\n<\/tr>\n<tr class=\"pair_KqJ3Q3GPKv\" data-selenium=\"specsItemGroupTableRow\" style=\"box-sizing: inherit; border-bottom: 0.0625rem solid rgb(229, 229, 229);\">\n<td class=\"label_KqJ3Q3GPKv\" data-selenium=\"specsItemGroupTableColumnLabel\" style=\"box-sizing: inherit; border-top: none; padding: 1.25rem 0px; width: 355.925px; line-height: 1.375rem; vertical-align: baseline;\">Tipo de mango<\/td>\n<td class=\"value_KqJ3Q3GPKv\" data-selenium=\"specsItemGroupTableColumnValue\" style=\"box-sizing: inherit; line-height: 1.375rem; vertical-align: baseline; padding: 1.25rem 0px 1.25rem 2.5rem;\">\n<div class=\"expandableValue_KqJ3Q3GPKv\" style=\"box-sizing: inherit;\">Mango desde arriba<\/div>\n<\/td>\n<\/tr>\n<tr class=\"pair_KqJ3Q3GPKv\" data-selenium=\"specsItemGroupTableRow\" style=\"box-sizing: inherit; border-bottom: 0.0625rem solid rgb(229, 229, 229);\">\n<td class=\"label_KqJ3Q3GPKv\" data-selenium=\"specsItemGroupTableColumnLabel\" style=\"box-sizing: inherit; border-top: none; padding: 1.25rem 0px; width: 355.925px; line-height: 1.375rem; vertical-align: baseline;\">Compatibilidad de la c\u00e1mara<\/td>\n<td class=\"value_KqJ3Q3GPKv\" data-selenium=\"specsItemGroupTableColumnValue\" style=\"box-sizing: inherit; line-height: 1.375rem; vertical-align: baseline; padding: 1.25rem 0px 1.25rem 2.5rem;\">\n<div class=\"expandableValue_KqJ3Q3GPKv\" style=\"box-sizing: inherit;\">Panasonic DC-GH6<\/div>\n<\/td>\n<\/tr>\n<\/tbody>\n<\/table>\n<\/div>\n<div class=\"group_fDXOr6EpR9\" style=\"box-sizing: inherit; margin-bottom: 2.1875rem;\">\n<div class=\"name_fDXOr6EpR9\" data-selenium=\"specsItemGroupName\" style=\"box-sizing: inherit; border-bottom: 0.125rem solid rgb(204, 204, 204); line-height: 2rem; padding: 1rem 0px 0.875rem;\">Montura<\/div>\n<table class=\"table_fDXOr6EpR9\" data-selenium=\"specsItemGroupTable\" style=\"box-sizing: inherit; width: 936.65px;\">\n<tbody style=\"box-sizing: inherit;\">\n<tr class=\"pair_KqJ3Q3GPKv\" data-selenium=\"specsItemGroupTableRow\" style=\"box-sizing: inherit; border-bottom: 0.0625rem solid rgb(229, 229, 229);\">\n<td class=\"label_KqJ3Q3GPKv \" data-selenium=\"specsItemGroupTableColumnLabel\" style=\"box-sizing: inherit; border-top: none; padding: 1.25rem 0px; width: 355.925px; line-height: 1.375rem; vertical-align: baseline;\">Patr\u00f3n de tallo<\/td>\n<td class=\"value_KqJ3Q3GPKv \" data-selenium=\"specsItemGroupTableColumnValue\" style=\"box-sizing: inherit; line-height: 1.375rem; vertical-align: baseline; padding: 1.25rem 0px 1.25rem 2.5rem;\">\n<div class=\"expandableValue_KqJ3Q3GPKv\" style=\"box-sizing: inherit;\">No especificado por el fabricante<\/div>\n<\/td>\n<\/tr>\n<tr class=\"pair_KqJ3Q3GPKv\" data-selenium=\"specsItemGroupTableRow\" style=\"box-sizing: inherit; border-bottom: 0.0625rem solid rgb(229, 229, 229);\">\n<td class=\"label_KqJ3Q3GPKv\" data-selenium=\"specsItemGroupTableColumnLabel\" style=\"box-sizing: inherit; border-top: none; padding: 1.25rem 0px; width: 355.925px; line-height: 1.375rem; vertical-align: baseline;\">Tipo de placa de bater\u00eda<\/td>\n<td class=\"value_KqJ3Q3GPKv\" data-selenium=\"specsItemGroupTableColumnValue\" style=\"box-sizing: inherit; line-height: 1.375rem; vertical-align: baseline; padding: 1.25rem 0px 1.25rem 2.5rem;\">\n<div class=\"expandableValue_KqJ3Q3GPKv\" style=\"box-sizing: inherit;\">No<\/div>\n<\/td>\n<\/tr>\n<tr class=\"pair_KqJ3Q3GPKv\" data-selenium=\"specsItemGroupTableRow\" style=\"box-sizing: inherit; border-bottom: 0.0625rem solid rgb(229, 229, 229);\">\n<td class=\"label_KqJ3Q3GPKv\" data-selenium=\"specsItemGroupTableColumnLabel\" style=\"box-sizing: inherit; border-top: none; padding: 1.25rem 0px; width: 355.925px; line-height: 1.375rem; vertical-align: baseline;\">Accesorios de montaje<\/td>\n<td class=\"value_KqJ3Q3GPKv\" data-selenium=\"specsItemGroupTableColumnValue\" style=\"box-sizing: inherit; line-height: 1.375rem; vertical-align: baseline; padding: 1.25rem 0px 1.25rem 2.5rem;\">\n<div class=\"expandableValue_KqJ3Q3GPKv\" style=\"box-sizing: inherit;\"><span style=\"box-sizing: inherit;\">M\u00faltiples roscas hembra de 1\/4&#8243;-20<br style=\"box-sizing: inherit;\">M\u00faltiples roscas hembra de 3\/8&#8243;-16<br style=\"box-sizing: inherit;\">1x QD (desprendimiento r\u00e1pido)<br style=\"box-sizing: inherit;\">1x Rosca hembra ARRI Anti-Twist 3\/8&#8243;-16<\/span><\/div>\n<\/td>\n<\/tr>\n<tr class=\"pair_KqJ3Q3GPKv\" data-selenium=\"specsItemGroupTableRow\" style=\"box-sizing: inherit; border-bottom: 0.0625rem solid rgb(229, 229, 229);\">\n<td class=\"label_KqJ3Q3GPKv\" data-selenium=\"specsItemGroupTableColumnLabel\" style=\"box-sizing: inherit; border-top: none; padding: 1.25rem 0px; width: 355.925px; line-height: 1.375rem; vertical-align: baseline;\">Soporte de c\u00e1mara<\/td>\n<td class=\"value_KqJ3Q3GPKv\" data-selenium=\"specsItemGroupTableColumnValue\" style=\"box-sizing: inherit; line-height: 1.375rem; vertical-align: baseline; padding: 1.25rem 0px 1.25rem 2.5rem;\">\n<div class=\"expandableValue_KqJ3Q3GPKv\" style=\"box-sizing: inherit;\">Perno macho 1\/4&#8243;-20<\/div>\n<\/td>\n<\/tr>\n<tr class=\"pair_KqJ3Q3GPKv\" data-selenium=\"specsItemGroupTableRow\" style=\"box-sizing: inherit; border-bottom: 0.0625rem solid rgb(229, 229, 229);\">\n<td class=\"label_KqJ3Q3GPKv\" data-selenium=\"specsItemGroupTableColumnLabel\" style=\"box-sizing: inherit; border-top: none; padding: 1.25rem 0px; width: 355.925px; line-height: 1.375rem; vertical-align: baseline;\">Tr\u00edpode<\/td>\n<td class=\"value_KqJ3Q3GPKv\" data-selenium=\"specsItemGroupTableColumnValue\" style=\"box-sizing: inherit; line-height: 1.375rem; vertical-align: baseline; padding: 1.25rem 0px 1.25rem 2.5rem;\">\n<div class=\"expandableValue_KqJ3Q3GPKv\" style=\"box-sizing: inherit;\">Rosca hembra de 1\/4&#8243;-20, placa Arca incorporada<\/div>\n<\/td>\n<\/tr>\n<tr class=\"pair_KqJ3Q3GPKv\" data-selenium=\"specsItemGroupTableRow\" style=\"box-sizing: inherit; border-bottom: 0.0625rem solid rgb(229, 229, 229);\">\n<td class=\"label_KqJ3Q3GPKv\" data-selenium=\"specsItemGroupTableColumnLabel\" style=\"box-sizing: inherit; border-top: none; padding: 1.25rem 0px; width: 355.925px; line-height: 1.375rem; vertical-align: baseline;\">Montaje de zapata<\/td>\n<td class=\"value_KqJ3Q3GPKv\" data-selenium=\"specsItemGroupTableColumnValue\" style=\"box-sizing: inherit; line-height: 1.375rem; vertical-align: baseline; padding: 1.25rem 0px 1.25rem 2.5rem;\">\n<div class=\"expandableValue_KqJ3Q3GPKv\" style=\"box-sizing: inherit;\"><span style=\"box-sizing: inherit;\"><span style=\"box-sizing: inherit; vertical-align: inherit;\">Jaula<\/span><br style=\"box-sizing: inherit;\">1x <span style=\"box-sizing: inherit; vertical-align: inherit;\">Asa superior<\/span><br style=\"box-sizing: inherit;\">Zapata fr\u00eda 2x Zapata fr\u00eda<\/span><\/div>\n<\/td>\n<\/tr>\n<tr class=\"pair_KqJ3Q3GPKv\" data-selenium=\"specsItemGroupTableRow\" style=\"box-sizing: inherit; border-bottom: 0.0625rem solid rgb(229, 229, 229);\">\n<td class=\"label_KqJ3Q3GPKv\" data-selenium=\"specsItemGroupTableColumnLabel\" style=\"box-sizing: inherit; border-top: none; padding: 1.25rem 0px; width: 355.925px; line-height: 1.375rem; vertical-align: baseline;\">Rosetones<\/td>\n<td class=\"value_KqJ3Q3GPKv\" data-selenium=\"specsItemGroupTableColumnValue\" style=\"box-sizing: inherit; line-height: 1.375rem; vertical-align: baseline; padding: 1.25rem 0px 1.25rem 2.5rem;\">\n<div class=\"expandableValue_KqJ3Q3GPKv\" style=\"box-sizing: inherit;\">No<\/div>\n<\/td>\n<\/tr>\n<tr class=\"pair_KqJ3Q3GPKv\" data-selenium=\"specsItemGroupTableRow\" style=\"box-sizing: inherit; border-bottom: 0.0625rem solid rgb(229, 229, 229);\">\n<td class=\"label_KqJ3Q3GPKv\" data-selenium=\"specsItemGroupTableColumnLabel\" style=\"box-sizing: inherit; border-top: none; padding: 1.25rem 0px; width: 355.925px; line-height: 1.375rem; vertical-align: baseline;\">Montaje en riel<\/td>\n<td class=\"value_KqJ3Q3GPKv\" data-selenium=\"specsItemGroupTableColumnValue\" style=\"box-sizing: inherit; line-height: 1.375rem; vertical-align: baseline; padding: 1.25rem 0px 1.25rem 2.5rem;\">\n<div class=\"expandableValue_KqJ3Q3GPKv\" style=\"box-sizing: inherit;\"><span style=\"box-sizing: inherit;\">1x Carril de la OTAN<\/span><\/div>\n<\/td>\n<\/tr>\n<tr class=\"pair_KqJ3Q3GPKv\" data-selenium=\"specsItemGroupTableRow\" style=\"box-sizing: inherit; border-bottom: 0.0625rem solid rgb(229, 229, 229);\">\n<td class=\"label_KqJ3Q3GPKv\" data-selenium=\"specsItemGroupTableColumnLabel\" style=\"box-sizing: inherit; border-top: none; padding: 1.25rem 0px; width: 355.925px; line-height: 1.375rem; vertical-align: baseline;\">Abrazadera de cable<\/td>\n<td class=\"value_KqJ3Q3GPKv\" data-selenium=\"specsItemGroupTableColumnValue\" style=\"box-sizing: inherit; line-height: 1.375rem; vertical-align: baseline; padding: 1.25rem 0px 1.25rem 2.5rem;\">\n<div class=\"expandableValue_KqJ3Q3GPKv\" style=\"box-sizing: inherit;\">1x abrazadera combinada HDMI y USB-C<\/div>\n<\/td>\n<\/tr>\n<\/tbody>\n<\/table>\n<\/div>\n<div class=\"group_fDXOr6EpR9\" style=\"box-sizing: inherit; margin-bottom: 2.1875rem;\">\n<div class=\"name_fDXOr6EpR9\" data-selenium=\"specsItemGroupName\" style=\"box-sizing: inherit; border-bottom: 0.125rem solid rgb(204, 204, 204); line-height: 2rem; padding: 1rem 0px 0.875rem;\">Generalmente<\/div>\n<table class=\"table_fDXOr6EpR9\" data-selenium=\"specsItemGroupTable\" style=\"box-sizing: inherit; width: 936.65px;\">\n<tbody style=\"box-sizing: inherit;\">\n<tr class=\"pair_KqJ3Q3GPKv\" data-selenium=\"specsItemGroupTableRow\" style=\"box-sizing: inherit; border-bottom: 0.0625rem solid rgb(229, 229, 229);\">\n<td class=\"label_KqJ3Q3GPKv \" data-selenium=\"specsItemGroupTableColumnLabel\" style=\"box-sizing: inherit; border-top: none; padding: 1.25rem 0px; width: 355.925px; line-height: 1.375rem; vertical-align: baseline;\">Materiales<\/td>\n<td class=\"value_KqJ3Q3GPKv \" data-selenium=\"specsItemGroupTableColumnValue\" style=\"box-sizing: inherit; line-height: 1.375rem; vertical-align: baseline; padding: 1.25rem 0px 1.25rem 2.5rem;\">\n<div class=\"expandableValue_KqJ3Q3GPKv\" style=\"box-sizing: inherit;\">Aluminio, Silicona, Acero inoxidable<\/div>\n<\/td>\n<\/tr>\n<tr class=\"pair_KqJ3Q3GPKv\" data-selenium=\"specsItemGroupTableRow\" style=\"box-sizing: inherit; border-bottom: 0.0625rem solid rgb(229, 229, 229);\">\n<td class=\"label_KqJ3Q3GPKv\" data-selenium=\"specsItemGroupTableColumnLabel\" style=\"box-sizing: inherit; border-top: none; padding: 1.25rem 0px; width: 355.925px; line-height: 1.375rem; vertical-align: baseline;\">Dimensiones<\/td>\n<td class=\"value_KqJ3Q3GPKv\" data-selenium=\"specsItemGroupTableColumnValue\" style=\"box-sizing: inherit; line-height: 1.375rem; vertical-align: baseline; padding: 1.25rem 0px 1.25rem 2.5rem;\">\n<div class=\"expandableValue_KqJ3Q3GPKv\" style=\"box-sizing: inherit;\">183 x 174,5 x 135 mm<\/div>\n<\/td>\n<\/tr>\n<tr class=\"pair_KqJ3Q3GPKv\" data-selenium=\"specsItemGroupTableRow\" style=\"box-sizing: inherit; border-bottom: 0.0625rem solid rgb(229, 229, 229);\">\n<td class=\"label_KqJ3Q3GPKv\" data-selenium=\"specsItemGroupTableColumnLabel\" style=\"box-sizing: inherit; border-top: none; padding: 1.25rem 0px; width: 355.925px; line-height: 1.375rem; vertical-align: baseline;\">Peso<\/td>\n<td class=\"value_KqJ3Q3GPKv\" data-selenium=\"specsItemGroupTableColumnValue\" style=\"box-sizing: inherit; line-height: 1.375rem; vertical-align: baseline; padding: 1.25rem 0px 1.25rem 2.5rem;\">\n<div class=\"expandableValue_KqJ3Q3GPKv\" style=\"box-sizing: inherit;\">341 gramos<\/div>\n<\/td>\n<\/tr>\n<\/tbody>\n<\/table>\n<\/div>\n<p><\/p>\n<p><\/p>\n","protected":false},"excerpt":{"rendered":"<p>SMALLRIG 4825 Kit de jaula HawkLock para LUMIX GH7 GH6 Funciones Jaula completa para Lumix GH7\/GH6 Asa superior con soporte<\/p>\n","protected":false},"featured_media":68057,"comment_status":"closed","ping_status":"open","template":"","meta":{"_acf_changed":false},"product_brand":[2550],"product_cat":[1106],"product_tag":[],"class_list":{"0":"post-82171","1":"product","2":"type-product","3":"status-publish","4":"has-post-thumbnail","6":"product_brand-smallrig-es","7":"product_cat-kits-cages-es","9":"first","10":"onbackorder","11":"taxable","12":"shipping-taxable","13":"purchasable","14":"product-type-simple"},"bundled_by":[],"bundle_stock_status":"onbackorder","bundle_stock_quantity":null,"bundle_virtual":false,"bundle_layout":"","bundle_add_to_cart_form_location":"","bundle_editable_in_cart":false,"bundle_sold_individually_context":"","bundle_item_grouping":"","bundle_min_size":"","bundle_max_size":"","bundle_price":[],"bundled_items":[],"bundle_sell_ids":[],"acf":[],"_links":{"self":[{"href":"https:\/\/hi-techwonder.com\/es\/wp-json\/wp\/v2\/product\/82171","targetHints":{"allow":["GET"]}}],"collection":[{"href":"https:\/\/hi-techwonder.com\/es\/wp-json\/wp\/v2\/product"}],"about":[{"href":"https:\/\/hi-techwonder.com\/es\/wp-json\/wp\/v2\/types\/product"}],"replies":[{"embeddable":true,"href":"https:\/\/hi-techwonder.com\/es\/wp-json\/wp\/v2\/comments?post=82171"}],"wp:featuredmedia":[{"embeddable":true,"href":"https:\/\/hi-techwonder.com\/es\/wp-json\/wp\/v2\/media\/68057"}],"wp:attachment":[{"href":"https:\/\/hi-techwonder.com\/es\/wp-json\/wp\/v2\/media?parent=82171"}],"wp:term":[{"taxonomy":"product_brand","embeddable":true,"href":"https:\/\/hi-techwonder.com\/es\/wp-json\/wp\/v2\/product_brand?post=82171"},{"taxonomy":"product_cat","embeddable":true,"href":"https:\/\/hi-techwonder.com\/es\/wp-json\/wp\/v2\/product_cat?post=82171"},{"taxonomy":"product_tag","embeddable":true,"href":"https:\/\/hi-techwonder.com\/es\/wp-json\/wp\/v2\/product_tag?post=82171"}],"curies":[{"name":"wp","href":"https:\/\/api.w.org\/{rel}","templated":true}]}}