{"id":82172,"date":"2025-07-29T10:41:58","date_gmt":"2025-07-29T10:41:58","guid":{"rendered":"https:\/\/hi-techwonder.com\/product\/kit-de-video-de-aluminio-para-tripode-manfrotto-cabezal-de-video-fluido\/"},"modified":"2026-01-31T01:29:54","modified_gmt":"2026-01-31T01:29:54","slug":"manfrotto-kit-de-video-de-aluminio-para-tripode-manfrotto-cabezal-de-video-fluido","status":"publish","type":"product","link":"https:\/\/hi-techwonder.com\/es\/producto\/manfrotto-kit-de-video-de-aluminio-para-tripode-manfrotto-cabezal-de-video-fluido\/","title":{"rendered":"Kit de video de aluminio para tr\u00edpode MANFROTTO + cabezal de video fluido"},"content":{"rendered":"<h3 data-start=\"0\" data-end=\"86\"><strong data-start=\"4\" data-end=\"86\">Kit de tr\u00edpode Manfrotto <\/strong><strong data-start=\"4\" data-end=\"86\">Video de aluminio + cabezal de video fluido (MVK502055XPRO3V)<\/strong><\/h3>\n<hr data-start=\"88\" data-end=\"91\">\n<h3 data-start=\"93\" data-end=\"116\"><strong data-start=\"97\" data-end=\"116\">Funciones<\/strong><\/h3>\n<ul data-start=\"118\" data-end=\"1794\">\n<li data-start=\"118\" data-end=\"480\">\n<p data-start=\"120\" data-end=\"480\"><strong data-start=\"120\" data-end=\"141\">Cabezal fluido 502<\/strong><br data-start=\"141\" data-end=\"144\">El 502 (c\u00f3digo MVH502AH, base plana) es un cabezal de video fluido de rango medio dise\u00f1ado para c\u00e1maras con \u00f3pticas intercambiables y configuraciones DSLR \/ sin espejo. Cuenta con controles de arrastre ajustables en p\u00e9rdida e inclinaci\u00f3n, y un contrapeso preestablecido que soporta hasta aprox. 4 kg, lo que permite movimientos suaves y predecibles.  <\/p>\n<\/li>\n<li data-start=\"482\" data-end=\"814\">\n<p data-start=\"484\" data-end=\"814\"><strong data-start=\"484\" data-end=\"509\">Tr\u00edpode de aluminio 055<\/strong><br data-start=\"509\" data-end=\"512\">Cuenta con la reconocida robustez de la l\u00ednea 055, con patas de aluminio y sistema Quick Power Lock (QPL) que ofrece seguridad y facilidad en el ajuste de las secciones. Este kit est\u00e1 dise\u00f1ado espec\u00edficamente para aplicaciones de video, lo que garantiza estabilidad y flexibilidad para diferentes encuadres. <\/p>\n<\/li>\n<li data-start=\"816\" data-end=\"1115\">\n<p data-start=\"818\" data-end=\"1115\"><strong data-start=\"818\" data-end=\"860\">Columna central con abrazadera de video<\/strong><br data-start=\"860\" data-end=\"863\">El 055 tiene una columna central adaptada para video, lo que le permite combinar una base de 75 mm (recipiente no incluido) u otras soluciones de nivelaci\u00f3n. Esto da como resultado movimientos fluidos, especialmente cuando se dispara al aire libre o en terrenos irregulares. <\/p>\n<\/li>\n<li data-start=\"1117\" data-end=\"1329\">\n<p data-start=\"1119\" data-end=\"1329\"><strong data-start=\"1119\" data-end=\"1154\">Capacidad de carga para filmaci\u00f3n<\/strong><br data-start=\"1154\" data-end=\"1157\">Combinado, el kit soporta hasta unos 7 u 8 kg (ver especificaciones exactas), adecuado para videoc\u00e1maras de gama media, DSLR o c\u00e1maras sin espejo con lentes y accesorios.<\/p>\n<\/li>\n<li data-start=\"1331\" data-end=\"1552\">\n<p data-start=\"1333\" data-end=\"1552\"><strong data-start=\"1333\" data-end=\"1370\">Movimientos precisos de giro e inclinaci\u00f3n<\/strong><br data-start=\"1370\" data-end=\"1373\">El cabezal 502 incluye cartuchos de fluido que generan una resistencia constante en los ejes horizontal y vertical, ayudando a mantener la fluidez de los movimientos y evitando saltos bruscos.<\/p>\n<\/li>\n<li data-start=\"1554\" data-end=\"1794\">\n<p data-start=\"1556\" data-end=\"1794\"><strong data-start=\"1556\" data-end=\"1586\">Conectividad de accesorios<\/strong><br data-start=\"1586\" data-end=\"1589\">El cabezal 502 tiene una rosca Easy Link de 3\/8\u00bb para sujetar abrazaderas, monitores o iluminaci\u00f3n LED. El tr\u00edpode 055 ofrece pines y conectores para acomodar soportes, lo que garantiza una mayor versatilidad en el set. <\/p>\n<p data-start=\"1556\" data-end=\"1794\"><\/p>\n<\/li>\n<\/ul>\n<hr data-start=\"1796\" data-end=\"1799\">\n<h3 data-start=\"1801\" data-end=\"1830\"><strong data-start=\"1805\" data-end=\"1830\">Contenido del paquete<\/strong><\/h3>\n<ul data-start=\"1832\" data-end=\"2249\">\n<li data-start=\"1832\" data-end=\"1894\">1 \u00d7 <strong data-start=\"1838\" data-end=\"1869\">Manfrotto 502 Cabezal fluido<\/strong> (MVH502AH, base plana)<\/li>\n<li data-start=\"1895\" data-end=\"1973\">1 \u00d7 <strong data-start=\"1901\" data-end=\"1927\">Placa de acoplamiento r\u00e1pido<\/strong> (deslizante, modelo 504PLONG o similar)<\/li>\n<li data-start=\"1974\" data-end=\"2078\">1 <strong data-start=\"1980\" data-end=\"2021\">\u00d7 Tr\u00edpode de aluminio con video Manfrotto 055<\/strong> (modelo compatible con referencia \u00abXPRO3V\u00bb o similar)<\/li>\n<li data-start=\"2079\" data-end=\"2134\">1 \u00d7 <strong data-start=\"2085\" data-end=\"2115\">Asa\/correa de transporte<\/strong> (si corresponde)<\/li>\n<li data-start=\"2135\" data-end=\"2189\">1 \u00d7 Herramientas de <strong data-start=\"2141\" data-end=\"2172\">ajuste \/ llave<\/strong> (si se suministran)<\/li>\n<li data-start=\"2190\" data-end=\"2249\"><strong data-start=\"2192\" data-end=\"2217\">Manuales de instrucciones<\/strong> y\/o documentaci\u00f3n del fabricante<\/li>\n<\/ul>\n<p data-start=\"2251\" data-end=\"2316\"><em data-start=\"2251\" data-end=\"2316\">(El contenido exacto puede variar seg\u00fan la regi\u00f3n o las promociones).<\/em><\/p>\n<hr data-start=\"2318\" data-end=\"2321\">\n<h3 data-start=\"2323\" data-end=\"2350\"><strong data-start=\"2327\" data-end=\"2350\">Descripci\u00f3n detallada<\/strong><\/h3>\n<p data-start=\"2352\" data-end=\"2775\">El <strong data-start=\"2354\" data-end=\"2436\">Manfrotto 502 Fluid Video Head + 055 Video Tr\u00edpode en Aluminio (MVK502055XPRO3V)<\/strong> es un kit completo para profesionales y aficionados avanzados que desean calidad y estabilidad en las producciones audiovisuales. El cabezal fluido 502 cuenta con un sistema de arrastre ajustable que proporciona movimientos suaves de giro e inclinaci\u00f3n, adem\u00e1s de un contrapeso preestablecido que ayuda a equilibrar configuraciones de c\u00e1mara de hasta aproximadamente 4 kg. <\/p>\n<p data-start=\"2777\" data-end=\"3167\">El tr\u00edpode 055, por su parte, garantiza una base de aluminio firme, con patas segmentadas y bloqueos r\u00e1pidos QPL para ajustes pr\u00e1cticos. La columna central permite un ajuste r\u00e1pido de la altura y, junto con las patas, permite diferentes \u00e1ngulos de disparo. Es especialmente \u00fatil para filmar en movimiento, asegurando comodidad para un uso prolongado gracias a la ergonom\u00eda y robustez de los materiales.  <\/p>\n<p data-start=\"3169\" data-end=\"3376\">Este kit es ideal para capturar eventos, ceremonias, entrevistas y reportajes, as\u00ed como escenarios de estudio, ofreciendo un excelente compromiso entre portabilidad, durabilidad y resultados profesionales.<\/p>\n<p data-start=\"3169\" data-end=\"3376\"><\/p>\n<hr data-start=\"3378\" data-end=\"3381\">\n<h3 data-start=\"3383\" data-end=\"3416\"><strong data-start=\"3387\" data-end=\"3414\">Especificaciones t\u00e9cnicas<\/strong><\/h3>\n<p data-start=\"3417\" data-end=\"3523\"><em data-start=\"3417\" data-end=\"3523\">(Los valores a continuaci\u00f3n son aproximados; consulte el manual o el sitio web oficial de Manfrotto para obtener datos completos).<\/em><\/p>\n<ul data-start=\"3525\" data-end=\"4243\">\n<li data-start=\"3525\" data-end=\"3563\"><strong data-start=\"3527\" data-end=\"3545\">Modelo de kit:<\/strong> MVK502055XPRO3V<\/li>\n<li data-start=\"3564\" data-end=\"3888\"><strong data-start=\"3566\" data-end=\"3577\">Cabeza:<\/strong> Manfrotto 502 (Base plana)\n<ul data-start=\"3609\" data-end=\"3888\">\n<li data-start=\"3609\" data-end=\"3667\">Rango de carga recomendado: ~4 kg (contrapeso efectivo)<\/li>\n<li data-start=\"3670\" data-end=\"3720\">Capacidad m\u00e1xima: ~7 kg (ver documentaci\u00f3n)<\/li>\n<li data-start=\"3723\" data-end=\"3766\">Inclinaci\u00f3n: -80\u00b0 a +90\u00b0 (aprox.)<\/li>\n<li data-start=\"3769\" data-end=\"3802\">Rotaci\u00f3n (panor\u00e1mica): 360\u00b0 continua<\/li>\n<li data-start=\"3805\" data-end=\"3854\">Placa de acoplamiento r\u00e1pido: 504PLONG (o similar)<\/li>\n<li data-start=\"3857\" data-end=\"3888\">Roscas Easy Link: 1 \u00d7 3\/8\u00bb<\/li>\n<\/ul>\n<\/li>\n<li data-start=\"3889\" data-end=\"4137\"><strong data-start=\"3891\" data-end=\"3901\">Tr\u00edpode:<\/strong> Manfrotto 055 en Aluminio (versi\u00f3n en video)\n<ul data-start=\"3947\" data-end=\"4137\">\n<li data-start=\"3947\" data-end=\"3972\">Secciones de piernas: 3<\/li>\n<li data-start=\"3975\" data-end=\"4024\">Altura m\u00e1xima (con la columna extendida): \u00b1180 cm<\/li>\n<li data-start=\"4027\" data-end=\"4066\">Altura m\u00ednima: \u00b130-40 cm (variable)<\/li>\n<li data-start=\"4069\" data-end=\"4099\">Tama\u00f1o plegado: ~70-75 cm<\/li>\n<li data-start=\"4102\" data-end=\"4137\">Peso del tr\u00edpode: ~2,5 kg (aprox.)<\/li>\n<\/ul>\n<\/li>\n<li data-start=\"4138\" data-end=\"4183\"><strong data-start=\"4140\" data-end=\"4162\">Peso total del kit:<\/strong> ~3,5-4 kg (aprox.)<\/li>\n<li data-start=\"4184\" data-end=\"4243\"><strong data-start=\"4186\" data-end=\"4218\">Tipo de bloqueo de patas:<\/strong> Bloqueo de energ\u00eda r\u00e1pido (QPL)<\/li>\n<\/ul>\n<hr data-start=\"4245\" data-end=\"4248\">\n<h3 data-start=\"4250\" data-end=\"4282\"><strong data-start=\"4254\" data-end=\"4280\">Informaci\u00f3n adicional<\/strong><\/h3>\n<p data-start=\"4283\" data-end=\"4457\">Nota: Las im\u00e1genes son solo para fines ilustrativos. Equipo adicional como c\u00e1maras y accesorios no incluidos. Consulte el contenido y las especificaciones del paquete para obtener m\u00e1s detalles.  <\/p>\n","protected":false},"excerpt":{"rendered":"<p>Kit de tr\u00edpode Manfrotto Video de aluminio + cabezal de video fluido (MVK502055XPRO3V) Funciones Cabezal fluido 502El 502 (c\u00f3digo MVH502AH,<\/p>\n","protected":false},"featured_media":66377,"comment_status":"closed","ping_status":"open","template":"","meta":{"_acf_changed":false},"product_brand":[2581],"product_cat":[1091],"product_tag":[],"class_list":{"0":"post-82172","1":"product","2":"type-product","3":"status-publish","4":"has-post-thumbnail","6":"product_brand-manfrotto-es","7":"product_cat-kits-de-video-es","9":"first","10":"instock","11":"taxable","12":"shipping-taxable","13":"purchasable","14":"product-type-simple"},"bundled_by":[],"bundle_stock_status":"instock","bundle_stock_quantity":1,"bundle_virtual":false,"bundle_layout":"","bundle_add_to_cart_form_location":"","bundle_editable_in_cart":false,"bundle_sold_individually_context":"","bundle_item_grouping":"","bundle_min_size":"","bundle_max_size":"","bundle_price":[],"bundled_items":[],"bundle_sell_ids":[],"acf":[],"_links":{"self":[{"href":"https:\/\/hi-techwonder.com\/es\/wp-json\/wp\/v2\/product\/82172","targetHints":{"allow":["GET"]}}],"collection":[{"href":"https:\/\/hi-techwonder.com\/es\/wp-json\/wp\/v2\/product"}],"about":[{"href":"https:\/\/hi-techwonder.com\/es\/wp-json\/wp\/v2\/types\/product"}],"replies":[{"embeddable":true,"href":"https:\/\/hi-techwonder.com\/es\/wp-json\/wp\/v2\/comments?post=82172"}],"wp:featuredmedia":[{"embeddable":true,"href":"https:\/\/hi-techwonder.com\/es\/wp-json\/wp\/v2\/media\/66377"}],"wp:attachment":[{"href":"https:\/\/hi-techwonder.com\/es\/wp-json\/wp\/v2\/media?parent=82172"}],"wp:term":[{"taxonomy":"product_brand","embeddable":true,"href":"https:\/\/hi-techwonder.com\/es\/wp-json\/wp\/v2\/product_brand?post=82172"},{"taxonomy":"product_cat","embeddable":true,"href":"https:\/\/hi-techwonder.com\/es\/wp-json\/wp\/v2\/product_cat?post=82172"},{"taxonomy":"product_tag","embeddable":true,"href":"https:\/\/hi-techwonder.com\/es\/wp-json\/wp\/v2\/product_tag?post=82172"}],"curies":[{"name":"wp","href":"https:\/\/api.w.org\/{rel}","templated":true}]}}