{"id":82174,"date":"2025-07-29T10:43:17","date_gmt":"2025-07-29T10:43:17","guid":{"rendered":"https:\/\/hi-techwonder.com\/product\/tripode-hidraulico-de-fibra-de-carbono-tribex-x-potato-jet-smallrig\/"},"modified":"2026-01-31T01:29:16","modified_gmt":"2026-01-31T01:29:16","slug":"smallrig-tripode-hidraulico-de-fibra-de-carbono-tribex-x-potato-jet-smallrig","status":"publish","type":"product","link":"https:\/\/hi-techwonder.com\/es\/producto\/smallrig-tripode-hidraulico-de-fibra-de-carbono-tribex-x-potato-jet-smallrig\/","title":{"rendered":"Tr\u00edpode hidr\u00e1ulico de fibra de carbono TRIBEX x Potato Jet SMALLRIG"},"content":{"rendered":"<p><strong>T\u00edtulo:<\/strong> Kit de tr\u00edpode hidr\u00e1ulico de fibra de carbono SmallRig x Potato Jet TRIBEX (serie Origin) &#8211; Tr\u00edpode de fibra de carbono con tecnolog\u00eda hidr\u00e1ulica para profesionales de la fotograf\u00eda y el video<\/p>\n<hr>\n<p><strong>Funciones<\/strong><\/p>\n<ul>\n<li><strong>Tecnolog\u00eda hidr\u00e1ulica patentada X-Clutch<\/strong>: El dise\u00f1o hidr\u00e1ulico \u00fanico del TRIBEX permite ajustes m\u00e1s r\u00e1pidos y suaves, con control ergon\u00f3mico para una f\u00e1cil operaci\u00f3n con una sola mano.<\/li>\n<li><strong>Construcci\u00f3n de fibra de carbono<\/strong>: Ligero y duradero, ideal para el transporte y las sesiones de fotos o videos en lugares remotos.<\/li>\n<li><strong>Cabezal fluido vers\u00e1til:<\/strong> Ofrece movimientos suaves de giro e inclinaci\u00f3n, con ajustes de arrastre para un control preciso en una variedad de estilos de grabaci\u00f3n.<\/li>\n<li><strong>Experiencia de movimiento suave<\/strong>: el contrapeso din\u00e1mico de 4 pasos soporta hasta 6 kg (13,2 lb), lo que garantiza la estabilidad incluso en entornos pesados.<\/li>\n<li><strong>Columna central desmontable<\/strong>: altura de trabajo de 27 a 168 cm, lo que permite tomas de \u00e1ngulo ultra bajo para una amplia variedad de perspectivas creativas.<\/li>\n<\/ul>\n<hr>\n<p><strong>Contenido del paquete<\/strong><\/p>\n<ul>\n<li>1 Un. Tr\u00edpode SmallRig x Potato Jet TRIBEX (Serie Origin) <\/li>\n<li>1 Un. Llave Allen <\/li>\n<li>1 Un. Tarjeta de garant\u00eda <\/li>\n<li>1 Un. Bolsa de almacenamiento <\/li>\n<li>1 Un. Soporte para tel\u00e9fono inteligente <\/li>\n<\/ul>\n<hr>\n<p><iframe loading=\"lazy\" frameborder=\"0\" src=\"https:\/\/www.youtube.com\/embed\/jKEVcVaUy-o?start=2\" width=\"640\" height=\"360\"><\/iframe><strong><br \/>Descripci\u00f3n detallada<\/strong><br \/>\n<br \/>El <strong>kit de tr\u00edpode hidr\u00e1ulico de fibra de carbono SmallRig x Potato Jet TRIBEX (serie Origin)<\/strong> es un tr\u00edpode de edici\u00f3n limitada dise\u00f1ado para fot\u00f3grafos y cineastas que buscan un soporte ligero y resistente. Con solo 3,8 kg, este tr\u00edpode es perfecto para transportar mientras mantiene una durabilidad esencial para un uso intensivo. La tecnolog\u00eda hidr\u00e1ulica X-Clutch proporciona un ajuste r\u00e1pido de las piernas, y la construcci\u00f3n de fibra de carbono garantiza la estabilidad sin comprometer la comodidad.  <\/p>\n<p>El cabezal fluido permite ajustes suaves con control continuo de giro e inclinaci\u00f3n, mientras que el sistema de contrapeso din\u00e1mico de 4 pasos admite c\u00e1maras de hasta 6 kg. La columna central desmontable facilita el disparo en \u00e1ngulos bajos, y la compatibilidad con las placas de liberaci\u00f3n r\u00e1pida Manfrotto y DJI RS ampl\u00eda sus posibilidades. <\/p>\n<hr>\n<p><strong><br \/>Especificaciones t\u00e9cnicas<\/strong><\/p>\n<ul>\n<li><strong>Dimensiones del producto<\/strong>: 790 x 140 x 120 mm (31,1 x 5,5 x 4,73 pulgadas)<\/li>\n<li><strong>Dimensiones del paquete<\/strong>: 880 x 175 x 175 mm (34,6 x 6,9 x 6,9 pulgadas)<\/li>\n<li><strong>Peso del producto<\/strong>: 3,8 \u00b1 0,1 kg (8,4 \u00b1 0,2 lb)<\/li>\n<li><strong>Peso del paquete<\/strong>: 5,5 \u00b1 0,1 kg (12,1 \u00b1 0,2 lb)<\/li>\n<li><strong>Altura de trabajo<\/strong>: 27 a 168 cm (10,6 a 66,1 pulgadas)<\/li>\n<li><strong>Longitud almacenada<\/strong>: 79 cm (31,1 pulgadas)<\/li>\n<li><strong>Capacidad de carga<\/strong> de la cabeza: 6 kg (13,2 lb)<\/li>\n<li><strong>Capacidad de carga del tr\u00edpode<\/strong>: 25 kg (55 lb, con la columna central retra\u00edda y la cabeza retirada)<\/li>\n<li><strong>Material<\/strong>: fibra de carbono, aleaci\u00f3n de aluminio, acero inoxidable, POM y silicona<\/li>\n<li><strong>Temperatura de funcionamiento<\/strong>: -20 \u00b0C a 65 \u00b0C (-4 \u00b0F a 149 \u00b0F)<\/li>\n<li><strong>Inclinaci\u00f3n<\/strong>: +90\u00b0 a -65\u00b0<\/li>\n<li><strong>Control de arrastre y contrapeso<\/strong>: 4 pasos, continuo<\/li>\n<li><strong>Secciones de piernas<\/strong>: 3<\/li>\n<li><strong>Di\u00e1metro de la pata<\/strong>: 29,5 mm, 25,5 mm y 22,0 mm<\/li>\n<li><strong>Accesorios<\/strong>: Compatible con placas Manfrotto y DJI RS; Roscas de 1\/4&#8243;-20 para accesorios<\/li>\n<\/ul>\n<hr>\n<p><strong>Otras caracter\u00edsticas<\/strong><\/p>\n<ul>\n<li><strong>Compatibilidad de accesorios<\/strong>: Placas de liberaci\u00f3n r\u00e1pida Manfrotto y DJI RS, con montura de 1\/4&#8243;-20 y 3\/8&#8243;-16 para c\u00e1maras y accesorios.<\/li>\n<li><strong>Niveles de burbuja<\/strong>: presentes en la cabeza y las patas del tr\u00edpode para una alineaci\u00f3n precisa.<\/li>\n<li><strong>Pies extra\u00edbles<\/strong>: Pies de goma y p\u00faas para diferentes superficies.<\/li>\n<li><strong>Sistema de bloqueo de patas<\/strong>: cierre de palanca para mayor seguridad y ajuste r\u00e1pido.<\/li>\n<li><strong>Resistencia probada<\/strong>: M\u00e1s de 10,000 pruebas de pendiente y bandeja con una fuerza de amortiguaci\u00f3n constante.<\/li>\n<\/ul>\n<hr>\n<p><strong>Dimensiones del paquete<\/strong><\/p>\n<ul>\n<li><strong>Peso total del paquete<\/strong>: 5,5 kg<\/li>\n<li><strong>Dimensiones del paquete<\/strong>: 880 x 175 x 175 mm (34,6 x 6,9 x 6,9 pulgadas)<\/li>\n<\/ul>\n<hr>\n<p><strong>Informaci\u00f3n adicional<\/strong><br \/>\n<br \/>Nota: Im\u00e1genes ilustrativas. Equipo adicional no incluido. Consulte el contenido y las especificaciones del paquete para obtener m\u00e1s detalles.  <\/p>\n","protected":false},"excerpt":{"rendered":"<p>T\u00edtulo: Kit de tr\u00edpode hidr\u00e1ulico de fibra de carbono SmallRig x Potato Jet TRIBEX (serie Origin) &#8211; Tr\u00edpode de fibra<\/p>\n","protected":false},"featured_media":66586,"comment_status":"closed","ping_status":"open","template":"","meta":{"_acf_changed":false},"product_brand":[2550],"product_cat":[1091],"product_tag":[],"class_list":{"0":"post-82174","1":"product","2":"type-product","3":"status-publish","4":"has-post-thumbnail","6":"product_brand-smallrig-es","7":"product_cat-kits-de-video-es","9":"first","10":"onbackorder","11":"taxable","12":"shipping-taxable","13":"purchasable","14":"product-type-simple"},"bundled_by":[],"bundle_stock_status":"onbackorder","bundle_stock_quantity":null,"bundle_virtual":false,"bundle_layout":"","bundle_add_to_cart_form_location":"","bundle_editable_in_cart":false,"bundle_sold_individually_context":"","bundle_item_grouping":"","bundle_min_size":"","bundle_max_size":"","bundle_price":[],"bundled_items":[],"bundle_sell_ids":[],"acf":[],"_links":{"self":[{"href":"https:\/\/hi-techwonder.com\/es\/wp-json\/wp\/v2\/product\/82174","targetHints":{"allow":["GET"]}}],"collection":[{"href":"https:\/\/hi-techwonder.com\/es\/wp-json\/wp\/v2\/product"}],"about":[{"href":"https:\/\/hi-techwonder.com\/es\/wp-json\/wp\/v2\/types\/product"}],"replies":[{"embeddable":true,"href":"https:\/\/hi-techwonder.com\/es\/wp-json\/wp\/v2\/comments?post=82174"}],"wp:featuredmedia":[{"embeddable":true,"href":"https:\/\/hi-techwonder.com\/es\/wp-json\/wp\/v2\/media\/66586"}],"wp:attachment":[{"href":"https:\/\/hi-techwonder.com\/es\/wp-json\/wp\/v2\/media?parent=82174"}],"wp:term":[{"taxonomy":"product_brand","embeddable":true,"href":"https:\/\/hi-techwonder.com\/es\/wp-json\/wp\/v2\/product_brand?post=82174"},{"taxonomy":"product_cat","embeddable":true,"href":"https:\/\/hi-techwonder.com\/es\/wp-json\/wp\/v2\/product_cat?post=82174"},{"taxonomy":"product_tag","embeddable":true,"href":"https:\/\/hi-techwonder.com\/es\/wp-json\/wp\/v2\/product_tag?post=82174"}],"curies":[{"name":"wp","href":"https:\/\/api.w.org\/{rel}","templated":true}]}}