{"id":82181,"date":"2025-07-29T09:59:45","date_gmt":"2025-07-29T09:59:45","guid":{"rendered":"https:\/\/hi-techwonder.com\/product\/godox-sub-flash-godox-para-v1pro-su100\/"},"modified":"2025-11-04T14:19:32","modified_gmt":"2025-11-04T14:19:32","slug":"godox-sub-flash-godox-para-v1pro-su100","status":"publish","type":"product","link":"https:\/\/hi-techwonder.com\/es\/producto\/godox-sub-flash-godox-para-v1pro-su100\/","title":{"rendered":"GODOX Sub-Flash Godox para V1Pro SU100"},"content":{"rendered":"<p><b>GODOX Sub-Flash Godox para V1Pro SU1<\/b><\/p>\n<p><b><br \/><\/b><\/p>\n<p><b>Funciones  <\/b><\/p>\n<ul>\n<li>Accesorio dedicado V1Pro<\/li>\n<li>Subdestello de 1\/128 a 1\/1 y de -3 a +3 EV en incrementos de 1\/3<\/li>\n<li>Luz de relleno auxiliar<\/li>\n<li>  F\u00e1cil de colocar y quitar<\/li>\n<\/ul>\n<p><\/p>\n<p><\/p>\n<p><b>Contenido del paquete<\/b><\/p>\n<ul>\n<li>1 x Flash externo Godox para V1Pro SU100<\/li>\n<\/ul>\n<p><\/p>\n<p>&nbsp; &nbsp; &nbsp;&nbsp;<\/p>\n<p><\/p>\n<p><\/p>\n<p><b>Innovador flash externo SU-1<\/b><\/p>\n<ul>\n<li>Godox es pionero en el revolucionario componente de luz de relleno desmontable SU-1 que permite que un V1Pro funcione sin problemas como flash de rebote y luz de relleno<\/li>\n<\/ul>\n<p><\/p>\n<p><\/p>\n<ul>\n<li>Dise\u00f1ado espec\u00edficamente para el V1Pro, este Godox Sub-Flash se puede encender o apagar f\u00e1cilmente desde la parte frontal de su flash. Cuando se enciende, el flash secundario suena como una luz de relleno auxiliar que puede ser \u00fatil para tomas de retratos. <\/li>\n<\/ul>\n<p><\/p>\n<ul>\n<li>Los usuarios tienen la capacidad de ajustar la salida del subflash de 1\/128 a 1\/1 y de -3 a +3 EV en incrementos de 1\/3. Informaci\u00f3n adicional El cabezal del flash V1Pro debe elevarse para el uso del flash secundario, que no funciona en la transmisi\u00f3n inal\u00e1mbrica o la sincronizaci\u00f3n de alta velocidad. <\/li>\n<\/ul>\n<p><\/p>\n<ul>\n<li>El SU-1 es vers\u00e1til, maniobrable y reactivo en disparos din\u00e1micos. El dise\u00f1o extra\u00edble tambi\u00e9n ofrece una soluci\u00f3n ligera cuando es necesario. Cuando se enciende, el SU-1 act\u00faa como una luz de relleno adicional que puede ser \u00fatil para tomas de retratos.  <\/li>\n<\/ul>\n<p><\/p>\n<ul>\n<li>El GODOX SU-1 Sub-Flash est\u00e1 dise\u00f1ado para su uso con el flash giratorio GODOX V1Pro de cabeza redonda. Este peque\u00f1o e innovador subflash se encuentra justo debajo de la cabeza del flash principal del V1, lo que le permite hacer rebotar simult\u00e1neamente su flash principal en una pared o techo, e iluminar su sujeto principal con un sutil beso de luz para rellenar las sombras. Todo ello con un solo Speedlite V1Pro. Perfecto para fotografiar al estilo Run-and-Gun en bodas, eventos, fotoperiodismo y m\u00e1s.   <\/li>\n<\/ul>\n<p><\/p>\n<ul>\n<li>Brillo entre 1\/1 y 1\/128 de potencia en incrementos de 1\/3 de paso. El Godox SU-1 Sub-Flash es un accesorio esencial para los fot\u00f3grafos que poseen un V1Pro y desean tener un flash de relleno adicional, sin la necesidad de configurar otro flash Speedlite fuera de la c\u00e1mara para hacer un trabajo similar <\/li>\n<\/ul>\n<p><\/p>\n<p><\/p>\n<p><\/p>\n<p><b>Caracter\u00edsticas t\u00e9cnicas<\/b><\/p>\n<div class=\"group_fDXOr6EpR9\" style=\"box-sizing: inherit; margin-bottom: 2.1875rem;\">\n<div class=\"name_fDXOr6EpR9 firstGroupInItem_fDXOr6EpR9\" data-selenium=\"specsItemGroupName\" style=\"box-sizing: inherit; border-bottom: 0.125rem solid rgb(204, 204, 204); line-height: 2rem; padding: 0px 0px 0.875rem;\"><b>Control de exposici\u00f3n<\/b><\/div>\n<table class=\"table_fDXOr6EpR9\" data-selenium=\"specsItemGroupTable\" style=\"box-sizing: inherit; width: 936.65px;\">\n<tbody style=\"box-sizing: inherit;\">\n<tr class=\"pair_KqJ3Q3GPKv\" data-selenium=\"specsItemGroupTableRow\" style=\"box-sizing: inherit; border-bottom: 0.0625rem solid rgb(229, 229, 229);\">\n<td class=\"label_KqJ3Q3GPKv \" data-selenium=\"specsItemGroupTableColumnLabel\" style=\"box-sizing: inherit; border-top: none; padding: 1.25rem 0px; width: 355.925px; line-height: 1.375rem; vertical-align: baseline;\">Rango de potencia<\/td>\n<td class=\"value_KqJ3Q3GPKv \" data-selenium=\"specsItemGroupTableColumnValue\" style=\"box-sizing: inherit; line-height: 1.375rem; vertical-align: baseline; padding: 1.25rem 0px 1.25rem 2.5rem;\">\n<div class=\"expandableValue_KqJ3Q3GPKv\" style=\"box-sizing: inherit;\">Del 1\/1 al 1\/128<\/div>\n<\/td>\n<\/tr>\n<tr class=\"pair_KqJ3Q3GPKv\" data-selenium=\"specsItemGroupTableRow\" style=\"box-sizing: inherit; border-bottom: 0.0625rem solid rgb(229, 229, 229);\">\n<td class=\"label_KqJ3Q3GPKv\" data-selenium=\"specsItemGroupTableColumnLabel\" style=\"box-sizing: inherit; border-top: none; padding: 1.25rem 0px; width: 355.925px; line-height: 1.375rem; vertical-align: baseline;\">Compensaci\u00f3n de flash<\/td>\n<td class=\"value_KqJ3Q3GPKv\" data-selenium=\"specsItemGroupTableColumnValue\" style=\"box-sizing: inherit; line-height: 1.375rem; vertical-align: baseline; padding: 1.25rem 0px 1.25rem 2.5rem;\">\n<div class=\"expandableValue_KqJ3Q3GPKv\" style=\"box-sizing: inherit;\">De -3 a +3 EV (pasos de 1\/3 EV)<\/div>\n<\/td>\n<\/tr>\n<\/tbody>\n<\/table>\n<\/div>\n<div class=\"group_fDXOr6EpR9\" style=\"box-sizing: inherit; margin-bottom: 2.1875rem;\">\n<div class=\"name_fDXOr6EpR9\" data-selenium=\"specsItemGroupName\" style=\"box-sizing: inherit; border-bottom: 0.125rem solid rgb(204, 204, 204); line-height: 2rem; padding: 1rem 0px 0.875rem;\"><b>Informaci\u00f3n de embalaje<\/b><\/div>\n<table class=\"table_fDXOr6EpR9\" data-selenium=\"specsItemGroupTable\" style=\"box-sizing: inherit; width: 936.65px;\">\n<tbody style=\"box-sizing: inherit;\">\n<tr class=\"pair_KqJ3Q3GPKv\" data-selenium=\"specsItemGroupTableRow\" style=\"box-sizing: inherit; border-bottom: 0.0625rem solid rgb(229, 229, 229);\">\n<td class=\"label_KqJ3Q3GPKv \" data-selenium=\"specsItemGroupTableColumnLabel\" style=\"box-sizing: inherit; border-top: none; padding: 1.25rem 0px; width: 355.925px; color: rgb(102, 102, 102); font-size: 1.125rem; line-height: 1.375rem; vertical-align: baseline;\">Peso del paquete<\/td>\n<td class=\"value_KqJ3Q3GPKv \" data-selenium=\"specsItemGroupTableColumnValue\" style=\"box-sizing: inherit; line-height: 1.375rem; vertical-align: baseline; padding: 1.25rem 0px 1.25rem 2.5rem;\">\n<div class=\"expandableValue_KqJ3Q3GPKv\" style=\"box-sizing: inherit;\">34,0 gramos<\/div>\n<\/td>\n<\/tr>\n<tr class=\"pair_KqJ3Q3GPKv\" data-selenium=\"specsItemGroupTableRow\" style=\"box-sizing: inherit; border-bottom: 0.0625rem solid rgb(229, 229, 229);\">\n<td class=\"label_KqJ3Q3GPKv\" data-selenium=\"specsItemGroupTableColumnLabel\" style=\"box-sizing: inherit; border-top: none; padding: 1.25rem 0px; width: 355.925px; color: rgb(102, 102, 102); font-size: 1.125rem; line-height: 1.375rem; vertical-align: baseline;\">Dimensiones de la caja (LxAxA)<\/td>\n<td class=\"value_KqJ3Q3GPKv\" data-selenium=\"specsItemGroupTableColumnValue\" style=\"box-sizing: inherit; line-height: 1.375rem; vertical-align: baseline; padding: 1.25rem 0px 1.25rem 2.5rem;\">\n<div class=\"expandableValue_KqJ3Q3GPKv\" style=\"box-sizing: inherit;\"><font color=\"#666666\"><span style=\"font-size: 1.125rem;\">8,4 cm x 7,5 cm x <\/font><\/span>3,1 cm<\/div>\n<\/td>\n<\/tr>\n<tr>\n<td class=\"label_KqJ3Q3GPKv\" data-selenium=\"specsItemGroupTableColumnLabel\" style=\"box-sizing: inherit; border-top: none; padding: 1.25rem 0px; width: 355.925px; color: rgb(102, 102, 102); font-size: 1.125rem; line-height: 1.375rem; vertical-align: baseline;\"><\/td>\n<td class=\"value_KqJ3Q3GPKv\" data-selenium=\"specsItemGroupTableColumnValue\" style=\"box-sizing: inherit; line-height: 1.375rem; vertical-align: baseline; padding: 1.25rem 0px 1.25rem 2.5rem;\"><\/td>\n<\/tr>\n<tr>\n<td class=\"label_KqJ3Q3GPKv\" data-selenium=\"specsItemGroupTableColumnLabel\" style=\"box-sizing: inherit; border-top: none; padding: 1.25rem 0px; width: 355.925px; color: rgb(102, 102, 102); font-size: 1.125rem; line-height: 1.375rem; vertical-align: baseline;\">Im\u00e1genes \/ Nota<\/td>\n<td class=\"value_KqJ3Q3GPKv\" data-selenium=\"specsItemGroupTableColumnValue\" style=\"box-sizing: inherit; line-height: 1.375rem; vertical-align: baseline; padding: 1.25rem 0px 1.25rem 2.5rem;\">Las im\u00e1genes son ilustrativas. El producto de esta referencia es solo el descrito en \u00abContenido del paquete\u00bb <\/td>\n<\/tr>\n<\/tbody>\n<\/table>\n<\/div>\n","protected":false},"excerpt":{"rendered":"<p>GODOX Sub-Flash Godox para V1Pro SU1 Funciones Accesorio dedicado V1Pro Subdestello de 1\/128 a 1\/1 y de -3 a +3<\/p>\n","protected":false},"featured_media":56871,"comment_status":"closed","ping_status":"closed","template":"","meta":{"_acf_changed":false},"product_brand":[2555],"product_cat":[1024],"product_tag":[],"class_list":{"0":"post-82181","1":"product","2":"type-product","3":"status-publish","4":"has-post-thumbnail","6":"product_brand-godox-es","7":"product_cat-ttl-es","9":"first","10":"instock","11":"taxable","12":"shipping-taxable","13":"purchasable","14":"product-type-simple"},"bundled_by":[],"bundle_stock_status":"instock","bundle_stock_quantity":1,"bundle_virtual":false,"bundle_layout":"","bundle_add_to_cart_form_location":"","bundle_editable_in_cart":false,"bundle_sold_individually_context":"","bundle_item_grouping":"","bundle_min_size":"","bundle_max_size":"","bundle_price":[],"bundled_items":[],"bundle_sell_ids":[],"acf":[],"_links":{"self":[{"href":"https:\/\/hi-techwonder.com\/es\/wp-json\/wp\/v2\/product\/82181","targetHints":{"allow":["GET"]}}],"collection":[{"href":"https:\/\/hi-techwonder.com\/es\/wp-json\/wp\/v2\/product"}],"about":[{"href":"https:\/\/hi-techwonder.com\/es\/wp-json\/wp\/v2\/types\/product"}],"replies":[{"embeddable":true,"href":"https:\/\/hi-techwonder.com\/es\/wp-json\/wp\/v2\/comments?post=82181"}],"wp:featuredmedia":[{"embeddable":true,"href":"https:\/\/hi-techwonder.com\/es\/wp-json\/wp\/v2\/media\/56871"}],"wp:attachment":[{"href":"https:\/\/hi-techwonder.com\/es\/wp-json\/wp\/v2\/media?parent=82181"}],"wp:term":[{"taxonomy":"product_brand","embeddable":true,"href":"https:\/\/hi-techwonder.com\/es\/wp-json\/wp\/v2\/product_brand?post=82181"},{"taxonomy":"product_cat","embeddable":true,"href":"https:\/\/hi-techwonder.com\/es\/wp-json\/wp\/v2\/product_cat?post=82181"},{"taxonomy":"product_tag","embeddable":true,"href":"https:\/\/hi-techwonder.com\/es\/wp-json\/wp\/v2\/product_tag?post=82181"}],"curies":[{"name":"wp","href":"https:\/\/api.w.org\/{rel}","templated":true}]}}