{"id":82186,"date":"2025-07-29T09:13:22","date_gmt":"2025-07-29T09:13:22","guid":{"rendered":"https:\/\/hi-techwonder.com\/product\/kf-concept-step-up-para-filtro-magnetico-serio-nano-x-72mm-82mm\/"},"modified":"2025-10-10T16:27:52","modified_gmt":"2025-10-10T16:27:52","slug":"kf-concept-step-up-para-filtro-magnetico-serio-nano-x-72mm-82mm","status":"publish","type":"product","link":"https:\/\/hi-techwonder.com\/es\/producto\/kf-concept-step-up-para-filtro-magnetico-serio-nano-x-72mm-82mm\/","title":{"rendered":"K&amp;F CONCEPT Step-Up para filtro magn\u00e9tico serio Nano-X 72mm-82mm"},"content":{"rendered":"<p><strong>K&amp;F CONCEPT Step-Up para filtro magn\u00e9tico serio Nano-X 72mm-82mm <\/strong><strong>KF05.305<\/strong><\/p>\n<p>Referencia de marca: KF05.305<\/p>\n<p><strong>Funciones<\/strong><\/p>\n<ul>\n<li>Los filtros m\u00e1s grandes se pueden adaptar a lentes con tama\u00f1os de rosca m\u00e1s peque\u00f1os<\/li>\n<li>Hecho de aleaci\u00f3n de aluminio de grado aeron\u00e1utico con alta resistencia y resistencia al impacto.<\/li>\n<li>El proceso de superficie adopta un tratamiento negro anodizado para evitar reflejos durante el disparo<\/li>\n<li>Succi\u00f3n estable, instalaci\u00f3n y extracci\u00f3n r\u00e1pidas. Adecuado para todos los filtros de lentes magn\u00e9ticas K&amp;F Concept.<\/li>\n<\/ul>\n<p><strong>Notar:<\/strong> El anillo adaptador magn\u00e9tico de 82 mm solo se puede conectar al filtro magn\u00e9tico de 82 mm. No apto para filtros de lentes no magn\u00e9ticos.<\/p>\n<p><strong>Contenido del paquete:<\/strong><\/p>\n<ul>\n<li>1 x Adaptador de paso para filtro magn\u00e9tico serio Nano-X 72mm-82mm<\/li>\n<li>1 x Estuche protector<\/li>\n<\/ul>\n<p><strong>Descripci\u00f3n general del anillo adaptador magn\u00e9tico Nano-X de K&amp;F Concept<\/strong><\/p>\n<ul>\n<li style=\"text-align: justify;\">El adaptador de filtro magn\u00e9tico de lente de la serie Nano-X de 72 a 82 mm de K&amp;F Concept se atornilla en las roscas de la lente de 72 mm y le permite conectar magn\u00e9ticamente los filtros magn\u00e9ticos de 82 mm de K&amp;F. Soporta todos los filtros magn\u00e9ticos K&amp;F Concept de 82mm de cualquier serie. El adaptador est\u00e1 hecho de aluminio negro de grado aeron\u00e1utico, anodizado para evitar reflejos.<\/li>\n<\/ul>\n","protected":false},"excerpt":{"rendered":"<p>K&amp;F CONCEPT Step-Up para filtro magn\u00e9tico serio Nano-X 72mm-82mm KF05.305 Referencia de marca: KF05.305 Funciones Los filtros m\u00e1s grandes se<\/p>\n","protected":false},"featured_media":46339,"comment_status":"closed","ping_status":"closed","template":"","meta":{"_acf_changed":false},"product_brand":[2562],"product_cat":[1045],"product_tag":[],"class_list":{"0":"post-82186","1":"product","2":"type-product","3":"status-publish","4":"has-post-thumbnail","6":"product_brand-kf-concept-es","7":"product_cat-anillos-adaptadores","8":"pa_diametro-72mm-es","9":"pa_diametro-82mm-es","11":"first","12":"instock","13":"taxable","14":"shipping-taxable","15":"purchasable","16":"product-type-simple"},"bundled_by":[],"bundle_stock_status":"instock","bundle_stock_quantity":1,"bundle_virtual":false,"bundle_layout":"","bundle_add_to_cart_form_location":"","bundle_editable_in_cart":false,"bundle_sold_individually_context":"","bundle_item_grouping":"","bundle_min_size":"","bundle_max_size":"","bundle_price":[],"bundled_items":[],"bundle_sell_ids":[],"acf":[],"_links":{"self":[{"href":"https:\/\/hi-techwonder.com\/es\/wp-json\/wp\/v2\/product\/82186","targetHints":{"allow":["GET"]}}],"collection":[{"href":"https:\/\/hi-techwonder.com\/es\/wp-json\/wp\/v2\/product"}],"about":[{"href":"https:\/\/hi-techwonder.com\/es\/wp-json\/wp\/v2\/types\/product"}],"replies":[{"embeddable":true,"href":"https:\/\/hi-techwonder.com\/es\/wp-json\/wp\/v2\/comments?post=82186"}],"wp:featuredmedia":[{"embeddable":true,"href":"https:\/\/hi-techwonder.com\/es\/wp-json\/wp\/v2\/media\/46339"}],"wp:attachment":[{"href":"https:\/\/hi-techwonder.com\/es\/wp-json\/wp\/v2\/media?parent=82186"}],"wp:term":[{"taxonomy":"product_brand","embeddable":true,"href":"https:\/\/hi-techwonder.com\/es\/wp-json\/wp\/v2\/product_brand?post=82186"},{"taxonomy":"product_cat","embeddable":true,"href":"https:\/\/hi-techwonder.com\/es\/wp-json\/wp\/v2\/product_cat?post=82186"},{"taxonomy":"product_tag","embeddable":true,"href":"https:\/\/hi-techwonder.com\/es\/wp-json\/wp\/v2\/product_tag?post=82186"}],"curies":[{"name":"wp","href":"https:\/\/api.w.org\/{rel}","templated":true}]}}