{"id":82188,"date":"2025-07-29T09:13:28","date_gmt":"2025-07-29T09:13:28","guid":{"rendered":"https:\/\/hi-techwonder.com\/product\/kf-concept-step-up-para-filtro-magnetico-serio-nano-x-67-82mm\/"},"modified":"2025-10-10T16:27:29","modified_gmt":"2025-10-10T16:27:29","slug":"kf-concept-step-up-para-filtro-magnetico-serio-nano-x-67-82mm","status":"publish","type":"product","link":"https:\/\/hi-techwonder.com\/es\/producto\/kf-concept-step-up-para-filtro-magnetico-serio-nano-x-67-82mm\/","title":{"rendered":"K&amp;F CONCEPT Step-Up para filtro magn\u00e9tico serio Nano-X 67-82mm"},"content":{"rendered":"<p><strong>K&amp;F CONCEPT KF05.304 Nano-X Series Adaptador de Filtro Magn\u00e9tico de 67-82mm<\/strong><\/p>\n<p><strong>Funciones:<\/strong><\/p>\n<ul>\n<li>Se atornilla a lentes de 67 mm<\/li>\n<li>Acepta filtros magn\u00e9ticos de 82 mm<\/li>\n<li>Compatible con todos los filtros <strong>de la serie magn\u00e9tica K&amp;F<\/strong><\/li>\n<li>Aluminio anodizado negro de grado aeron\u00e1utico<\/li>\n<\/ul>\n<p><strong>Contenido del paquete:<\/strong><\/p>\n<ul>\n<li>1 x Adaptador elevador para lentes magn\u00e9ticos de la serie K&amp;F Concept Nano-X (67 a 82 mm)<\/li>\n<\/ul>\n<p><strong>Descripci\u00f3n general del anillo adaptador magn\u00e9tico Step-Up, serie Nano-X de K&amp;F Concept<\/strong><\/p>\n<ul>\n<li style=\"text-align: justify;\">El adaptador de filtro magn\u00e9tico de lente de la serie Nano-X de K&amp;F Concept de 67 a 82 mm se atornilla en las roscas de la lente de 67 mm y le permite conectar magn\u00e9ticamente los filtros magn\u00e9ticos K&amp;F de 82 mm. Soporta todos los filtros magn\u00e9ticos K&amp;F Concept de 82mm de cualquier serie. El adaptador est\u00e1 hecho de aluminio negro de grado aeron\u00e1utico, anodizado para evitar reflejos.<\/li>\n<\/ul>\n","protected":false},"excerpt":{"rendered":"<p>K&amp;F CONCEPT KF05.304 Nano-X Series Adaptador de Filtro Magn\u00e9tico de 67-82mm Funciones: Se atornilla a lentes de 67 mm Acepta<\/p>\n","protected":false},"featured_media":46352,"comment_status":"closed","ping_status":"closed","template":"","meta":{"_acf_changed":false},"product_brand":[2562],"product_cat":[1045],"product_tag":[],"class_list":{"0":"post-82188","1":"product","2":"type-product","3":"status-publish","4":"has-post-thumbnail","6":"product_brand-kf-concept-es","7":"product_cat-anillos-adaptadores","8":"pa_diametro-67mm-es","9":"pa_diametro-82mm-es","11":"first","12":"pre-order","13":"taxable","14":"shipping-taxable","15":"purchasable","16":"product-type-simple"},"bundled_by":[],"bundle_stock_status":"pre-order","bundle_stock_quantity":null,"bundle_virtual":false,"bundle_layout":"","bundle_add_to_cart_form_location":"","bundle_editable_in_cart":false,"bundle_sold_individually_context":"","bundle_item_grouping":"","bundle_min_size":"","bundle_max_size":"","bundle_price":[],"bundled_items":[],"bundle_sell_ids":[],"acf":[],"_links":{"self":[{"href":"https:\/\/hi-techwonder.com\/es\/wp-json\/wp\/v2\/product\/82188","targetHints":{"allow":["GET"]}}],"collection":[{"href":"https:\/\/hi-techwonder.com\/es\/wp-json\/wp\/v2\/product"}],"about":[{"href":"https:\/\/hi-techwonder.com\/es\/wp-json\/wp\/v2\/types\/product"}],"replies":[{"embeddable":true,"href":"https:\/\/hi-techwonder.com\/es\/wp-json\/wp\/v2\/comments?post=82188"}],"wp:featuredmedia":[{"embeddable":true,"href":"https:\/\/hi-techwonder.com\/es\/wp-json\/wp\/v2\/media\/46352"}],"wp:attachment":[{"href":"https:\/\/hi-techwonder.com\/es\/wp-json\/wp\/v2\/media?parent=82188"}],"wp:term":[{"taxonomy":"product_brand","embeddable":true,"href":"https:\/\/hi-techwonder.com\/es\/wp-json\/wp\/v2\/product_brand?post=82188"},{"taxonomy":"product_cat","embeddable":true,"href":"https:\/\/hi-techwonder.com\/es\/wp-json\/wp\/v2\/product_cat?post=82188"},{"taxonomy":"product_tag","embeddable":true,"href":"https:\/\/hi-techwonder.com\/es\/wp-json\/wp\/v2\/product_tag?post=82188"}],"curies":[{"name":"wp","href":"https:\/\/api.w.org\/{rel}","templated":true}]}}